{"id":10087,"date":"2018-05-05T22:36:31","date_gmt":"2018-05-05T21:36:31","guid":{"rendered":"https:\/\/marielisel.com\/?page_id=10087"},"modified":"2018-05-05T22:36:31","modified_gmt":"2018-05-05T21:36:31","slug":"voyage-dans-les-profondeurs","status":"publish","type":"page","link":"https:\/\/test2.under-construction.work\/index.php\/voyage-dans-les-profondeurs\/","title":{"rendered":"Voyage dans les profondeurs"},"content":{"rendered":"<p style=\"text-align:center;\"><strong>Workshop hypnotique \u00ab\u00a0Exploration des profondeurs\u00a0\u00bb<\/strong><\/p>\n<div>\n<div style=\"text-align:justify;\"><\/div>\n<div style=\"text-align:justify;\">Le <a href=\"https:\/\/test2.under-construction.work\/2018\/03\/13\/les-techniques-de-reve-eveille\/\" target=\"_blank\" rel=\"noopener\">REDAH<\/a> (r\u00eave \u00e9veill\u00e9 dirig\u00e9 augment\u00e9 par l&rsquo;hypnose) se pr\u00e9sente comme\u00a0un moyen de voyager vers des dimensions int\u00e9rieures cach\u00e9es, que ce soit dans le corps, dans les mondes de l&rsquo;imaginal communs \u00e0 diff\u00e9rentes cultures (monde du bas et monde du haut&#8230;),\u00a0dans une symbolique particuli\u00e8re (licorne, sorci\u00e8re, nid, vent&#8230;), dans ce que l&rsquo;on imagine ici et maintenant du pass\u00e9,\u00a0dans une approche sensorielle de la relation au monde, dans une oeuvre d&rsquo;art, dans un son, dans une \u00e9motion, dans une synchronicit\u00e9&#8230;<\/div>\n<div style=\"text-align:justify;\">D&rsquo;autres mondes que celui\u00a0dont les\u00a0m\u00e9dias construisent \u00ab\u00a0la r\u00e9alit\u00e9\u00a0\u00bb\u00a0d\u00e9senchant\u00e9e\u00a0sont possibles.<\/div>\n<div style=\"text-align:justify;\">Nous pouvons y avoir des acc\u00e8s de diff\u00e9rentes mani\u00e8res,\u00a0plus ou moins ais\u00e9es ou difficiles, plus ou moins s\u00e9curis\u00e9es ou risqu\u00e9es, plus ou moins fluides ou complexes, plus ou moins balis\u00e9es ou libres.<\/div>\n<div style=\"text-align:justify;\"><\/div>\n<div style=\"text-align:justify;\">La pens\u00e9e magique, l&rsquo;ailleurs interne, l&rsquo;imaginal,\u00a0se situe entre le monde sensible et le monde\u00a0intelligible.<\/div>\n<div style=\"text-align:justify;\">Les voies d&rsquo;ouverture sur ce monde sont des catalyseurs de libert\u00e9, indispensables \u00e0 l&rsquo;\u00e9volution de soi et du monde, par le fait\u00a0d&rsquo;\u00eatre absorb\u00e9 par l&rsquo;ici et maintenant en oubliant la rationalit\u00e9,\u00a0de ressentir pleinement, de mettre en mouvement, de laisser advenir et d&rsquo;accueillir, d&rsquo;inventer des possibles, de cr\u00e9er sa vie, son oeuvre, son monde.<\/div>\n<div style=\"text-align:justify;\">Car l&rsquo;imagination est cr\u00e9atrice de r\u00e9el, comme nous le montrent des \u00e9tudes sur les hypnotiques (chamanisme, hypnose, sorcellerie, religion, placebo&#8230;).<\/div>\n<div style=\"text-align:justify;\"><\/div>\n<div style=\"text-align:justify;\">Marie Lisel, Maitre praticienne en hypnose \u00e9ricksonienne, artiste et exploratrice sensorielle, joue avec ses outils syncr\u00e9tiques, pour offrir des exp\u00e9riences s\u00e9curisantes et ouvrantes d&rsquo;hyper\u00e9veil, \u00e0 la rencontre de vos intuitions enfouies de la plasticit\u00e9 de vos mondes.<\/div>\n<div>A travers cet atelier, elle vous emm\u00e8ne dans l&rsquo;exploration des \u00e9nergies\u00a0de nos\u00a0terres, de nos instincts, de nos ressources animales, de nos racines, de nos ressources d&rsquo;exp\u00e9riences, de nos besoins et d\u00e9sirs enfouis.<\/div>\n<div><\/div>\n<\/div>\n","protected":false},"excerpt":{"rendered":"<p>Workshop hypnotique \u00ab\u00a0Exploration des profondeurs\u00a0\u00bb Le REDAH (r\u00eave \u00e9veill\u00e9 dirig\u00e9 augment\u00e9 par l&rsquo;hypnose) se pr\u00e9sente comme\u00a0un moyen de voyager vers des dimensions int\u00e9rieures cach\u00e9es, que ce soit dans le corps, dans les mondes de l&rsquo;imaginal communs \u00e0 diff\u00e9rentes cultures (monde du bas et monde du haut&#8230;),\u00a0dans une symbolique particuli\u00e8re (licorne, sorci\u00e8re, nid, vent&#8230;), dans ce [&hellip;]<\/p>\n","protected":false},"author":2,"featured_media":6699,"parent":0,"menu_order":0,"comment_status":"closed","ping_status":"closed","template":"","meta":{"footnotes":""},"class_list":["post-10087","page","type-page","status-publish","has-post-thumbnail","hentry"],"_links":{"self":[{"href":"https:\/\/test2.under-construction.work\/index.php\/wp-json\/wp\/v2\/pages\/10087","targetHints":{"allow":["GET"]}}],"collection":[{"href":"https:\/\/test2.under-construction.work\/index.php\/wp-json\/wp\/v2\/pages"}],"about":[{"href":"https:\/\/test2.under-construction.work\/index.php\/wp-json\/wp\/v2\/types\/page"}],"author":[{"embeddable":true,"href":"https:\/\/test2.under-construction.work\/index.php\/wp-json\/wp\/v2\/users\/2"}],"replies":[{"embeddable":true,"href":"https:\/\/test2.under-construction.work\/index.php\/wp-json\/wp\/v2\/comments?post=10087"}],"version-history":[{"count":0,"href":"https:\/\/test2.under-construction.work\/index.php\/wp-json\/wp\/v2\/pages\/10087\/revisions"}],"wp:featuredmedia":[{"embeddable":true,"href":"https:\/\/test2.under-construction.work\/index.php\/wp-json\/"}],"wp:attachment":[{"href":"https:\/\/test2.under-construction.work\/index.php\/wp-json\/wp\/v2\/media?parent=10087"}],"curies":[{"name":"wp","href":"https:\/\/api.w.org\/{rel}","templated":true}]}}