{"id":10571,"date":"2018-07-23T09:53:18","date_gmt":"2018-07-23T08:53:18","guid":{"rendered":"https:\/\/marielisel.com\/?page_id=10571"},"modified":"2018-07-23T09:53:18","modified_gmt":"2018-07-23T08:53:18","slug":"mediation-par-le-cheval","status":"publish","type":"page","link":"https:\/\/test2.under-construction.work\/index.php\/mediation-par-le-cheval\/","title":{"rendered":"M\u00e9diation par le cheval"},"content":{"rendered":"<p style=\"text-align:justify;\">Nos stages sont ici: Imala, centre de m\u00e9diation par le cheval, <a href=\"https:\/\/test2.under-construction.work\/ateliers-workshops\/avec-les-chevaux\/se-connecter-a-soi-au-cheval-au-monde\/\" target=\"_blank\" rel=\"noopener\">stage cheval-miroir et hypnose.\u00a0<\/a>Voyez aussi la page des<a href=\"https:\/\/test2.under-construction.work\/ateliers-workshops\/avec-les-chevaux\/temoignages-se-connecter-a-soi-au-cheval-au-monde\/\" target=\"_blank\" rel=\"noopener\"> t\u00e9moignages<\/a>.<\/p>\n<p style=\"text-align:justify;\">Les prochains se d\u00e9rouleront en juillet-aout 2019, pr\u00e8s de Florac.\u00a0En train, il suffit de rejoindre N\u00eemes (tgv) puis Al\u00e8s (TER).<\/p>\n<p><img loading=\"lazy\" decoding=\"async\" class=\"alignnone size-full wp-image-10674\" src=\"https:\/\/test2.under-construction.work\/wp-content\/uploads\/2018\/08\/img_7349.jpg\" alt=\"IMG_7349\" width=\"980\" height=\"653\" \/><\/p>\n<blockquote>\n<p style=\"text-align:center;\"><strong>Se connecter \u00e0 soi, au cheval, au monde<\/strong><\/p>\n<\/blockquote>\n<p style=\"text-align:justify;\">Il ne s\u2019agit pas d\u2019un stage d\u2019\u00e9quitation (non, on ne \u00ab\u00a0monte\u00a0\u00bb pas). Aucune connaissance pr\u00e9alable avec les chevaux n\u2019est\u00a0<span class=\"text_exposed_show\">requise.<\/span><\/p>\n<p style=\"text-align:justify;\"><span class=\"text_exposed_show\">C\u2019est une occasion tranquille de rencontrer nos parts intuitives, par l\u2019interm\u00e9diaire de trois chevaux partenaires, attentifs et bienveillants et de progresser pas \u00e0 pas avec eux, gr\u00e2ce \u00e0 l\u2019hypnose, vers une pr\u00e9sence ancr\u00e9e dans l\u2019ici et maintenant, vers une connexion intense \u00e0 soi, \u00e0 l\u2019autre et \u00e0 la nature qui nous accueille, dans ce lieu magnifique, en Loz\u00e8re, l\u00e0 o\u00f9 les chevaux et Nath vivent ensemble entour\u00e9s d\u2019arbres, de montagnes et de rivi\u00e8res.<\/span><\/p>\n<p style=\"text-align:justify;\"><span class=\"text_exposed_show\">Les chevaux nous offrent des connexions avec nous-m\u00eames, avec eux-m\u00eames, avec l\u2019environnement\u2026 ils ouvrent et guident.<\/span><\/p>\n<p style=\"text-align:justify;\"><span class=\"text_exposed_show\">L\u2019outil hypnotique permet de vivre des exp\u00e9riences sensibles profondes en toute s\u00e9curit\u00e9.<\/span><\/p>\n<p style=\"text-align:justify;\"><span class=\"text_exposed_show\">Ensemble, avec les chevaux, nous traverserons trois jours de recherches sur la rencontre, l\u2019\u00e9coute, l\u2019\u00e9thologie, le nettoyage, le ressourcement, la transformation, le partage, en accord avec votre objectif personnel.<\/span><\/p>\n<p><img loading=\"lazy\" decoding=\"async\" class=\"alignnone size-full wp-image-10675\" src=\"https:\/\/test2.under-construction.work\/wp-content\/uploads\/2018\/08\/img_7371.jpg\" alt=\"IMG_7371\" width=\"980\" height=\"653\" \/><\/p>\n<p>&nbsp;<\/p>\n<blockquote>\n<p style=\"text-align:center;\"><strong>Qu\u2019est-ce qu\u2019une s\u00e9ance de cheval miroir?<\/strong><\/p>\n<\/blockquote>\n<p><a href=\"http:\/\/centre-de-mediation-par-le-cheval-imala.fr\/index.php\/2018\/04\/24\/une-seance-de-cheval-miroir-quest-ce-que-cest\/\" target=\"_blank\" rel=\"noopener\">Les explications compl\u00e8tes sont ici<\/a>\u00a0et les<a href=\"https:\/\/test2.under-construction.work\/ateliers-workshops\/avec-les-chevaux\/temoignages-se-connecter-a-soi-au-cheval-au-monde\/\" target=\"_blank\" rel=\"noopener\">\u00a0t\u00e9moignages l\u00e0<\/a>.<\/p>\n<p style=\"text-align:justify;\"><span id=\"fbPhotoSnowliftCaption\" class=\"fbPhotosPhotoCaption\">Les trois chevaux partenaires r\u00e9agissent \u00e0 la fois avec leur d\u00e9sir de travailler avec l\u2019humain (ce qui n\u2019est pas le cas du chat, tr\u00e8s ind\u00e9pendant et trop celui du chien, en demande) et \u00e0 la fois avec leur intuition, leur savoir-faire animal, leur ressenti profond.<br \/>\nIls se positionnent su<span class=\"text_exposed_show\">btilement \u00ab\u00a0en miroir\u00a0\u00bb de nos processus (r\u00e9action \u00e9motionnelle, \u00e9nergie, action, regard, posture, film int\u00e9rieur r\u00e9alis\u00e9 selon nos repr\u00e9sentations, projections), ce qui permet de mettre \u00e0 jour la construction de notre propre fa\u00e7on d\u2019\u00eatre et de r\u00e9agir, sans masque.<\/span><\/span><\/p>\n<p style=\"text-align:justify;\"><span id=\"fbPhotoSnowliftCaption\" class=\"fbPhotosPhotoCaption\">Ils le font tous les trois de fa\u00e7on sinc\u00e8re et selon leur caract\u00e8re, tr\u00e8s diff\u00e9rent (Lipzou la douce attentive, Bryum le c\u00e2lin malin, Phoebus le chef impatient\u2026).<br \/>\nDans ce stage, chacun.e vit avec les chevaux qui travaillent des process du quotidien, sauf qu\u2019ici ces process sont mis en \u00e9vidence, \u00e0 nus, et d\u00e9nu\u00e9s d\u2019intentions ext\u00e9rieures (le cheval fait simplement \u00ab\u00a0miroir\u00a0\u00bb).<br \/>\n<\/span><\/p>\n<p style=\"text-align:justify;\">L\u2019hypnose et le r\u00eave \u00e9veill\u00e9 prolongent ensuite cette exploration, de fa\u00e7on \u00e0 mettre \u00e0 jour les fonctionnements, peurs, d\u00e9sirs, r\u00e9actions, projections, \u00e9motions face \u00e0 l\u2019intention choisie en d\u00e9but de stage, \u00a0pour explorer, apaiser, transformer, r\u00e9concilier, traverser\u2026<\/p>\n<p><img loading=\"lazy\" decoding=\"async\" class=\"alignnone size-full wp-image-10731\" src=\"https:\/\/test2.under-construction.work\/wp-content\/uploads\/2018\/08\/img_9132.jpg\" alt=\"IMG_9132\" width=\"2048\" height=\"1536\" \/><\/p>\n","protected":false},"excerpt":{"rendered":"<p>Nos stages sont ici: Imala, centre de m\u00e9diation par le cheval, stage cheval-miroir et hypnose.\u00a0Voyez aussi la page des t\u00e9moignages. Les prochains se d\u00e9rouleront en juillet-aout 2019, pr\u00e8s de Florac.\u00a0En train, il suffit de rejoindre N\u00eemes (tgv) puis Al\u00e8s (TER). Se connecter \u00e0 soi, au cheval, au monde Il ne s\u2019agit pas d\u2019un stage d\u2019\u00e9quitation [&hellip;]<\/p>\n","protected":false},"author":2,"featured_media":10677,"parent":0,"menu_order":0,"comment_status":"closed","ping_status":"closed","template":"","meta":{"footnotes":""},"class_list":["post-10571","page","type-page","status-publish","has-post-thumbnail","hentry"],"_links":{"self":[{"href":"https:\/\/test2.under-construction.work\/index.php\/wp-json\/wp\/v2\/pages\/10571","targetHints":{"allow":["GET"]}}],"collection":[{"href":"https:\/\/test2.under-construction.work\/index.php\/wp-json\/wp\/v2\/pages"}],"about":[{"href":"https:\/\/test2.under-construction.work\/index.php\/wp-json\/wp\/v2\/types\/page"}],"author":[{"embeddable":true,"href":"https:\/\/test2.under-construction.work\/index.php\/wp-json\/wp\/v2\/users\/2"}],"replies":[{"embeddable":true,"href":"https:\/\/test2.under-construction.work\/index.php\/wp-json\/wp\/v2\/comments?post=10571"}],"version-history":[{"count":0,"href":"https:\/\/test2.under-construction.work\/index.php\/wp-json\/wp\/v2\/pages\/10571\/revisions"}],"wp:featuredmedia":[{"embeddable":true,"href":"https:\/\/test2.under-construction.work\/index.php\/wp-json\/"}],"wp:attachment":[{"href":"https:\/\/test2.under-construction.work\/index.php\/wp-json\/wp\/v2\/media?parent=10571"}],"curies":[{"name":"wp","href":"https:\/\/api.w.org\/{rel}","templated":true}]}}