{"id":10636,"date":"2018-08-12T21:14:34","date_gmt":"2018-08-12T20:14:34","guid":{"rendered":"https:\/\/marielisel.com\/?page_id=10636"},"modified":"2018-08-12T21:14:34","modified_gmt":"2018-08-12T20:14:34","slug":"connexion-avec-la-nature","status":"publish","type":"page","link":"https:\/\/test2.under-construction.work\/index.php\/les-outils-de-la-praticienne\/connexion-avec-la-nature\/","title":{"rendered":"Connexion en\/avec la nature"},"content":{"rendered":"<blockquote>\n<p style=\"text-align:center;\"><strong>S\u00e9ances chez vous avec votre animal familier<\/strong><\/p>\n<\/blockquote>\n<p>Pour se connecter autrement avec votre chat, chien, cheval, souris&#8230; glissons vers un \u00e9tat modifi\u00e9 de conscience propice aux \u00e9changes.<\/p>\n<figure id=\"attachment_12442\" aria-describedby=\"caption-attachment-12442\" style=\"width: 1623px\" class=\"wp-caption alignnone\"><img loading=\"lazy\" decoding=\"async\" class=\"alignnone size-full wp-image-12442\" src=\"https:\/\/test2.under-construction.work\/wp-content\/uploads\/2017\/04\/56664537_2396531300575060_1614356298214670336_o.jpg\" alt=\"56664537_2396531300575060_1614356298214670336_o\" width=\"1623\" height=\"2048\" \/><figcaption id=\"caption-attachment-12442\" class=\"wp-caption-text\">Photo de Camille Schweickhardt Avec Couscous.<\/figcaption><\/figure>\n<blockquote>\n<p style=\"text-align:center;\"><strong>S\u00e9ances de groupe en visio sur le th\u00e8me de la nature<\/strong><\/p>\n<\/blockquote>\n<p><a href=\"https:\/\/test2.under-construction.work\/ateliers-pour-grand-public\/atelier-dintroduction-a-lautohypnose\/ateliers-en-visioconference\/connexion-onirique-avec-la-nature-serie-dateliers-en-visio-sur-jitsi\/\" target=\"_blank\" rel=\"noopener\">Naturons-nous<\/a> et <a href=\"https:\/\/test2.under-construction.work\/oniroqueer-ateliers-dexploration-en-visio-par-jitsi\/\" target=\"_blank\" rel=\"noopener\">onirO-Queer<\/a> vous emm\u00e8nent dans les racines d&rsquo;arbre, dans l&rsquo;envol d&rsquo;un oiseau, dans la m\u00e9tamorphose de la chenille en papillon&#8230; lisez les nombreux t\u00e9moignages sur les pages.<\/p>\n<figure id=\"attachment_12689\" aria-describedby=\"caption-attachment-12689\" style=\"width: 1440px\" class=\"wp-caption alignnone\"><img loading=\"lazy\" decoding=\"async\" class=\"alignnone size-full wp-image-12689\" src=\"https:\/\/test2.under-construction.work\/wp-content\/uploads\/2019\/08\/67949616_2484310905130432_5496459073928822784_o.jpg\" alt=\"67949616_2484310905130432_5496459073928822784_o\" width=\"1440\" height=\"1440\" \/><figcaption id=\"caption-attachment-12689\" class=\"wp-caption-text\">Cocon de papillon de nuit sur ma porte de yourte, Loz\u00e8re, aout 2019.<\/figcaption><\/figure>\n<blockquote>\n<p style=\"text-align:center;\"><strong>S\u00e9ances en nature<\/strong><\/p>\n<\/blockquote>\n<p style=\"text-align:justify;\">N\u00e9e au coeur des for\u00eats, je garde un attachement particulier pour la nature. En parall\u00e8le des s\u00e9ances en cabinet, je travaille avec les arbres, le vent, la rivi\u00e8re, les nuages, l&rsquo;humus, les oiseaux, les insectes&#8230; sous hypnose l\u00e9g\u00e8re ou en r\u00eave \u00e9veill\u00e9.<\/p>\n<p style=\"text-align:justify;\">Au Parc Daumesnil et Bois de Vincennes, les s\u00e9ances se font au grand air et en rapport avec les \u00e9l\u00e9ments. C&rsquo;est une fa\u00e7on pour moi de prolonger <a href=\"https:\/\/test2.under-construction.work\/les-stages-et-formations-2-3-jours\/\" target=\"_blank\" rel=\"noopener\">mes stages<\/a> en C\u00e9vennes et Loz\u00e8re et pour les parisien.ne.s de se connecter \u00e0 la nature et \u00e0 soi-m\u00eame \u00e0 travers elle, \u00e0 5 minutes du m\u00e9tro 1 (Vincennes) et 6 (Porte Dor\u00e9e) ou du tram 3a.<\/p>\n<p>En hiver, il suffit de s&rsquo;\u00e9quiper de v\u00eatements adapt\u00e9s. La nature est tout aussi accueillante et transitionnelle \ud83d\ude42<\/p>\n<p style=\"text-align:justify;\">Les s\u00e9ances sont de longueur variable. La plupart du temps, nous partons pour 1h30 \u00e0 2h. La balade de 15 minutes avant (pr\u00e9talk) et apr\u00e8s (d\u00e9brief) nous permettent d&rsquo;aller\u00e9ventuellement dans le bois, plus loin que le parc (\u00e0 3 minutes du m\u00e9tro). Je me d\u00e9place \u00e9galement plus loin et pour plus longtemps sur demande (Fontainebleau&#8230;).<\/p>\n<p style=\"text-align:justify;\">Hypnose, r\u00eave \u00e9veill\u00e9, rituel, chant, action, connexion avec la rivi\u00e8re, les arbres&#8230;, objets transitionnels naturels, m\u00e8nent \u00e0 des transes de transformation profonde et directement int\u00e9gr\u00e9es dans le corps.<\/p>\n<p style=\"text-align:justify;\">Ces s\u00e9ances peuvent varier: soit nous travaillons en d\u00e9ambulant, \u00e0 la rencontre de miroirs et de d\u00e9clencheurs, soit assis.e.s sur un tronc, comme en cabinet naturel, soit nous avan\u00e7ons par \u00e9tapes, avec des arr\u00eats en r\u00eave \u00e9veill\u00e9 ou en hypnose.<\/p>\n<p>Bienvenue au grand air!<\/p>\n<p><img loading=\"lazy\" decoding=\"async\" class=\"alignnone size-full wp-image-10979\" src=\"https:\/\/test2.under-construction.work\/wp-content\/uploads\/2018\/09\/p1190751.jpg\" alt=\"P1190751\" width=\"1024\" height=\"682\" \/><\/p>\n<blockquote>\n<p style=\"text-align:center;\"><strong>T\u00e9moignage<\/strong><\/p>\n<\/blockquote>\n<p>SEANCE EN NATURE<\/p>\n<p style=\"text-align:justify;\"><em>De notre s\u00e9ance au bois de Vincennes, voici mon retour:<\/em><\/p>\n<p style=\"text-align:justify;\"><em>Tout d&rsquo;abord, il y a\u00a0le plaisir d&rsquo;une promenade dans la nature. Les sens en \u00e9veil. L&rsquo;excitation d&rsquo;une excursion hors-cadre. Et aussi une douceur. Comme\u00a0si retrouver un coin de nature c&rsquo;\u00e9tait pouvoir\u00a0respirer \u00e0 nouveau.\u00a0<\/em><\/p>\n<p style=\"text-align:justify;\"><em>La s\u00e9ance commence l\u00e0. Dans notre marche.\u00a0 Le corps en action lib\u00e8re. Je raconte \u00e0 Marie o\u00f9 j&rsquo;en suis dans ma vie. Je me d\u00e9tends. Ce qui m&rsquo;entoure est si beau.\u00a0Pr\u00eate pour de nouvelles perceptions.<\/em><\/p>\n<p style=\"text-align:justify;\"><em>Une premi\u00e8re halte devant l&rsquo;eau. Choisir son endroit, l\u00e0 o\u00f9 je vais me poser, m&rsquo;enraciner. Un exercice de respiration et un mouvement des bras\u00a0qui am\u00e8nent \u00e0 un \u00e9tat de relaxation. L&rsquo;eau, les lentilles vertes sur l&rsquo;eau, les bestioles qui volent, les promeneurs qui discutent. Vont-ils me remarquer, faire un commentaire sur ce que je suis en train de faire? Ces pens\u00e9es me traversent mais elles sont rel\u00e9gu\u00e9es au second plan. En cet instant ma priorit\u00e9 est ailleurs. Sur le chant de Marie, sa voix, ses mots percutants, justes, qui me rassurent, sur les sensations de mon corps.\u00a0<\/em><\/p>\n<p style=\"text-align:justify;\"><em>Marie me propose un code \u00ab\u00a0mon corps pench\u00e9 en avant est un oui\u00a0\u00bb \u00ab\u00a0pench\u00e9 en arri\u00e8re c&rsquo;est un non\u00a0\u00bb. Je me pose alors des questions et je laisse mon corps y r\u00e9pondre. C&rsquo;est comme un jeu.\u00a0<\/em><\/p>\n<p style=\"text-align:justify;\"><em>Puis nous poursuivons notre balade. Choisir un arbre, celui qui va me porter, m&rsquo;abriter. L&rsquo;enlacer, le regarder de toute sa hauteur. Je me sens si petite face \u00e0 lui.\u00a0 L\u00e0 mon corps me fait mal, la position est inconfortable. Les bras autour du tronc, je m&rsquo;\u00e9tire t\u00eate en arri\u00e8re.\u00a0<\/em><em>Avec le recul,\u00a0je trouve que j&rsquo;ai \u00e9t\u00e9 trop sage dans cet exercice. J&rsquo;ai appliqu\u00e9 la consigne de d\u00e9part, sans me\u00a0laisser vivre avec cet\u00a0arbre, sans interagir.\u00a0<\/em><em>Une araign\u00e9e m&rsquo;a piqu\u00e9 au poignet. Comme\u00a0pour me r\u00e9veiller. Je l&rsquo;ai sentie mais j&rsquo;ai \u00ab\u00a0tenu bon\u00a0\u00bb sans c\u00e9der \u00e0 la douleur.<\/em><\/p>\n<p style=\"text-align:justify;\"><em>Pourquoi \u00ab\u00a0tenir bon\u00a0\u00bb quand tout est possible et qu&rsquo;il n&rsquo;y\u00a0a aucun enjeu, aucune perfection \u00e0 r\u00e9aliser?! Avec le recul, je me dis que j&rsquo;aurais aim\u00e9 chanter, tournoyer autour de l&rsquo;arbre.\u00a0<\/em><\/p>\n<p style=\"text-align:justify;\"><em>Cette r\u00e9sistance\u00a0parle aussi de moi, de ma difficult\u00e9 parfois \u00e0 ne pas m&rsquo;affranchir des codes, des consignes. Aussi de\u00a0ma difficult\u00e9 \u00e0 poser mes limites. De ma soumission parfois (ce que je ressens est moins important que ce qui doit \u00eatre, que ce que je crois devoir \u00eatre).<\/em><\/p>\n<p style=\"text-align:justify;\"><em>La derni\u00e8re halte, assise\u00a0sur un banc face \u00e0\u00a0l&rsquo;eau, Marie me fait faire un r\u00eave \u00e9veill\u00e9. Mon regard se perd sur l&rsquo;eau.\u00a0Je retrouve les pistes de nos s\u00e9ances habituelles. Avec des ressources \u00e0 convoquer. A ce moment-l\u00e0, j&rsquo;avais besoin de courage et de joie.\u00a0<\/em><\/p>\n<p style=\"text-align:justify;\"><em>Je puise dans des souvenirs. Ces souvenirs g\u00e9n\u00e8rent une force, une \u00e9nergie que je sens dans mon corps.L&rsquo;\u00e9nergie du courage\u00a0se traduit en un geste de poings serr\u00e9s sur les cuisses et ma t\u00eate pench\u00e9e vers l&rsquo;avant comme une guerri\u00e8re qui va au combat, les armes serr\u00e9es dans la main et la confiance sereine.\u00a0<\/em><\/p>\n<p style=\"text-align:justify;\"><em>Pour la joie, Marie ne me guide plus, je fais le voyage \u00e0 mon rythme. C&rsquo;est un peu plus confus pour moi. En g\u00e9n\u00e9ral, la voix de Marie m&rsquo;aide\u00a0\u00e0 ne pas laisser les parasites mentaux prendre le dessus. Livr\u00e9e \u00e0 elles-m\u00eames les pens\u00e9es divaguent.\u00a0<\/em><\/p>\n<p style=\"text-align:justify;\"><em>Pourtant dans le d\u00e9sordre\u00a0je ressens un bien-\u00eatre tr\u00e8s grand. Je m&rsquo;attarde sur l&rsquo;eau. Des associations d&rsquo;id\u00e9es me viennent comme \u00e7a, sans les forcer. Une r\u00e9ponse arrive venant \u00e9clairer une s\u00e9ance pr\u00e9c\u00e9dente. \u00ab\u00a0Tiens c&rsquo;est vrai, j&rsquo;avais re\u00e7u comme consigne de m&rsquo;asperger avec de l&rsquo;eau! Je ne comprenais pas pourquoi. Et aujourd&rsquo;hui je fais le lien. Ces\u00a0derni\u00e8res semaines je ne me suis jamais autant baign\u00e9e dans la mer. Et j&rsquo;en ai ressenti une telle joie!\u00a0\u00bb<\/em><\/p>\n<p style=\"text-align:justify;\"><em>Je suis bien, apais\u00e9e. Je pourrais rester l\u00e0 des heures.\u00a0<\/em><\/p>\n<p><img loading=\"lazy\" decoding=\"async\" class=\"alignnone size-full wp-image-10732\" src=\"https:\/\/test2.under-construction.work\/wp-content\/uploads\/2018\/08\/img_9207.jpg\" alt=\"IMG_9207\" width=\"2048\" height=\"1536\" \/><\/p>\n<p>&nbsp;<\/p>\n<p><strong>EN FORET<\/strong><\/p>\n<p class=\"m_-32810276205130107gmail-m_-3185302916494653076p1\" style=\"text-align:justify;\"><span class=\"m_-32810276205130107gmail-m_-3185302916494653076s1\"><i>Un grand merci pour ce voyage onirique dans cette merveilleuse for\u00eat de Vincennes que j\u2019ai eu grand plaisir \u00e0 (re)d\u00e9couvrir.<\/i><\/span><\/p>\n<p class=\"m_-32810276205130107gmail-m_-3185302916494653076p1\" style=\"text-align:justify;\"><i>Entre transes, exercices de pleine conscience et tes commentaires fort int\u00e9ressants et instructifs sur la faune et la flore, le temps a pass\u00e9 (trop) rapidement.\u00a0<\/i><\/p>\n<p class=\"m_-32810276205130107gmail-m_-3185302916494653076p1\" style=\"text-align:justify;\"><span class=\"m_-32810276205130107gmail-m_-3185302916494653076s1\"><i>Il y a bien longtemps que je ne me suis plus senti aussi apais\u00e9 et ancr\u00e9.<\/i><\/span><\/p>\n<p class=\"m_-32810276205130107gmail-m_-3185302916494653076p1\" style=\"text-align:justify;\"><span class=\"m_-32810276205130107gmail-m_-3185302916494653076s1\"><i>Je te remercie pour ton accompagnement tr\u00e8s professionnel, ton \u00e9coute active sans jugement et ta grande ouverture.\u00a0<\/i><\/span><\/p>\n<p class=\"m_-32810276205130107gmail-m_-3185302916494653076p1\" style=\"text-align:justify;\"><span class=\"m_-32810276205130107gmail-m_-3185302916494653076s1\"><i>\u00c0 refaire !\u00a0<\/i><\/span><\/p>\n<p><img loading=\"lazy\" decoding=\"async\" class=\"alignnone size-full wp-image-14390\" src=\"https:\/\/test2.under-construction.work\/wp-content\/uploads\/2020\/05\/img_7389.jpg\" alt=\"IMG_7389\" width=\"3168\" height=\"4752\" \/><\/p>\n","protected":false},"excerpt":{"rendered":"<p>S\u00e9ances chez vous avec votre animal familier Pour se connecter autrement avec votre chat, chien, cheval, souris&#8230; glissons vers un \u00e9tat modifi\u00e9 de conscience propice aux \u00e9changes. S\u00e9ances de groupe en visio sur le th\u00e8me de la nature Naturons-nous et onirO-Queer vous emm\u00e8nent dans les racines d&rsquo;arbre, dans l&rsquo;envol d&rsquo;un oiseau, dans la m\u00e9tamorphose de [&hellip;]<\/p>\n","protected":false},"author":2,"featured_media":10978,"parent":9670,"menu_order":0,"comment_status":"closed","ping_status":"closed","template":"","meta":{"footnotes":""},"class_list":["post-10636","page","type-page","status-publish","has-post-thumbnail","hentry"],"_links":{"self":[{"href":"https:\/\/test2.under-construction.work\/index.php\/wp-json\/wp\/v2\/pages\/10636","targetHints":{"allow":["GET"]}}],"collection":[{"href":"https:\/\/test2.under-construction.work\/index.php\/wp-json\/wp\/v2\/pages"}],"about":[{"href":"https:\/\/test2.under-construction.work\/index.php\/wp-json\/wp\/v2\/types\/page"}],"author":[{"embeddable":true,"href":"https:\/\/test2.under-construction.work\/index.php\/wp-json\/wp\/v2\/users\/2"}],"replies":[{"embeddable":true,"href":"https:\/\/test2.under-construction.work\/index.php\/wp-json\/wp\/v2\/comments?post=10636"}],"version-history":[{"count":0,"href":"https:\/\/test2.under-construction.work\/index.php\/wp-json\/wp\/v2\/pages\/10636\/revisions"}],"up":[{"embeddable":true,"href":"https:\/\/test2.under-construction.work\/index.php\/wp-json\/wp\/v2\/pages\/9670"}],"wp:featuredmedia":[{"embeddable":true,"href":"https:\/\/test2.under-construction.work\/index.php\/wp-json\/"}],"wp:attachment":[{"href":"https:\/\/test2.under-construction.work\/index.php\/wp-json\/wp\/v2\/media?parent=10636"}],"curies":[{"name":"wp","href":"https:\/\/api.w.org\/{rel}","templated":true}]}}