{"id":10791,"date":"2018-09-01T11:47:25","date_gmt":"2018-09-01T10:47:25","guid":{"rendered":"https:\/\/marielisel.com\/?page_id=10791"},"modified":"2018-09-01T11:47:25","modified_gmt":"2018-09-01T10:47:25","slug":"apprendre-lautohypnose-st-germain-de-calberte27-28-mai-2017","status":"publish","type":"page","link":"https:\/\/test2.under-construction.work\/index.php\/les-stages-et-formations-2-3-jours\/apprendre-lautohypnose-st-germain-de-calberte27-28-mai-2017\/","title":{"rendered":"Apprendre l&rsquo;autohypnose en 4 ateliers, St-Germain de Calberte, 27-28 mai 2017"},"content":{"rendered":"<p><strong>Introduction \u00e0 l&rsquo;hypnose et explorations hypnotiques, le weekend du 27-28 mai, \u00e0 St-Germain-de-Calberte (C\u00e9vennes)<br \/>\n<\/strong><\/p>\n<p><strong>INFORMATIONS<\/strong><\/p>\n<p>Lieu: dans le <a href=\"http:\/\/www.lozere-tourisme.com\/offices-de-tourisme\/ORGLAR048V504FIH\/detail\/saint-germain-de-calberte\/saint-germain-de-calberte#localiser\">Parc national des C\u00e9vennes<\/a> \u00e0 <a href=\"https:\/\/www.google.be\/maps\/place\/Saint-Germain-de-Calberte,+France\/@44.2262731,3.7516241,12z\/data=!3m1!4b1!4m5!3m4!1s0x12b4797e84ccdcb7:0x407882116699f30!8m2!3d44.218035!4d3.809451\">St-Germain-de-Calberte<\/a><\/p>\n<p>Horaire: samedi 27 mai 10h30-dimanche 28 mai 13h<\/p>\n<p>Co\u00fbt du stage complet: 85 euros pour 8h d\u2019ateliers en 4 sessions.<\/p>\n<p>Co\u00fbt par atelier: 25 euros.<\/p>\n<p>Inscriptions: christinebeau@pixtil.net<\/p>\n<p>Dimanche apr\u00e8s-midi, possibilit\u00e9 pour 4 personnes d&rsquo;une s\u00e9ance individuelle d\u20191h15 : 2 s\u00e9ances \u00e0 70 euros (tarif de base) et 2 s\u00e9ances \u00e0 70 ou 50 euros (tarif r\u00e9duit, uniquement pour les personnes au ch\u00f4mage ou RSA, avec pr\u00e9sentation d&rsquo;un justificatif en cours valable).<\/p>\n<p>***<\/p>\n<p><strong><u>PROGRAMME<\/u><\/strong><\/p>\n<p><strong>Samedi\u00a010h30-12h30\u00a0<\/strong><\/p>\n<p>Introduction \u00e0 l\u2019hypnose \u00e9ricksonienne, initiation \u00e0 l\u2019autohypnose et voyage accompagn\u00e9 sur le th\u00e8me \u00ab\u00a0<a href=\"https:\/\/test2.under-construction.work\/atelier-dintroduction-a-lhypnose\/\">Faire la paix avec soi(s) <\/a>\u00bb (gestion de conflit int\u00e9rieur, tiraillement, choix difficile).<\/p>\n<p><strong>Pause<br \/>\n<\/strong><\/p>\n<p>D\u00e9jeuner, balade, sieste\u2026 le temps de d\u00e9canter cette premi\u00e8re s\u00e9ance&#8230;<\/p>\n<p><strong>Samedi 16h30-18h30<\/strong><\/p>\n<p>Suite de l\u2019initiation \u00e0 l\u2019autohypnose et voyage accompagn\u00e9 sur le th\u00e8me \u00ab<a href=\"https:\/\/test2.under-construction.work\/ateliers-workshops\/atelier-de-reve-eveille-rechercher-des-ressources-et-lacher-du-leste\/\"> Rechercher des ressources et l\u00e2cher du lest<\/a> \u00bb.<\/p>\n<p><strong>Pause diner<br \/>\n<\/strong><\/p>\n<p><strong>Samedi 20h30-22h30\u00a0: r\u00eave \u00e9veill\u00e9 dirig\u00e9 \u00ab\u00a0bOa\u00a0\u00bb<\/strong><\/p>\n<p>Echange \u00e0 propos des r\u00eaves (nocturnes, <a href=\"https:\/\/test2.under-construction.work\/category\/reve-lucide\/\">lucides<\/a>, <a href=\"https:\/\/test2.under-construction.work\/category\/reve-eveille\/\">\u00e9veill\u00e9s<\/a>, dirig\u00e9s, accompagn\u00e9s\u2026), autohypnose sur la programmation d\u2019un r\u00eave ressource<\/p>\n<p>Puis \u00e9coute collective de <a href=\"https:\/\/test2.under-construction.work\/2015\/12\/03\/creation-radio-hypnotique\/\">bOa<\/a> (cr\u00e9ation radiophonique hypnotique, 44\u201930\u2019\u2019).<\/p>\n<p><strong>Dimanche 10h30-12h30\u00a0: balade hypnotique dans la nature<\/strong><\/p>\n<p>Cet atelier\u00a0 de <a href=\"https:\/\/test2.under-construction.work\/category\/nature\/\">balade hypnotique<\/a> invite les participants \u00e0 utiliser les techniques d&rsquo;autohypnose pour se connecter \u00e0 la terre, au ciel, \u00e0 des plantes, \u00e0 des animaux, en ouvrant leur connexion profonde et en accueillant les fruits de cette connexion dans leur imaginaire.<\/p>\n<p>Il se fait \u00e0 l\u2019ext\u00e9rieur, dans un endroit naturel et tranquille, ou \u00e0 l\u2019int\u00e9rieur, dans un endroit o\u00f9 les plantes et animaux sont pr\u00e9sents. Rencontrez votre <a href=\"https:\/\/test2.under-construction.work\/2017\/01\/04\/explorer-limaginal-grace-au-pouvoir-animal\/\">pouvoir animal<\/a>! \ud83d\ude42<\/p>\n<p><strong>Dimanche apr\u00e8s-midi\u00a0: 4 s\u00e9ances individuelles (1h15 par personne)<\/strong><\/p>\n<p>Les <a href=\"https:\/\/test2.under-construction.work\/contact-et-formulaire\/\">s\u00e9ances individuelles<\/a> sont r\u00e9serv\u00e9es en priorit\u00e9 aux personnes suivant le stage complet.<\/p>\n<p>***<\/p>\n<p><strong>HYPNOSE ERICKSONIENNE<\/strong><\/p>\n<p>L\u2019hypnose est un moyen de <strong>transformation de la subjectivit\u00e9 par l\u2019imagination active<\/strong>. Chacun, gr\u00e2ce \u00e0 l\u2019hypnose, d\u00e9tient un <strong>pouvoir de cr\u00e9ation de son existence<\/strong> (environnement, comportement, capacit\u00e9, croyances, valeurs, identit\u00e9\u2026), un pouvoir de <strong>cr\u00e9ation de son \u0153uvre<\/strong> (r\u00e9alisation artistique) et un pouvoir de <strong>cr\u00e9ation de son monde<\/strong> int\u00e9rieur (connaissance des sous-personnalit\u00e9s, arch\u00e9types, autres repr\u00e9sentations symboliques de l\u2019imaginal\u2026).<\/p>\n<p>Au quotidien, <strong>nous projetons sans cesse le contenu de notre imagination sur le r\u00e9el<\/strong> sensible. Cette imagination est active sans que nous en soyons conscient, comme si l\u2019on se faisait un film personnel continu et confondu avec le suppos\u00e9 \u00ab\u00a0r\u00e9el\u00a0\u00bb.<\/p>\n<p>L\u2019hypnose \u00e9ricksonienne saisit la personne dans son environnement, dans et par rapport \u00e0 son monde. En arr\u00eatant la perception ordinaire, en mettant de c\u00f4t\u00e9 les stimuli aff\u00e9rents, en rendant le regard \u00ab\u00a0int\u00e9rieur\u00a0\u00bb, elle installe un focus qui\u00a0met \u00e0 jour la totalit\u00e9 des param\u00e8tres de l\u2019existence, les d\u00e9terminations habituelles, les repr\u00e9sentations cach\u00e9es, les appartenances, le r\u00e9seau d\u2019influences\u2026 bref, <strong>l&rsquo;hypnose \u00e9ricksonienne l\u00e8ve le voile sur ce qui agit sur ce que je consid\u00e8re comme \u00ab\u00a0moi\u00a0\u00bb et qu\u2019il est alors possible de faire \u00e9voluer.<\/strong><\/p>\n<p>La puissance du r\u00eave r\u00e9v\u00e8le les relations qui nous constituent, sous la forme de films int\u00e9rieurs multisensoriels\u2026 et nous offre <strong>le pouvoir d\u2019explorer notre monde par tous nos sens, de le d\u00e9velopper, de le cartographier, de l\u2019ordonnancer de le transformer \u00e0 la mani\u00e8re qui nous est propre.<\/strong><\/p>\n<p>Par l\u2019accompagnement hypnotique, il est possible de se servir de l\u2019imagination active pour <strong>orienter nos repr\u00e9sentations vers un mieux-\u00eatre, vers l\u2019\u00e9panouissement, vers l\u2019\u00e9largissement de nos horizons, vers la cr\u00e9ativit\u00e9, vers la prise en compte du champ des possibles et donc vers l\u2019\u00e9mancipation<\/strong> d\u2019une \u00ab\u00a0fa\u00e7on de voir la vie\u00a0\u00bb pour qu\u2019elle cesse de coincer, faire mal, d\u00e9router, ass\u00e8cher, se r\u00e9p\u00e9ter\u2026 et pour vivre selon ses d\u00e9sirs profonds, libre de ce qui enferme \u00e0 l\u2019int\u00e9rieur, align\u00e9 dans notre rapport \u00e0 soi, aux autres, au monde.<\/p>\n<p><strong>L\u2019accompagnante en hypnose \u00e9ricksonienne peut-\u00eatre compar\u00e9e \u00e0 un guide de montagne<\/strong>, <strong>qui emm\u00e8ne une personne ou un groupe vers son intention<\/strong> (en ayant v\u00e9rifi\u00e9 au pr\u00e9alable que celle-ci est r\u00e9aliste, positive et claire), en veillant \u00e0 sa s\u00e9curit\u00e9 et en ne for\u00e7ant rien. Elle balise, assure, rassure, donne des cl\u00e9s sans interpr\u00e9ter ni projeter.<\/p>\n<p><strong>Bien s\u00fbr, chaque balade est diff\u00e9rente pour chacun.e.<\/strong> La suggestion \u00ab\u00a0en passant le col, un paysage magnifique appara\u00eetra, dans lequel votre sagesse vous attendra, sous la forme d\u2019un \u00eatre bienveillant, humain, animal ou v\u00e9g\u00e9tal\u00a0\u00bb, peut donner naissance \u00e0 des milliers de v\u00e9cus.<\/p>\n<p>Dans ce weekend hypnotique, Marie Lisel propose aux habitants de rencontrer, dans un cadre tranquille et s\u00e9curisant, les outils de l\u2019ouverture \u00e0 soi, aux autres et au monde, de faire l\u2019exp\u00e9rience de voyages d\u2019exploration qui m\u00e8nent \u00e0 la connaissance de son propre fonctionnement, aux transformations de sch\u00e9mas r\u00e9p\u00e9titifs, aux d\u00e9couvertes de son imaginaire\u2026<\/p>\n<p>***<\/p>\n<p><strong><u>INTERVENANTE<\/u><\/strong><\/p>\n<p>Praticienne en hypnose exer\u00e7ant \u00e0 Paris et cr\u00e9atrice sonore, Marie Lisel utilise l\u2019outil hypnotique pour le bien-\u00eatre (addictions, fatigue, stress\u2026). Elle explore \u00e9galement les effets du son sur le corps et le psychisme, les diff\u00e9rents \u00e9tats modifi\u00e9s de conscience, la sensorialit\u00e9 cr\u00e9ative, les exp\u00e9rimentations hypnotiques artistiques et les multiples connexions entre ces p\u00f4les.<\/p>\n<p>***<\/p>\n<p>Bienvenue \ud83d\ude42<\/p>\n<p>Pour toute question sur ce stage et pour toute proposition de <a href=\"https:\/\/test2.under-construction.work\/2015\/12\/11\/echange-seance-contre-seance-ou-travail-technique\/\">r\u00e9sidence<\/a> ou de stage dans la nature ou de stage, n&rsquo;h\u00e9sitez pas \u00e0 m&rsquo;\u00e9crire \u00e0 lisellesil@gmail.com<\/p>\n<p><b>\u00a9<\/b><b><\/b>\u00a0Marie Lisel<\/p>\n","protected":false},"excerpt":{"rendered":"<p>Introduction \u00e0 l&rsquo;hypnose et explorations hypnotiques, le weekend du 27-28 mai, \u00e0 St-Germain-de-Calberte (C\u00e9vennes) INFORMATIONS Lieu: dans le Parc national des C\u00e9vennes \u00e0 St-Germain-de-Calberte Horaire: samedi 27 mai 10h30-dimanche 28 mai 13h Co\u00fbt du stage complet: 85 euros pour 8h d\u2019ateliers en 4 sessions. Co\u00fbt par atelier: 25 euros. Inscriptions: christinebeau@pixtil.net Dimanche apr\u00e8s-midi, possibilit\u00e9 pour [&hellip;]<\/p>\n","protected":false},"author":2,"featured_media":10064,"parent":10497,"menu_order":0,"comment_status":"closed","ping_status":"closed","template":"","meta":{"footnotes":""},"class_list":["post-10791","page","type-page","status-publish","has-post-thumbnail","hentry"],"_links":{"self":[{"href":"https:\/\/test2.under-construction.work\/index.php\/wp-json\/wp\/v2\/pages\/10791","targetHints":{"allow":["GET"]}}],"collection":[{"href":"https:\/\/test2.under-construction.work\/index.php\/wp-json\/wp\/v2\/pages"}],"about":[{"href":"https:\/\/test2.under-construction.work\/index.php\/wp-json\/wp\/v2\/types\/page"}],"author":[{"embeddable":true,"href":"https:\/\/test2.under-construction.work\/index.php\/wp-json\/wp\/v2\/users\/2"}],"replies":[{"embeddable":true,"href":"https:\/\/test2.under-construction.work\/index.php\/wp-json\/wp\/v2\/comments?post=10791"}],"version-history":[{"count":0,"href":"https:\/\/test2.under-construction.work\/index.php\/wp-json\/wp\/v2\/pages\/10791\/revisions"}],"up":[{"embeddable":true,"href":"https:\/\/test2.under-construction.work\/index.php\/wp-json\/wp\/v2\/pages\/10497"}],"wp:featuredmedia":[{"embeddable":true,"href":"https:\/\/test2.under-construction.work\/index.php\/wp-json\/"}],"wp:attachment":[{"href":"https:\/\/test2.under-construction.work\/index.php\/wp-json\/wp\/v2\/media?parent=10791"}],"curies":[{"name":"wp","href":"https:\/\/api.w.org\/{rel}","templated":true}]}}