{"id":11204,"date":"2018-10-12T16:18:02","date_gmt":"2018-10-12T15:18:02","guid":{"rendered":"https:\/\/marielisel.com\/?page_id=11204"},"modified":"2018-10-12T16:18:02","modified_gmt":"2018-10-12T15:18:02","slug":"lhypnose","status":"publish","type":"page","link":"https:\/\/test2.under-construction.work\/index.php\/les-outils-de-la-praticienne\/lhypnose\/","title":{"rendered":"Hypnose \u00e9ricksonienne"},"content":{"rendered":"<p style=\"text-align:justify;\"><strong>De fa\u00e7on g\u00e9n\u00e9rale,<\/strong> apr\u00e8s <a href=\"http:\/\/Histoire de l\u2019hypnose\" target=\"_blank\" rel=\"noopener\">une histoire oscillant entre<\/a> religion, h\u00f4pitaux et sc\u00e8ne, <strong>l&rsquo;hypnose continue \u00e0 se situer dans diff\u00e9rents champs dont les extr\u00eames sont difficilement compatibles.<\/strong>\u00a0Entre les op\u00e9rations chirurgicales, les shows t\u00e9l\u00e9vis\u00e9s, les transformations th\u00e9rapeutiques, l\u2019augmentation des performances sportives relat\u00e9es par les m\u00e9dias et les r\u00e9cits de manipulation racont\u00e9s par le cin\u00e9ma, la litt\u00e9rature, la BD\u2026 les projections s\u2019entrem\u00ealent.<\/p>\n<p style=\"text-align:justify;\"><strong>Le champ th\u00e9rapeutique occupe l&rsquo;espace interm\u00e9diaire entre science et \u00ab\u00a0magie\u00a0\u00bb<\/strong>, avec des \u00e9coles et des praticiens proches des h\u00f4pitaux, de la recherche scientifique, des universit\u00e9s, des \u00e9coles, voire des tribunaux&#8230; et d&rsquo;autres plus proches de pratiques spirituelles (ou carr\u00e9ment \u00e9sot\u00e9riques).<\/p>\n<p style=\"text-align:justify;\"><strong>N\u00e9anmoins, l&rsquo;hypnose\u00a0 est en voie d&rsquo;institutionnalisation<\/strong>. Pour davantage de d\u00e9tails, voyez la <a href=\"https:\/\/test2.under-construction.work\/les-outils-de-la-praticienne\/lhypnose\/differents-champs-hypnotiques-medecine-therapie-sport-creation-spectacle\/\" target=\"_blank\" rel=\"noopener\">page consacr\u00e9e aux champs hypnotiques<\/a>.<\/p>\n<p style=\"text-align:justify;\">Cela se fait en collaboration avec <a href=\"http:\/\/L'hypnose et la science\" target=\"_blank\" rel=\"noopener\">la recherche scientifique<\/a>, notamment les neurosciences. Et avec les grandes \u00e9coles, qui regroupent leurs forces en syndicats.<\/p>\n<p style=\"text-align:justify;\"><strong>En guise d&rsquo;introduction sur \u00ab\u00a0ce qu&rsquo;est l&rsquo;hypnose\u00a0\u00bb, je rejoins<\/strong>\u00a0<strong>la pr\u00e9sentation\u00a0 d&rsquo;Antoine Garnier<\/strong>, l&rsquo;un des formateurs en hypnose \u00e9ricksonienne les plus reconnus en francophonie. N&rsquo;h\u00e9sitez pas \u00e0 vous plonger dans <a href=\"https:\/\/www.youtube.com\/user\/GarnierAntoine\" target=\"_blank\" rel=\"noopener\">sa chaine youtube<\/a>.<\/p>\n<p>&nbsp;<\/p>\n<p><iframe loading=\"lazy\" title=\"L&#039;hypnose et ses m\u00e9tiers : pr\u00e9sentation\" width=\"500\" height=\"281\" src=\"https:\/\/www.youtube.com\/embed\/pqOY4gFV4w0?feature=oembed\" frameborder=\"0\" allow=\"accelerometer; autoplay; clipboard-write; encrypted-media; gyroscope; picture-in-picture; web-share\" referrerpolicy=\"strict-origin-when-cross-origin\" allowfullscreen><\/iframe><\/p>\n<p>&nbsp;<\/p>\n<p><strong>Et, de fa\u00e7on pratique, voici ma synth\u00e8se concernant l&rsquo;hypnose \u00e9ricksonienne:<\/strong><\/p>\n<ul>\n<li style=\"text-align:justify;\"><strong>dissociation<\/strong>: elle est un moyen de communication th\u00e9rapeutique qui exploite les capacit\u00e9s naturelles du sujet \u00e0 se dissocier de la r\u00e9alit\u00e9 ext\u00e9rieure et \u00e0 se centrer sur son monde int\u00e9rieur (a dissociation provoqu\u00e9e est indispensable \u00e0 l&rsquo;\u00e9tat d&rsquo;hypnose: il s&rsquo;agit d&rsquo;\u00eatre l\u00e0 tout en \u00e9tant ailleurs, sans perdre pour autant le contr\u00f4le de la r\u00e9alit\u00e9)<\/li>\n<li style=\"text-align:justify;\"><strong>EMC<\/strong>: l&rsquo;\u00e9tat modifi\u00e9 de conscience d&rsquo;hypnose peut \u00eatre l\u00e9ger ou plus profond (il n&rsquo;y a pas de corr\u00e9lation entre la profondeur de transe et l&rsquo;efficacit\u00e9 de l&rsquo;hypnose)<\/li>\n<li style=\"text-align:justify;\"><strong>ressources<\/strong>: elle facilite l&rsquo;\u00e9mergence des ressources et comp\u00e9tences par des exp\u00e9riences inaccessibles \u00e0 la conscience et permet au sujet de les explorer sans restriction, gr\u00e2ce \u00e0 la suspension du contr\u00f4le de l&rsquo;\u00e9tat de veille. Le sujet cr\u00e9e sa solution, ce n&rsquo;est pas \u00a0le th\u00e9rapeutique la lui donne. Chacun dispose en soi des ressources n\u00e9cessaires pour r\u00e9soudre les difficult\u00e9s qui l&rsquo;am\u00e8nent en th\u00e9rapie.<\/li>\n<li style=\"text-align:justify;\"><strong>recadrage<\/strong>: elle permet au sujet d&rsquo;effectuer des recadrages de sa perception et de son interpr\u00e9tation \u00a0de sa situation, de reconsid\u00e9rer les \u00e9v\u00e9nements \u00e0 partir d&rsquo;autres points de vue, \u00e0 voir et \u00e0 ressentir autrement les donn\u00e9es du probl\u00e8me, \u00e0 sortir des automatismes et habitudes, \u00e0 changer ses croyances, \u00e0 envisager de nouvelles solutions<\/li>\n<li><strong>pr\u00e9sent<\/strong>: elle s&rsquo;int\u00e9resse \u00e0 la solution actuelle et non au \u00ab\u00a0pourquoi\u00a0\u00bb du pass\u00e9<\/li>\n<li style=\"text-align:justify;\"><strong>suggestibilit\u00e9<\/strong>: elle met le sujet dans un \u00e9tat \u00e9lev\u00e9 de suggestibilit\u00e9 (elle permet au sujet d&rsquo;exp\u00e9rimenter des suggestions sans le forcer)<\/li>\n<li style=\"text-align:justify;\"><strong>libert\u00e9<\/strong>: elle est permissive, elle respecte le libre-arbitre du sujet qui peut \u00e0 tout moment interrompre sa concentration int\u00e9rieure et ne se trouve jamais sous l&#8217;emprise du th\u00e9rapeute, qui respecte ses choix m\u00eame s&rsquo;ils entretiennent les sympt\u00f4mes.<\/li>\n<li style=\"text-align:justify;\"><strong>autonomie<\/strong>: le sujet est actif dans sa transformation et acquiert des outils d&rsquo;autohypnose qui lui permettront de poursuivre le travail ult\u00e9rieurement<\/li>\n<li style=\"text-align:justify;\"><strong>accompagnement<\/strong>: la t\u00e2che du th\u00e9rapeute est d&rsquo;\u00e9tablir une alliance th\u00e9rapeutique (\u00e9tablir la confiance et faire \u00e9quipe) et de s&rsquo;adapter au monde du sujet (son langage, ses canaux de communication privil\u00e9gi\u00e9s, ses repr\u00e9sentations, son fonctionnement affectif, ses m\u00e9taphores) pour r\u00e9pondre \u00e0 la demande d&rsquo;aide pos\u00e9e. L&rsquo;hypnose \u00e9ricksonienne repose sur la collaboration entre l&rsquo;expert du probl\u00e8me (le sujet) et l&rsquo;expert de la technique (le th\u00e9rapeute)<\/li>\n<li style=\"text-align:justify;\"><strong>4 phases<\/strong>: 1: construction de l&rsquo;alliance th\u00e9rapeutique et d\u00e9finition de l&rsquo;objectif (attentes, strat\u00e9gie de changement) \/ 2: induction de la transe hypnotique o\u00f9 le sujet atteint un \u00e9tat de conscience modifi\u00e9 \/ 3: travail th\u00e9rapeutique \/ 4: r\u00e9association et retour \u00e0 l&rsquo;\u00e9tat de veille + v\u00e9rification<\/li>\n<li style=\"text-align:justify;\"><strong>Autres outils associ\u00e9s<\/strong>: la PNl, la <a href=\"https:\/\/test2.under-construction.work\/les-outils-de-la-praticienne\/prescription-de-taches\/\" target=\"_blank\" rel=\"noopener\">prescription de t\u00e2che<\/a>, le <a href=\"https:\/\/test2.under-construction.work\/les-techniques-de-reve-eveille\/differents-reves-eveilles\/\" target=\"_blank\" rel=\"noopener\">r\u00eave \u00e9veill\u00e9<\/a> et autres techniques sont souvent utilis\u00e9s en association avec l&rsquo;hypnose \u00e9ricksonienne<\/li>\n<\/ul>\n<p>&nbsp;<\/p>\n<p><strong>Ma pratique est aussi largement inspir\u00e9e de Fran\u00e7ois Roustang.<\/strong><\/p>\n<p>&nbsp;<\/p>\n<p><iframe loading=\"lazy\" title=\"L&#039;hypnose : l&#039;\u00e9tat des lieux\" width=\"500\" height=\"375\" src=\"https:\/\/www.youtube.com\/embed\/gJp2ueyi8-c?start=2&#038;feature=oembed\" frameborder=\"0\" allow=\"accelerometer; autoplay; clipboard-write; encrypted-media; gyroscope; picture-in-picture; web-share\" referrerpolicy=\"strict-origin-when-cross-origin\" allowfullscreen><\/iframe><\/p>\n<p>&nbsp;<\/p>\n<p style=\"text-align:justify;\">Ensuite, pour tenter d\u2019y voir clair, je vous propose de visiter diff\u00e9rentes pages de ce site, chacune pourvue de nombreux liens externes :<\/p>\n<ul style=\"text-align:justify;\">\n<li><a href=\"https:\/\/test2.under-construction.work\/les-outils-de-la-praticienne\/lhypnose\/histoire-de-lhypnose\/\" target=\"_blank\" rel=\"noopener\">Histoire de l\u2019hypnose<\/a><\/li>\n<li><a href=\"https:\/\/test2.under-construction.work\/les-outils-de-la-praticienne\/lhypnose\/representation-de-lhypnose-dans-les-medias\/\" target=\"_blank\" rel=\"noopener\">Repr\u00e9sentations de l\u2019hypnose dans les m\u00e9dias<\/a><\/li>\n<li><a href=\"https:\/\/test2.under-construction.work\/les-outils-de-la-praticienne\/lhypnose\/differents-champs-hypnotiques-medecine-therapie-sport-creation-spectacle\/\" target=\"_blank\" rel=\"noopener\">Champs d\u2019applications des hypnoses:<\/a> m\u00e9dical, th\u00e9rapies et performances (entreprise, sport), cr\u00e9ation artistique, spectacle<\/li>\n<li><a href=\"https:\/\/test2.under-construction.work\/les-outils-de-la-praticienne\/lhypnose\/hypnose-et-science\/\" target=\"_blank\" rel=\"noopener\">L&rsquo;hypnose et la science<\/a><\/li>\n<\/ul>\n<p style=\"text-align:justify;\">Je vous souhaite de belles d\u00e9couvertes!<\/p>\n<p>Marie Lisel<\/p>\n<p>&nbsp;<\/p>\n","protected":false},"excerpt":{"rendered":"<p>De fa\u00e7on g\u00e9n\u00e9rale, apr\u00e8s une histoire oscillant entre religion, h\u00f4pitaux et sc\u00e8ne, l&rsquo;hypnose continue \u00e0 se situer dans diff\u00e9rents champs dont les extr\u00eames sont difficilement compatibles.\u00a0Entre les op\u00e9rations chirurgicales, les shows t\u00e9l\u00e9vis\u00e9s, les transformations th\u00e9rapeutiques, l\u2019augmentation des performances sportives relat\u00e9es par les m\u00e9dias et les r\u00e9cits de manipulation racont\u00e9s par le cin\u00e9ma, la litt\u00e9rature, la [&hellip;]<\/p>\n","protected":false},"author":2,"featured_media":11399,"parent":9670,"menu_order":0,"comment_status":"closed","ping_status":"closed","template":"","meta":{"footnotes":""},"class_list":["post-11204","page","type-page","status-publish","has-post-thumbnail","hentry"],"_links":{"self":[{"href":"https:\/\/test2.under-construction.work\/index.php\/wp-json\/wp\/v2\/pages\/11204","targetHints":{"allow":["GET"]}}],"collection":[{"href":"https:\/\/test2.under-construction.work\/index.php\/wp-json\/wp\/v2\/pages"}],"about":[{"href":"https:\/\/test2.under-construction.work\/index.php\/wp-json\/wp\/v2\/types\/page"}],"author":[{"embeddable":true,"href":"https:\/\/test2.under-construction.work\/index.php\/wp-json\/wp\/v2\/users\/2"}],"replies":[{"embeddable":true,"href":"https:\/\/test2.under-construction.work\/index.php\/wp-json\/wp\/v2\/comments?post=11204"}],"version-history":[{"count":0,"href":"https:\/\/test2.under-construction.work\/index.php\/wp-json\/wp\/v2\/pages\/11204\/revisions"}],"up":[{"embeddable":true,"href":"https:\/\/test2.under-construction.work\/index.php\/wp-json\/wp\/v2\/pages\/9670"}],"wp:featuredmedia":[{"embeddable":true,"href":"https:\/\/test2.under-construction.work\/index.php\/wp-json\/"}],"wp:attachment":[{"href":"https:\/\/test2.under-construction.work\/index.php\/wp-json\/wp\/v2\/media?parent=11204"}],"curies":[{"name":"wp","href":"https:\/\/api.w.org\/{rel}","templated":true}]}}