{"id":11208,"date":"2018-10-12T16:29:31","date_gmt":"2018-10-12T15:29:31","guid":{"rendered":"https:\/\/marielisel.com\/?page_id=11208"},"modified":"2018-10-12T16:29:31","modified_gmt":"2018-10-12T15:29:31","slug":"representation-de-lhypnose-dans-les-medias","status":"publish","type":"page","link":"https:\/\/test2.under-construction.work\/index.php\/les-outils-de-la-praticienne\/lhypnose\/representation-de-lhypnose-dans-les-medias\/","title":{"rendered":"Repr\u00e9sentation de l\u2019hypnose dans les m\u00e9dias"},"content":{"rendered":"<blockquote>\n<p style=\"text-align:center;\"><strong>Entre fascination et raison<\/strong><\/p>\n<\/blockquote>\n<p style=\"text-align:justify;\">Le coeur des m\u00e9dias oscille entre deux conceptions de l&rsquo;hypnose: celle que nous a laiss\u00e9e Erickson (voir la page <a href=\"https:\/\/test2.under-construction.work\/les-outils-de-la-praticienne\/lhypnose\/histoire-de-lhypnose\/\" target=\"_blank\" rel=\"noopener\">Histoire de l&rsquo;hypnose<\/a>) et celle que les fascinateurs comme le Mesmer actuel utilisent en sc\u00e8ne. Dans cette oscillation, il y a souvent confusion&#8230;<\/p>\n<p style=\"text-align:justify;\"><strong>L\u2019hypnoth\u00e9rapeute (post)\u00a0\u00e9ricksonien.n.e<\/strong>\u00a0utilise des techniques qui permettent \u00e0 l&rsquo;accompagn\u00e9.e de se dissocier de la r\u00e9alit\u00e9 ext\u00e9rieure pour plonger dans sa r\u00e9alit\u00e9 int\u00e9rieure, afin de g\u00e9rer l&rsquo;angoisse et la douleur (hypnose m\u00e9dicale) ou afin d\u2019explorer ses fa\u00e7ons de fonctionner (patterns), de r\u00e9cup\u00e9rer des ressources (joie, courage, laisser-faire, confiance, tranquillit\u00e9, patience\u2026), ainsi que des solutions qui ont \u00e9t\u00e9 trouv\u00e9es dans le pass\u00e9, de vivre de nouvelles exp\u00e9riences ou de vivre autrement l\u2019exp\u00e9rience, d\u2019envisager la r\u00e9alit\u00e9 avec des repr\u00e9sentations diff\u00e9rentes, de construire des solutions nouvelles parfaitement ajust\u00e9es\u2026 tout cela favoris\u00e9 par une conscience qui semble en expansion, dans un \u00e9tat qui serait plut\u00f4t un hyper\u00e9veil qu\u2019un sommeil. Cette hypnose est permissive: rien n&rsquo;est impos\u00e9 \u00e0 la personne accompagn\u00e9e.<\/p>\n<p style=\"text-align:justify;\"><strong>L&rsquo;hypnotiseur de spectacle<\/strong> choisit son sujet avec des tests de suggestibilit\u00e9 (son but est de s\u00e9lectionner les personnes les plus influen\u00e7ables et les plus motiv\u00e9es), l&rsquo;entraine en coulisse (s\u00e9ance avec ancrage \u00ab\u00a0quand je vous toucherai ici et que je vous dirai&#8230; vous glisserez dans un sommeil profond\u00a0\u00bb), pour gagner du temps \u00e0 l&rsquo;antenne ou en sc\u00e8ne et le dirige de fa\u00e7on autoritaire (donne des ordres) pour lui faire effectuer des actions de spectacle qui ne lui conviennent pas n\u00e9cessairement (oublier son pr\u00e9nom ou avoir un corps dur comme une planche&#8230; cela peut d&rsquo;ailleurs occasionner des traumas).<\/p>\n<p style=\"text-align:justify;\">Dans les articles, vid\u00e9os, chroniques radios, etc, les mass m\u00e9dias mettront \u00e9videmment d&rsquo;autres points en \u00e9vidence que des m\u00e9dias sp\u00e9cialis\u00e9s comme des magazines sant\u00e9 tout public.<\/p>\n<p style=\"text-align:justify;\">De fa\u00e7on g\u00e9n\u00e9rale, les \u00e9v\u00e9nements \u00ab\u00a0choc\u00a0\u00bb, op\u00e9ration chirurgicale, star sous hypnose, gu\u00e9rison rapide d&rsquo;un trouble par l&rsquo;hypnose v\u00e9cue par une.e chronique\/euse&#8230; sont au moins \u00e9voqu\u00e9s, sinon d\u00e9velopp\u00e9s.<\/p>\n<p style=\"text-align:justify;\">Le plus souvent (outre les chocs sensationnels des mass-m\u00e9dias concernant le spectacle et les escrocs par l&rsquo;hypnose), l&rsquo;hypnose est pr\u00e9sent\u00e9e au public dans les m\u00e9dias comme \u00ab\u00a0un \u00e9tat modifi\u00e9 de conscience\u00a0\u00bb ou comme \u00ab\u00a0un ensemble de techniques permettant de provoquer volontairement un \u00e9tat de conscience particulier &#8211; se rapprochant du sommeil mais ne se confondant pas avec lui &#8211; et de l\u2019utiliser en sport, en d\u00e9veloppement personnel, en psychoth\u00e9rapie, en anesth\u00e9sie pour des op\u00e9rations chirurgicales&#8230;\u00a0\u00bb.<\/p>\n<p style=\"text-align:justify;\">Les caract\u00e9ristiques mises en \u00e9vidence sont surtout la transe et les applications de l&rsquo;hypnose dans les diff\u00e9rents champs.<\/p>\n<p style=\"text-align:justify;\">Apr\u00e8s avoir pris connaissance des repr\u00e9sentations de l&rsquo;hypnose (et prolong\u00e9 les points qui vous int\u00e9ressent par les liens propos\u00e9s), je vous invite \u00e0 parcourir les pages:<\/p>\n<ul style=\"text-align:justify;\">\n<li><a href=\"https:\/\/test2.under-construction.work\/les-outils-de-la-praticienne\/lhypnose\/\" target=\"_blank\" rel=\"noopener\">D\u00e9finition de l&rsquo;hypnose \u00e9ricksonienne<\/a><\/li>\n<li><a href=\"https:\/\/test2.under-construction.work\/les-outils-de-la-praticienne\/lhypnose\/histoire-de-lhypnose\/\" target=\"_blank\" rel=\"noopener\">Histoire de l&rsquo;hypnose<\/a><\/li>\n<li><a href=\"https:\/\/test2.under-construction.work\/les-outils-de-la-praticienne\/lhypnose\/differents-champs-hypnotiques-medecine-therapie-sport-creation-spectacle\/\" target=\"_blank\" rel=\"noopener\">Champs d\u2019applications des hypnoses:<\/a>\u00a0m\u00e9dical, th\u00e9rapies et performances (entreprise, sport), cr\u00e9ation artistique, spectacle<\/li>\n<li><a href=\"https:\/\/test2.under-construction.work\/les-outils-de-la-praticienne\/lhypnose\/hypnose-et-science\/\" target=\"_blank\" rel=\"noopener\">L\u2019hypnose et la science<\/a><\/li>\n<\/ul>\n<blockquote>\n<p style=\"text-align:center;\"><strong>Que donne la recherche sur le web?<\/strong><\/p>\n<\/blockquote>\n<p style=\"text-align:justify;\">Dans les images des moteurs de recherche et des outils comme Youtube, outre les gif en spirale hypnotique, l&rsquo;accent mis sur le regard hypnotique du fascinateur, les effets magiques de photoshop (\u00e9toiles, lumi\u00e8re, flou, violet&#8230;), les m\u00e9dias affectionnent les effets hypnotiques visibles comme les l\u00e9vitations et les actions r\u00e9alis\u00e9es sous hypnose (table d&rsquo;op\u00e9ration, sport&#8230;) ou les sch\u00e9mas du cerveau.<\/p>\n<p style=\"text-align:justify;\">Lors de la pr\u00e9paration d&rsquo;une performance artistique sous hypnose, j&rsquo;ai d&rsquo;ailleurs eu \u00e0 rectifier fermement la communication sur mon intervention. Le stagiaire avait pr\u00e9f\u00e9r\u00e9 Kaa \u00e0 l&rsquo;image que j&rsquo;avais choisie, le pr\u00e9dateur manipulateur de Walt Disney \u00e9tant utilis\u00e9 pour \u00ab\u00a0attirer les gens\u00a0\u00bb, m\u00eame si je pratique pas d&rsquo;hypnose directive et que mon travail est le contraire de cette sc\u00e8ne o\u00f9 l&rsquo;hypnose sert \u00e0 profiter de l&rsquo;autre \u00e0 des fins\/faims personnelles&#8230; lol<\/p>\n<p>https:\/\/www.youtube.com\/watch?v=0DYTjFSmwro<\/p>\n<blockquote>\n<p style=\"text-align:center;\"><strong>Qu\u2019est-ce que l\u2019hypnose? Comment \u00e7a marche? Quelques liens.<\/strong><\/p>\n<\/blockquote>\n<p>Quelques liens tout public expliquant l&rsquo;hypnose:<\/p>\n<p><strong>Plan\u00e8te sant\u00e9:<\/strong>\u00a0<a href=\"https:\/\/www.planetesante.ch\/Magazine\/Medicaments-examens-et-traitements\/Hypnose\/Cinq-idees-recues-sur-l-hypnose\" target=\"_blank\" rel=\"noopener\">5 id\u00e9es re\u00e7ues sur l&rsquo;hypnose<\/a><\/p>\n<p><strong>Cerveau et psycho<\/strong>: \u00ab\u00a0<a href=\"http:\/\/www.cerveauetpsycho.fr\/ewb_pages\/a\/article-qu-est-ce-que-l-hypnose-31660.php\">Qu&rsquo;est-ce que l&rsquo;hypnose<\/a>\u00a0\u00bb<\/p>\n<p><strong>L&rsquo;Express: Hypnose.\u00a0<\/strong><a href=\"http:\/\/www.lexpress.fr\/styles\/psycho\/hypnose-comment-ca-marche_1680161.html\">Comment \u00e7a marche?<\/a><a href=\"http:\/\/www.lexpress.fr\/styles\/psycho\/hypnose-comment-ca-marche_1680161.html\">\u00a0<\/a><\/p>\n<p><strong>Le Figaro<\/strong>: \u00a0 <a href=\"http:\/\/plus.lefigaro.fr\/tag\/hypnose\">L&rsquo;hypnose<\/a><\/p>\n<p><strong>France Culture<\/strong>: \u00a0 <a href=\"http:\/\/www.franceculture.fr\/emission-science-publique-comment-l-hypnose-agit-elle-sur-le-cerveau-2015-07-03\">Comment l&rsquo;hypnose agit-elle sur le cerveau?<\/a><\/p>\n<p><strong>France Inter<\/strong>: \u00a0 <a href=\"http:\/\/www.franceinter.fr\/depeche-hypnose-a-letude\">L&rsquo;hypnose \u00e0 l&rsquo;\u00e9tude<\/a> \u00a0 *** \u00a0 <a href=\"http:\/\/www.franceinter.fr\/emission-service-public-vos-paupieres-sont-lourdes-l-hypnose-aujourd-hui\">L&rsquo;hypnose aujourd&rsquo;hui<\/a> \u00a0 ***<a href=\"http:\/\/www.franceinter.fr\/emission-ca-va-pas-la-tete-les-pouvoirs-de-lesprit\"> \u00a0les pouvoirs de l&rsquo;esprit<\/a><\/p>\n<p><strong>Cerveau et psycho<\/strong>: \u00ab\u00a0<a href=\"http:\/\/www.cerveauetpsycho.fr\/ewb_pages\/a\/article-qu-est-ce-que-l-hypnose-31660.php\" target=\"_blank\" rel=\"noopener\">Qu&rsquo;est-ce que l&rsquo;hypnose<\/a>\u00a0\u00bb<\/p>\n<p><strong>Doctissimo,<\/strong><a href=\"http:\/\/www.doctissimo.fr\/html\/psychologie\/dossiers\/hypnose\/hypnose.htm\" target=\"_blank\" rel=\"noopener\"> dossier hypnose<\/a><\/p>\n<p>Deux pr\u00e9sentations de l&rsquo;hypnose destin\u00e9es au public large par des professionnels \u00e9ricksoniens:<\/p>\n<p><strong>Antoine Garnier (formateur ind\u00e9pendant en hypnose): <\/strong><a href=\"https:\/\/www.youtube.com\/watch?v=pqOY4gFV4w0\" target=\"_blank\" rel=\"noopener\">Qu&rsquo;est-ce que l&rsquo;hypnose?<\/a><\/p>\n<p><strong>Kevin Finel (directeur de l&rsquo;Arche):<\/strong>\u00a0<a href=\"https:\/\/www.youtube.com\/watch?v=DLKMCtOZEkg\" target=\"_blank\" rel=\"noopener\">Cabinet public<\/a>\u00a0(s\u00e9ances publiques avec explications techniques \u00e0 destination tout public)<\/p>\n<blockquote>\n<p style=\"text-align:center;\"><strong>Si l&rsquo;on se tourne vers des supports comme Google image, Youtube ou Facebook<\/strong><\/p>\n<\/blockquote>\n<p>Google image (essayez avec votre propre historique):<\/p>\n<figure id=\"attachment_11315\" aria-describedby=\"caption-attachment-11315\" style=\"width: 1254px\" class=\"wp-caption alignnone\"><img loading=\"lazy\" decoding=\"async\" class=\"alignnone size-full wp-image-11315\" src=\"https:\/\/test2.under-construction.work\/wp-content\/uploads\/2018\/10\/capture-d_c3a9cran-2018-10-15-c3a0-09-22-09.png\" alt=\"Capture d_\u00e9cran 2018-10-15 \u00e0 09.22.09\" width=\"1254\" height=\"504\" \/><figcaption id=\"caption-attachment-11315\" class=\"wp-caption-text\">En tapant \u00ab\u00a0hypnose\u00a0\u00bb dans google image<\/figcaption><\/figure>\n<p>&nbsp;<\/p>\n<p>Youtube<\/p>\n<figure id=\"attachment_11316\" aria-describedby=\"caption-attachment-11316\" style=\"width: 596px\" class=\"wp-caption alignnone\"><img loading=\"lazy\" decoding=\"async\" class=\"alignnone size-full wp-image-11316\" src=\"https:\/\/test2.under-construction.work\/wp-content\/uploads\/2018\/10\/capture-d_c3a9cran-2018-10-15-c3a0-09-36-48.png\" alt=\"Capture d_\u00e9cran 2018-10-15 \u00e0 09.36.48\" width=\"596\" height=\"543\" \/><figcaption id=\"caption-attachment-11316\" class=\"wp-caption-text\">En tapant \u00ab\u00a0hypnose\u00a0\u00bb dans Youtube<\/figcaption><\/figure>\n<p>Duck Duck<\/p>\n<p><img loading=\"lazy\" decoding=\"async\" class=\"alignnone size-full wp-image-11317\" src=\"https:\/\/test2.under-construction.work\/wp-content\/uploads\/2018\/10\/capture-d_c3a9cran-2018-10-15-c3a0-09-42-45.png\" alt=\"Capture d_\u00e9cran 2018-10-15 \u00e0 09.42.45\" width=\"617\" height=\"473\" \/><\/p>\n<figure id=\"attachment_11318\" aria-describedby=\"caption-attachment-11318\" style=\"width: 1274px\" class=\"wp-caption alignnone\"><img loading=\"lazy\" decoding=\"async\" class=\"alignnone size-full wp-image-11318\" src=\"https:\/\/test2.under-construction.work\/wp-content\/uploads\/2018\/10\/capture-d_c3a9cran-2018-10-15-c3a0-09-44-51.png\" alt=\"Capture d_\u00e9cran 2018-10-15 \u00e0 09.44.51\" width=\"1274\" height=\"568\" \/><figcaption id=\"caption-attachment-11318\" class=\"wp-caption-text\">En tapant \u00ab\u00a0hypnose\u00a0\u00bb sur DuckDuck<\/figcaption><\/figure>\n<blockquote>\n<p style=\"text-align:center;\"><strong>Conclusion<\/strong><\/p>\n<\/blockquote>\n<p style=\"text-align:justify;\">On le voit, la peur, la magie, le spectaculaire (l&rsquo;hypnose de charlatan? de manipulateur? de magicien?) sont encore entrem\u00eal\u00e9s dans les m\u00e9dias avec l&rsquo;hypnose \u00ab\u00a0s\u00e9rieuse\u00a0\u00bb, m\u00e9dicale, th\u00e9rapeutique, judiciaire, sportive&#8230;<\/p>\n<p>Cette caract\u00e9ristique remonte loin dans<a href=\"https:\/\/test2.under-construction.work\/les-outils-de-la-praticienne\/lhypnose\/histoire-de-lhypnose\/\" target=\"_blank\" rel=\"noopener\"> l&rsquo;histoire de l&rsquo;hypnose<\/a>.<\/p>\n<p style=\"text-align:justify;\">Il nous reste \u00e0 parcourir la <a href=\"https:\/\/test2.under-construction.work\/les-outils-de-la-praticienne\/lhypnose\/differents-champs-hypnotiques-medecine-therapie-sport-creation-spectacle\/\" target=\"_blank\" rel=\"noopener\">page des diff\u00e9rents champs de l&rsquo;hypnose<\/a>: h\u00f4pital et dentisterie, th\u00e9rapie, tribunaux, sport, th\u00e9rapie, art et spectacle.<\/p>\n<p>Puis \u00e0 jeter un oeil sur <a href=\"https:\/\/test2.under-construction.work\/les-outils-de-la-praticienne\/lhypnose\/hypnose-et-science\/\" target=\"_blank\" rel=\"noopener\">ce qu&rsquo;en dit la science.<\/a><\/p>\n<p>&nbsp;<\/p>\n<p><strong><span style=\"color:#800080;\">\u00a9 Marie Lisel<\/span><\/strong><\/p>\n","protected":false},"excerpt":{"rendered":"<p>Entre fascination et raison Le coeur des m\u00e9dias oscille entre deux conceptions de l&rsquo;hypnose: celle que nous a laiss\u00e9e Erickson (voir la page Histoire de l&rsquo;hypnose) et celle que les fascinateurs comme le Mesmer actuel utilisent en sc\u00e8ne. Dans cette oscillation, il y a souvent confusion&#8230; L\u2019hypnoth\u00e9rapeute (post)\u00a0\u00e9ricksonien.n.e\u00a0utilise des techniques qui permettent \u00e0 l&rsquo;accompagn\u00e9.e de [&hellip;]<\/p>\n","protected":false},"author":2,"featured_media":8285,"parent":11204,"menu_order":0,"comment_status":"closed","ping_status":"closed","template":"","meta":{"footnotes":""},"class_list":["post-11208","page","type-page","status-publish","has-post-thumbnail","hentry"],"_links":{"self":[{"href":"https:\/\/test2.under-construction.work\/index.php\/wp-json\/wp\/v2\/pages\/11208","targetHints":{"allow":["GET"]}}],"collection":[{"href":"https:\/\/test2.under-construction.work\/index.php\/wp-json\/wp\/v2\/pages"}],"about":[{"href":"https:\/\/test2.under-construction.work\/index.php\/wp-json\/wp\/v2\/types\/page"}],"author":[{"embeddable":true,"href":"https:\/\/test2.under-construction.work\/index.php\/wp-json\/wp\/v2\/users\/2"}],"replies":[{"embeddable":true,"href":"https:\/\/test2.under-construction.work\/index.php\/wp-json\/wp\/v2\/comments?post=11208"}],"version-history":[{"count":0,"href":"https:\/\/test2.under-construction.work\/index.php\/wp-json\/wp\/v2\/pages\/11208\/revisions"}],"up":[{"embeddable":true,"href":"https:\/\/test2.under-construction.work\/index.php\/wp-json\/wp\/v2\/pages\/11204"}],"wp:featuredmedia":[{"embeddable":true,"href":"https:\/\/test2.under-construction.work\/index.php\/wp-json\/"}],"wp:attachment":[{"href":"https:\/\/test2.under-construction.work\/index.php\/wp-json\/wp\/v2\/media?parent=11208"}],"curies":[{"name":"wp","href":"https:\/\/api.w.org\/{rel}","templated":true}]}}