{"id":11572,"date":"2018-10-28T16:21:50","date_gmt":"2018-10-28T15:21:50","guid":{"rendered":"https:\/\/marielisel.com\/?page_id=11572"},"modified":"2018-10-28T16:21:50","modified_gmt":"2018-10-28T15:21:50","slug":"conferences","status":"publish","type":"page","link":"https:\/\/test2.under-construction.work\/index.php\/conferences\/","title":{"rendered":"Conf\u00e9rences"},"content":{"rendered":"<p style=\"text-align:justify;\">Conf\u00e9rences, expos\u00e9s, interventions th\u00e9oriques ou th\u00e9orico-pratiques (je n&rsquo;ai pas encore tent\u00e9 la conf\u00e9rence gesticul\u00e9e)&#8230; compl\u00e8tent les workshops\/ateliers.<\/p>\n<p style=\"text-align:justify;\">J&rsquo;aime parler en public et transmettre ce qui me passionne. Cela n&rsquo;est pas nouveau, j&rsquo;ai en effet \u00e9t\u00e9 enseignante durant pas mal d&rsquo;ann\u00e9es (pour des ados de 16-19 ans), ainsi que personne ressource pour le service p\u00e9dagogique d&rsquo;une universit\u00e9 ou encore membre du bureau d&rsquo;associations organisant des \u00e9v\u00e9nements \u00a0en art contemporain et en arts sonores.<\/p>\n<p style=\"text-align:justify;\">Les expos\u00e9s que je pr\u00e9sente sont r\u00e9alis\u00e9s sur mesure, pour r\u00e9pondre \u00e0 un contexte et \u00e0 un public particulier.<\/p>\n<p><a href=\"https:\/\/www.ihest.fr\/IMG\/pdf\/20190607-emc-definitif.pdf\" target=\"_blank\" rel=\"noopener\">Un exemple ici.<\/a><\/p>\n<p style=\"text-align:justify;\">Quelques th\u00e9matiques:<\/p>\n<ul style=\"text-align:justify;\">\n<li>La transe hypnotique: pratiques et questions de recherche<\/li>\n<li>Les hypnoses d&rsquo;hier et d&rsquo;aujourd&rsquo;hui, un peu d&rsquo;histoire et de sociologie<\/li>\n<li>Des pratiques hypnotiques entre magie et science<\/li>\n<li>La sorci\u00e8re contemporaine et l&rsquo;hypnotiseuse: quelles repr\u00e9sentations, quels enjeux?<\/li>\n<li>Comment utiliser les croyances tout en restant sceptique?<\/li>\n<li>L&rsquo;imaginal: tout un monde, entre monde sensible et monde intelligible<\/li>\n<li>Cr\u00e9er sa vie par l&rsquo;hypnose: comment se r\u00e9inventer?<\/li>\n<li>Augmenter le champ de la cr\u00e9ation par l&rsquo;hypnose: quelques axes<\/li>\n<li>Hypnose &amp; queer: vers la cr\u00e9ation de soi<\/li>\n<li>Hypnose &amp; art: vers la cr\u00e9ation d&rsquo;oeuvre<\/li>\n<li>Hypnose &amp; exploration: vers l&rsquo;augmentation de mon monde<\/li>\n<li>Hypnose, art &amp; queer: ind\u00e9terminations, jeux, issues<\/li>\n<li>R\u00eaves nocturnes, r\u00eaves lucides, r\u00eaveries et r\u00eaves \u00e9veill\u00e9s: th\u00e9orie et pratique<\/li>\n<li>R\u00e9apprendre \u00e0 r\u00eaver&#8230; pourquoi? Comment?<\/li>\n<li>Pourquoi se connecter \u00e0 l&rsquo;\u00e9tat animal?<\/li>\n<li>Comment cr\u00e9er l&rsquo;\u00e9tat id\u00e9al pour une intention particuli\u00e8re?<\/li>\n<li>Communiquer avec son corps? Comment? Pour quoi faire?<\/li>\n<li>Insight, vertige&#8230; et autres bizarreries de d\u00e9passement de soi<\/li>\n<li>Jouer avec les croyances pour aller vers son intention: hasards et synchronicit\u00e9s<\/li>\n<li>Cr\u00e9er la synesth\u00e9sie par l&rsquo;hypnose<\/li>\n<li>L&rsquo;espace transitionnel augment\u00e9 par l&rsquo;hypnose<\/li>\n<li>Association et dissociation (et trissociation&#8230;) des dividus de mon individu: hypnose et mondes virtuels<\/li>\n<li>Qui est\/sont \u00ab\u00a0je\u00a0\u00bb? L&rsquo;hypnose au service de l&rsquo;exploration et de la conciliation de (ses) soi(s)<\/li>\n<li>&#8230;<\/li>\n<\/ul>\n<p style=\"text-align:justify;\">Ces interventions sont soit purement th\u00e9oriques, soit m\u00eal\u00e9es \u00e0 quelques exercices pratiques r\u00e9alisables en auditoire, soit suivies d&rsquo;un atelier (1h30 \u00e0 3h), soit d&rsquo;une performance participative (1h30-2h), dans une salle d\u00e9gag\u00e9e ou dans la nature.<\/p>\n<p style=\"text-align:justify;\">N&rsquo;h\u00e9sitez pas \u00e0 me proposer une intervention dans le cadre d&rsquo;ateliers ou de colloques.<\/p>\n<p>Marie Lisel<\/p>\n<p style=\"text-align:justify;\">\n","protected":false},"excerpt":{"rendered":"<p>Conf\u00e9rences, expos\u00e9s, interventions th\u00e9oriques ou th\u00e9orico-pratiques (je n&rsquo;ai pas encore tent\u00e9 la conf\u00e9rence gesticul\u00e9e)&#8230; compl\u00e8tent les workshops\/ateliers. J&rsquo;aime parler en public et transmettre ce qui me passionne. Cela n&rsquo;est pas nouveau, j&rsquo;ai en effet \u00e9t\u00e9 enseignante durant pas mal d&rsquo;ann\u00e9es (pour des ados de 16-19 ans), ainsi que personne ressource pour le service p\u00e9dagogique d&rsquo;une [&hellip;]<\/p>\n","protected":false},"author":2,"featured_media":11530,"parent":0,"menu_order":0,"comment_status":"closed","ping_status":"closed","template":"","meta":{"footnotes":""},"class_list":["post-11572","page","type-page","status-publish","has-post-thumbnail","hentry"],"_links":{"self":[{"href":"https:\/\/test2.under-construction.work\/index.php\/wp-json\/wp\/v2\/pages\/11572","targetHints":{"allow":["GET"]}}],"collection":[{"href":"https:\/\/test2.under-construction.work\/index.php\/wp-json\/wp\/v2\/pages"}],"about":[{"href":"https:\/\/test2.under-construction.work\/index.php\/wp-json\/wp\/v2\/types\/page"}],"author":[{"embeddable":true,"href":"https:\/\/test2.under-construction.work\/index.php\/wp-json\/wp\/v2\/users\/2"}],"replies":[{"embeddable":true,"href":"https:\/\/test2.under-construction.work\/index.php\/wp-json\/wp\/v2\/comments?post=11572"}],"version-history":[{"count":0,"href":"https:\/\/test2.under-construction.work\/index.php\/wp-json\/wp\/v2\/pages\/11572\/revisions"}],"wp:featuredmedia":[{"embeddable":true,"href":"https:\/\/test2.under-construction.work\/index.php\/wp-json\/"}],"wp:attachment":[{"href":"https:\/\/test2.under-construction.work\/index.php\/wp-json\/wp\/v2\/media?parent=11572"}],"curies":[{"name":"wp","href":"https:\/\/api.w.org\/{rel}","templated":true}]}}