{"id":11853,"date":"2018-12-06T11:41:17","date_gmt":"2018-12-06T10:41:17","guid":{"rendered":"https:\/\/marielisel.com\/?page_id=11853"},"modified":"2018-12-06T11:41:17","modified_gmt":"2018-12-06T10:41:17","slug":"r-e-d-de-robert-desoille","status":"publish","type":"page","link":"https:\/\/test2.under-construction.work\/index.php\/les-techniques-de-reve-eveille\/r-e-d-de-robert-desoille\/","title":{"rendered":"R.E.D. de Robert Desoille"},"content":{"rendered":"<p style=\"text-align:justify;\">Je pratique et j&rsquo;enseigne le RED classique, selon la m\u00e9thode de Robert Desoille, uniquement en atelier de recherche ou de formation.<\/p>\n<p style=\"text-align:justify;\">En s\u00e9ance individuelle ou de groupe, je m\u00eale le RED \u00e0 l\u2019hypnose et \u00e0 d&rsquo;autres outils, dans le <a href=\"https:\/\/test2.under-construction.work\/les-outils-de-la-praticienne\/le-reve-eveille-dirige-du-red-au-reah\/\" target=\"_blank\" rel=\"noopener noreferrer\">REAH<\/a> (r\u00eave \u00e9veill\u00e9 augment\u00e9 par l\u2019hypnose).<\/p>\n<p>Le RED est une tr\u00e8s belle base \u00a0\ud83d\ude42<\/p>\n<blockquote>\n<p style=\"text-align:center;\"><strong>Tentative de d\u00e9finition du RED<\/strong><\/p>\n<\/blockquote>\n<p style=\"text-align:justify;\">Le <strong>R<\/strong>\u00eave <strong>E<\/strong>veill\u00e9 <strong>D<\/strong>irig\u00e9 est une m\u00e9thode cr\u00e9\u00e9e par Robert Desoille d\u00e8s les ann\u00e9es 30\u2019(sur base de m\u00e9thodes oniriques existantes, notamment la r\u00eaverie dirig\u00e9e, en Asie), qui consiste \u00e0 inviter l\u2019accompagn\u00e9.e \u00e0 mettre de c\u00f4t\u00e9 le contr\u00f4le exerc\u00e9 par la raison pour aller \u00e0 la rencontre de son monde int\u00e9rieur imaginaire, de fa\u00e7on \u00e0 stimuler les potentialit\u00e9s inexploit\u00e9es qui contribueront \u00e0 faire \u00e9voluer sa personnalit\u00e9. Ce travail repose sur la d\u00e9couverte qu\u2019en agissant sur les repr\u00e9sentations, les symboles, on agit sur la structure-m\u00eame du psychisme.<\/p>\n<figure id=\"attachment_10294\" aria-describedby=\"caption-attachment-10294\" style=\"width: 974px\" class=\"wp-caption alignnone\"><img loading=\"lazy\" decoding=\"async\" class=\"alignnone size-full wp-image-10294\" src=\"https:\/\/test2.under-construction.work\/wp-content\/uploads\/2018\/06\/arthur-tress-0aadam-in-the-park-new-york-1982.jpg\" alt=\"ARTHUR TRESS Adam in the Park New York, 1982\" width=\"974\" height=\"980\" \/><figcaption id=\"caption-attachment-10294\" class=\"wp-caption-text\">ARTHUR TRESS Adam in the Park New York, 1982<\/figcaption><\/figure>\n<p>&nbsp;<\/p>\n<blockquote>\n<p style=\"text-align:center;\"><strong>Ce qu\u2019en dit l\u2019Encyclop\u00e9die Universalis\u00a0<\/strong><\/p>\n<\/blockquote>\n<p style=\"text-align:justify;\">La m\u00e9thode dite du \u00ab\u00a0r\u00eave \u00e9veill\u00e9\u00a0\u00bb est une <a href=\"https:\/\/www.universalis.fr\/encyclopedie\/psychotherapie\/\">psychoth\u00e9rapie<\/a> fond\u00e9e sur l&rsquo;approche des processus psychiques par l&rsquo;imaginaire. Elle fut \u00e9labor\u00e9e par Robert Desoille (1896-1966). \u00c9tant d&rsquo;abord un chercheur, il n&rsquo;h\u00e9sita pas \u00e0 pr\u00e9senter des appellations diverses (r\u00eave \u00e9veill\u00e9, <a href=\"https:\/\/www.universalis.fr\/encyclopedie\/reve\/\">r\u00eave<\/a> \u00e9veill\u00e9 dirig\u00e9, etc.) et des mod\u00e8les explicatifs successifs qui ont donn\u00e9 naissance \u00e0 des \u00e9coles diff\u00e9rentes. Ses travaux avaient \u00e9t\u00e9 particuli\u00e8rement remarqu\u00e9s par Charles Baudouin et Gaston Bachelard.<\/p>\n<p style=\"text-align:justify;\">Trois courants ont \u00e9merg\u00e9 de l&rsquo;\u0153uvre de R. Desoille. Ses \u00e9l\u00e8ves fran\u00e7ais, r\u00e9unis dans le G.I.R.E.D.D. (Groupe international du r\u00eave \u00e9veill\u00e9 dirig\u00e9 de Desoille), ont stabilis\u00e9 la m\u00e9thode psychoth\u00e9rapique, tout en donnant des interpr\u00e9tations diff\u00e9rentes des processus mis en cause et en se divisant \u00e0 propos de la place \u00e0 accorder \u00e0 l&rsquo;<a href=\"https:\/\/www.universalis.fr\/encyclopedie\/inconscient\/\">inconscient<\/a>, au transfert, \u00e0 la directivit\u00e9 et \u00e0 l&rsquo;activation dans la cure des n\u00e9vroses. Un courant homog\u00e8ne, compos\u00e9 de la majorit\u00e9 des formateurs, s&rsquo;en est d\u00e9tach\u00e9 pour constituer le C.I.P.A.R.E. (Coll\u00e8ge international psychanalytique et anthropologique du r\u00eave \u00e9veill\u00e9). Il situe la cure \u00ab\u00a0r\u00eave \u00e9veill\u00e9\u00a0\u00bb comme une <a href=\"https:\/\/www.universalis.fr\/encyclopedie\/psychanalyse\/\">psychanalyse<\/a> sp\u00e9cifique\u00a0: prenant \u00e9galement en compte la dynamique inconsciente et transf\u00e9rentielle, il insiste sur l&rsquo;\u00e9clairage fourni par le r\u00eave \u00e9veill\u00e9 \u00e0 la m\u00e9tapsychologie (th\u00e9orie du fonctionnement psychique) et \u00e0 l&rsquo;anthropologie\u00a0; de l\u00e0, ses travaux sur le r\u00eave \u00e9veill\u00e9 dans les diff\u00e9rentes cultures et dans la modernit\u00e9. Un troisi\u00e8me courant met en \u0153uvre des techniques d\u00e9riv\u00e9es du r\u00eave \u00e9veill\u00e9\u00a0; il s&rsquo;est surtout d\u00e9velopp\u00e9 aux \u00c9tats-Unis (daydream) avant de se diffuser en Europe et en Am\u00e9rique latine sous forme de psychoth\u00e9rapies br\u00e8ves et intermittentes ou de sessions appliqu\u00e9es \u00e0 la cr\u00e9ativit\u00e9 et au d\u00e9veloppement psychologique personnel.<\/p>\n<figure id=\"attachment_9926\" aria-describedby=\"caption-attachment-9926\" style=\"width: 960px\" class=\"wp-caption alignnone\"><img loading=\"lazy\" decoding=\"async\" class=\"alignnone size-full wp-image-9926\" src=\"https:\/\/test2.under-construction.work\/wp-content\/uploads\/2018\/04\/fb_img_1523543705656.jpg\" alt=\"FB_IMG_1523543705656\" width=\"960\" height=\"953\" \/><figcaption id=\"caption-attachment-9926\" class=\"wp-caption-text\">Image: Marie Juliette Verga<\/figcaption><\/figure>\n<blockquote>\n<p style=\"text-align:center;\"><strong>Memento du RED<\/strong><\/p>\n<\/blockquote>\n<ul style=\"text-align:justify;\">\n<li><strong>RED = R<\/strong>\u00eave <strong>E<\/strong>veill\u00e9 <strong>D<\/strong>irig\u00e9. \u201cDirig\u00e9\u201d peut avoir deux sens: dirig\u00e9 par l\u2019accompagnant.e \/ Dirig\u00e9 vers l\u2019intention de l\u2019accompagn\u00e9.e<\/li>\n<li>M\u00e9thode \u00e9labor\u00e9e par <strong>Robert Desoille<\/strong> (ing\u00e9nieur puis psychoth\u00e9rapeute, 1890-1966)<\/li>\n<li>Ouvrage de r\u00e9f\u00e9rence: \u201c<strong>Le r\u00eave \u00e9veill\u00e9 en psychoth\u00e9rapie<\/strong>\u201d, 1945. Les ouvrages de Desoille sont r\u00e9pertori\u00e9s sur le <a href=\"https:\/\/data.bnf.fr\/fr\/documents-by-rdt\/12601666\/70\/page1\" target=\"_blank\" rel=\"noopener noreferrer\">site de la BNF<\/a><\/li>\n<li><strong>Technique <\/strong>: \u00ab Le sujet est invit\u00e9 \u00e0 faire une r\u00eaverie. Pour faciliter celle-ci, il est bon de soustraire le patient \u00e0 tout effort musculaire ainsi qu\u2019\u00e0 toute excitation lumineuse et sonore. La position horizontale, dans une pi\u00e8ce semi-obscure et loin du bruit, sera donc meilleure.\u00a0Le sujet allong\u00e9 se met en \u00e9tat de relaxation et ferme les yeux pour cr\u00e9er un sc\u00e9nario imaginaire dont il est lui-m\u00eame le h\u00e9ros principal (ou unique). Le th\u00e9rapeute intervient parfois pour faire pr\u00e9ciser une partie de l\u2019espace imaginaire ou une bifurcation possible du sc\u00e9nario.\u00bb (R. Desoille)<\/li>\n<li><strong>L\u2019A\/nt.e<\/strong> <strong>n\u2019influence pas et n\u2019interpr\u00e9te pas<\/strong> le r\u00eave. Iel accompagne et demande des descriptions, pose des questions avec le moins possible de pr\u00e9suppos\u00e9s.<\/li>\n<li><strong>L\u2019A\/\u00e9.e<\/strong> vit son parcours onirique selon une proposition de d\u00e9part (un synopsis en \u00e9tapes simples), iel vit ses insights et recadrages, que l\u2019A\/nt.e accueille.<\/li>\n<li>L\u2019imagination parle autrement qu\u2019avec des mots. L\u2019imaginaire est un langage. Ne pas tenter de tout \u201cdire\u201d verbalement. Accueillir les symboles sans les d\u00e9cortiquer<\/li>\n<li><strong>Proposition de d\u00e9part : synopsis <\/strong>\n<ul>\n<li><strong>R Desoille a mis en \u00e9vidence des \u00e9l\u00e9ments r\u00e9currents<\/strong>. Ex: 1: une prairie \/ 2: trouver la rivi\u00e8re \/ 3: la suivre en amont pour trouver la source \/ 4: entrer dans une cavit\u00e9 et descendre \/ \u2026<\/li>\n<li>C\u2019est aussi jouable en poursuivant la <strong>lecture que Cyrille Champagne nous (groupe d\u2019hypnologie) a fait d\u2019<em>Alice au pays des merveilles<\/em><\/strong>, de Lewis Caroll, dont les chapitres ressemblent \u00e9trangement aux habituels du RED. Par exemple: \u00ab\u00a01: trouver l\u2019acc\u00e8s et descendre \/ 2: dans le monde du bas, il y a une salle, avec une ou des portes ferm\u00e9es. \/ 3: Le moyen de passer de l\u2019autre c\u00f4t\u00e9 est dans la pi\u00e8ce. \/ 4: Et de l\u2019autre c\u00f4t\u00e9\u2026).<strong>\u00a0<\/strong><\/li>\n<\/ul>\n<\/li>\n<\/ul>\n<p><img loading=\"lazy\" decoding=\"async\" class=\"alignnone size-full wp-image-9629\" src=\"https:\/\/test2.under-construction.work\/wp-content\/uploads\/2018\/03\/capture-d_c3a9cran-2018-03-07-c3a0-00-19-39.png\" alt=\"Capture d_\u00e9cran 2018-03-07 \u00e0 00.19.39\" width=\"719\" height=\"538\" \/><\/p>\n<blockquote>\n<p style=\"text-align:center;\"><strong>Principes th\u00e9oriques:<\/strong><\/p>\n<\/blockquote>\n<p style=\"text-align:justify;\"><strong>Veille paradoxale<\/strong> (terme de Fran\u00e7ois Roustang)<\/p>\n<ul style=\"text-align:justify;\">\n<li>Entrer dans le monde int\u00e9rieur par la <strong>mise entre entre parenth\u00e8se de la partie habituellement en veille restreinte <\/strong>(contr\u00f4le exerc\u00e9 par la raison, logique de veille restreinte nourrie de repr\u00e9sentations, qui croit \u00e0 ses certitudes)<\/li>\n<li>Autre termes: expansion de conscience, hyper\u00e9veil, EMC\u2026<\/li>\n<li>Dissociation: conscience de r\u00eaver et conscience de parler \u00e0 l\u2019A\/nt.e<\/li>\n<li>Il n\u2019y a pas d\u2019induction. Seulement une relaxation pr\u00e9alable. Le r\u00eave s\u2019approfondit au fur dans son d\u00e9roulement.<\/li>\n<\/ul>\n<p style=\"text-align:justify;\"><strong>Initiative du c\u00f4t\u00e9 du sujet<\/strong><\/p>\n<ul style=\"text-align:justify;\">\n<li>L\u2019A\/ant.e propose (avec tact et parcimonie), l\u2019A\/\u00e9.e dispose. C\u2019est \u00e0 iel de construire sa solution!<\/li>\n<\/ul>\n<p style=\"text-align:justify;\"><strong>Imaginaction<\/strong><\/p>\n<ul style=\"text-align:justify;\">\n<li>Repose sur la<strong> puissance de l\u2019imaginaction <\/strong>(imagination + action), travail int\u00e9rieur qui tient du voir et de l\u2019agir (n\u00e9ologisme d\u2019Eric Fottorino, journaliste du journal Le Monde, 1998)<\/li>\n<li>Par un travail sur <strong>les repr\u00e9sentations internes<\/strong>\n<ul>\n<li><strong>Les r\u00e9alit\u00e9s psychiques se transposent en repr\u00e9sentations<\/strong>.<\/li>\n<li><strong>Les transformations des repr\u00e9sentations<\/strong> entrainent une modification de la structure m\u00eame du psychisme.<\/li>\n<li>En RED, l\u2019accompagn\u00e9 est invit\u00e9 \u00e0 aller explorer ses syst\u00e8mes de repr\u00e9sentations et \u00e0 les faire \u00e9voluer en stimulant les potentialit\u00e9s inexploit\u00e9es pour <strong>r\u00e9organiser sa personnalit\u00e9<\/strong><\/li>\n<\/ul>\n<\/li>\n<\/ul>\n<p style=\"text-align:justify;\"><strong>Responsabilisation <\/strong><\/p>\n<ul style=\"text-align:justify;\">\n<li>L\u2019A\/nt.e est mis.e <strong>face \u00e0 sa responsabilit\u00e9<\/strong>, en d\u00e9couvrant ses repr\u00e9sentations et leurs cons\u00e9quences. Iel est seul.e responsable de son destin, quoi qu\u2019il se soit pass\u00e9 avant. Les repr\u00e9sentations concentrent le pass\u00e9 (introjections, traces d\u2019\u00e9v\u00e9nements qui limitent), le pr\u00e9sent et le futur (d\u00e9sirs, peurs). Maintenant, vers quel cap aller? Quelle direction donner \u00e0 sa vie? Avec ce tout qui la.e constitue, comment choisir ce vers quoi iel va.<\/li>\n<li>C\u2019est un aussi <strong>moyen de mieux se connaitre et de r\u00e9aliser le meilleur de soi-m\u00eame <\/strong>(meilleur selon des crit\u00e8res personnels choisis), qui ne s\u2019adresse pas seulement aux personnes souffrant de pathologies<\/li>\n<\/ul>\n<p><img loading=\"lazy\" decoding=\"async\" class=\"alignnone size-full wp-image-10018\" src=\"https:\/\/test2.under-construction.work\/wp-content\/uploads\/2018\/04\/14606343_531714020372594_5588094559042820348_n.jpg\" alt=\"14606343_531714020372594_5588094559042820348_n\" width=\"512\" height=\"490\" \/><\/p>\n<blockquote>\n<p style=\"text-align:center;\"><strong>Pour aller plus loin<\/strong><\/p>\n<\/blockquote>\n<p style=\"text-align:justify;\">RED de R. Desoille, synth\u00e8se de <a href=\"https:\/\/fr.wikipedia.org\/wiki\/R\u00eave_\u00e9veill\u00e9_dirig\u00e9\" target=\"_blank\" rel=\"noopener noreferrer\">Wikipedia<\/a><\/p>\n<p style=\"text-align:justify;\"><a title=\"Robert Desoille\" href=\"https:\/\/fr.wikipedia.org\/wiki\/Robert_Desoille\">Robert Desoille<\/a>,\u00a0<i>Exploration de l&rsquo;affectivit\u00e9 subconsciente par la m\u00e9thode du R\u00eave \u00c9veill\u00e9<\/i>\u00a0(1938),\u00a0<i>Le R\u00eave \u00c9veill\u00e9 en psychoth\u00e9rapie<\/i>\u00a0(1945),\u00a0<i>Th\u00e9orie et Pratique du R\u00eave \u00c9veill\u00e9 Dirig\u00e9<\/i>\u00a0(1961). Tous les ouvrages de Robert Desoille sont r\u00e9pertori\u00e9s sur le <a href=\"https:\/\/data.bnf.fr\/fr\/documents-by-rdt\/12601666\/70\/page1\" target=\"_blank\" rel=\"noopener noreferrer\">site de la BNF<\/a><\/p>\n<p style=\"text-align:justify;\">Gaston Bachelard lui consacre un chapitre int\u00e9ressant dans<a href=\"http:\/\/classiques.uqac.ca\/classiques\/bachelard_gaston\/air_et_les_songes\/air_et_les_songes.pdf\" target=\"_blank\" rel=\"noopener noreferrer\"> <em>l\u2019air et les songes<\/em><\/a>, Corti, 1943, chap IV (pdf en ligne)<\/p>\n<p style=\"text-align:justify;\">Mercier Elisabeth,\u00a0<em>Le\u00a0r\u00eave \u00e9veill\u00e9 dirig\u00e9 revisit\u00e9<\/em>,\u00a0L&rsquo;Harmattan,\u00a0<abbr class=\"abbr\" title=\"collection\">coll.<\/abbr>\u00a0\u00ab\u00a0Psycholo-giques\u00a0\u00bb,\u00a0<time>2003<\/time><\/p>\n<p>Guillaume Durant, <em>L&rsquo;imagination symbolique<\/em>, P.U.F., 1993<\/p>\n<p style=\"text-align:justify;\"><a href=\"https:\/\/www.amiscorbin.com\/ressources-documentaires\/\" target=\"_blank\" rel=\"noopener noreferrer\">Les Amis de Corbin<\/a> (pour la th\u00e9orie de l&rsquo;imaginal)<\/p>\n<p style=\"text-align:justify;\">Vid\u00e9os d&rsquo;<a href=\"http:\/\/www.arche-hypnose.com\/recherche-et-developpement-hypnologie\/\" target=\"_blank\" rel=\"noopener noreferrer\">hypnologie<\/a>\u00a0sur l&rsquo;Imaginal: <a href=\"https:\/\/youtu.be\/HZysV5CJGtQ\" target=\"_blank\" rel=\"noopener noreferrer\">6\u00e8me cours en 2 partie<\/a>s<\/p>\n<p style=\"text-align:justify;\">Ma bibliographie est rassembl\u00e9e sur la page \u201c<a href=\"https:\/\/test2.under-construction.work\/les-techniques-de-reve-eveille\/\">Les techniques de r\u00eaves \u00e9veill\u00e9s<\/a>\u00a0et sur la page \u201c<a href=\"https:\/\/test2.under-construction.work\/les-reves\/\">sources \u00e0 consulter sur les r\u00eaves \u00e9veill\u00e9s ou non<\/a>\u201d, sur mon site. De nombreux documents et vid\u00e9os sont disponibles directement en ligne!<\/p>\n<blockquote>\n<p style=\"text-align:justify;\">Si vous d\u00e9sirez <a href=\"https:\/\/test2.under-construction.work\/2018\/04\/21\/stage-lautohypnose-pour-developper-la-conscience-de-soi-et-le-mieux-etre-saint-germain-de-calberte-cevennes-16-17-juin-2018\/\" target=\"_blank\" rel=\"noopener noreferrer\">organiser une formation de 2 \u00e0 4 jours dans laquelle j&rsquo;interviens\u00a0<\/a>(il suffit d&rsquo;une dizaine d&rsquo;hypnopraticien.ne.s et d&rsquo;une salle), je me d\u00e9place avec plaisir pour partager le RED et le REAH dans votre r\u00e9gion. Ecrivez-moi pour convenir des conditions.<\/p>\n<p>J&rsquo;anime \u00e9galement un stage de r\u00eaves pour des passionn\u00e9s. Il suffit d&rsquo;un groupe, d&rsquo;une salle et d&rsquo;une invitation (n&rsquo;importe o\u00f9 en Europe). Voyez la page \u00ab\u00a0<a href=\"https:\/\/test2.under-construction.work\/ateliers-et-stages\/exploration-de-la-nature\/stage-reapprendre-a-rever\/\" target=\"_blank\" rel=\"noopener noreferrer\">R\u00e9apprendre \u00e0 r\u00eaver<\/a>\u00ab\u00a0<\/p><\/blockquote>\n<p><strong>Liens:<\/strong><\/p>\n<ul>\n<li><a href=\"https:\/\/test2.under-construction.work\/les-techniques-de-reve-eveille\/\" target=\"_blank\" rel=\"noopener noreferrer\">diff\u00e9rents r\u00eaves \u00e9veill\u00e9s<\/a><\/li>\n<li><a href=\"https:\/\/test2.under-construction.work\/ateliers-et-stages\/stage-de-reah-pour-praticien-ne-s-en-hypnose-1-3-decembre-brenaz\/\" target=\"_blank\" rel=\"noopener noreferrer\">stage REAH<\/a>\u00a0pour les praticien.ne.s en hypnose (d\u00e9cembre 2018)<\/li>\n<li><a href=\"https:\/\/test2.under-construction.work\/temoignage-des-stagiaires-praticien-ne-s-en-hypnose-formation-en-reah\/\" target=\"_blank\" rel=\"noopener noreferrer\">t\u00e9moignages des stagiaires<\/a>\u00a0praticien.ne.s en hypnose<\/li>\n<li><a href=\"https:\/\/test2.under-construction.work\/les-techniques-de-reve-eveille\/r-e-d-de-robert-desoille\/\" target=\"_blank\" rel=\"noopener noreferrer\">page consacr\u00e9e au RED<\/a>\u00a0de Robert Desoille<\/li>\n<li><a href=\"https:\/\/test2.under-construction.work\/2017\/12\/13\/reapprendre-a-rever\/\" target=\"_blank\" rel=\"noopener noreferrer\">stage \u00ab\u00a0r\u00e9apprendre \u00e0 r\u00eaver\u00a0\u00bb<\/a>\u00a0(tout public, \u00e0 programmer)<\/li>\n<li><a href=\"https:\/\/test2.under-construction.work\/les-reves\/\" target=\"_blank\" rel=\"noopener noreferrer\">plein de liens sur les r\u00eaves \u00e9veill\u00e9s ou non<\/a><\/li>\n<li>mes t\u00e9moignages de\u00a0<a href=\"https:\/\/test2.under-construction.work\/category\/reve-lucide\/\" target=\"_blank\" rel=\"noopener noreferrer\">r\u00eave lucides<\/a><\/li>\n<li><a href=\"https:\/\/test2.under-construction.work\/seance-hypnose\/anecdotes-et-retours-de-seances\/\" target=\"_blank\" rel=\"noopener noreferrer\">des t\u00e9moignages<\/a>, dont certains en REAH<\/li>\n<li><a href=\"https:\/\/test2.under-construction.work\/les-outils-de-la-praticienne\/\" target=\"_blank\" rel=\"noopener noreferrer\">les autres outils<\/a><\/li>\n<li><a href=\"https:\/\/test2.under-construction.work\/2015\/12\/03\/creation-radio-hypnotique\/\" target=\"_blank\" rel=\"noopener noreferrer\">bOa, r\u00eave \u00e9veill\u00e9 radiophonique<\/a>\u00a0que j\u2019ai r\u00e9alis\u00e9 avec l\u2019aide du Fonds d\u2019aide \u00e0 la cr\u00e9ation radiophonique (FACR, CFWB, Belgique)<\/li>\n<li><a href=\"https:\/\/test2.under-construction.work\/2018\/05\/08\/creation-radiophonique-fantasmatique\/\" target=\"_blank\" rel=\"noopener noreferrer\">Fantasmes<\/a>, cr\u00e9ation radiophonique en r\u00eave \u00e9veill\u00e9, que j\u2019ai r\u00e9alis\u00e9e avec l\u2019aide du Fonds d\u2019aide \u00e0 la cr\u00e9ation radiophonique (FACR, CFWB, Belgique)<\/li>\n<\/ul>\n<p>&nbsp;<\/p>\n<p><strong>\u00a9 Marie Lisel<\/strong><\/p>\n","protected":false},"excerpt":{"rendered":"<p>Je pratique et j&rsquo;enseigne le RED classique, selon la m\u00e9thode de Robert Desoille, uniquement en atelier de recherche ou de formation. En s\u00e9ance individuelle ou de groupe, je m\u00eale le RED \u00e0 l\u2019hypnose et \u00e0 d&rsquo;autres outils, dans le REAH (r\u00eave \u00e9veill\u00e9 augment\u00e9 par l\u2019hypnose). Le RED est une tr\u00e8s belle base \u00a0\ud83d\ude42 Tentative de [&hellip;]<\/p>\n","protected":false},"author":2,"featured_media":10676,"parent":9649,"menu_order":0,"comment_status":"closed","ping_status":"closed","template":"","meta":{"footnotes":""},"class_list":["post-11853","page","type-page","status-publish","has-post-thumbnail","hentry"],"_links":{"self":[{"href":"https:\/\/test2.under-construction.work\/index.php\/wp-json\/wp\/v2\/pages\/11853","targetHints":{"allow":["GET"]}}],"collection":[{"href":"https:\/\/test2.under-construction.work\/index.php\/wp-json\/wp\/v2\/pages"}],"about":[{"href":"https:\/\/test2.under-construction.work\/index.php\/wp-json\/wp\/v2\/types\/page"}],"author":[{"embeddable":true,"href":"https:\/\/test2.under-construction.work\/index.php\/wp-json\/wp\/v2\/users\/2"}],"replies":[{"embeddable":true,"href":"https:\/\/test2.under-construction.work\/index.php\/wp-json\/wp\/v2\/comments?post=11853"}],"version-history":[{"count":0,"href":"https:\/\/test2.under-construction.work\/index.php\/wp-json\/wp\/v2\/pages\/11853\/revisions"}],"up":[{"embeddable":true,"href":"https:\/\/test2.under-construction.work\/index.php\/wp-json\/wp\/v2\/pages\/9649"}],"wp:featuredmedia":[{"embeddable":true,"href":"https:\/\/test2.under-construction.work\/index.php\/wp-json\/"}],"wp:attachment":[{"href":"https:\/\/test2.under-construction.work\/index.php\/wp-json\/wp\/v2\/media?parent=11853"}],"curies":[{"name":"wp","href":"https:\/\/api.w.org\/{rel}","templated":true}]}}