{"id":1186,"date":"2016-01-15T11:20:16","date_gmt":"2016-01-15T10:20:16","guid":{"rendered":"https:\/\/marielisel.com\/?page_id=1186"},"modified":"2016-01-15T11:20:16","modified_gmt":"2016-01-15T10:20:16","slug":"charte-ethique","status":"publish","type":"page","link":"https:\/\/test2.under-construction.work\/index.php\/charte-ethique\/","title":{"rendered":"Charte \u00e9thique de l&rsquo;Arche"},"content":{"rendered":"<div>\n<div class=\"page\" title=\"Page 1\">\n<div class=\"layoutArea\">\n<div class=\"column\">\n<blockquote>\n<p style=\"text-align:center;\"><a href=\"http:\/\/www.arche-hypnose.com\/wordpress\/wp-content\/uploads\/2013\/09\/La-charte-Arche.pdf\" target=\"_blank\" rel=\"noopener\"><strong>Charte des bonnes pratiques D\u00e9ontologie des praticiens de l\u2019A.R.C.H.E<\/strong><\/a><\/p>\n<p style=\"text-align:center;\"><strong>(Acad\u00e9mie pour la Recherche et la Connaissance en Hypnose Ericksonienne)<\/strong><\/p>\n<p style=\"text-align:center;\"><strong>2011<\/strong><\/p>\n<\/blockquote>\n<p><strong>Art 1. Respect des droits fondamentaux<\/strong><\/p>\n<p>L\u2019hypnologue exerce sa mission dans le respect de la dignit\u00e9 humaine, de la vie personnelle, priv\u00e9e et familiale de la personne.<\/p>\n<p><strong>Art 2. Moralit\u00e9, probit\u00e9 et humanit\u00e9<\/strong><\/p>\n<p>Les principes essentiels de la profession guident le comportement de l\u2019hypnologue en toutes circonstances.<\/p>\n<p>L\u2019hypnologue exerce ses fonctions avec ind\u00e9pendance, probit\u00e9 et humanit\u00e9.<\/p>\n<p>Les relations de confiance ne peuvent exister que s\u2019il n\u2019y a aucun doute sur l\u2019honneur personnel, la probit\u00e9 et l\u2019int\u00e9grit\u00e9 de l\u2019hypnologue. Ces vertus traditionnelles sont des obligations professionnelles.<br \/>\nIl est fait interdiction d\u2019exercer sous un pseudonyme. La personne de l\u2019hypnologue doit \u00eatre parfaitement identifiable notamment au moyen de son nom et pr\u00e9nom.<\/p>\n<p>Il respecte, dans son exercice, les principes de loyaut\u00e9, de confraternit\u00e9, de d\u00e9licatesse, de mod\u00e9ration et de courtoisie. Il fait preuve, \u00e0 l\u2019\u00e9gard de ses clients, de comp\u00e9tence, de d\u00e9vouement, de diligence et de prudence.<\/p>\n<p><strong>Art 3. Ind\u00e9pendance<\/strong><\/p>\n<p>La profession d\u2019hypnologue est une profession lib\u00e9rale et ind\u00e9pendante quel que soit son mode d\u2019exercice. Elle ne peut \u00eatre ali\u00e9n\u00e9e.<br \/>\nLa multiplicit\u00e9 des devoirs incombant \u00e0 l\u2019hypnologue lui impose une ind\u00e9pendance absolue, exempte de toute pression, notamment de celle r\u00e9sultant de ses propres int\u00e9r\u00eats ou d\u2019influences ext\u00e9rieures.<\/p>\n<p><strong>Art 4. Secret professionnel<\/strong><\/p>\n<p>Le secret professionnel, institu\u00e9 dans l&rsquo;int\u00e9r\u00eat des clients, s&rsquo;impose \u00e0 tout hypnologue.<br \/>\nLe secret couvre tout ce qui est venu \u00e0 la connaissance de l\u2019hypnologue dans l&rsquo;exercice de sa profession, c&rsquo;est-\u00e0-dire non seulement ce qui lui a \u00e9t\u00e9 confi\u00e9 mais aussi ce qu&rsquo;il a vu, per\u00e7u, entendu, compris ou ressenti.<br \/>\nLe secret professionnel est g\u00e9n\u00e9ral et illimit\u00e9 dans le temps sous r\u00e9serve des strictes exigences de la propre d\u00e9fense de l\u2019hypnologue devant toute juridiction.<br \/>\nL\u2019hypnologue est relev\u00e9 de son obligation professionnelle en cas de raison \u00e9minente et imp\u00e9rieuse. Lorsqu\u2019il a connaissance qu\u2019un mineur est expos\u00e9 \u00e0 un risque d\u2019une particuli\u00e8re gravit\u00e9 ou que celui-ci subit tout acte de nature sexuelle ou relevant d\u2019une qualification criminelle, il avertit le procureur ou toute autre autorit\u00e9 comp\u00e9tente.<br \/>\nL\u2019hypnologue n\u2019encourt aucune sanction professionnelle s\u2019il fournit, malgr\u00e9 son obligation de secret, des \u00e9l\u00e9ments permettant d\u2019\u00e9viter un danger actuel ou \u00e0 venir d\u2019une particuli\u00e8re gravit\u00e9.<br \/>\nL\u2019hypnologue fait respecter le secret professionnel par les membres de son secr\u00e9tariat et par toute personne qui coop\u00e8re avec lui dans son activit\u00e9 professionnelle.<br \/>\nLe secret peut \u00eatre partag\u00e9 en cas de difficult\u00e9 particuli\u00e8rement s\u00e9rieuse commandant \u00e0 l\u2019hypnologue de requ\u00e9rir le conseil de ses confr\u00e8res.<\/p>\n<\/div>\n<\/div>\n<\/div>\n<div class=\"page\" title=\"Page 2\">\n<div class=\"layoutArea\">\n<div class=\"column\">\n<p>&nbsp;<\/p>\n<p><strong>Art 5. Int\u00e9r\u00eat du client<\/strong><\/p>\n<p>L\u2019hypnologue a l\u2019obligation de poursuivre au mieux les int\u00e9r\u00eats de son client, par rapport \u00e0 ses propres int\u00e9r\u00eats, conceptions ou \u00e0 ceux de ses confr\u00e8res.<br \/>\nLes d\u00e9cisions de l\u2019hypnologue quant au protocole \u00e0 adopter respectent l\u2019objectif d\u00e9fini avec le client. Le cas \u00e9ch\u00e9ant, l\u2019hypnologue doit prendre en compte l\u2019impact n\u00e9gatif qu\u2019un changement pourrait produire sur \u00ab l\u2019environnement \u00bb du client et en informer celui-ci.<\/p>\n<p>L\u2019hypnologue fournit une information loyale, claire et appropri\u00e9e sur sa comp\u00e9tence et sur le d\u00e9roulement de la s\u00e9ance. Il tient compte de la personnalit\u00e9 du client dans ses explications et veille \u00e0 leur compr\u00e9hension.<br \/>\nL\u2019hypnologue n&rsquo;use pas de sa position de confiance \u00e0 des fins personnelles, de pros\u00e9lytisme ou d\u2019abus de l\u2019\u00e9tat de faiblesse \u00e9ventuelle de son client.<\/p>\n<p><strong>Art 6. Clause de conscience<\/strong><\/p>\n<p>L\u2019hypnologue se d\u00e9charge de toute mission contraire aux principes d\u00e9ontologiques de sa profession ou mettant en p\u00e9ril son ind\u00e9pendance.<br \/>\nSi le lien de confiance qui relie l\u2019hypnologue et le client est gravement alt\u00e9r\u00e9, celui-ci peut d\u00e9cider d\u2019interrompre sa mission. Si l\u2019objectif d\u00e9fini ne rel\u00e8ve pas de la comp\u00e9tence de l\u2019hypnologue, celui-ci se d\u00e9porte et l\u2019oriente vers un professionnel de la discipline ad\u00e9quate (m\u00e9decine g\u00e9n\u00e9rale, psychiatrie, psychologie&#8230;).<\/p>\n<p>L\u2019hypnologue doit \u00e9couter, informer et conseiller avec la m\u00eame conscience toutes les personnes sans discrimination.<\/p>\n<p><strong>Art 7. Principe de non-discrimination<\/strong><\/p>\n<p>L\u2019origine, les m\u0153urs, la situation de famille, le handicap ou l\u2019\u00e9tat de sant\u00e9, l\u2019appartenance vraie ou suppos\u00e9e \u00e0 une ethnie, une nation, une religion d\u00e9termin\u00e9e, ou \u00e0 un courant politique ne peuvent constituer un motif valable pour poser sa clause conscience.<br \/>\nL\u2019hypnologue appel\u00e9 \u00e0 donner une consultation \u00e0 un mineur ou \u00e0 un majeur prot\u00e9g\u00e9 doit recueillir le consentement \u00e9clair\u00e9 d\u2019au moins un parent ou du repr\u00e9sentant l\u00e9gal.<\/p>\n<p><strong>Art 8. Honoraires<\/strong><\/p>\n<p>L\u2019hypnologue doit informer son client du montant de ses honoraires.<br \/>\nLe montant de ceux-ci doit \u00eatre fix\u00e9 avec tact, \u00e9quit\u00e9 et mesure notamment eu \u00e9gard \u00e0 la situation financi\u00e8re du client. Une caisse commune de solidarit\u00e9 permettra le cas \u00e9ch\u00e9ant d\u2019indemniser l\u2019hypnologue prenant en charge des indigents.<\/p>\n<p><strong>Art 9. Comp\u00e9tence et formation<\/strong><\/p>\n<p>Pour exercer, l\u2019hypnologue doit \u00eatre titulaire du dipl\u00f4me de ma\u00eetre praticien d\u00e9livr\u00e9 ou reconnu \u00e9quivalent par l\u2019un des signataires de ce pr\u00e9sent code et doit avoir suivi une supervision pendant une p\u00e9riode d\u2019une ann\u00e9e sauf \u00e0 faire valider son exp\u00e9rience et sa comp\u00e9tence par ses pairs.<br \/>\nIl doit satisfaire tout au long de son exercice aux exigences de moralit\u00e9 et respecter les principes d\u00e9ontologiques de la profession.<\/p>\n<p>L\u2019hypnologue doit entretenir et perfectionner ses connaissances et ses comp\u00e9tences professionnelles en tenant compte des \u00e9volutions techniques, scientifiques et \u00e9thiques de la profession. Il doit participer \u00e0 des actions de formation continue et peut participer \u00e0 l&rsquo;\u00e9valuation des pratiques professionnelles.<\/p>\n<p><strong>Art 10. Publicit\u00e9<\/strong><\/p>\n<p>La publicit\u00e9 est permise \u00e0 l&rsquo;hypnologue si elle procure une information loyale au public et si sa mise en \u0153uvre est fid\u00e8le aux principes essentiels de la profession.<br \/>\nLa publicit\u00e9 inclut la diffusion d&rsquo;informations sur la nature des prestations de services propos\u00e9es, d\u00e8s lors qu&rsquo;elle est exclusive de toute forme de d\u00e9marchage.<\/p>\n<p>Prohibition de toute publicit\u00e9 mensong\u00e8re ou contenant des renseignements inexacts ou fallacieux, mentions hyperboliques ou comparatives ou susceptibles de cr\u00e9er l&rsquo;apparence d&rsquo;une qualification professionnelle non reconnue. L\u2019hypnologue peut recourir \u00e0 tous moyens l\u00e9gaux permettant d&rsquo;assurer sa publicit\u00e9 personnelle, d\u00e8s lors que sont respect\u00e9es les dispositions du pr\u00e9sent article.<\/p>\n<\/div>\n<\/div>\n<\/div>\n<div class=\"page\" title=\"Page 3\">\n<div class=\"layoutArea\">\n<div class=\"column\">\n<p>&nbsp;<\/p>\n<p><strong>Art 11. Confraternit\u00e9 et r\u00e9putation de la profession<\/strong><\/p>\n<p>La confraternit\u00e9 exige des relations de confiance et de respect entre hypnologues, dans l\u2019int\u00e9r\u00eat du client et de la r\u00e9putation de la profession.<br \/>\nL\u2019hypnologue reconna\u00eet comme confr\u00e8re toute personne comp\u00e9tente dans sa pratique de l\u2019hypnose et respectueuse des principes \u00e9thiques, et maintient \u00e0 son \u00e9gard un comportement confraternel, digne et loyal.<\/p>\n<p>Les hypnologues se doivent assistance dans l&rsquo;adversit\u00e9 ou dans la difficult\u00e9.<br \/>\nEn cas de diff\u00e9rend avec un confr\u00e8re, l\u2019hypnologue doit rechercher une conciliation, au besoin par l&rsquo;interm\u00e9diaire du comit\u00e9 \u00e9thique.<br \/>\nTout hypnologue doit veiller constamment \u00e0 ne pas d\u00e9consid\u00e9rer la profession ou ses confr\u00e8res par un comportement indigne, m\u00eame en dehors du cadre de son exercice professionnel.<\/p>\n<p><strong>Art 12. Concurrence, client\u00e8le et assurance<\/strong><\/p>\n<p>L\u2019hypnologue d&rsquo;exercice lib\u00e9ral ne doit pas d\u00e9tourner \u00e0 son profit les clients d\u2019un confr\u00e8re ou ceux qui lui sont confi\u00e9s de fa\u00e7on temporaire.<\/p>\n<p>Est proscrite toute pratique constituant une concurrence d\u00e9loyale.<\/p>\n<p>L\u2019hypnologue doit assurer sa responsabilit\u00e9 professionnelle dans une mesure raisonnable eu \u00e9gard \u00e0 la nature et \u00e0 l\u2019importance des risques encourus.<\/p>\n<\/div>\n<\/div>\n<\/div>\n<\/div>\n","protected":false},"excerpt":{"rendered":"<p>Charte des bonnes pratiques D\u00e9ontologie des praticiens de l\u2019A.R.C.H.E (Acad\u00e9mie pour la Recherche et la Connaissance en Hypnose Ericksonienne) 2011 Art 1. Respect des droits fondamentaux L\u2019hypnologue exerce sa mission dans le respect de la dignit\u00e9 humaine, de la vie personnelle, priv\u00e9e et familiale de la personne. Art 2. Moralit\u00e9, probit\u00e9 et humanit\u00e9 Les principes [&hellip;]<\/p>\n","protected":false},"author":2,"featured_media":0,"parent":0,"menu_order":0,"comment_status":"closed","ping_status":"closed","template":"","meta":{"footnotes":""},"class_list":["post-1186","page","type-page","status-publish","hentry"],"_links":{"self":[{"href":"https:\/\/test2.under-construction.work\/index.php\/wp-json\/wp\/v2\/pages\/1186","targetHints":{"allow":["GET"]}}],"collection":[{"href":"https:\/\/test2.under-construction.work\/index.php\/wp-json\/wp\/v2\/pages"}],"about":[{"href":"https:\/\/test2.under-construction.work\/index.php\/wp-json\/wp\/v2\/types\/page"}],"author":[{"embeddable":true,"href":"https:\/\/test2.under-construction.work\/index.php\/wp-json\/wp\/v2\/users\/2"}],"replies":[{"embeddable":true,"href":"https:\/\/test2.under-construction.work\/index.php\/wp-json\/wp\/v2\/comments?post=1186"}],"version-history":[{"count":0,"href":"https:\/\/test2.under-construction.work\/index.php\/wp-json\/wp\/v2\/pages\/1186\/revisions"}],"wp:attachment":[{"href":"https:\/\/test2.under-construction.work\/index.php\/wp-json\/wp\/v2\/media?parent=1186"}],"curies":[{"name":"wp","href":"https:\/\/api.w.org\/{rel}","templated":true}]}}