{"id":1200,"date":"2016-01-15T16:39:18","date_gmt":"2016-01-15T15:39:18","guid":{"rendered":"https:\/\/marielisel.com\/?page_id=1200"},"modified":"2016-01-15T16:39:18","modified_gmt":"2016-01-15T15:39:18","slug":"choisir-ce-que-lon-se-raconte","status":"publish","type":"page","link":"https:\/\/test2.under-construction.work\/index.php\/choisir-ce-que-lon-se-raconte\/","title":{"rendered":"Par l&rsquo;hypnose, choisir ce que l&rsquo;on se raconte"},"content":{"rendered":"<p style=\"text-align:center;\"><strong>\u00ab\u00a0Moi\u00a0?! Je me fais un film\u00a0?!\u00a0\u00bb<\/strong><\/p>\n<p><img loading=\"lazy\" decoding=\"async\" class=\"alignnone size-full wp-image-1211 aligncenter\" src=\"https:\/\/test2.under-construction.work\/wp-content\/uploads\/2016\/01\/capture-d_ecc81cran-2016-01-15-acc80-16-42-01.png\" alt=\"Capture d\u2019e\u0301cran 2016-01-15 a\u0300 16.42.01\" width=\"344\" height=\"241\" \/><\/p>\n<p>LE FILM INTERIEUR<\/p>\n<p><strong>L\u2019expression \u00ab\u00a0se faire un film\u00a0\u00bb d\u00e9signe une r\u00e9action que l\u2019entourage juge d\u00e9cal\u00e9e face au r\u00e9el. <\/strong>La recevoir d\u00e9clenche souvent un sentiment d\u2019incompr\u00e9hension et de r\u00e9volte.<\/p>\n<p><strong>Pourtant\u2026<\/strong> <strong>le film int\u00e9rieur qui accompagne nos perceptions du monde fait immanquablement na\u00eetre l\u2019\u00e9motion et cr\u00e9e d\u00e8s lors \u00ab\u00a0notre r\u00e9el\u00a0\u00bb.<\/strong><\/p>\n<p><strong>Certains films int\u00e9rieurs sont accessibles au conscient<\/strong>, comme la rumination d\u2019une engueulade, la projection fantasmatique dans une soir\u00e9e amoureuse, la madeleine sugg\u00e9r\u00e9e par une odeur, l\u2019imaginaire anxieux face \u00e0 une dispute de rue que l\u2019on \u00ab\u00a0comprend\u00a0\u00bb car les s\u00e9ances sur divan ont soulign\u00e9 l\u2019empreinte des disputes des grands dans notre enfance, l\u2019am\u00e9nagement mental d\u2019une pi\u00e8ce pour un \u00e9v\u00e9nement (alors que l\u2019on est assis dans le m\u00e9tro), la crainte de tomber en prenant un ascenseur pourtant neuf, la r\u00eaverie qui pr\u00e9c\u00e8de ou prolonge un voyage\u2026<\/p>\n<p><strong>D\u2019autres films int\u00e9rieurs passent inaper\u00e7us<\/strong> et agissent donc comme des prismes\/filtres inconnus et inaccessibles sur notre vie, d\u00e9clenchant des joies mais aussi des phobies ou des blocages. Notre m\u00e9moire traite continuellement les informations, cr\u00e9e des associations entre des \u00e9l\u00e9ments synchroniques (son de mastication des chevaux+tranquillit\u00e9 de la sieste, panique dans le bain enfant+forme du jouet pr\u00e9sent \u00e0 ce moment-l\u00e0) et r\u00e9alise des liens nouveaux \u00e0 chaque instant. Les \u00e9v\u00e9nements puissants de notre pass\u00e9 sont ainsi raccord\u00e9s les uns aux autres et avec d\u2019autres \u00e9v\u00e9nements plus r\u00e9cents, relus \u00e0 leur lumi\u00e8re (et vice-versa). Cet agglom\u00e9rat est \u00e0 nouveau reli\u00e9 et relu \u00e0 la lumi\u00e8re d\u2019un nouvel arrivant dont la perception a elle-m\u00eame \u00e9t\u00e9 influenc\u00e9e par des liens etc.<\/p>\n<p>UN RESEAU DE DISCOURS INTERIEURS, D&rsquo;IMAGES, DE RESSENTIS, D&rsquo;EMOTIONS<\/p>\n<p>Bref, ce que nous avons v\u00e9cu \u00e0 diff\u00e9rents moments de notre vie et qui nous a marqu\u00e9, ce que nous avons ressenti lors de ces moments et en les \u00e9voquant, ce que nous nous sommes racont\u00e9 comme histoire, <strong>tout cela nourrit nos films qui nous font r\u00e9agir et agir au pr\u00e9sent<\/strong>, qu\u2019ils soient accessibles ou non au conscient. Un immense filtre continue sans cesse de se tisser, entre nous et ce que nous percevons. <strong>Le d\u00e9sir et la peur, tourn\u00e9s vers l\u2019avenir (d\u00e9sir ou peur que le pass\u00e9 se reproduise), portent aussi la charge de ce r\u00e9seau d\u2019\u00e9motions, de ressentis et de pens\u00e9es pass\u00e9s. La r\u00e9silience est un exemple positif de la fa\u00e7on de regarder le film du pass\u00e9.<br \/>\n<\/strong><\/p>\n<p>LA TRANSFORMATION<\/p>\n<p>Pour sortir de ce r\u00e9seau de liens, d\u2019habitudes, de croyances limitantes et pour permettre l\u2019ouverture \u00e0 d\u2019autres champs des possibles, <strong>l\u2019hypnotiste propose de faire \u00e9merger le film int\u00e9rieur, de l\u2019observer en le mettant sur pause, de le comprendre en profondeur, d\u2019adapter son contenu, ses liens et les \u00e9motions qui l\u2019accompagnent \u00e0 l\u2019objectif de s\u00e9ance, c\u2019est \u00e0 dire \u00e0 ce que d\u00e9sire vraiment la personne sous hypnose.<\/strong><\/p>\n<p>SCENARISTE ET REALISATEUR DE SON PROPRE FILM<\/p>\n<p><strong>Une s\u00e9ance d\u2019hypnose pourrait \u00eatre compar\u00e9e \u00e0 une s\u00e9ance de cin\u00e9ma, dans laquelle le spectateur serait aussi sc\u00e9nariste, r\u00e9alisateur, acteur, chef op, d\u00e9corateur\u2026, <\/strong>alors que l\u2019hypnotiste serait la personne qui offre les conditions de cette r\u00e9alisation et qui guide l\u2019apprenti r\u00e9alisateur dans sa cr\u00e9ation singuli\u00e8re (techniques d\u2019\u00e9criture, de mise en sc\u00e8ne, de prise de vue et de sons, de montage\u2026), en proposant diff\u00e9rentes options, comme un guide propose des destinations et des itin\u00e9raires pour s\u2019y rendre, s\u2019arr\u00eate \u00e0 des points de vue, fait remarquer un paysage\u2026<\/p>\n<p>UN DEPASSEMENT DE SES LIMITATIONS PAR L&rsquo;EXPERIENCE<\/p>\n<p><strong>Lorsque l\u2019on va voir un film d\u2019un r\u00e9alisateur que l\u2019on appr\u00e9cie au cin\u00e9ma<\/strong>, apr\u00e8s en avoir vu la bande-annonce ou lu des critiques, une partie de nous sait qu\u2019elle est assise dans une salle face \u00e0 un \u00e9cran et laisse l\u2019ambiance sonore et visuelle l\u2019envahir jusqu\u2019\u00e0 ce que l\u2019imaginaire prenne le pas sur le r\u00e9el, jusqu\u2019\u00e0 d\u00e9couvrir le personnage et rire, pleurer, esp\u00e9rer, aimer, courir avec lui. Le corps ne bouge plus. La notion du temps se tord. Le mal de t\u00eate s\u2019\u00e9vapore. <strong>Et, en accompagnant ce personnage dans le d\u00e9passement d\u2019un probl\u00e8me, on en sort enrichit d\u2019une nouvelle exp\u00e9rience.<\/strong><\/p>\n<p><strong>Le cerveau ne fait pas la diff\u00e9rence entre l\u2019imaginaire et le r\u00e9el. Le film int\u00e9rieur et les \u00e9motions qui l\u2019accompagnent, que ce soit dans un voyage imaginaire ou dans une interaction r\u00e9elle, est encod\u00e9 comme v\u00e9cu. En travaillant sur le film et sur notre fa\u00e7on de le percevoir, nous transformons notre existence. <\/strong><\/p>\n<p>EXPLORATION DES SENS, CREATIVITE ARTISTIQUE, OUVERTURE DE CONSCIENCE<\/p>\n<p><strong>Ce processus est efficace pour d\u00e9passer des blocages <\/strong>(impression de tourner en boucle sans pouvoir en sortir) ou <strong>r\u00e9soudre des probl\u00e8mes <\/strong>(voir \u00ab\u00a0Applications de l\u2019hypnose\u00a0\u00bb, dans \u00ab\u00a0Hypnose \u00e9ricksonienne\u00a0\u00bb),<strong> mais il peut aussi tout simplement g\u00e9n\u00e9rer l\u2019exploration des sens, la cr\u00e9ativit\u00e9 artistique, la compr\u00e9hension profonde de soi, l\u2019ouverture de conscience. <\/strong><\/p>\n<p class=\"western\" lang=\"fr-FR\" align=\"justify\">Il suffit d\u2019oser.<\/p>\n<p class=\"western\" lang=\"fr-FR\" align=\"justify\">Bienvenue en s\u00e9ance : https:\/\/test2.under-construction.work\/contact-et-formulaire\/<\/p>\n<p class=\"western\" lang=\"fr-FR\" align=\"justify\"><span style=\"color:#000000;font-family:Arial Black;font-size:large;\"><b>\u00a9<\/b><\/span><b><\/b> Marie Lisel<\/p>\n<p>&nbsp;<\/p>\n","protected":false},"excerpt":{"rendered":"<p>\u00ab\u00a0Moi\u00a0?! Je me fais un film\u00a0?!\u00a0\u00bb LE FILM INTERIEUR L\u2019expression \u00ab\u00a0se faire un film\u00a0\u00bb d\u00e9signe une r\u00e9action que l\u2019entourage juge d\u00e9cal\u00e9e face au r\u00e9el. La recevoir d\u00e9clenche souvent un sentiment d\u2019incompr\u00e9hension et de r\u00e9volte. Pourtant\u2026 le film int\u00e9rieur qui accompagne nos perceptions du monde fait immanquablement na\u00eetre l\u2019\u00e9motion et cr\u00e9e d\u00e8s lors \u00ab\u00a0notre r\u00e9el\u00a0\u00bb. Certains [&hellip;]<\/p>\n","protected":false},"author":2,"featured_media":0,"parent":0,"menu_order":0,"comment_status":"closed","ping_status":"closed","template":"","meta":{"footnotes":""},"class_list":["post-1200","page","type-page","status-publish","hentry"],"_links":{"self":[{"href":"https:\/\/test2.under-construction.work\/index.php\/wp-json\/wp\/v2\/pages\/1200","targetHints":{"allow":["GET"]}}],"collection":[{"href":"https:\/\/test2.under-construction.work\/index.php\/wp-json\/wp\/v2\/pages"}],"about":[{"href":"https:\/\/test2.under-construction.work\/index.php\/wp-json\/wp\/v2\/types\/page"}],"author":[{"embeddable":true,"href":"https:\/\/test2.under-construction.work\/index.php\/wp-json\/wp\/v2\/users\/2"}],"replies":[{"embeddable":true,"href":"https:\/\/test2.under-construction.work\/index.php\/wp-json\/wp\/v2\/comments?post=1200"}],"version-history":[{"count":0,"href":"https:\/\/test2.under-construction.work\/index.php\/wp-json\/wp\/v2\/pages\/1200\/revisions"}],"wp:attachment":[{"href":"https:\/\/test2.under-construction.work\/index.php\/wp-json\/wp\/v2\/media?parent=1200"}],"curies":[{"name":"wp","href":"https:\/\/api.w.org\/{rel}","templated":true}]}}