{"id":12102,"date":"2019-01-14T15:55:37","date_gmt":"2019-01-14T14:55:37","guid":{"rendered":"https:\/\/marielisel.com\/?page_id=12102"},"modified":"2019-01-14T15:55:37","modified_gmt":"2019-01-14T14:55:37","slug":"les-outils-pour-creer-son-oeuvre","status":"publish","type":"page","link":"https:\/\/test2.under-construction.work\/index.php\/accompagnement-pour-la-creation\/les-outils-pour-creer-son-oeuvre\/","title":{"rendered":"Les outils hypnotiques pour cr\u00e9er son oeuvre"},"content":{"rendered":"<p style=\"text-align:justify;\">Pour cr\u00e9er son oeuvre, l&rsquo;hypnose \u00e9ricksonienne, le r\u00eave \u00e9veill\u00e9 dirig\u00e9 et l&rsquo;espace transitionnel sont de parfaits outils. Je vous fais la visite \ud83d\ude42<\/p>\n<p>A lire aussi: <a href=\"https:\/\/test2.under-construction.work\/2019\/01\/16\/hypnose-creation-contemporaine\/\" target=\"_blank\" rel=\"noopener noreferrer\">L&rsquo;hypnose dans la cr\u00e9ation contemporaine<\/a>.<\/p>\n<blockquote>\n<p style=\"text-align:center;\"><strong>L&rsquo;hypnose \u00e9ricksonienne<\/strong><\/p>\n<\/blockquote>\n<p><strong>Qu&rsquo;est-ce que c&rsquo;est?<\/strong><\/p>\n<p style=\"text-align:justify;\">L&rsquo;hypnose \u00e9ricksonienne est une m\u00e9thode qui permet, par des techniques sp\u00e9cifiques, d&rsquo;amener l&rsquo;accompagn\u00e9.e en \u00e9tat modifi\u00e9 de conscience, au coeur de son monde int\u00e9rieur, en la\u00b7e dissociant du monde ext\u00e9rieur et de sa logique habituelle (faite de repr\u00e9sentations), de fa\u00e7on \u00e0 ce qu&rsquo;iel r\u00e9cup\u00e8re des ressources et trouve des solutions in\u00e9dites pour r\u00e9soudre un probl\u00e8me, r\u00e9pondre \u00e0 une question&#8230;<\/p>\n<p style=\"text-align:justify;\">L<a href=\"https:\/\/test2.under-construction.work\/les-outils-de-la-praticienne\/lhypnose\/\" target=\"_blank\" rel=\"noopener noreferrer\">\u2019hypnose \u00e9ricksonienne<\/a>\u00a0<span style=\"text-align:justify;\">est centr\u00e9e sur la personne accompagn\u00e9e, qui conserve tout son libre-arbitre pour son parcours, ses choix, ses transformations. L&rsquo;accompagnant.e est quant \u00e0 iel consid\u00e9r\u00e9.e comme une boite-\u00e0-outils humaine. <\/span><\/p>\n<p style=\"text-align:justify;\"><strong>A quoi sert l&rsquo;hypnose \u00e9ricksonienne dans la cr\u00e9ation?<\/strong><\/p>\n<ul>\n<li>concentration, focus<\/li>\n<li>augmentation des sensations, des \u00e9motions<\/li>\n<li>compr\u00e9hension profonde, par le corps (\u00e9piphanie, insight, \u00e9clair, eur\u00eaka)<\/li>\n<li>changement de paradigmes, cr\u00e9ation de nouveaux liens, transformations<\/li>\n<li>synesth\u00e9sie<\/li>\n<li>intuition, laisser-faire<\/li>\n<li>autoprogrammation<\/li>\n<li>installer les ressources de confiance, d&rsquo;ancrage, de puissance, de joie, d&rsquo;immobilit\u00e9&#8230;<\/li>\n<li>d\u00e9passer des peurs, traverser des difficult\u00e9s (comme monter en sc\u00e8ne ou pr\u00e9senter son travail \u00e0 un.e commissaire)<\/li>\n<li>trouver des issues \u00e0 une probl\u00e9matique de cr\u00e9ation<\/li>\n<li>&#8230;<\/li>\n<\/ul>\n<p><strong>Attention, les hypnoses ne se valent pas<\/strong><\/p>\n<p style=\"text-align:justify;\">Je vous d\u00e9conseille fortement de monter sur la sc\u00e8ne de Messmer ou de tester des techniques de Youtube&#8230;<\/p>\n<p style=\"text-align:justify;\">Lorsque l&rsquo;on parle d&rsquo;hypnose, il est important de\u00a0d\u00e9celer de quelle hypnose il s\u2019agit:\u00a0permissive\/autoritaire, conversationnelle\/somnambulique, centr\u00e9e sur les besoins et intentions du sujet \/ centr\u00e9es sur le spectaculaire (ou la manipulation totale: vol en rue, drague de porcs&#8230;), faite par un.e professionnel.e \/ r\u00e9alis\u00e9e par un.e amateur.trice de vid\u00e9os\u2026 car l&rsquo;hypnose n&rsquo;existe pas au singulier.<\/p>\n<p><strong>Pour en savoir plus, je vous invite \u00e0 parcourir:<\/strong><\/p>\n<ul>\n<li><a href=\"https:\/\/test2.under-construction.work\/les-outils-de-la-praticienne\/lhypnose\/histoire-de-lhypnose\/\" target=\"_blank\" rel=\"noopener noreferrer\">L<\/a><a href=\"https:\/\/test2.under-construction.work\/les-outils-de-la-praticienne\/lhypnose\/\" target=\"_blank\" rel=\"noopener noreferrer\">\u2019hypnose \u00e9ricksonienne<\/a><a href=\"https:\/\/test2.under-construction.work\/les-outils-de-la-praticienne\/lhypnose\/histoire-de-lhypnose\/\" target=\"_blank\" rel=\"noopener noreferrer\">\u00a0<\/a><\/li>\n<li><a href=\"https:\/\/test2.under-construction.work\/2019\/01\/16\/hypnose-creation-contemporaine\/\" target=\"_blank\" rel=\"noopener noreferrer\">L&rsquo;hypnose dans la cr\u00e9ation contemporaine<\/a>.<\/li>\n<li><a href=\"https:\/\/test2.under-construction.work\/les-outils-de-la-praticienne\/lhypnose\/histoire-de-lhypnose\/\" target=\"_blank\" rel=\"noopener noreferrer\">Histoire de l\u2019hypnose<\/a>\u00a0th\u00e9rapeutique, entre magie et science<\/li>\n<li><a href=\"https:\/\/test2.under-construction.work\/les-outils-de-la-praticienne\/lhypnose\/hypnose-et-science\/\" target=\"_blank\" rel=\"noopener noreferrer\">L\u2019hypnose et la recherche scientifique<\/a><\/li>\n<li><a href=\"https:\/\/test2.under-construction.work\/les-outils-de-la-praticienne\/lhypnose\/differents-champs-hypnotiques-medecine-therapie-sport-creation-spectacle\/\" target=\"_blank\" rel=\"noopener noreferrer\">Champs d\u2019applications des hypnoses:<\/a>\u00a0m\u00e9dical, th\u00e9rapies et performances (entreprise, sport), cr\u00e9ation artistique, spectacle<\/li>\n<li><a href=\"https:\/\/test2.under-construction.work\/les-outils-de-la-praticienne\/lhypnose\/representation-de-lhypnose-dans-les-medias\/\" target=\"_blank\" rel=\"noopener noreferrer\">Les repr\u00e9sentations de l\u2019hypnose dans les m\u00e9dias<\/a><\/li>\n<\/ul>\n<dl id=\"attachment_10978\" class=\"wp-caption alignnone\" style=\"width:1024px;\">\n<dt class=\"wp-caption-dt\">\n<figure id=\"attachment_10978\" aria-describedby=\"caption-attachment-10978\" style=\"width: 1024px\" class=\"wp-caption alignnone\"><img loading=\"lazy\" decoding=\"async\" class=\"alignnone size-full wp-image-10978\" src=\"https:\/\/test2.under-construction.work\/wp-content\/uploads\/2018\/09\/p1190750.jpg\" alt=\"P1190750\" width=\"1024\" height=\"682\" \/><figcaption id=\"caption-attachment-10978\" class=\"wp-caption-text\">Autohypnose \u00e0 la Roche du Chat (Sainte-C\u00e9cile, Belgique)<\/figcaption><\/figure>\n<\/dt>\n<\/dl>\n<p>&nbsp;<\/p>\n<blockquote>\n<p style=\"text-align:center;\"><strong>Le REAH<\/strong><\/p>\n<\/blockquote>\n<p style=\"text-align:justify;\"><strong>Qu&rsquo;est-ce que c&rsquo;est?<\/strong><\/p>\n<p style=\"text-align:justify;\">Le r\u00eave \u00e9veill\u00e9 dirig\u00e9 est n\u00e9 dans diverses civilisations \u00e0 diverses \u00e9poques. Je l&rsquo;ai rencontr\u00e9 \u00e0 travers<a href=\"https:\/\/test2.under-construction.work\/les-techniques-de-reve-eveille\/r-e-d-de-robert-desoille\/\" target=\"_blank\" rel=\"noopener noreferrer\"> la m\u00e9thode RED de Robert Desoille <\/a>et \u00e0 travers le n\u00e9o-chamanisme.<\/p>\n<p style=\"text-align:justify;\">Au fur et \u00e0 mesure des s\u00e9ances, j&rsquo;ai m\u00eal\u00e9 le RED \u00e0 l&rsquo;hypnose \u00e9ricksonienne, \u00e0 des notions de n\u00e9o-chamanisme, \u00e0 des techniques de voix et \u00e0 des inventions personnelles et voil\u00e0 le <a href=\"https:\/\/test2.under-construction.work\/les-outils-de-la-praticienne\/le-reve-eveille-dirige-du-red-au-reah\/\" target=\"_blank\" rel=\"noopener noreferrer\">REAH<\/a>, que j&rsquo;utilise aussi bien en individuel qu&rsquo;en collectif (et que<a href=\"https:\/\/test2.under-construction.work\/temoignage-des-stagiaires-praticien-ne-s-en-hypnose-formation-en-reah\/\" target=\"_blank\" rel=\"noopener noreferrer\"> j&rsquo;enseigne<\/a>)<\/p>\n<p style=\"text-align:justify;\">Finalement, il s&rsquo;agit d&rsquo;un voyage au coeur de soi, narratif, \u00e9volutif, o\u00f9 l&rsquo;on rencontre des parts de soi, des facettes, des repr\u00e9sentations, des dividus, des symboles&#8230; sous diverses formes (paysages, dimensions, \u00eatres, \u00e9nergies).<\/p>\n<p style=\"text-align:justify;\"><span style=\"text-align:justify;\">L\u00e0, \u00e0 nouveau l&rsquo;accompagnant.e est une boite-\u00e0-outils, mais aussi un guide de voyage de l&rsquo;accompagn\u00e9.e, qui m\u00e8ne la personne l\u00e0 o\u00f9 elle le d\u00e9sire, en assurant sa s\u00e9curit\u00e9, en lui d\u00e9signant des points de vue \u00e0 contempler et en la faisant passer par des sites incontournables. En gros, je ne connais pas vos montagnes ni vos mers, mais j&rsquo;ai \u00e9norm\u00e9ment baroud\u00e9 et je suis super \u00e9quip\u00e9e pour traverser les paysages int\u00e9rieurs. Explorer, c&rsquo;est mon m\u00e9tier. Vous ne\u00a0connaissez pas encore votre \u00ab\u00a0imaginal\u00a0\u00bb et vous avez besoin d&rsquo;apprendre comment y circuler en s\u00e9curit\u00e9 et y trouver ce que vous cherchez. Nous voyageons ensemble. Peu \u00e0 peu, vous acqu\u00e9rez des outils et avancez de plus en plus autonome. Youpi!<\/span><\/p>\n<p style=\"text-align:justify;\"><strong>A quoi \u00e7a sert?<\/strong><\/p>\n<ul>\n<li style=\"text-align:justify;\">explorer ses paysages int\u00e9rieurs<\/li>\n<li>nettoyer, arranger, transformer sa machine \u00e0 sons, \u00e0 couleurs, \u00e0 phrases&#8230;<\/li>\n<li style=\"text-align:justify;\">rencontrer une facette de soi et danser, chanter, jouer avec \/ \u00e0 travers elle<\/li>\n<li>&#8230;<\/li>\n<\/ul>\n<p style=\"text-align:justify;\"><strong>Pour en savoir plus, je vous invite \u00e0 parcourir:<\/strong><\/p>\n<ul>\n<li><a href=\"https:\/\/test2.under-construction.work\/les-techniques-de-reve-eveille\/r-e-d-de-robert-desoille\/\" target=\"_blank\" rel=\"noopener noreferrer\">le RED<\/a>\u00a0de Robert Desoille<\/li>\n<li><a href=\"https:\/\/test2.under-construction.work\/les-outils-de-la-praticienne\/le-reve-eveille-dirige-du-red-au-reah\/\" target=\"_blank\" rel=\"noopener noreferrer\">du RED au REAH<\/a><\/li>\n<li><a href=\"https:\/\/test2.under-construction.work\/ateliers-et-stages\/stage-de-reah-pour-praticien-ne-s-en-hypnose-1-3-decembre-brenaz\/\" target=\"_blank\" rel=\"noopener noreferrer\">stage REAH<\/a>\u00a0pour les praticien.ne.s en hypnose (d\u00e9cembre 2018, avril 2019)<\/li>\n<li><a href=\"https:\/\/test2.under-construction.work\/les-techniques-de-reve-eveille\/\" target=\"_blank\" rel=\"noopener noreferrer\">les diff\u00e9rents r\u00eaves \u00e9veill\u00e9s<\/a><\/li>\n<li><a href=\"https:\/\/test2.under-construction.work\/les-reves\/\" target=\"_blank\" rel=\"noopener noreferrer\">plein de liens sur les r\u00eaves \u00e9veill\u00e9s ou non<\/a><\/li>\n<li><a href=\"https:\/\/test2.under-construction.work\/2015\/12\/03\/creation-radio-hypnotique\/\" target=\"_blank\" rel=\"noopener noreferrer\">bOa, r\u00eave \u00e9veill\u00e9 radiophonique<\/a>\u00a0que j\u2019ai r\u00e9alis\u00e9 avec l\u2019aide du Fonds d\u2019aide \u00e0 la cr\u00e9ation radiophonique (FACR, CFWB, Belgique)<\/li>\n<li><a href=\"https:\/\/test2.under-construction.work\/2018\/05\/08\/creation-radiophonique-fantasmatique\/\" target=\"_blank\" rel=\"noopener noreferrer\">Fantasmes<\/a>, cr\u00e9ation radiophonique en r\u00eave \u00e9veill\u00e9, que j\u2019ai r\u00e9alis\u00e9e avec l\u2019aide du Fonds d\u2019aide \u00e0 la cr\u00e9ation radiophonique (FACR, CFWB, Belgique)<\/li>\n<\/ul>\n<figure id=\"attachment_10745\" aria-describedby=\"caption-attachment-10745\" style=\"width: 576px\" class=\"wp-caption alignnone\"><img loading=\"lazy\" decoding=\"async\" class=\"alignnone size-large wp-image-10745\" src=\"https:\/\/test2.under-construction.work\/wp-content\/uploads\/2018\/08\/p_20180820_112516_vhdr_auto.jpg?w=576\" alt=\"P_20180820_112516_vHDR_Auto\" width=\"576\" height=\"1024\" \/><figcaption id=\"caption-attachment-10745\" class=\"wp-caption-text\">Accompagnement du groupe en hypnose dans la nature, lors du stage \u00ab\u00a0Se connecter \u00e0 soi, au cheval, au monde\u00a0\u00bb, au Centre Imala, \u00e9t\u00e9 2018<\/figcaption><\/figure>\n<p>&nbsp;<\/p>\n<blockquote>\n<p style=\"text-align:center;\"><strong>L&rsquo;espace transitionnel<\/strong><\/p>\n<\/blockquote>\n<p><strong>Qu&rsquo;est-ce que c&rsquo;est?<\/strong><\/p>\n<p style=\"text-align:justify;\"><a href=\"https:\/\/test2.under-construction.work\/les-outils-de-la-praticienne\/espace-transitionnel\/\" target=\"_blank\" rel=\"noopener noreferrer\">L\u2019espace transitionnel <\/a>peut \u00eatre un objet, une image, un lieu, une odeur, un son, un geste\u2026 qui devient une partie de moi hors de moi par la projection de mon monde int\u00e9rieur. Il me permet d\u00e8s lors de transformer mes \u00e9motions, sensations, actions et autres r\u00e9actions.<\/p>\n<p style=\"text-align:justify;\">Un exemple? Quand j\u2019\u00e9tais adolescente, Billy, le chien de ma m\u00e8re, a ramen\u00e9 de la for\u00eat un bois de daguet (tomb\u00e9 quand il change de ramure). Ce cadeau est rest\u00e9 dans les tiroirs de la maison familiale pendant pas mal d\u2019ann\u00e9es\u2026 jusqu\u2019\u00e0 ce que mon imaginal le reconnaisse et lui donne le statut d\u2019objet transitionnel. Depuis, il m\u2019accompagne en atelier et performance et me permet de trouver mon positionnement juste, instantan\u00e9ment, quel que soit l\u2019\u00e9tat dans lequel je me trouve avant. Il est en quelque sorte un \u00ab\u00a0doudou de voyage dans l\u2019imaginal en tant qu\u2019accompagnante d\u2019un groupe\u00a0\u00bb, form\u00e9 \u00e0 la fois d\u2019un objet choisi-trouv\u00e9 et de ma projection-cr\u00e9ation. Il ne m\u2019est pas indispensable mais c\u2019est un \u00ab\u00a0raccourci\u00a0\u00bb pratique et rassurant pour attiser ce que je me repr\u00e9sente comme le pouvoir du cerf.<\/p>\n<p style=\"text-align:justify;\"><strong>A quoi \u00e7a sert?<\/strong><\/p>\n<p style=\"text-align:justify;\">L&rsquo;espace transitionnel peut servir d&rsquo;outil pour aller vers mon espace de cr\u00e9ation (fluidit\u00e9, concentration, flou, clart\u00e9, vitesse&#8230;), en tant qu&rsquo;ancrage, par exemple.<\/p>\n<p style=\"text-align:justify;\">Il peut aussi \u00eatre au coeur de la cr\u00e9ation.\u00a0Car l&rsquo;objet, l&rsquo;espace, le son, le geste \u00ab\u00a0charg\u00e9\u00a0\u00bb d&rsquo;une projection, qui attise et concentre une repr\u00e9sentation, est d\u00e9j\u00e0 une cr\u00e9ation en soi, seul.e ou en lien.<\/p>\n<p><strong>Pour en savoir plus, je vous invite \u00e0 parcourir:<\/strong><\/p>\n<ul>\n<li><a href=\"https:\/\/test2.under-construction.work\/les-outils-de-la-praticienne\/espace-transitionnel\/\" target=\"_blank\" rel=\"noopener noreferrer\">L\u2019espace transitionnel<\/a><\/li>\n<li><a href=\"https:\/\/test2.under-construction.work\/2017\/03\/01\/limaginal-de-ma-soeur\/\">L\u2019imaginal de ma soeur<\/a><\/li>\n<\/ul>\n<p>&nbsp;<\/p>\n<figure id=\"attachment_11094\" aria-describedby=\"caption-attachment-11094\" style=\"width: 550px\" class=\"wp-caption alignnone\"><img loading=\"lazy\" decoding=\"async\" class=\"alignnone size-full wp-image-11094\" src=\"https:\/\/test2.under-construction.work\/wp-content\/uploads\/2018\/10\/capture-d_c3a9cran-2018-10-02-c3a0-22-50-23.png\" alt=\"Capture d_\u00e9cran 2018-10-02 \u00e0 22.50.23\" width=\"550\" height=\"348\" \/><figcaption id=\"caption-attachment-11094\" class=\"wp-caption-text\">Cocktail ou autoportrait en soci\u00e9t\u00e9 Dimention variable &#8211; 2009 Courtesy Transit Gallery (BE) &amp; Mehdi-Georges Lahlou<\/figcaption><\/figure>\n<p>&nbsp;<\/p>\n<blockquote>\n<p style=\"text-align:center;\"><strong>Le rituel d&rsquo;impulsion<\/strong><\/p>\n<\/blockquote>\n<p style=\"text-align:justify;\">Le rituel pourrait se d\u00e9finir comme une mise en sc\u00e8ne qui favorise la puissance des suggestions pour une transformation positive. Il s\u2019invente librement, en groupe ou en en solitaire.<\/p>\n<p style=\"text-align:justify;\">Ici, je propose ma version singuli\u00e8re du c\u00e9r\u00e9monial de transformation individuel, ce que j\u2019appelle <a href=\"https:\/\/test2.under-construction.work\/les-outils-de-la-praticienne\/le-rituel-dimpulsion\/\" target=\"_blank\" rel=\"noopener\">le rituel d\u2019impulsion <\/a>.<\/p>\n<p style=\"text-align:justify;\">Pour une d\u00e9couverte ludique,\u00a0<a href=\"https:\/\/test2.under-construction.work\/2020\/04\/07\/ritutoels-les-tutos-des-rituels\/?fbclid=IwAR0bCs3whKCx36j43FYAHYtV_CQ2HNJs4EsX6q1eg7cJWYq_NVFJ-BXfG1Y\" target=\"_blank\" rel=\"noopener\">d\u00e9couvrez le RITUTOEL ici<\/a><\/p>\n<div class=\"post-inner clear-fix\">\n<div class=\"post-content\">\n<figure id=\"attachment_13864\" class=\"wp-caption alignnone\" aria-describedby=\"caption-attachment-13864\"><img decoding=\"async\" class=\"alignnone size-full wp-image-13864\" src=\"https:\/\/test2.under-construction.work\/wp-content\/uploads\/2020\/04\/capture-de28099ecc81cran-2020-04-04-acc80-21.41.47.png?w=616\" alt=\"Capture d\u2019e\u0301cran 2020-04-04 a\u0300 21.41.47\" \/><figcaption id=\"caption-attachment-13864\" class=\"wp-caption-text\">Ritutoel 1: liquidation!<\/figcaption><\/figure>\n<\/div>\n<\/div>\n","protected":false},"excerpt":{"rendered":"<p>Pour cr\u00e9er son oeuvre, l&rsquo;hypnose \u00e9ricksonienne, le r\u00eave \u00e9veill\u00e9 dirig\u00e9 et l&rsquo;espace transitionnel sont de parfaits outils. Je vous fais la visite \ud83d\ude42 A lire aussi: L&rsquo;hypnose dans la cr\u00e9ation contemporaine. L&rsquo;hypnose \u00e9ricksonienne Qu&rsquo;est-ce que c&rsquo;est? L&rsquo;hypnose \u00e9ricksonienne est une m\u00e9thode qui permet, par des techniques sp\u00e9cifiques, d&rsquo;amener l&rsquo;accompagn\u00e9.e en \u00e9tat modifi\u00e9 de conscience, au [&hellip;]<\/p>\n","protected":false},"author":2,"featured_media":9149,"parent":9035,"menu_order":0,"comment_status":"closed","ping_status":"closed","template":"","meta":{"footnotes":""},"class_list":["post-12102","page","type-page","status-publish","has-post-thumbnail","hentry"],"_links":{"self":[{"href":"https:\/\/test2.under-construction.work\/index.php\/wp-json\/wp\/v2\/pages\/12102","targetHints":{"allow":["GET"]}}],"collection":[{"href":"https:\/\/test2.under-construction.work\/index.php\/wp-json\/wp\/v2\/pages"}],"about":[{"href":"https:\/\/test2.under-construction.work\/index.php\/wp-json\/wp\/v2\/types\/page"}],"author":[{"embeddable":true,"href":"https:\/\/test2.under-construction.work\/index.php\/wp-json\/wp\/v2\/users\/2"}],"replies":[{"embeddable":true,"href":"https:\/\/test2.under-construction.work\/index.php\/wp-json\/wp\/v2\/comments?post=12102"}],"version-history":[{"count":0,"href":"https:\/\/test2.under-construction.work\/index.php\/wp-json\/wp\/v2\/pages\/12102\/revisions"}],"up":[{"embeddable":true,"href":"https:\/\/test2.under-construction.work\/index.php\/wp-json\/wp\/v2\/pages\/9035"}],"wp:featuredmedia":[{"embeddable":true,"href":"https:\/\/test2.under-construction.work\/index.php\/wp-json\/"}],"wp:attachment":[{"href":"https:\/\/test2.under-construction.work\/index.php\/wp-json\/wp\/v2\/media?parent=12102"}],"curies":[{"name":"wp","href":"https:\/\/api.w.org\/{rel}","templated":true}]}}