{"id":12548,"date":"2019-05-11T15:35:59","date_gmt":"2019-05-11T14:35:59","guid":{"rendered":"https:\/\/marielisel.com\/?page_id=12548"},"modified":"2019-05-11T15:35:59","modified_gmt":"2019-05-11T14:35:59","slug":"stage-de-communication-intuitive-connexion-profonde-et-desorientation-septembre-2019-saint-germain-de-calberte-cevennes","status":"publish","type":"page","link":"https:\/\/test2.under-construction.work\/index.php\/les-stages-et-formations-2-3-jours\/stage-de-communication-intuitive-connexion-profonde-et-desorientation-septembre-2019-saint-germain-de-calberte-cevennes\/","title":{"rendered":"Stage de communication intuitive, connexion profonde et (d\u00e9s)orientation, septembre 2019, Saint-Germain de Calberte (C\u00e9vennes)"},"content":{"rendered":"<blockquote>\n<p style=\"text-align:center;\"><strong>Communication intuitive, connexion profonde, (d\u00e9s)orientation<\/strong><\/p>\n<\/blockquote>\n<p style=\"text-align:justify;\">L&rsquo;\u00eatre humain a tendance \u00e0 baser la communication sur le langage verbal et sur les gestes symboliques (clin d&rsquo;oeil, accolade, main tendue, pouce vers le haut, poings sur les hanches, sourire, froncement de sourcils&#8230;).<\/p>\n<p style=\"text-align:justify;\">Or, nous disposons de multiples moyens plus directs, instinctifs, intuitifs&#8230; pour <strong>entrer en contact<\/strong> l&rsquo;un.e avec l&rsquo;autre, pour donner, recevoir et traiter de l&rsquo;information, et pour <strong>s&rsquo;ajuster sur une longueur d&rsquo;onde commune<\/strong>.<\/p>\n<p style=\"text-align:justify;\">Dans ce stage, nous explorerons la <strong>connexion profonde<\/strong> en <strong>pleine conscience<\/strong> (ici et maintenant) et dans <strong>l&rsquo;imaginal<\/strong> (en partageant un monde int\u00e9rieur fait d&rsquo;images visuelles, sonores, kinesth\u00e9siques, olfactives, \u00e9nerg\u00e9tiques&#8230; et d&rsquo;une transe l\u00e9g\u00e8re). Il s&rsquo;agira de <strong>connexion<\/strong> \u00e0 soi, \u00e0 un.e partenaire (je te vois et tu me vois, plurisensoriellement, nous partageons un espace), \u00e0 un groupe, mais aussi \u00e0 la nature.<\/p>\n<p style=\"text-align:justify;\">Nous jouerons avec la <strong>communication intuitive<\/strong>, c&rsquo;est \u00e0 dire avec l&rsquo;\u00e9coute de nos intuitions les plus profondes. Nous aborderons par exemple le <strong>consentement non verbal<\/strong> aussi bien dans sa forme la plus banale (ressentir les enjeux d&rsquo;un rapprochement spatial sans le \u00ab\u00a0je peux m&rsquo;asseoir?\u00a0\u00bb) que dans son acceptation post Me#too.<\/p>\n<p style=\"text-align:justify;\">Nous exp\u00e9rimenterons \u00e9galement <strong>diff\u00e9rents positionnements et leurs glissement<\/strong>: neutre (je suis ici et maintenant je ne veux rien, je vois avec tous mes sens et je suis vu.e), accompagnement d&rsquo;un tiers, orientation, guidance&#8230;<\/p>\n<p style=\"text-align:justify;\">Nous d\u00e9passerons les codes du verbe et nous nous <strong>d\u00e9sorienterons<\/strong> par rapport \u00e0 nos balises habituelles, pour sentir vibrer les invitations, les conditions et les limites de l&rsquo;espace commun.<\/p>\n<blockquote>\n<p style=\"text-align:center;\"><strong>A quoi \u00e7a sert?<\/strong><\/p>\n<\/blockquote>\n<p>Pour soi, sa relation \u00e0 l&rsquo;autre et au monde.<\/p>\n<p>Pour \u00e9largir sa palette d&rsquo;outils en tant qu&rsquo;enseignant.e, \u00e9ducatrice\/teur, formatrice\/teur, th\u00e9rapeute, accompagnant.e.s en hypnose&#8230;<\/p>\n<p>Pour la cr\u00e9ation en performance et autres arts de la sc\u00e8ne.<\/p>\n<p>Pour mettre une patte dans la communication intuitive, qui rassemble les \u00eatres vivants.<\/p>\n<figure id=\"attachment_12042\" aria-describedby=\"caption-attachment-12042\" style=\"width: 2592px\" class=\"wp-caption alignnone\"><img loading=\"lazy\" decoding=\"async\" class=\"alignnone size-full wp-image-12042\" src=\"https:\/\/test2.under-construction.work\/wp-content\/uploads\/2017\/04\/48383987_1852903638154286_6536345796743266304_n.jpg\" alt=\"48383987_1852903638154286_6536345796743266304_n\" width=\"2592\" height=\"1936\" \/><figcaption id=\"caption-attachment-12042\" class=\"wp-caption-text\">Rencontre f\u00e9line au jardin botanique de Montpellier.<\/figcaption><\/figure>\n<blockquote>\n<p style=\"text-align:center;\"><strong>La formatrice<\/strong><\/p>\n<\/blockquote>\n<p style=\"text-align:justify;\">Je suis\u00a0<a href=\"http:\/\/www.arche-hypnose.com\/maitre-praticien\/\" target=\"_blank\" rel=\"noopener\">Maitre Praticienne en hypnose \u00e9ricksonienne<\/a>, en hypnose conversationnelle et en RITMO \u00a0(certifi\u00e9e par l\u2019<a href=\"http:\/\/www.arche-hypnose.com\/la-liste-des-praticiens-de-larche\/\" target=\"_blank\" rel=\"noopener\">ARCHE<\/a>\u00a0et inscrite en micro-entreprise \u00e0 l\u2019URSSAF).<\/p>\n<p style=\"text-align:justify;\">J\u2019ai \u00e9t\u00e9 enseignante en lyc\u00e9e (fran\u00e7ais et initiation aux arts contemporains), pour des ados de 15-18 ans, pendant plus de 15 ans, autant en classe que sur le terrain de projets interdisciplinaires. Ma formation p\u00e9dagogique et mon exp\u00e9rience avec des groupe est donc bien ancr\u00e9e.<\/p>\n<p style=\"text-align:justify;\">J\u2019ai suivi et je suis, par ailleurs, des\u00a0formation semi-pro et pro dans divers domaines:\u00a0recherche en hypnose \u00a0(hypnologie), \u00e9nerg\u00e9tique, danse, cr\u00e9ation sonore, chamanisme, tantra, th\u00e9\u00e2tre, litt\u00e9rature et \u00e9criture, cin\u00e9ma, massage, naturalisme et \u00e9thologie\u2026<\/p>\n<p style=\"text-align:justify;\">Artiste (produite entre autres par Halolalune) et sp\u00e9cialiste de la cr\u00e9ation (et de la r\u00e9cr\u00e9ation) par l\u2019hypnose,\u00a0je mets l\u2019accent sur le potentiel de chacun.e \u00e0 trouver ses propres solutions et \u00e0 cr\u00e9er elle\/lui-m\u00eame son changement,\u00a0que ce soit pour s\u2019\u00e9manciper d\u2019une addiction, apprivoiser un acouph\u00e8ne, s\u2019aimer, oser transformer sa vie\u2026 ou pour lib\u00e9rer la cr\u00e9ation.<\/p>\n<p>Je travaille\u00a0en s\u00e9ances individuelles (1-2h), en ateliers (2-4h) et en stages (2-5 jours),\u00a0autant en en cabinet nomade que hors piste: sur les plateaux de danse\/th\u00e9\u00e2tre et dans les ateliers, dans des expositions d\u2019art contemporain, en workshop d\u2019\u00e9cole d\u2019art ou de compagnie d\u2019arts vivants, en entreprise, en hamac dans un parc, dans les bois, dans un cours de yoga, dans le pr\u00e9 des chevaux\u2026<\/p>\n<p>J\u2019accompagne les personnes qui d\u00e9sirent se mettre en mouvement dans leur vie.<\/p>\n<p>Je\u00a0travaille\u00a0\u00e9galement avec les cr\u00e9atrices\/cr\u00e9ateurs, selon diff\u00e9rents positionnements.<\/p>\n<p>Sourire,<\/p>\n<p>Marie<\/p>\n<figure id=\"attachment_12549\" aria-describedby=\"caption-attachment-12549\" style=\"width: 2268px\" class=\"wp-caption alignnone\"><img loading=\"lazy\" decoding=\"async\" class=\"alignnone size-full wp-image-12549\" src=\"https:\/\/test2.under-construction.work\/wp-content\/uploads\/2019\/05\/59129599_425929321298003_6071265271685840896_n.jpg\" alt=\"59129599_425929321298003_6071265271685840896_n\" width=\"2268\" height=\"1513\" \/><figcaption id=\"caption-attachment-12549\" class=\"wp-caption-text\">Image de Martin Riebeek pour son projet \u00ab\u00a0The Essential\u00a0\u00bb<\/figcaption><\/figure>\n<p><strong>Se renseigner<\/strong>:<\/p>\n<ul>\n<li><a href=\"https:\/\/test2.under-construction.work\/a-propos\/\" target=\"_blank\" rel=\"noopener noreferrer\">Pr\u00e9sentation<\/a><\/li>\n<li><a href=\"https:\/\/test2.under-construction.work\/marie-lisel\/marie-lisel\/\" target=\"_blank\" rel=\"noopener noreferrer\">Parcours<\/a><\/li>\n<li><a href=\"https:\/\/test2.under-construction.work\/les-outils-de-la-praticienne\/\" target=\"_blank\" rel=\"noopener noreferrer\">Outils<\/a><\/li>\n<\/ul>\n<p>Adresse mail:\u00a0lisellesil@gmail.com<\/p>\n<p>Tel: 07 82 56 52 06<\/p>\n<blockquote>\n<p style=\"text-align:center;\"><strong>En pratique<\/strong><\/p>\n<\/blockquote>\n<p><strong>Dates<\/strong>: septembre 2019 (weekend \u00e0 fixer, le second ou le dernier de septembre)<\/p>\n<p><strong>Lieu<\/strong>: <a href=\"https:\/\/goo.gl\/maps\/B2WRkJQRTAA2\" target=\"_blank\" rel=\"noopener noreferrer\">Saint-Germain de Calberte<\/a>, C\u00e9vennes, d\u00e9partement de Loz\u00e8re<\/p>\n<p>Pour y aller en train et bus + covoiturage entre participant.e.s:<\/p>\n<p>N\u00eemes, puis TER jusqu&rsquo;\u00e0 Al\u00e8s ou La Grand-Combe ou N\u00eemes puis bus jusqu&rsquo;\u00e0 Saint-Jean-du-Gard<\/p>\n<p><img loading=\"lazy\" decoding=\"async\" class=\"alignnone size-full wp-image-9996\" src=\"https:\/\/test2.under-construction.work\/wp-content\/uploads\/2018\/04\/capture-d_c3a9cran-2018-04-20-c3a0-10-39-25.png\" alt=\"Capture d_\u00e9cran 2018-04-20 \u00e0 10.39.25\" width=\"734\" height=\"464\" \/><\/p>\n<p><img loading=\"lazy\" decoding=\"async\" class=\"alignnone size-full wp-image-12557\" src=\"https:\/\/test2.under-construction.work\/wp-content\/uploads\/2019\/05\/capture-de28099ecc81cran-2019-05-12-acc80-18.48.48.png\" alt=\"Capture d\u2019e\u0301cran 2019-05-12 a\u0300 18.48.48.png\" width=\"793\" height=\"536\" \/><\/p>\n<p>L&rsquo;espace mis \u00e0 disposition est magnifique, en pleine nature, donnant sur la vall\u00e9e, c&rsquo;est un endroit des plus ressour\u00e7ant!<\/p>\n<p><strong>Organisation<\/strong>: <a href=\"http:\/\/grainesdhumanite.org\/\" target=\"_blank\" rel=\"noopener noreferrer\">Graines d&rsquo;humanit\u00e9<\/a><\/p>\n<div>\n<p>Voir Saint-Germain de Calberte sur <a href=\"http:\/\/destination.cevennes-parcnational.fr\/sentiers-dinterpretation\/saint-germain-de-calberte\/\" target=\"_blank\" rel=\"noopener noreferrer\">Destination C\u00e9vennes<\/a><\/p>\n<p style=\"text-align:justify;\"><em>Saint-Germain-de-Calberte, une terre d&rsquo;accueil en plein c\u0153ur des C\u00e9vennes. Du Moyen Age \u00e0 la Seconde guerre mondiale, ce village t\u00e9moigne de l\u2019histoire d&rsquo;une vall\u00e9e c\u00e9venole. Entour\u00e9 de paysages fa\u00e7onn\u00e9s par les habitants au fil des si\u00e8cles, le hameau des Calqui\u00e8res en constitue l&rsquo;un des sites les plus remarquables. Au centre du village, un monument rend hommage aux C\u00e9venols et \u00e0 tout peuple qui vit en harmonie avec la nature.<\/em><\/p>\n<p><img loading=\"lazy\" decoding=\"async\" class=\"alignnone size-full wp-image-12473\" src=\"https:\/\/test2.under-construction.work\/wp-content\/uploads\/2019\/05\/59301685_579798185875211_8213327910749077504_n.jpg\" alt=\"59301685_579798185875211_8213327910749077504_n\" width=\"2000\" height=\"1500\" \/><\/p>\n<p><strong>Horaire approximatif: <\/strong>samedi\u00a010-20h (avec des pauses) \/\/\/ dimanche 9h30-17h<\/p>\n<p><strong>Co\u00fbt<\/strong>:\u00a0Entre 95 euros et 195 euros pour deux jours, selon vos moyens, en pleine conscience (envoyez-nous un email ou appelez Christine, pour en discuter)<\/p>\n<p>+ adh\u00e9sion \u00e0 Graines : prix en conscience et obligatoire<\/p>\n<p><strong><a href=\"http:\/\/grainesdhumanite.org\/accueil-possible-pour-les-stages\/\" target=\"_blank\" rel=\"noopener noreferrer\">H\u00e9bergement<\/a><\/strong>: 25\u20ac la nuit\u00e9e en chambre ou 12 euros en dortoir au grenier et 5 euros d&rsquo;adh\u00e9sion \u00e0 l&rsquo;association \u00ab\u00a0Graine d&rsquo;humanit\u00e9\u00a0\u00bb qui nous accueille (suivre le lien sur \u00ab\u00a0H\u00e9bergement\u00a0\u00bb pour voir le lieu).<\/p>\n<p><strong>Repas<\/strong>: cuisine \u00e9quip\u00e9e tout confort. Repas partag\u00e9s (en auberge espagnole) ou non, selon les d\u00e9sirs de chacun.e. Merci de ne pas apporter de viande ni poisson.<\/p>\n<p><strong>S&rsquo;inscrire: Christine Beau: <\/strong><a class=\"moz-txt-link-abbreviated\" href=\"mailto:contact@grainesdhumanite.org\">contact@grainesdhumanite.org<\/a><\/p>\n<p>&nbsp;<\/p>\n\n<\/div>\n","protected":false},"excerpt":{"rendered":"<p>Communication intuitive, connexion profonde, (d\u00e9s)orientation L&rsquo;\u00eatre humain a tendance \u00e0 baser la communication sur le langage verbal et sur les gestes symboliques (clin d&rsquo;oeil, accolade, main tendue, pouce vers le haut, poings sur les hanches, sourire, froncement de sourcils&#8230;). Or, nous disposons de multiples moyens plus directs, instinctifs, intuitifs&#8230; pour entrer en contact l&rsquo;un.e avec [&hellip;]<\/p>\n","protected":false},"author":2,"featured_media":3449,"parent":10497,"menu_order":0,"comment_status":"closed","ping_status":"closed","template":"","meta":{"footnotes":""},"class_list":["post-12548","page","type-page","status-publish","has-post-thumbnail","hentry"],"_links":{"self":[{"href":"https:\/\/test2.under-construction.work\/index.php\/wp-json\/wp\/v2\/pages\/12548","targetHints":{"allow":["GET"]}}],"collection":[{"href":"https:\/\/test2.under-construction.work\/index.php\/wp-json\/wp\/v2\/pages"}],"about":[{"href":"https:\/\/test2.under-construction.work\/index.php\/wp-json\/wp\/v2\/types\/page"}],"author":[{"embeddable":true,"href":"https:\/\/test2.under-construction.work\/index.php\/wp-json\/wp\/v2\/users\/2"}],"replies":[{"embeddable":true,"href":"https:\/\/test2.under-construction.work\/index.php\/wp-json\/wp\/v2\/comments?post=12548"}],"version-history":[{"count":0,"href":"https:\/\/test2.under-construction.work\/index.php\/wp-json\/wp\/v2\/pages\/12548\/revisions"}],"up":[{"embeddable":true,"href":"https:\/\/test2.under-construction.work\/index.php\/wp-json\/wp\/v2\/pages\/10497"}],"wp:featuredmedia":[{"embeddable":true,"href":"https:\/\/test2.under-construction.work\/index.php\/wp-json\/"}],"wp:attachment":[{"href":"https:\/\/test2.under-construction.work\/index.php\/wp-json\/wp\/v2\/media?parent=12548"}],"curies":[{"name":"wp","href":"https:\/\/api.w.org\/{rel}","templated":true}]}}