{"id":13325,"date":"2019-12-22T11:51:29","date_gmt":"2019-12-22T10:51:29","guid":{"rendered":"https:\/\/marielisel.com\/?page_id=13325"},"modified":"2019-12-22T11:51:29","modified_gmt":"2019-12-22T10:51:29","slug":"contact-2","status":"publish","type":"page","link":"https:\/\/test2.under-construction.work\/index.php\/contact-2\/","title":{"rendered":"Contact"},"content":{"rendered":"<div>\n<div class=\"gmail-post-inner gmail-clear-fix\">\n<div class=\"gmail-post-content\">\n<p><strong>Pour une s\u00e9ance, contactez-moi uniquement par lisellesil@gmail.com. Si vous en avez besoin, nous prendrons un rendez-vous t\u00e9l\u00e9phonique pr\u00e9alable \u00e0 la s\u00e9ance (je ne r\u00e9ponds pas au tel directement et je n\u2019\u00e9coute pas les messages audio).<\/strong><\/p>\n<p>N\u2019h\u00e9sitez pas \u00e0 <strong>doubler vos messages<\/strong>, je voyage beaucoup\u2026 je fais 1001 trucs et il m\u2019arrive dans la course de louper un mail.<\/p>\n<p>Par mail, je m\u2019assure que nous pouvons travailler ensemble selon les <a href=\"https:\/\/test2.under-construction.work\/seances\/indications-de-lhypnose\/\" target=\"_blank\" rel=\"noreferrer noopener\">indications<\/a> et <a href=\"https:\/\/test2.under-construction.work\/seances\/contre-indications-et-precautions\/\" target=\"_blank\" rel=\"noreferrer noopener\">contre-indications<\/a> et selon votre demande. Je r\u00e9ponds \u00e9galement \u00e0 vos questions.<\/p>\n<p><a href=\"https:\/\/test2.under-construction.work\/seances\/\">Les conditions des s\u00e9ances sont ici.<\/a><\/p>\n<p>Si vous le d\u00e9sirez, nous pouvons aussi nous parler lors d\u2019un rendez-vous t\u00e9l\u00e9phonique. C\u2019est possible mais pas n\u00e9cessaire.<\/p>\n<p>Merci de lire, avant la premi\u00e8re s\u00e9ance, le\u00a0 <a href=\"https:\/\/test2.under-construction.work\/contrat-dengagement\/\">Contrat d\u2019engagement.<\/a><\/p>\n<p>Voil\u00e0\u2026 bienvenue!<\/p>\n<p><img loading=\"lazy\" decoding=\"async\" class=\"alignnone size-full wp-image-14834\" src=\"https:\/\/test2.under-construction.work\/wp-content\/uploads\/2020\/06\/uq0a0128charlneyvesphotographie.jpg\" alt=\"UQ0A0128CharlneYvesPhotographie\" width=\"4667\" height=\"7000\" \/><\/p>\n<\/div>\n<\/div>\n<p style=\"text-align:left;\"><strong>A lire:<\/strong><\/p>\n<ul>\n<li><a href=\"https:\/\/test2.under-construction.work\/seances\/\" target=\"_blank\" rel=\"noopener\">A lire avant de venir:<\/a><a href=\"https:\/\/test2.under-construction.work\/contrat-dengagement\/\"> Contrat d\u2019engagement<\/a><\/li>\n<li><a href=\"https:\/\/test2.under-construction.work\/seances\/\" target=\"_blank\" rel=\"noopener\">Conditions des s\u00e9ances<\/a><\/li>\n<li>Par <a href=\"https:\/\/test2.under-construction.work\/seances\/seance-par-skype\/\" target=\"_blank\" rel=\"noopener noreferrer\">Skype<\/a><\/li>\n<li>Pour qui?\u00a0<a href=\"https:\/\/test2.under-construction.work\/seances\/indications-de-lhypnose\/\" target=\"_blank\" rel=\"noopener noreferrer\">Indications de l\u2019hypnose<\/a><\/li>\n<li>Contre-indications : <a href=\"https:\/\/test2.under-construction.work\/seances\/contre-indications-et-precautions\/\" target=\"_blank\" rel=\"noopener noreferrer\">Contre-indications de l\u2019hypnose<\/a><\/li>\n<li>Comment?<a href=\"https:\/\/test2.under-construction.work\/contact-et-formulaire\/deroulement-dune-seance-dhypnose\/\"> D\u00e9roulement d\u2019une s\u00e9ance d\u2019hypnose<\/a><\/li>\n<li><a href=\"https:\/\/test2.under-construction.work\/a-propos\/\" target=\"_blank\" rel=\"noopener\">Qui je suis<\/a><\/li>\n<li><a href=\"https:\/\/test2.under-construction.work\/marie-lisel\/\" target=\"_blank\" rel=\"noopener\">Mon parcours<\/a><\/li>\n<li><a href=\"https:\/\/test2.under-construction.work\/les-outils-de-la-praticienne\/\" target=\"_blank\" rel=\"noopener\">Mes outils<\/a><\/li>\n<li>Nous sommes du m\u00eame champ? :<a href=\"https:\/\/test2.under-construction.work\/et-si-on-se-connait-prend-on-des-amis-potes-connaissances-collegues-en-seance\/\" target=\"_blank\" rel=\"noopener noreferrer\"> Et si on se connait?<\/a><\/li>\n<li>Inclusivit\u00e9: <a href=\"https:\/\/test2.under-construction.work\/licornes-zebres-loutres-nonnes-none-bienvenue-2\/\" target=\"_blank\" rel=\"noopener\">Licornes, z\u00e8bres, loutres, nonnes, none\u2026 bienvenue!<\/a><\/li>\n<li>Ma garantie:<a href=\"https:\/\/test2.under-construction.work\/charte-ethique\/\"> Charte \u00e9thique de l\u2019Arche<\/a><\/li>\n<li>Pas de sous du tout? :<a href=\"https:\/\/test2.under-construction.work\/2017\/04\/25\/lassociation-les-hypnos-du-coeur-paris\/\"> Les Hypnos du coeur<\/a><\/li>\n<\/ul>\n<p><img loading=\"lazy\" decoding=\"async\" class=\"alignnone size-full wp-image-12677\" src=\"https:\/\/test2.under-construction.work\/wp-content\/uploads\/2019\/07\/66283047_2460149360879920_8063902790180667392_o.jpg\" alt=\"66283047_2460149360879920_8063902790180667392_o\" width=\"1080\" height=\"1318\" \/><\/p>\n<div><\/div>\n<div><\/div>\n<\/div>\n","protected":false},"excerpt":{"rendered":"<p>Pour une s\u00e9ance, contactez-moi uniquement par lisellesil@gmail.com. Si vous en avez besoin, nous prendrons un rendez-vous t\u00e9l\u00e9phonique pr\u00e9alable \u00e0 la s\u00e9ance (je ne r\u00e9ponds pas au tel directement et je n\u2019\u00e9coute pas les messages audio). N\u2019h\u00e9sitez pas \u00e0 doubler vos messages, je voyage beaucoup\u2026 je fais 1001 trucs et il m\u2019arrive dans la course de [&hellip;]<\/p>\n","protected":false},"author":2,"featured_media":0,"parent":0,"menu_order":0,"comment_status":"closed","ping_status":"closed","template":"","meta":{"footnotes":""},"class_list":["post-13325","page","type-page","status-publish","hentry"],"_links":{"self":[{"href":"https:\/\/test2.under-construction.work\/index.php\/wp-json\/wp\/v2\/pages\/13325","targetHints":{"allow":["GET"]}}],"collection":[{"href":"https:\/\/test2.under-construction.work\/index.php\/wp-json\/wp\/v2\/pages"}],"about":[{"href":"https:\/\/test2.under-construction.work\/index.php\/wp-json\/wp\/v2\/types\/page"}],"author":[{"embeddable":true,"href":"https:\/\/test2.under-construction.work\/index.php\/wp-json\/wp\/v2\/users\/2"}],"replies":[{"embeddable":true,"href":"https:\/\/test2.under-construction.work\/index.php\/wp-json\/wp\/v2\/comments?post=13325"}],"version-history":[{"count":0,"href":"https:\/\/test2.under-construction.work\/index.php\/wp-json\/wp\/v2\/pages\/13325\/revisions"}],"wp:attachment":[{"href":"https:\/\/test2.under-construction.work\/index.php\/wp-json\/wp\/v2\/media?parent=13325"}],"curies":[{"name":"wp","href":"https:\/\/api.w.org\/{rel}","templated":true}]}}