{"id":13596,"date":"2020-02-10T16:38:29","date_gmt":"2020-02-10T15:38:29","guid":{"rendered":"https:\/\/marielisel.com\/?page_id=13596"},"modified":"2020-02-10T16:38:29","modified_gmt":"2020-02-10T15:38:29","slug":"intervention-la-transe-hypnotique-pratiques-et-questions-de-recherche-lors-de-latelier-etats-limites-de-lhumain-du-jeudi-18-octobre-pour-lihe","status":"publish","type":"page","link":"https:\/\/test2.under-construction.work\/index.php\/intervention-la-transe-hypnotique-pratiques-et-questions-de-recherche-lors-de-latelier-etats-limites-de-lhumain-du-jeudi-18-octobre-pour-lihe\/","title":{"rendered":"Intervention \u00ab La transe hypnotique : pratiques et questions de recherche \u00bb, lors de l\u2019atelier \u00ab Etats-limites de l\u2019humain \u00bb du jeudi 18 octobre, pour l\u2019IHEST, l\u2019Institut des Hautes Etudes pour la science et la technologie (Minist\u00e8re de l\u2019Enseignement Sup\u00e9rieur, de la Recherche et de l\u2019Innovation)"},"content":{"rendered":"<p style=\"text-align:justify;\">Intervention \u00ab La transe hypnotique : pratiques et questions de recherche \u00bb, lors de l\u2019atelier \u00ab Etats-limites de l\u2019humain \u00bb du jeudi 18 octobre 2018, pour l\u2019IHEST, l\u2019Institut des Hautes Etudes pour la science et la technologie (Minist\u00e8re de l\u2019Enseignement Sup\u00e9rieur, de la Recherche et de l\u2019Innovation).<\/p>\n<p style=\"text-align:justify;\">Conf\u00e9rences, expos\u00e9s, interventions th\u00e9oriques ou th\u00e9orico-pratiques (je n\u2019ai pas encore tent\u00e9 la conf\u00e9rence gesticul\u00e9e)\u2026 compl\u00e8tent les workshops\/ateliers.<\/p>\n<p style=\"text-align:justify;\">J\u2019aime parler en public et transmettre ce qui me passionne. Cela n\u2019est pas nouveau, j\u2019ai en effet \u00e9t\u00e9 enseignante durant pas mal d\u2019ann\u00e9es (pour des ados de 16-19 ans), ainsi que personne ressource pour le service p\u00e9dagogique d\u2019une universit\u00e9 ou encore membre du bureau d\u2019associations organisant des \u00e9v\u00e9nements \u00a0en art contemporain et en arts sonores.<\/p>\n<p style=\"text-align:justify;\">Les expos\u00e9s que je pr\u00e9sente sont r\u00e9alis\u00e9s sur mesure, pour r\u00e9pondre \u00e0 un contexte et \u00e0 un public particulier.<\/p>\n<p style=\"text-align:justify;\">Quelques th\u00e9matiques:<\/p>\n<ul style=\"text-align:justify;\">\n<li>La transe hypnotique: pratiques et questions de recherche<\/li>\n<li>Les hypnoses d\u2019hier et d\u2019aujourd\u2019hui, un peu d\u2019histoire et de sociologie<\/li>\n<li>Des pratiques hypnotiques entre magie et science<\/li>\n<li>La sorci\u00e8re contemporaine et l\u2019hypnotiseuse: quelles repr\u00e9sentations, quels enjeux?<\/li>\n<li>Comment utiliser les croyances tout en restant sceptique?<\/li>\n<li>L\u2019imaginal: tout un monde, entre monde sensible et monde intelligible<\/li>\n<li>Cr\u00e9er sa vie par l\u2019hypnose: comment se r\u00e9inventer?<\/li>\n<li>Augmenter le champ de la cr\u00e9ation par l\u2019hypnose: quelques axes<\/li>\n<li>Hypnose &amp; queer: vers la cr\u00e9ation de soi<\/li>\n<li>Hypnose &amp; art: vers la cr\u00e9ation d\u2019oeuvre<\/li>\n<li>Hypnose &amp; exploration: vers l\u2019augmentation de mon monde<\/li>\n<li>Hypnose, art &amp; queer: ind\u00e9terminations, jeux, issues<\/li>\n<li>R\u00eaves nocturnes, r\u00eaves lucides, r\u00eaveries et r\u00eaves \u00e9veill\u00e9s: th\u00e9orie et pratique<\/li>\n<li>R\u00e9apprendre \u00e0 r\u00eaver\u2026 pourquoi? Comment?<\/li>\n<li>Pourquoi se connecter \u00e0 l\u2019\u00e9tat animal?<\/li>\n<li>Comment cr\u00e9er l\u2019\u00e9tat id\u00e9al pour une intention particuli\u00e8re?<\/li>\n<li>Communiquer avec son corps? Comment? Pour quoi faire?<\/li>\n<li>Jouer avec les croyances pour aller vers son intention: hasards et synchronicit\u00e9s<\/li>\n<li>Cr\u00e9er la synesth\u00e9sie par l\u2019hypnose<\/li>\n<li>L\u2019espace transitionnel augment\u00e9 par l\u2019hypnose<\/li>\n<li>Association et dissociation (et trissociation\u2026) des dividus de mon individu: hypnose et mondes virtuels<\/li>\n<li>Qui est\/sont \u00ab\u00a0je\u00a0\u00bb? L\u2019hypnose au service de l\u2019exploration et de la conciliation de (ses) soi(s)<\/li>\n<li>\u2026<\/li>\n<\/ul>\n<p style=\"text-align:justify;\">Ces interventions sont soit purement th\u00e9oriques, soit m\u00eal\u00e9es \u00e0 quelques exercices pratiques r\u00e9alisables en auditoire, soit suivies d\u2019un atelier ou d\u2019une performance participative.<\/p>\n<p style=\"text-align:justify;\">N\u2019h\u00e9sitez pas \u00e0 me proposer une intervention dans le cadre de festivals, ateliers, colloques\u2026<\/p>\n","protected":false},"excerpt":{"rendered":"<p>Intervention \u00ab La transe hypnotique : pratiques et questions de recherche \u00bb, lors de l\u2019atelier \u00ab Etats-limites de l\u2019humain \u00bb du jeudi 18 octobre 2018, pour l\u2019IHEST, l\u2019Institut des Hautes Etudes pour la science et la technologie (Minist\u00e8re de l\u2019Enseignement Sup\u00e9rieur, de la Recherche et de l\u2019Innovation). Conf\u00e9rences, expos\u00e9s, interventions th\u00e9oriques ou th\u00e9orico-pratiques (je n\u2019ai [&hellip;]<\/p>\n","protected":false},"author":2,"featured_media":11530,"parent":0,"menu_order":0,"comment_status":"closed","ping_status":"closed","template":"","meta":{"footnotes":""},"class_list":["post-13596","page","type-page","status-publish","has-post-thumbnail","hentry"],"_links":{"self":[{"href":"https:\/\/test2.under-construction.work\/index.php\/wp-json\/wp\/v2\/pages\/13596","targetHints":{"allow":["GET"]}}],"collection":[{"href":"https:\/\/test2.under-construction.work\/index.php\/wp-json\/wp\/v2\/pages"}],"about":[{"href":"https:\/\/test2.under-construction.work\/index.php\/wp-json\/wp\/v2\/types\/page"}],"author":[{"embeddable":true,"href":"https:\/\/test2.under-construction.work\/index.php\/wp-json\/wp\/v2\/users\/2"}],"replies":[{"embeddable":true,"href":"https:\/\/test2.under-construction.work\/index.php\/wp-json\/wp\/v2\/comments?post=13596"}],"version-history":[{"count":0,"href":"https:\/\/test2.under-construction.work\/index.php\/wp-json\/wp\/v2\/pages\/13596\/revisions"}],"wp:featuredmedia":[{"embeddable":true,"href":"https:\/\/test2.under-construction.work\/index.php\/wp-json\/"}],"wp:attachment":[{"href":"https:\/\/test2.under-construction.work\/index.php\/wp-json\/wp\/v2\/media?parent=13596"}],"curies":[{"name":"wp","href":"https:\/\/api.w.org\/{rel}","templated":true}]}}