{"id":13602,"date":"2020-02-10T16:41:02","date_gmt":"2020-02-10T15:41:02","guid":{"rendered":"https:\/\/marielisel.com\/?page_id=13602"},"modified":"2020-02-10T16:41:02","modified_gmt":"2020-02-10T15:41:02","slug":"workshop-hypnotique-aux-amandiers-nanterre-pour-le-festival-mondes-possibles","status":"publish","type":"page","link":"https:\/\/test2.under-construction.work\/index.php\/workshop-hypnotique-aux-amandiers-nanterre-pour-le-festival-mondes-possibles\/","title":{"rendered":"Workshop hypnotique aux Amandiers (Nanterre), pour le Festival \u00ab Mondes Possibles \u00bb"},"content":{"rendered":"<div id=\"comp-jgi7hkax\" class=\"txtNew\">\n<blockquote>\n<p style=\"text-align:center;\"><strong>Exp\u00e9rimentation en Arts Politiques de Sciences Po (SPEAP)<\/strong><\/p>\n<\/blockquote>\n<h3 class=\"font_3\" style=\"text-align:justify;\">ATELIERS DE POLITIQUE TERRIENNE<\/h3>\n<p class=\"font_4\" style=\"text-align:justify;\">Th\u00e9\u00e2tre Nanterre Amandiers du\u00a011 au\u00a020 mai<\/p>\n<\/div>\n<p style=\"text-align:justify;\"><em>\u00ab\u00a0A l\u2019invitation du <a href=\"http:\/\/www.nanterre-amandiers.com\/2017-2018\/mondes-possibles\/\" target=\"_blank\" rel=\"noopener\">festival MONDES POSSIBLES<\/a> \u00e0 Nanterre-Amandiers, le Programme d\u2019Exp\u00e9rimentation en Arts Politiques de Sciences Po (SPEAP) installe son village dans le th\u00e9\u00e2tre et ouvre grand ses maisons.Lors de notre r\u00e9sidence, nous souhaitons \u00e9prouver avec les visiteurs un mode de vie ultraterrestre. Nos ateliers de politiques terriennes proposent de faire trembler nos identit\u00e9s et alt\u00e9rit\u00e9s, prendre soin du vivant, faire preuve d&rsquo;hospitalit\u00e9, et inventer, pourquoi pas, des diplomaties inter-esp\u00e8ces.<\/em><\/p>\n<p style=\"text-align:justify;\"><em>Ces pratiques partag\u00e9es nous invitent \u00e0 diverses exp\u00e9riences sensibles, individuelles et collectives, \u00e0 des moments d\u2019exp\u00e9rimentations, \u00e0 des ateliers d\u2019\u00e9criture, des incarnations du vivant, des r\u00eaveries d\u2019espaces, des n\u00e9gociations, des prises de parole et de positions. En s\u2019occupant du commun nous ferons grandir ces petits mondes vers des utopies \u00e0 vivre.<\/em><\/p>\n<p class=\"font_8\" style=\"text-align:justify;\"><em>En cheminant d\u2019une maison \u00e0 l\u2019autre, les participants pourront inventer des maisons d\u2019h\u00f4tes, faire corps avec la terre par une fertilisation r\u00e9ciproque, travestir leurs identit\u00e9s par le maquillage ou le masque, donner une mati\u00e8re \u00e0 leurs songes, discuter du destin de nos plantes, prendre soin de leur jardin secret, s\u2019ouvrir \u00e0 des \u00e9tats de conscience modifi\u00e9e : autant de dispositifs de recherches collaboratives, d\u2019hybridations du soi, de mises en sons, en images, en formes, en corps, en impalpables, en tensions.<\/em><\/p>\n<p class=\"font_8\" style=\"text-align:justify;\"><em>Vous rencontrerez entre autres dans ce village SPEAP Bruno Latour, Gr\u00e9gory Quenet et ses \u00e9tudiants de SciencesPo, Emilie Noteris, Marie Lisel, D. Graham Burnett, les \u00e9tudiants de la New School de New York.<\/em><\/p>\n<p class=\"font_8\" style=\"text-align:justify;\"><em>Et la participation de\u00a0Emilie Noteris (travailleuse du texte) et Marie Lisel (Ma\u00eetre praticienne en hypnose \u00e9ricksonienne, artiste et exploratrice sensorielle)\u00a0\u00bb<\/em><\/p>\n<p style=\"text-align:justify;\">Programme d\u2019Exp\u00e9rimentation en Arts Politiques de Sciences Po (SPEAP): <a href=\"https:\/\/www.speap18.com\/occupy-earth\" target=\"_blank\" rel=\"noopener\">lien\u00a0<\/a><\/p>\n<figure id=\"attachment_9493\" aria-describedby=\"caption-attachment-9493\" style=\"width: 1015px\" class=\"wp-caption alignnone\"><img loading=\"lazy\" decoding=\"async\" class=\"alignnone size-full wp-image-9493\" src=\"https:\/\/test2.under-construction.work\/wp-content\/uploads\/2018\/02\/attestation-insee-3.jpeg\" alt=\"Attestation INSEE 3\" width=\"1015\" height=\"1461\" \/><figcaption id=\"caption-attachment-9493\" class=\"wp-caption-text\">Dessin t\u00e9moignage de l&rsquo;atelier \u00ab\u00a0sorci\u00e8re queer\u00a0\u00bb<\/figcaption><\/figure>\n<blockquote>\n<p class=\"font_8\"><strong>Workshop hypnotique:\u00a0&#8211;<a href=\"https:\/\/test2.under-construction.work\/ateliers-queer\/rencontre-avec-ma-sorciere-queer-ecofeministe-interieure\/\" target=\"_blank\" rel=\"noopener\"> Rencontre avec ma sorci\u00e8re queer int\u00e9rieure<\/a> &#8211;\u00a0<\/strong><\/p>\n<\/blockquote>\n<p class=\"font_8\" style=\"text-align:justify;\">Le REDAH (r\u00eave \u00e9veill\u00e9 dirig\u00e9 augment\u00e9 par l&rsquo;hypnose) se pr\u00e9sente comme\u00a0un moyen de voyager vers des dimensions int\u00e9rieures cach\u00e9es, que ce soit dans le corps, dans les mondes de l&rsquo;imaginal communs \u00e0 diff\u00e9rentes cultures (monde du bas et monde du haut&#8230;),\u00a0dans une symbolique particuli\u00e8re (licorne, sorci\u00e8re, nid, vent&#8230;), dans ce que l&rsquo;on imagine ici et maintenant du pass\u00e9,\u00a0dans une approche sensorielle de la relation au monde, dans une oeuvre d&rsquo;art, dans un son, dans une \u00e9motion, dans une synchronicit\u00e9&#8230;<\/p>\n<p class=\"font_8\" style=\"text-align:justify;\">D&rsquo;autres mondes que celui\u00a0dont les\u00a0m\u00e9dias construisent \u00ab\u00a0la r\u00e9alit\u00e9\u00a0\u00bb\u00a0d\u00e9senchant\u00e9e\u00a0sont possibles.<\/p>\n<p class=\"font_8\" style=\"text-align:justify;\">Nous pouvons y avoir des acc\u00e8s de diff\u00e9rentes mani\u00e8res,\u00a0plus ou moins ais\u00e9es ou difficiles, plus ou moins s\u00e9curis\u00e9es ou risqu\u00e9es, plus ou moins fluides ou complexes, plus ou moins balis\u00e9es ou libres.<\/p>\n<p class=\"font_8\" style=\"text-align:justify;\">La pens\u00e9e magique, l&rsquo;ailleurs interne, l&rsquo;imaginal,\u00a0se situe entre le monde sensible et le monde\u00a0intelligible.<\/p>\n<p class=\"font_8\" style=\"text-align:justify;\">Les voies d&rsquo;ouverture sur ce monde sont des catalyseurs de libert\u00e9, indispensables \u00e0 l&rsquo;\u00e9volution de soi et du monde, par le fait\u00a0d&rsquo;\u00eatre absorb\u00e9 par l&rsquo;ici et maintenant en oubliant la rationalit\u00e9,\u00a0de ressentir pleinement, de mettre en mouvement, de laisser advenir et d&rsquo;accueillir, d&rsquo;inventer des possibles, de cr\u00e9er sa vie, son oeuvre, son monde.<\/p>\n<p class=\"font_8\" style=\"text-align:justify;\">Car l&rsquo;imagination est cr\u00e9atrice de r\u00e9el, comme nous le montrent des \u00e9tudes sur les hypnotiques (chamanisme, hypnose, sorcellerie, religion, placebo&#8230;).<\/p>\n<p class=\"font_8\" style=\"text-align:justify;\">Marie Lisel, Maitre praticienne en hypnose \u00e9ricksonienne, artiste et exploratrice sensorielle, joue avec ses outils syncr\u00e9tiques, pour offrir des exp\u00e9riences s\u00e9curisantes et ouvrantes d&rsquo;hyper\u00e9veil, \u00e0 la rencontre de vos intuitions enfouies de la plasticit\u00e9 de vos mondes.<\/p>\n<p class=\"font_8\" style=\"text-align:justify;\">Dimanche 13 mai &#8211;<\/p>\n<p class=\"font_8\" style=\"text-align:justify;\">Marie\u00a0vous emm\u00e8ne <a href=\"https:\/\/test2.under-construction.work\/ateliers-queer\/rencontre-avec-ma-sorciere-queer-ecofeministe-interieure\/\" target=\"_blank\" rel=\"noopener\">\u00e0 la rencontre de votre sorci\u00e8re queer int\u00e9rieure.<\/a>\u00a0Apr\u00e8s un partage des repr\u00e9sentations autour de la sorci\u00e8re et une br\u00e8ve introduction \u00e0 l\u2019hypnose \u00e9ricksonienne et au REAH, vous partirez confortablement \u00e0 la recherche de votre arch\u00e9type singulier de la sorci\u00e8re queer, c\u2019est-\u00e0-dire de la partie \u00ab\u00a0sorci\u00e8re\u00a0\u00bb qui vit en vous.<\/p>\n<p class=\"font_8\" style=\"text-align:justify;\">Bienvenue dans cette rencontre de l\u2019une de vos alli\u00e9es int\u00e9rieures les plus magiques!<\/p>\n<p class=\"font_8\" style=\"text-align:justify;\">\u00ab Une sorci\u00e8re est un \u00eatre d\u00e9viant qui a r\u00e9ussi \u2013 du point de vue de la survie. Il existe un mod\u00e8le culturel, id\u00e9ologique et social de ce qu\u2019il ne faut pas \u00eatre, qui est, dans chaque soci\u00e9t\u00e9, con\u00e7u comme normal \u00bb (un terme per\u00e7u comme synonyme de naturel, ne l\u2019oublions pas). La plupart des gens survivent parce qu\u2019ils se conforment \u00e0 ces mod\u00e8les, c\u2019est-\u00e0-dire qu\u2019ils se comportent normalement. Cependant, tous ne se comportent pas \u00ab normalement \u00bb et ces personnes ont du mal \u00e0 survivre, \u00e0 cause de leur rejet du syst\u00e8me et de tout ce qui le sous-tend, et habituellement elles s\u2019enfoncent. On les qualifie alors \u00ab d\u2019anormales \u00bb ou de \u00ab m\u00e9sadapt\u00e9es \u00bb ou d\u2019autres adjectifs p\u00e9joratifs au regard de la norme. Puis surgit une personne d\u00e9viante mais qui survit, et puisque celle-ci ne fonde pas son existence sur des mod\u00e8les convenus \u2013 les seuls consid\u00e9r\u00e9s comme naturels par les gens normaux -, il faut donc que cette d\u00e9viance tire sa force vitale de quelque chose \u00ab d\u2019inconnu \u00bb ou de \u00ab surnaturel \u00bb.\u00a0Carnet de notes de Maya Deren (1947).<\/p>\n<p class=\"font_8\" style=\"text-align:justify;\">Dimanche 19 mai &#8211;<\/p>\n<p class=\"font_8\" style=\"text-align:justify;\">L&rsquo;\u00e9coute collective\u00a0du\u00a0r\u00eave hypnotique \u00ab\u00a0<a href=\"https:\/\/test2.under-construction.work\/ateliers-workshops\/ecoute-hypnotique-collective-de-boa\/\" target=\"_blank\" rel=\"noopener\">bOa\u00a0\u00bb<\/a>\u00a0vous fait voyager\u00a0dans les \u00e9nergies spirituelles, la gr\u00e2ce, la l\u00e9g\u00e8ret\u00e9, la sensualit\u00e9.<\/p>\n","protected":false},"excerpt":{"rendered":"<p>Exp\u00e9rimentation en Arts Politiques de Sciences Po (SPEAP) ATELIERS DE POLITIQUE TERRIENNE Th\u00e9\u00e2tre Nanterre Amandiers du\u00a011 au\u00a020 mai \u00ab\u00a0A l\u2019invitation du festival MONDES POSSIBLES \u00e0 Nanterre-Amandiers, le Programme d\u2019Exp\u00e9rimentation en Arts Politiques de Sciences Po (SPEAP) installe son village dans le th\u00e9\u00e2tre et ouvre grand ses maisons.Lors de notre r\u00e9sidence, nous souhaitons \u00e9prouver avec les [&hellip;]<\/p>\n","protected":false},"author":2,"featured_media":9495,"parent":0,"menu_order":0,"comment_status":"closed","ping_status":"closed","template":"","meta":{"footnotes":""},"class_list":["post-13602","page","type-page","status-publish","has-post-thumbnail","hentry"],"_links":{"self":[{"href":"https:\/\/test2.under-construction.work\/index.php\/wp-json\/wp\/v2\/pages\/13602","targetHints":{"allow":["GET"]}}],"collection":[{"href":"https:\/\/test2.under-construction.work\/index.php\/wp-json\/wp\/v2\/pages"}],"about":[{"href":"https:\/\/test2.under-construction.work\/index.php\/wp-json\/wp\/v2\/types\/page"}],"author":[{"embeddable":true,"href":"https:\/\/test2.under-construction.work\/index.php\/wp-json\/wp\/v2\/users\/2"}],"replies":[{"embeddable":true,"href":"https:\/\/test2.under-construction.work\/index.php\/wp-json\/wp\/v2\/comments?post=13602"}],"version-history":[{"count":0,"href":"https:\/\/test2.under-construction.work\/index.php\/wp-json\/wp\/v2\/pages\/13602\/revisions"}],"wp:featuredmedia":[{"embeddable":true,"href":"https:\/\/test2.under-construction.work\/index.php\/wp-json\/"}],"wp:attachment":[{"href":"https:\/\/test2.under-construction.work\/index.php\/wp-json\/wp\/v2\/media?parent=13602"}],"curies":[{"name":"wp","href":"https:\/\/api.w.org\/{rel}","templated":true}]}}