{"id":13608,"date":"2020-02-10T16:42:36","date_gmt":"2020-02-10T15:42:36","guid":{"rendered":"https:\/\/marielisel.com\/?page_id=13608"},"modified":"2020-02-10T16:42:36","modified_gmt":"2020-02-10T15:42:36","slug":"avec-valerie-vivancos-au-frac-lorraine-la-voix-disait-a-peu-pres-ecarte-les-plis-25-janvier-2018","status":"publish","type":"page","link":"https:\/\/test2.under-construction.work\/index.php\/avec-valerie-vivancos-au-frac-lorraine-la-voix-disait-a-peu-pres-ecarte-les-plis-25-janvier-2018\/","title":{"rendered":"Avec Val\u00e9rie Vivancos, au Frac Lorraine. La voix disait \u00e0 peu pr\u00e8s: \u00ab Ecarte les plis\u00bb, 25 janvier 2018."},"content":{"rendered":"<blockquote>\n<p style=\"text-align:center;\"><strong>YES, WE CARE, au\u00a0FRAC Lorraine<\/strong><\/p>\n<\/blockquote>\n<p style=\"text-align:justify;\">\u00ab\u00a0YES, WE CARE. Sexualit\u00e9(s) et corps politiques\u00a0\u00bb, au <a href=\"https:\/\/www.fraclorraine.org\/\" target=\"_blank\" rel=\"noopener\">FRAC Lorraine \u00e0 Metz<\/a>, dans <a href=\"https:\/\/www.lanuitdesidees.com\/fr\/\" target=\"_blank\" rel=\"noopener\">La nuit des id\u00e9es<\/a>, du 25 au 26 janvier, s&rsquo;est termin\u00e9e par un r\u00eave \u00e9veill\u00e9 fantasmatique: La voix disait \u00e0 peu pr\u00e8s: \u00ab\u00a0Ecarte les plis\u00a0\u00bb.<\/p>\n<p style=\"text-align:justify;\">Performance Participative, voyage singulier, psychique, onirique, \u00e9rotique, \u00e9motionnel, sensoriel gr\u00e2ce \u00e0 la modification de l\u2019\u00e9tat de conscience, par l\u2019hypnose, le rituel et le son.<\/p>\n<p style=\"text-align:justify;\">Par Marie Lisel, artiste et ma\u00eetre praticienne en hypnose \u00e9ricksonienne.\u00a0<a href=\"http:\/\/marielisel.com\/\" target=\"_blank\" rel=\"nofollow noopener\">marielisel.wordpress.com<\/a><br \/>\nEt Val\u00e9rie Vivancos, artiste et compositrice.\u00a0<a href=\"https:\/\/l.facebook.com\/l.php?u=http%3A%2F%2Foceanvivasilver.com%2F&amp;h=ATNP2wWerWdWZTXuw5V-9673SfeqxOEXnoQH_yREryoEjAOnhpunbufDFHX-rrbwzYlXqiq4ipdGRYonzvQd2ldjLztJLDVk4XIaTqwcwU7MoYKDPpvUWEjtHrzL18UQGZBVz0j_WrpFSfsGhDA7LbVvU6vKmkWXEVNsw4sLvNHfopKhTBg4hoEysqMNyD9cyWtDhl841EAQIBhLc1yVbOp3PxSHsjx2VSh0w_kPTZws6wNdd0zDEu8Gl3A1lAWU_mtb0NWtGTD3VI76mVFzR69oZhCblXunBYyDojJta_pSow\" target=\"_blank\" rel=\"nofollow noopener\">oceanvivasilver.com<\/a><\/p>\n<p style=\"text-align:justify;\">Nuit con\u00e7ue en partenariat avec :<br \/>\n49 Nord 6 Est &#8211; Frac Lorraine<br \/>\nLYO Est<br \/>\nB\u00eate Noire<br \/>\nCREM \/ Universit\u00e9 Lorraine\u2013Metz<br \/>\nFragment<br \/>\nInstitut Fran\u00e7ais \u2013 Nuit des id\u00e9es<\/p>\n<p style=\"text-align:justify;\">\n\n<p style=\"text-align:justify;\">\n<blockquote>\n<p style=\"text-align:center;\"><strong>T\u00e9moignages de participant.e.s<\/strong><\/p>\n<\/blockquote>\n<p style=\"text-align:justify;\">Merci aux participant.e.s qui ont pris le temps et l&rsquo;\u00e9nergie de laisser quelques traces dessin\u00e9es ou \u00e9crites apr\u00e8s ce voyage fantasmatique!<\/p>\n<p style=\"text-align:justify;\">\n\n<p class=\"m_-6075371702030150539gmail-p3\" style=\"text-align:justify;\"><span class=\"m_-6075371702030150539gmail-s2\"><i>Qui prend au corps<span class=\"m_-6075371702030150539gmail-Apple-converted-space\">\u00a0<\/span><\/i><\/span><\/p>\n<p class=\"m_-6075371702030150539gmail-p3\" style=\"text-align:justify;\"><span class=\"m_-6075371702030150539gmail-s2\"><i>fait circuler les boules<span class=\"m_-6075371702030150539gmail-Apple-converted-space\">\u00a0<\/span><\/i><\/span><\/p>\n<p class=\"m_-6075371702030150539gmail-p3\" style=\"text-align:justify;\"><span class=\"m_-6075371702030150539gmail-s2\"><i>dans le corps. de la lumi\u00e8re<\/i><\/span><\/p>\n<p class=\"m_-6075371702030150539gmail-p3\" style=\"text-align:justify;\"><span class=\"m_-6075371702030150539gmail-s2\"><i>Chuchoter aux oreilles<\/i><\/span><\/p>\n<p class=\"m_-6075371702030150539gmail-p3\" style=\"text-align:justify;\"><span class=\"m_-6075371702030150539gmail-s2\"><i>partager le bonheur et le plaisir chuchoter ensemble<span class=\"m_-6075371702030150539gmail-Apple-converted-space\">\u00a0<\/span><\/i><\/span><\/p>\n<p class=\"m_-6075371702030150539gmail-p3\" style=\"text-align:justify;\"><span class=\"m_-6075371702030150539gmail-s2\"><i>le fluide, qui prend le corps submerge.<\/i><\/span><\/p>\n<p class=\"m_-6075371702030150539gmail-p3\" style=\"text-align:justify;\"><span class=\"m_-6075371702030150539gmail-s2\"><i>Dans l\u2019atmosph\u00e8re<\/i><\/span><\/p>\n<p class=\"m_-6075371702030150539gmail-p3\" style=\"text-align:justify;\"><span class=\"m_-6075371702030150539gmail-s2\"><i>c\u2019est me suspendre<\/i><\/span><\/p>\n<p class=\"m_-6075371702030150539gmail-p3\" style=\"text-align:justify;\"><span class=\"m_-6075371702030150539gmail-s2\"><i>l\u00e9ger<span class=\"m_-6075371702030150539gmail-Apple-converted-space\">\u00a0<\/span><\/i><\/span><\/p>\n<p class=\"m_-6075371702030150539gmail-p3\" style=\"text-align:justify;\"><span class=\"m_-6075371702030150539gmail-s2\"><i>fluide<span class=\"m_-6075371702030150539gmail-Apple-converted-space\">\u00a0<\/span><\/i><\/span><\/p>\n<p class=\"m_-6075371702030150539gmail-p3\" style=\"text-align:justify;\"><span class=\"m_-6075371702030150539gmail-s2\"><i>moelleux de la fourrure<span class=\"m_-6075371702030150539gmail-Apple-converted-space\">\u00a0<\/span><\/i><\/span><\/p>\n<p class=\"m_-6075371702030150539gmail-p3\" style=\"text-align:justify;\"><span class=\"m_-6075371702030150539gmail-s2\"><i>beaucoup d\u2019eau c\u2019est chaud<\/i><\/span><\/p>\n<p class=\"m_-6075371702030150539gmail-p3\" style=\"text-align:justify;\"><span class=\"m_-6075371702030150539gmail-s2\"><i>l\u00e9ger<\/i><\/span><\/p>\n<p class=\"m_-6075371702030150539gmail-p3\" style=\"text-align:justify;\"><span class=\"m_-6075371702030150539gmail-s2\"><i>p\u00e9n\u00e9trant<span class=\"m_-6075371702030150539gmail-Apple-converted-space\">\u00a0<\/span><\/i><\/span><\/p>\n<p class=\"m_-6075371702030150539gmail-p3\" style=\"text-align:justify;\"><span class=\"m_-6075371702030150539gmail-s2\"><i>all\u00e9chant.<\/i><\/span><\/p>\n<p class=\"m_-6075371702030150539gmail-p4\" style=\"text-align:justify;\"><span class=\"m_-6075371702030150539gmail-s2\">&#8212;&#8212;&#8212;&#8212;&#8212;&#8212;&#8211;\u200b<\/span><\/p>\n<p class=\"m_-6075371702030150539gmail-p3\" style=\"text-align:justify;\"><span class=\"m_-6075371702030150539gmail-s2\"><i>Il y avait des morceaux d\u2019\u00e9meraude laiteux \u00e9tal\u00e9s, espac\u00e9s, et connect\u00e9s par du fil.\u00a0<\/i><\/span><\/p>\n<p class=\"m_-6075371702030150539gmail-p3\" style=\"text-align:justify;\"><span class=\"m_-6075371702030150539gmail-s2\"><i>C&rsquo;\u00e9tait pareil pour mes parties du corps, tout mon corps.<span class=\"m_-6075371702030150539gmail-Apple-converted-space\">\u00a0<\/span><\/i><\/span><\/p>\n<p class=\"m_-6075371702030150539gmail-p3\" style=\"text-align:justify;\"><span class=\"m_-6075371702030150539gmail-s2\"><i>Un losange tiss\u00e9 en fils d\u2019or sertis de petit rubis s\u2019est faufil\u00e9 dans mon vagin\u00a0<\/i><\/span><\/p>\n<p class=\"m_-6075371702030150539gmail-p3\" style=\"text-align:justify;\"><span class=\"m_-6075371702030150539gmail-s2\"><i>les pierres sont sorties plus nombreuses partout les pores de ma peau et j\u2019ai \u00e9t\u00e9 d\u00e9coup\u00e9e en deux de plaisir.<\/i><\/span><\/p>\n<p class=\"m_-6075371702030150539gmail-p4\" style=\"text-align:justify;\"><span class=\"m_-6075371702030150539gmail-s2\">&#8212;&#8212;&#8212;&#8212;&#8212;&#8212;&#8211;\u200b<\/span><\/p>\n<p class=\"m_-6075371702030150539gmail-p3\" style=\"text-align:justify;\"><span class=\"m_-6075371702030150539gmail-s2\"><i>J\u2019ai rencontr\u00e9 \u00e0 travers des filtres-voile \u00e9th\u00e9r\u00e9s \u00ab\u00a0ma\u00a0\u00bb puissance maritime sur une plage \u00e0 l\u2019atmosph\u00e8re mythologique falaise, vent, soleil, sexe chaud et dress\u00e9, \u00a0cheveux bleus, sexe bleu. Mon partenaire ressemble \u00e0 un chat. Je lui offre du plaisir je lui offre ma puissance\u2026<\/i><\/span><\/p>\n<p class=\"m_-6075371702030150539gmail-p3\" style=\"text-align:justify;\"><span class=\"m_-6075371702030150539gmail-s2\"><i>mon corps avait des d\u00e9mangeaisons<\/i><\/span><\/p>\n<p class=\"m_-6075371702030150539gmail-p3\" style=\"text-align:justify;\"><span class=\"m_-6075371702030150539gmail-s2\"><i>c\u2019\u00e9tait tenu<span class=\"m_-6075371702030150539gmail-Apple-converted-space\">\u00a0<\/span><\/i><\/span><\/p>\n<p class=\"m_-6075371702030150539gmail-p3\" style=\"text-align:justify;\"><span class=\"m_-6075371702030150539gmail-s2\"><i>Maouw &#8211; mon partenaire est comme un chat<span class=\"m_-6075371702030150539gmail-Apple-converted-space\">\u00a0<\/span><\/i><\/span><\/p>\n<p class=\"m_-6075371702030150539gmail-p3\" style=\"text-align:justify;\"><span class=\"m_-6075371702030150539gmail-s2\"><i>je fesse toi<\/i><\/span><\/p>\n<p class=\"m_-6075371702030150539gmail-p3\" style=\"text-align:justify;\"><span class=\"m_-6075371702030150539gmail-s2\"><i>j\u2019ai des cornes et des cheveux bleus assorti \u00e0 mon nouveau sexe bleu.<\/i><\/span><\/p>\n<p style=\"text-align:justify;\">&#8230;&#8230;&#8230;&#8230;&#8230;&#8230;&#8230;&#8230;&#8230;&#8230;&#8230;&#8230;&#8230;&#8230;&#8230;&#8230;&#8230;&#8230;&#8230;&#8230;&#8230;&#8230;&#8230;&#8230;&#8230;.<\/p>\n","protected":false},"excerpt":{"rendered":"<p>YES, WE CARE, au\u00a0FRAC Lorraine \u00ab\u00a0YES, WE CARE. Sexualit\u00e9(s) et corps politiques\u00a0\u00bb, au FRAC Lorraine \u00e0 Metz, dans La nuit des id\u00e9es, du 25 au 26 janvier, s&rsquo;est termin\u00e9e par un r\u00eave \u00e9veill\u00e9 fantasmatique: La voix disait \u00e0 peu pr\u00e8s: \u00ab\u00a0Ecarte les plis\u00a0\u00bb. Performance Participative, voyage singulier, psychique, onirique, \u00e9rotique, \u00e9motionnel, sensoriel gr\u00e2ce \u00e0 la [&hellip;]<\/p>\n","protected":false},"author":2,"featured_media":0,"parent":0,"menu_order":0,"comment_status":"closed","ping_status":"closed","template":"","meta":{"footnotes":""},"class_list":["post-13608","page","type-page","status-publish","hentry"],"_links":{"self":[{"href":"https:\/\/test2.under-construction.work\/index.php\/wp-json\/wp\/v2\/pages\/13608","targetHints":{"allow":["GET"]}}],"collection":[{"href":"https:\/\/test2.under-construction.work\/index.php\/wp-json\/wp\/v2\/pages"}],"about":[{"href":"https:\/\/test2.under-construction.work\/index.php\/wp-json\/wp\/v2\/types\/page"}],"author":[{"embeddable":true,"href":"https:\/\/test2.under-construction.work\/index.php\/wp-json\/wp\/v2\/users\/2"}],"replies":[{"embeddable":true,"href":"https:\/\/test2.under-construction.work\/index.php\/wp-json\/wp\/v2\/comments?post=13608"}],"version-history":[{"count":0,"href":"https:\/\/test2.under-construction.work\/index.php\/wp-json\/wp\/v2\/pages\/13608\/revisions"}],"wp:attachment":[{"href":"https:\/\/test2.under-construction.work\/index.php\/wp-json\/wp\/v2\/media?parent=13608"}],"curies":[{"name":"wp","href":"https:\/\/api.w.org\/{rel}","templated":true}]}}