{"id":13840,"date":"2020-04-04T20:45:01","date_gmt":"2020-04-04T19:45:01","guid":{"rendered":"https:\/\/marielisel.com\/?page_id=13840"},"modified":"2020-04-04T20:45:01","modified_gmt":"2020-04-04T19:45:01","slug":"ritutoel-le-tuto-des-rituels","status":"publish","type":"page","link":"https:\/\/test2.under-construction.work\/index.php\/les-outils-de-la-praticienne\/le-rituel-dimpulsion\/ritutoel-le-tuto-des-rituels\/","title":{"rendered":"Ritutoel (le tuto des rituels)"},"content":{"rendered":"<p style=\"text-align: justify;\">Tu as bien lu en d\u00e9tail ce qu&rsquo;est un <a href=\"https:\/\/test2.under-construction.work\/les-outils-de-la-praticienne\/le-rituel-dimpulsion\/\" target=\"_blank\" rel=\"noopener\">rituel d&rsquo;impulsion<\/a> dans la page qui lui est consacr\u00e9e?<\/p>\n<p style=\"text-align: justify;\">C&rsquo;est un rituel:<\/p>\n<ul style=\"text-align: justify;\">\n<li>\u00e0 cr\u00e9er soi-m\u00eame en s\u00e9ance ou \u00e0 adapter librement \u00e0 partir d&rsquo;un tuto ou d&rsquo;un t\u00e9moignage ou d&rsquo;exp\u00e9riences diverses<\/li>\n<li>\u00e0 r\u00e9aliser en individuel<\/li>\n<li>avec une intention de transformation positive de soi-m\u00eame (\u00ab\u00a0gr\u00e2ce au rituel d&rsquo;impulsion, je serai moi en mieux, par exemple \u00ab\u00a0avec plus de sensibilit\u00e9 joyeuse\u00a0\u00bb)<\/li>\n<li>sans violence, mais avec encouragement<\/li>\n<li>respectueux de soi, des autres, de la nature, du monde<\/li>\n<\/ul>\n<p style=\"text-align: justify;\">Pr\u00eat.e.s \u00e0 en cr\u00e9er un pour te transformer?<\/p>\n<p style=\"text-align: justify;\">Je partage des ritutoels &#8211; les tutos des rituelsd&rsquo;impulsion hypnotiques &#8211; sur Radio Campus Bruxelles le lundi \u00e0 17h, avec les sons d&rsquo;Emilie Patate et ma voix pour\u00a0 rituto\u00e9liser en direct ou en diff\u00e9r\u00e9.<\/p>\n<p style=\"text-align: justify;\">Pour le moment&#8230; ces rituels d&rsquo;impulsion sont \u00e0 r\u00e9aliser \u00e0 l&rsquo;int\u00e9rieur, circonstances obligent. Plus tard, je reprendrai mes rituels d&rsquo;impulsion pr\u00e9f\u00e9r\u00e9s: dehors!<\/p>\n<p style=\"text-align: justify;\">RITUTUEL 1 \u00ab\u00a0Liquidation\u00a0\u00bb (nettoyage de sensations, \u00e9motions, impressions) est en ligne<\/p>\n<p style=\"text-align: justify;\">RITUTOEL 2 \u00ab\u00a0<a href=\"https:\/\/www.mixcloud.com\/kika-radiocampusbruxelles\/campus-info-ritutoel-gourmenvie-lun-200420\/?fbclid=IwAR1-jOahybGc1S4NPJgg2K1uJSfPMXxYSR7hZvFci-V732Lq6-kKZz4FSa4\" target=\"_blank\" rel=\"noopener\">Gourmenvie<\/a>\u00a0\u00bb (activation et augmentation de la sensation d&rsquo;\u00eatre en vie, des petits plaisirs)<\/p>\n<p style=\"text-align: justify;\">RITUTOEL 3: \u00ab\u00a0<a href=\"http:\/\/Podcast en ligne : https:\/\/www.mixcloud.com\/kika-radiocampusbruxelles\/campus-info-ritutoel-du-coussin-extatique-lun-100521\/ Objets \u00e0 pr\u00e9parer: un gros coussin ou un oreiller, deux feuilles de papier, un stylo, un plat ou une casserole, un verre d\u2019eau, un briquet, un casque ferm\u00e9. Ce rituel, dans lequel je vous guide pas \u00e0 pas, pourrait se d\u00e9finir comme une mise en sc\u00e8ne qui favorise la puissance des suggestions pour un voyage d\u2019exploration sensorielle, sensuelle, voire \u00e9rotique. Il vous suffit de vous laisser emmener par ma voix et par la musique de Madame Patate.\" data-wplink-url-error=\"true\">Le coussin extatique<\/a>\u00ab\u00a0<\/p>\n<p style=\"text-align: justify;\">Work in progress&#8230;<\/p>\n<blockquote>\n<p style=\"text-align: center;\"><strong>Ritutoel: <\/strong><strong>Le tuto du rituel<\/strong><\/p>\n<p style=\"text-align: center;\"><strong> 1: LIQUIDATION<\/strong><\/p>\n<\/blockquote>\n<p style=\"text-align: justify;\">=&gt;&gt; Le Podcast de <a href=\"http:\/\/www.radiocampus.be\/\" target=\"_blank\" rel=\"noopener\">Radio Campus<\/a>\u00a0pour le suivre en audio avec <a href=\"http:\/\/madamepatate.com\" target=\"_blank\" rel=\"noopener\">Madame Patate<\/a> et moi<\/p>\n<p style=\"text-align: justify;\"><span class=\"oi732d6d ik7dh3pa d2edcug0 qv66sw1b c1et5uql a8c37x1j irj2b8pg enqfppq2 jq4qci2q a3bd9o3v knj5qynh oo9gr5id hzawbc8m\" dir=\"auto\">A partir de la minute 27 (patience, ce qui est jou\u00e9 avant en vaut la peine aussi)<\/span><\/p>\n<p style=\"text-align: justify;\">Liquidation n&rsquo;est pas encore sur <a href=\"https:\/\/marielisel.bandcamp.com\/\" target=\"_blank\" rel=\"noopener\">mon Bandcamp<\/a>, mais vous y trouverez le second \u00e9pisode avec <a href=\"https:\/\/marielisel.bandcamp.com\/album\/boa-cr-ation-radio-2016-4433\" target=\"_blank\" rel=\"noopener\">bOa<\/a>, <a href=\"https:\/\/marielisel.bandcamp.com\/track\/fantasmes-cr-ation-radio-2018-52-45\" target=\"_blank\" rel=\"noopener\">Fantasmes<\/a>, <a href=\"https:\/\/marielisel.bandcamp.com\/album\/agogies-cr-ation-radio-2017-17\" target=\"_blank\" rel=\"noopener\">Agogies<\/a>, <a href=\"https:\/\/marielisel.bandcamp.com\/album\/merci-madame-cr-ation-radio-2013-28\" target=\"_blank\" rel=\"noopener\">Merci Madame<\/a>&#8230;<\/p>\n<p><iframe loading=\"lazy\" title=\"Campus Info Ritutoel De Liquidation - Lun 6\/04\/20\" width=\"100%\" height=\"120\" src=\"https:\/\/www.mixcloud.com\/widget\/iframe\/?feed=https%3A%2F%2Fwww.mixcloud.com%2Fkika-radiocampusbruxelles%2Fcampus-info-ritutoel-de-liquidation-lun-60420%2F&amp;hide_cover=1\" frameborder=\"0\" allow=\"encrypted-media; fullscreen; autoplay; idle-detection; speaker-selection; web-share;\"><\/iframe><\/p>\n<p style=\"text-align: justify;\">\n<p style=\"text-align: justify;\"><strong>Pr\u00e9sentation<\/strong><\/p>\n<p style=\"text-align: justify;\">Pour ce premier Ritutoel, intitul\u00e9 \u00ab\u00a0Liquidation\u00a0\u00bb, nous allons laisser partir tr\u00e8s loin un ressenti personnel sans lequel on se sentirait carr\u00e9ment mieux!<\/p>\n<p style=\"text-align: justify;\">Nous allons r\u00e9aliser, chacune dans notre espace, une s\u00e9rie d&rsquo;actions pour liquider une sensation de poids, tension, fatigue, col\u00e8re, agacement, explosion, morosit\u00e9, tristesse, stress, abattement, frustration&#8230; chacune a sa propre mati\u00e8re \u00e0 liquider.<\/p>\n<p style=\"text-align: justify;\">Sonde-toi! Fais ton choix&#8230;<\/p>\n<p style=\"text-align: justify;\">Evidemment, tu as le pouvoir d&rsquo;adapter le mat\u00e9riel, les actions et les suggestions. Le ritutoel ne demande qu&rsquo;\u00e0 \u00eatre ajust\u00e9, en toute libert\u00e9 et cr\u00e9ativit\u00e9.<\/p>\n<p style=\"text-align: justify;\">En plus de l&rsquo;intention, nous aurons besoin de 4 \u00e9l\u00e9ments:<\/p>\n<ul style=\"text-align: justify;\">\n<li>Une <strong>feuille de papier<\/strong> de pr\u00e9f\u00e9rence fine, recycl\u00e9e et non chlor\u00e9e (elle va partir dans l&rsquo;eau), que tu cales sur un plateau ou dans un plat, parce que tu vas certainement d\u00e9border en \u00e9crivant-dessinant-griffonnant les yeux ferm\u00e9s<\/li>\n<li><strong>De quoi \u00e9crire et dessiner<\/strong> (marqueurs, feutres, stylos, crayons, fluos&#8230; ce qu&rsquo;il te plait)<\/li>\n<li><strong>Une odeur qui te<\/strong> <strong>donne du peps ou du calme ou<\/strong>&#8230; ce dont tu as besoin l\u00e0. Ca peut \u00eatre un fruit ou une huile essentielle ou une huile de noix ou une eau de fleur ou un parfum&#8230; si tu ne trouves pas, prends un cachou ou une graine de caf\u00e9 ou de cumin, pour le gout<\/li>\n<li><strong>Deux accessoires magiques, <\/strong>qui te donnent la sensation d&rsquo;\u00eatre magicienne ou sorci\u00e8re ou f\u00e9e ou mage ou superh\u00e9ro\u00efne&#8230; comme un foulard ou un pull ou un chapeau, une ceinture, ou une bague ou une baguette ou un doudou magique ou une perruque ou un objet ch\u00e9ri&#8230;<\/li>\n<\/ul>\n<p style=\"text-align: justify;\">Tu auras 3 minutes, dans l&rsquo;audio pour rassembler ces 7 \u00e9l\u00e9ments, mais n&rsquo;h\u00e9site pas \u00e0 les pr\u00e9parer pour profiter tranquillement de l&rsquo;interlude musical de Madame Patate.<\/p>\n<p style=\"text-align: justify;\">Voil\u00e0&#8230; bienvenue sur le podcast (\u00e0 partir de la minute 37, ce qui pr\u00e9c\u00e8de et suit est super aussi!).<\/p>\n<p style=\"text-align: justify;\">N&rsquo;h\u00e9site pas \u00e0 m&rsquo;envoyer tes impressions \u00e0 lisellesil@gmail.com.<\/p>\n<p style=\"text-align: justify;\">Bon voyage!<\/p>\n<p style=\"text-align: justify;\"><img loading=\"lazy\" decoding=\"async\" class=\"alignnone size-full wp-image-13912\" src=\"https:\/\/test2.under-construction.work\/wp-content\/uploads\/2020\/04\/92345973_218918552507261_6028917229154729984_n.jpg\" alt=\"92345973_218918552507261_6028917229154729984_n\" width=\"1792\" height=\"1792\" \/><\/p>\n<blockquote>\n<p style=\"text-align: center;\"><strong>Ritutoel: <\/strong><strong>Le tuto du rituel<\/strong><\/p>\n<p style=\"text-align: center;\"><strong> 2: GOURMENVIE<br \/>\n<\/strong><\/p>\n<\/blockquote>\n<p style=\"text-align: justify;\">Le Podcast de <a href=\"http:\/\/www.radiocampus.be\/\" target=\"_blank\" rel=\"noopener\">Radio Campus<\/a> est <a href=\"https:\/\/www.mixcloud.com\/kika-radiocampusbruxelles\/campus-info-ritutoel-gourmenvie-lun-200420\/?fbclid=IwAR1-jOahybGc1S4NPJgg2K1uJSfPMXxYSR7hZvFci-V732Lq6-kKZz4FSa4\" target=\"_blank\" rel=\"noopener\">en ligne ici <\/a>pour le suivre en audio avec <a href=\"http:\/\/madamepatate.com\" target=\"_blank\" rel=\"noopener\">Madame Patate<\/a> et moi<\/p>\n<p><iframe loading=\"lazy\" title=\"Campus Info Ritutoel Gourmenvie - Lun 20\/04\/20\" width=\"100%\" height=\"120\" src=\"https:\/\/www.mixcloud.com\/widget\/iframe\/?feed=https%3A%2F%2Fwww.mixcloud.com%2Fkika-radiocampusbruxelles%2Fcampus-info-ritutoel-gourmenvie-lun-200420%2F&amp;hide_cover=1\" frameborder=\"0\" allow=\"encrypted-media; fullscreen; autoplay; idle-detection; speaker-selection; web-share;\"><\/iframe><\/p>\n<p style=\"text-align: justify;\">\n<p style=\"text-align: justify;\">Vous trouverez \u00e9galement Gourmenvie sur <a href=\"https:\/\/marielisel.bandcamp.com\/\" target=\"_blank\" rel=\"noopener\">mon Bandcamp<\/a>, avec <a href=\"https:\/\/marielisel.bandcamp.com\/album\/boa-cr-ation-radio-2016-4433\" target=\"_blank\" rel=\"noopener\">bOa<\/a>, <a href=\"https:\/\/marielisel.bandcamp.com\/track\/fantasmes-cr-ation-radio-2018-52-45\" target=\"_blank\" rel=\"noopener\">Fantasmes<\/a>, <a href=\"https:\/\/marielisel.bandcamp.com\/album\/agogies-cr-ation-radio-2017-17\" target=\"_blank\" rel=\"noopener\">Agogies<\/a>, <a href=\"https:\/\/marielisel.bandcamp.com\/album\/merci-madame-cr-ation-radio-2013-28\" target=\"_blank\" rel=\"noopener\">Merci Madame<\/a>&#8230;<\/p>\n<p style=\"text-align: justify;\"><strong>Pr\u00e9sentation<\/strong><\/p>\n<p style=\"text-align: justify;\">Pour ce second Ritutoel, intitul\u00e9 \u00ab Gourmenvie \u00bb, nous allons laisser monter tr\u00e8s haut nos sensations du vivant.<\/p>\n<p style=\"text-align: justify;\">Nous allons r\u00e9aliser, chacune dans notre espace, une s\u00e9rie d\u2019actions pour c\u00e9l\u00e9brer la vie sous toutes ses formes, int\u00e9grer le r\u00e9veil que certaines sensations nous procurent et go\u00fbter au ravissement, \u00e0 la qui\u00e9tude, \u00e0 l\u2019\u00e9vidence de faire partie du sensible, de l&rsquo;unit\u00e9 du vivant.<\/p>\n<p style=\"text-align: justify;\">Evidemment, tu as le pouvoir d\u2019adapter le mat\u00e9riel, les actions et les suggestions. Le ritutoel ne demande qu\u2019\u00e0 \u00eatre ajust\u00e9, en toute libert\u00e9 et cr\u00e9ativit\u00e9!<\/p>\n<p style=\"text-align: justify;\">En plus de l\u2019intention, nous aurons besoin de 7 \u00e9l\u00e9ments:<\/p>\n<p style=\"text-align: justify;\">Tu auras 3 minutes, pour rassembler ces 7 \u00e9l\u00e9ments, pendant l\u2019interlude musical de Madame Patate. Et je vais r\u00e9p\u00e9ter une seconde fois. Mais tu peux aussi les pr\u00e9parer et profiter de l&rsquo;interlude musical de Madame Patate.<\/p>\n<ul style=\"text-align: justify;\">\n<li>Une <strong>plante vivante <\/strong>(si tu n\u2019en as pas, prends un fruit frais ou un l\u00e9gume frais)<\/li>\n<li><strong>Un objet avec lequel faire un son<\/strong> magique (une cuill\u00e8re dans un verre, un grelot, un pot rempli de grains, un trousseau de cl\u00e9s\u2026)<\/li>\n<li><strong>Deux mati\u00e8res \u00e0 passer sur la peau<\/strong>, une qui r\u00e9veille, interpelle, interroge (gant de crin, corde de coco, verre froid) et une qui apaise, adoucit (pull tout doux, galet lisse, foulard, \u2026)<\/li>\n<li><strong>Deux aliments<\/strong>: un qui r\u00e9veille (moutarde, vinaigre de vin, citron\u2026) et un qui te fait du bien en douceur, fraicheur,\u00a0 qui te donne ce dont tu as besoin l\u00e0.<\/li>\n<li><strong>Un accessoire magique, <\/strong>qui te donne la sensation d\u2019\u00eatre magicienne, sorci\u00e8re, f\u00e9e, superh\u00e9ro\u00efne\u2026 comme un foulard, un chapeau, une ceinture, une bague une baguette un doudou magique, une perruque, un objet ch\u00e9ri\u2026<\/li>\n<\/ul>\n<p style=\"text-align: justify;\">Bon voyage!<\/p>\n<p style=\"text-align: justify;\">N&rsquo;h\u00e9site pas \u00e0 m&rsquo;envoyer tes impressions \u00e0 lisellesil@gmail.com.<\/p>\n<p style=\"text-align: justify;\"><img loading=\"lazy\" decoding=\"async\" class=\"alignnone size-full wp-image-13914\" src=\"https:\/\/test2.under-construction.work\/wp-content\/uploads\/2020\/04\/92319988_528116008136082_1789499451023294464_n.jpg\" alt=\"92319988_528116008136082_1789499451023294464_n\" width=\"2030\" height=\"2030\" \/><\/p>\n<p style=\"text-align: justify;\">\n<blockquote>\n<p style=\"text-align: center;\"><strong>Ritutoel: <\/strong><strong>Le tuto du rituel<\/strong><\/p>\n<p style=\"text-align: center;\"><strong>3: COUSSIN EXTATIQUE<\/strong><\/p>\n<\/blockquote>\n<p style=\"text-align: justify;\">Le Podcast de <a href=\"http:\/\/www.radiocampus.be\/\" target=\"_blank\" rel=\"noopener\">Radio Campus<\/a> est <span data-offset-key=\"5070d-0-0\"><a href=\"https:\/\/www.mixcloud.com\/kika-radiocampusbruxelles\/campus-info-ritutoel-du-coussin-extatique-lun-100521\/\">en ligne ici<\/a><\/span><a href=\"https:\/\/www.mixcloud.com\/kika-radiocampusbruxelles\/campus-info-ritutoel-gourmenvie-lun-200420\/?fbclid=IwAR1-jOahybGc1S4NPJgg2K1uJSfPMXxYSR7hZvFci-V732Lq6-kKZz4FSa4\" target=\"_blank\" rel=\"noopener\">\u00a0<\/a>pour le suivre en audio avec <a href=\"http:\/\/madamepatate.com\" target=\"_blank\" rel=\"noopener\">Madame Patate<\/a> et moi<\/p>\n<p><iframe loading=\"lazy\" title=\"Campus Info Ritutoel Du Coussin Extatique - Lun 10\/05\/21\" width=\"100%\" height=\"120\" src=\"https:\/\/www.mixcloud.com\/widget\/iframe\/?feed=https%3A%2F%2Fwww.mixcloud.com%2Fkika-radiocampusbruxelles%2Fcampus-info-ritutoel-du-coussin-extatique-lun-100521%2F&amp;hide_cover=1\" frameborder=\"0\" allow=\"encrypted-media; fullscreen; autoplay; idle-detection; speaker-selection; web-share;\"><\/iframe><\/p>\n<div class=\"\" data-block=\"true\" data-editor=\"192fl\" data-offset-key=\"5070d-0-0\">\n<div class=\"_1mf _1mj\" data-offset-key=\"5070d-0-0\">\n<p style=\"text-align: justify;\">Pour ce troisi\u00e8me Ritutoel, intitul\u00e9 \u00ab Coussin extatique \u00bb, nous allons explorer l&rsquo;\u00e9rotisme.\u00a0<span data-offset-key=\"44aqh-0-0\">Il pourrait se d\u00e9finir comme une mise en sc\u00e8ne qui favorise la puissance des suggestions pour un voyage d\u2019exploration sensorielle, sensuelle, voire sexuelle. Il te suffit de te laisser emmener par ma voix et par la musique de Madame Patate.\u00a0<\/span>Evidemment, tu as le pouvoir d\u2019adapter le mat\u00e9riel, les actions et les suggestions. Le ritutoel ne demande qu\u2019\u00e0 \u00eatre ajust\u00e9, en toute libert\u00e9 et cr\u00e9ativit\u00e9!<\/p>\n<p style=\"text-align: justify;\">En plus de l\u2019intention, nous aurons besoin de 7 \u00e9l\u00e9ments.\u00a0Tu auras 3 minutes pour les rassembler, pendant l\u2019interlude musical de Madame Patate. Mais tu peux aussi les pr\u00e9parer et profiter de la musique des lapins.<\/p>\n<ul style=\"text-align: justify;\">\n<li><span data-offset-key=\"5070d-2-0\">un gros coussin ou un oreiller<\/span><\/li>\n<li><span data-offset-key=\"5070d-2-0\">deux feuilles de papier<\/span><\/li>\n<li><span data-offset-key=\"5070d-2-0\">un stylo, <\/span><\/li>\n<li><span data-offset-key=\"5070d-2-0\">un plat ou une casserole<\/span><\/li>\n<li><span data-offset-key=\"5070d-2-0\">un verre d\u2019eau<\/span><\/li>\n<li><span data-offset-key=\"5070d-2-0\">un briquet<\/span><\/li>\n<li><span data-offset-key=\"5070d-2-0\">un casque ferm\u00e9.<\/span><\/li>\n<\/ul>\n<p style=\"text-align: justify;\">Bon voyage!<\/p>\n<p style=\"text-align: justify;\">N&rsquo;h\u00e9site pas \u00e0 m&rsquo;envoyer tes impressions \u00e0 lisellesil@gmail.com.<\/p>\n<p><img loading=\"lazy\" decoding=\"async\" class=\"alignnone size-full wp-image-11818\" src=\"https:\/\/test2.under-construction.work\/wp-content\/uploads\/2018\/12\/46988683_2188700571195932_3887043186400428032_n.jpg\" alt=\"\" width=\"564\" height=\"564\" \/><\/p>\n<\/div>\n<\/div>\n","protected":false},"excerpt":{"rendered":"<p>Tu as bien lu en d\u00e9tail ce qu&rsquo;est un rituel d&rsquo;impulsion dans la page qui lui est consacr\u00e9e? C&rsquo;est un rituel: \u00e0 cr\u00e9er soi-m\u00eame en s\u00e9ance ou \u00e0 adapter librement \u00e0 partir d&rsquo;un tuto ou d&rsquo;un t\u00e9moignage ou d&rsquo;exp\u00e9riences diverses \u00e0 r\u00e9aliser en individuel avec une intention de transformation positive de soi-m\u00eame (\u00ab\u00a0gr\u00e2ce au rituel [&hellip;]<\/p>\n","protected":false},"author":2,"featured_media":13864,"parent":13756,"menu_order":0,"comment_status":"closed","ping_status":"closed","template":"","meta":{"footnotes":""},"class_list":["post-13840","page","type-page","status-publish","has-post-thumbnail","hentry"],"_links":{"self":[{"href":"https:\/\/test2.under-construction.work\/index.php\/wp-json\/wp\/v2\/pages\/13840","targetHints":{"allow":["GET"]}}],"collection":[{"href":"https:\/\/test2.under-construction.work\/index.php\/wp-json\/wp\/v2\/pages"}],"about":[{"href":"https:\/\/test2.under-construction.work\/index.php\/wp-json\/wp\/v2\/types\/page"}],"author":[{"embeddable":true,"href":"https:\/\/test2.under-construction.work\/index.php\/wp-json\/wp\/v2\/users\/2"}],"replies":[{"embeddable":true,"href":"https:\/\/test2.under-construction.work\/index.php\/wp-json\/wp\/v2\/comments?post=13840"}],"version-history":[{"count":0,"href":"https:\/\/test2.under-construction.work\/index.php\/wp-json\/wp\/v2\/pages\/13840\/revisions"}],"up":[{"embeddable":true,"href":"https:\/\/test2.under-construction.work\/index.php\/wp-json\/wp\/v2\/pages\/13756"}],"wp:featuredmedia":[{"embeddable":true,"href":"https:\/\/test2.under-construction.work\/index.php\/wp-json\/"}],"wp:attachment":[{"href":"https:\/\/test2.under-construction.work\/index.php\/wp-json\/wp\/v2\/media?parent=13840"}],"curies":[{"name":"wp","href":"https:\/\/api.w.org\/{rel}","templated":true}]}}