{"id":14,"date":"2015-11-28T17:41:48","date_gmt":"2015-11-28T16:41:48","guid":{"rendered":"https:\/\/marielisel.com\/?page_id=14"},"modified":"2015-11-28T17:41:48","modified_gmt":"2015-11-28T16:41:48","slug":"seance-hypnose","status":"publish","type":"page","link":"https:\/\/test2.under-construction.work\/index.php\/seance-hypnose\/","title":{"rendered":"S\u00e9ances d\u2019hypnose"},"content":{"rendered":"<p class=\"western\" lang=\"fr-FR\" align=\"justify\">CONTACT<\/p>\n<p class=\"western\" lang=\"fr-FR\" align=\"justify\">Vous pouvez me joindre \u00e0 l&rsquo;adresse: <span style=\"font-size:small;\">lisellesil <em>AT <\/em>gmail.com. <\/span><\/p>\n<p class=\"western\" lang=\"fr-FR\" align=\"justify\">Je suis praticienne certifi\u00e9e par l&rsquo;Arche (www.arche-hypnose.com), apr\u00e8s avoir suivi de nombreuses formations, \u00e0 l&rsquo;Arche et ailleurs (Institut de Nouvelle Hypnose de Bruxelles, Hypnose appliqu\u00e9e par Antoine Garnier, Institut Fran\u00e7ais d&rsquo;Hypnose).<\/p>\n<p class=\"western\" lang=\"fr-FR\" align=\"justify\">Je souscris \u00e0 la charte \u00e9thique de l&rsquo;Arche (http:\/\/www.arche-hypnose.com\/wordpress\/wp-content\/uploads\/2013\/09\/La-charte-Arche.pdf).<\/p>\n<p><span style=\"font-size:small;\">Je vous demanderai, \u00e0 chaque prise de rendez-vous, de remplir un questionnaire et de me le renvoyer par email \u00e0 lisellesil<em>AT<\/em>gmail.com. Cette premi\u00e8re t\u00e2che fait partie du contrat de confiance. Vous pouvez m\u2019\u00e9crire \u00e0 l\u2019adresse lisellesil AT gmail.com en sp\u00e9cifiant votre demande dans l\u2019objet de votre message.<\/span><\/p>\n<p>Bienvenue \ud83d\ude42<\/p>\n<p class=\"western\" lang=\"fr-FR\" align=\"justify\">LIEU<\/p>\n<p class=\"western\" lang=\"fr-FR\" align=\"justify\"><span style=\"font-size:small;\">Je re\u00e7ois en consultation \u00e0 Paris, en cabinet d\u2019hypnose (13 rue de Tr\u00e9vise, Paris 9<\/span><sup><span style=\"font-size:small;\">\u00e8me<\/span><\/sup><span style=\"font-size:small;\">), mais aussi \u00e0 votre bureau ou domicile, dehors (vive les parcs, les brasseries tranquilles, les mus\u00e9es, une galerie partenaire&#8230;) et par skype (o\u00f9 que vous soyez). Occasionnellement, je re\u00e7ois \u00e9galement \u00e0 Bruxelles et \u00e0 Berlin.<br \/>\n<\/span><\/p>\n<p class=\"western\" lang=\"fr-FR\" align=\"justify\"><img loading=\"lazy\" decoding=\"async\" class=\" size-full wp-image-1193 aligncenter\" src=\"https:\/\/test2.under-construction.work\/wp-content\/uploads\/2015\/11\/capture-d_ecc81cran-2016-01-15-acc80-11-20-47.png\" alt=\"Capture d\u2019e\u0301cran 2016-01-15 a\u0300 11.20.47\" width=\"208\" height=\"106\" \/><\/p>\n<p>SEANCE<\/p>\n<p>Lors d&rsquo;une s\u00e9ance, nous faisons connaissance, cernons votre objectif g\u00e9n\u00e9ral et votre objectif de s\u00e9ance, puis je vous accompagne pour atteindre l\u2019\u00e9tat d\u2019hypnose, dans lequel vous travaillerez \u00e0 explorer votre \u00eatre int\u00e9rieur et \u00e0 atteindre cet objectif.<\/p>\n<p class=\"western\" lang=\"fr-FR\" align=\"justify\"><span style=\"font-size:small;\">Selon les intentions et les contextes, il peut s\u2019agir d\u2019une s\u00e9ance d&rsquo;hypnose \u00e9ricksonienne acad\u00e9mique (fauteuils, travail calibr\u00e9 sur les formations en hypnose \u00e9ricksonienne), d\u2019une s\u00e9ance avec mat\u00e9riel\u00a0 sonore, d\u2019une s\u00e9ance en ext\u00e9rieur: par exemple, face \u00e0 une oeuvre dans une exposition, pour l&rsquo;exploration hypnotique artistique, en mouvement en for\u00eat pour le r\u00eave \u00e9veill\u00e9 ou le mouvement spontan\u00e9 ou l&rsquo;\u00e9coute hypnotique synesth\u00e9sique. <\/span><\/p>\n<div class=\"fusion-one-half one_half fusion-layout-column fusion-column last spacing-yes\">\n<p class=\"western\" lang=\"fr-FR\" style=\"text-align:center;\" align=\"justify\">\u00a0***<\/p>\n<p class=\"western\" lang=\"fr-FR\" align=\"justify\">PRIX DES SEANCES<\/p>\n<p class=\"western\" lang=\"fr-FR\" align=\"justify\">L&rsquo;hypnose \u00e9ricksonienne est une th\u00e9rapie <strong>courte<\/strong>.<\/p>\n<p class=\"western\" lang=\"fr-FR\" align=\"justify\">En g\u00e9n\u00e9ral, le praticien en hypnose re\u00e7oit <strong>de 1 \u00e0 6 fois pour un m\u00eame objectif<\/strong> (d\u00e9velopper la cr\u00e9ativit\u00e9, arr\u00eater de fumer, \u00eatre moins stress\u00e9 devant un public, acouph\u00e8nes&#8230;).<\/p>\n<p class=\"western\" lang=\"fr-FR\" align=\"justify\">Le prix de la s\u00e9ance d&rsquo;hypnose \u00e9ricksonienne:<\/p>\n<\/div>\n<ul>\n<li class=\"western\"><strong>S\u00e9ance d&rsquo;hypnose \u00e9ricksonienne : 80 euros<\/strong> (elle dure environ 1h et peut se faire \u00e0 mon cabinet ou \u00e0 votre domicile).<\/li>\n<li class=\"western\"><strong>S\u00e9ance d&rsquo;hypnose \u00e9ricksonienne en ext\u00e9rieur (exposition d&rsquo;art, nature&#8230;) : 80 euros<\/strong> + frais de ticket d&rsquo;entr\u00e9e, RER ou autres (elle dure environ 1h30<\/li>\n<li class=\"western\"><strong>S\u00e9ance par<\/strong> <strong>skype : 70 euros<\/strong> (elle dure environ 1h)<strong>.<\/strong><\/li>\n<li class=\"western\"><strong>Tarif \u00ab\u00a0revenu tr\u00e8s r\u00e9duit\u00a0\u00bb \u00e0<\/strong> <strong>60 euros<\/strong> pour une s\u00e9ance d&rsquo;hypnose \u00e9ricksonienne<strong>.<\/strong> Strictement r\u00e9serv\u00e9 aux \u00e9tudiants de moins de 25 ans, titulaires du statut d&rsquo;artiste, inscrits au ch\u00f4mage, titulaires du RSA \u00a0 \u00a0\u00a0 -&gt;&gt; uniquement sur pr\u00e9sentation d&rsquo;un document officiel en cours.<\/li>\n<li class=\"western\"><strong>Echange<\/strong> avec des professionnels (<span style=\"font-size:small;\">acupressure, chiropraxie, r\u00e9flexologie, massage, reiki, hypnose, PNL, RITMO, cours d&rsquo;anglais, traduction en anglais, yoga, danse contemporaine, chant, voix, approfondissement dans les programmes Reaper et Usine, aide \u00e0 la prise de son, au mixage et au mastering de pi\u00e8ces sonores, etc. ) \u00e0 discuter. <\/span><\/li>\n<\/ul>\n<p style=\"text-align:center;\">***<\/p>\n<p>A venir bient\u00f4t:<\/p>\n<ul>\n<li>S\u00e9ance d&rsquo;<strong>hypnose \u00e9ricksonienne avec mat\u00e9riel sonore \u00e9lectroacoustique<\/strong>: <strong>120 euros<\/strong> (elle dure environ 1h30).<\/li>\n<li>S\u00e9ance d&rsquo;<strong>hypnomassage<\/strong>:<strong> 200 euros<\/strong> (elle dure environ 1h30)<\/li>\n<\/ul>\n<p class=\"western\" lang=\"fr-FR\" style=\"text-align:center;\" align=\"justify\">\u00a0***<\/p>\n<p class=\"western\" lang=\"fr-FR\" align=\"justify\">Le r\u00e8glement se fait par esp\u00e8ces ou par ch\u00e8que.<\/p>\n<div class=\"fusion-one-half one_half fusion-layout-column fusion-column last spacing-yes\">\n<div class=\"fusion-column-wrapper\">\n<p><strong>Toute s\u00e9ance annul\u00e9e moins de 48h \u00e0 l&rsquo;avance est due de moiti\u00e9<\/strong><strong>. <\/strong>Merci de faire le n\u00e9cessaire pour me pr\u00e9venir en cas d\u2019emp\u00eachement.<\/p>\n<p style=\"text-align:center;\">\u00a0***<\/p>\n<p>\u00a0Bruxelles et Berlin<\/p>\n<ul>\n<li><strong>S\u00e9ance d&rsquo;hypnose \u00e9ricksonienne : 60 euros<\/strong> (elle dure environ 1h et peut se faire \u00e0 mon cabinet ou \u00e0 votre domicile).<\/li>\n<li><strong>Tarif \u00ab\u00a0revenu tr\u00e8s r\u00e9duit\u00a0\u00bb \u00e0<\/strong> 4<strong>0 euros<\/strong> pour une s\u00e9ance d&rsquo;hypnose \u00e9ricksonienne<strong>.<\/strong> Strictement r\u00e9serv\u00e9 aux \u00e9tudiants de moins de 25 ans, titulaires du statut d&rsquo;artiste, inscrits au ch\u00f4mage \u00a0 \u00a0\u00a0 -&gt;&gt; uniquement sur pr\u00e9sentation d&rsquo;un document officiel en cours.<\/li>\n<\/ul>\n<p style=\"text-align:center;\">\u00a0***<\/p>\n<\/div>\n<\/div>\n","protected":false},"excerpt":{"rendered":"<p>CONTACT Vous pouvez me joindre \u00e0 l&rsquo;adresse: lisellesil AT gmail.com. Je suis praticienne certifi\u00e9e par l&rsquo;Arche (www.arche-hypnose.com), apr\u00e8s avoir suivi de nombreuses formations, \u00e0 l&rsquo;Arche et ailleurs (Institut de Nouvelle Hypnose de Bruxelles, Hypnose appliqu\u00e9e par Antoine Garnier, Institut Fran\u00e7ais d&rsquo;Hypnose). Je souscris \u00e0 la charte \u00e9thique de l&rsquo;Arche (http:\/\/www.arche-hypnose.com\/wordpress\/wp-content\/uploads\/2013\/09\/La-charte-Arche.pdf). Je vous demanderai, \u00e0 chaque [&hellip;]<\/p>\n","protected":false},"author":2,"featured_media":0,"parent":0,"menu_order":0,"comment_status":"closed","ping_status":"closed","template":"","meta":{"footnotes":""},"class_list":["post-14","page","type-page","status-publish","hentry"],"_links":{"self":[{"href":"https:\/\/test2.under-construction.work\/index.php\/wp-json\/wp\/v2\/pages\/14","targetHints":{"allow":["GET"]}}],"collection":[{"href":"https:\/\/test2.under-construction.work\/index.php\/wp-json\/wp\/v2\/pages"}],"about":[{"href":"https:\/\/test2.under-construction.work\/index.php\/wp-json\/wp\/v2\/types\/page"}],"author":[{"embeddable":true,"href":"https:\/\/test2.under-construction.work\/index.php\/wp-json\/wp\/v2\/users\/2"}],"replies":[{"embeddable":true,"href":"https:\/\/test2.under-construction.work\/index.php\/wp-json\/wp\/v2\/comments?post=14"}],"version-history":[{"count":0,"href":"https:\/\/test2.under-construction.work\/index.php\/wp-json\/wp\/v2\/pages\/14\/revisions"}],"wp:attachment":[{"href":"https:\/\/test2.under-construction.work\/index.php\/wp-json\/wp\/v2\/media?parent=14"}],"curies":[{"name":"wp","href":"https:\/\/api.w.org\/{rel}","templated":true}]}}