{"id":14058,"date":"2020-04-20T21:13:20","date_gmt":"2020-04-20T20:13:20","guid":{"rendered":"https:\/\/marielisel.com\/?page_id=14058"},"modified":"2020-04-20T21:13:20","modified_gmt":"2020-04-20T20:13:20","slug":"ateliers-en-visioconference","status":"publish","type":"page","link":"https:\/\/test2.under-construction.work\/index.php\/ateliers-pour-grand-public\/atelier-dintroduction-a-lautohypnose\/ateliers-en-visioconference\/","title":{"rendered":"Ateliers d&rsquo;exploration en visio (par Jitsi)"},"content":{"rendered":"<p style=\"text-align:justify;\"><strong>Accompagner un r\u00eave d&rsquo;un groupe de voyageuses et voyageurs \u00e0 domicile, qui planent chacun.e dans leur canap\u00e9 ou leur lit&#8230; c&rsquo;est un programme qui me plait.<\/strong><\/p>\n<p style=\"text-align:justify;\">Pour r\u00e9sumer:<\/p>\n<p style=\"text-align:justify;\">Apr\u00e8s une intro explicative sur la technique (r\u00eave \u00e9veill\u00e9 et hypnose \u00e9ricksonienne) et sur le sujet du jour (th\u00e9matique \u00ab nature \u00bb, \u00e9l\u00e9ments biologiques et \u00e9thologiques, pour nourrir ton r\u00eave), tu t\u2019installes confortablement, le visage bien visible \u00e0 l\u2019\u00e9cran, et tu te laisses guider par ma voix pour explorer ton paysage int\u00e9rieur en libert\u00e9 et s\u00e9curit\u00e9 (je veille aux deux!).<\/p>\n<p style=\"text-align:justify;\">L&rsquo;atelier te permet d&rsquo;entrer dans ton espace onirique de fa\u00e7on confortable, d&rsquo;y d\u00e9couvrir tes repr\u00e9sentations, d&rsquo;y explorer tes processus, mais aussi et surtout d&rsquo;y vivre des sensations et impressions \u00e9tonnantes \u00e0 travers les plantes et les animaux. Envole-toi en m\u00e9sange, glisse dans la terre en ver, jaillit vers le soleil en v\u00e9g\u00e9tal, transforme-toi comme le papillon, glisse de corps en corps de serpent&#8230;<\/p>\n<p style=\"text-align:justify;\">Puis, lorsque tout le monde est revenu.e \u00e0 notre ici et maintenant, nous partageons quelques sensations, visions, compr\u00e9hensions profondes avant de nous souhaiter de jolis r\u00eaves \u2013 nocturnes cette fois.<\/p>\n<p style=\"text-align:justify;\">Ces ateliers d&rsquo;exploration sont <a href=\"https:\/\/test2.under-construction.work\/oniroqueer-ateliers-dexploration-en-visio-par-jitsi\/\" target=\"_blank\" rel=\"noopener\">onirO-Queer<\/a> et <a href=\"https:\/\/test2.under-construction.work\/ateliers-pour-grand-public\/atelier-dintroduction-a-lautohypnose\/ateliers-en-visioconference\/connexion-onirique-avec-la-nature-serie-dateliers-en-visio-sur-jitsi\/\" target=\"_blank\" rel=\"noopener\">Naturons-nous.<\/a><\/p>\n<figure id=\"attachment_10054\" aria-describedby=\"caption-attachment-10054\" style=\"width: 995px\" class=\"wp-caption alignnone\"><img loading=\"lazy\" decoding=\"async\" class=\"alignnone size-full wp-image-10054\" src=\"https:\/\/test2.under-construction.work\/wp-content\/uploads\/2018\/04\/p1150065.jpg\" alt=\"P1150065\" width=\"995\" height=\"768\" \/><figcaption id=\"caption-attachment-10054\" class=\"wp-caption-text\">Accompagnante printani\u00e8re (en Gaume)<\/figcaption><\/figure>\n<p style=\"text-align:justify;\"><strong>LEQUEL REJOINDRE?<\/strong><\/p>\n<p style=\"text-align:justify;\"><a href=\"https:\/\/test2.under-construction.work\/ateliers-pour-grand-public\/atelier-dintroduction-a-lautohypnose\/ateliers-en-visioconference\/connexion-onirique-avec-la-nature-serie-dateliers-en-visio-sur-jitsi\/\" target=\"_blank\" rel=\"noopener\">Naturons-nous<\/a> est <strong>ouvert \u00e0 chacun.e<\/strong>, quelle que soit sa (d\u00e9)construction.<\/p>\n<p style=\"text-align:justify;\"><a href=\"https:\/\/test2.under-construction.work\/oniroqueer-ateliers-dexploration-en-visio-par-jitsi\/\" target=\"_blank\" rel=\"noopener\">onirOQuer<\/a> est r\u00e9serv\u00e9 au cercle LGBTQIA+, pour proposer un espace inclusif safe, o\u00f9 il n&rsquo;est <strong>pas n\u00e9cessaire d&rsquo;expliquer<\/strong> les questions d&rsquo;humour oppressif, le fait de m\u00e9genrer, la NB, les TERF&#8230; et autres trucs de (non-)d\u00e9construction.<\/p>\n<p style=\"text-align:justify;\">Bienvenue!<\/p>\n<figure id=\"attachment_11727\" aria-describedby=\"caption-attachment-11727\" style=\"width: 679px\" class=\"wp-caption alignnone\"><img loading=\"lazy\" decoding=\"async\" class=\"alignnone  wp-image-11727\" src=\"https:\/\/test2.under-construction.work\/wp-content\/uploads\/2018\/11\/hydre.jpg\" alt=\"hydre\" width=\"679\" height=\"449\" \/><figcaption id=\"caption-attachment-11727\" class=\"wp-caption-text\">Histoire d&rsquo;hydre<\/figcaption><\/figure>\n<blockquote>\n<p style=\"text-align:center;\"><strong>Les ateliers d&rsquo;exploration<\/strong><\/p>\n<p style=\"text-align:center;\"><a href=\"https:\/\/test2.under-construction.work\/oniroqueer-ateliers-dexploration-en-visio-par-jitsi\/\" target=\"_blank\" rel=\"noopener\">onirOQuer<\/a> et <a href=\"https:\/\/test2.under-construction.work\/ateliers-pour-grand-public\/atelier-dintroduction-a-lautohypnose\/ateliers-en-visioconference\/connexion-onirique-avec-la-nature-serie-dateliers-en-visio-sur-jitsi\/\" target=\"_blank\" rel=\"noopener\">Naturons-nous<\/a><\/p>\n<\/blockquote>\n<p><strong>EXPLORATION CONFORTABLE<\/strong><\/p>\n<p style=\"text-align:justify;\">Ces ateliers sont tranquilles, car uniquement exploratoires, selon l&rsquo;axe \u00ab\u00a0L&rsquo;hypnose et le r\u00eave \u00e9veill\u00e9 pour <a href=\"https:\/\/test2.under-construction.work\/seance-hypnose\/elargir-les-limites-de-notre-liberte\/\" target=\"_blank\" rel=\"noopener\">cr\u00e9er son monde<\/a>\u00ab\u00a0.<\/p>\n<p style=\"text-align:justify;\">Il s&rsquo;agit de s&rsquo;\u00e9veiller, d&rsquo;ouvrir ses horizons, d&rsquo;augmenter ses connexions profondes, de se rencontrer \u00e0 l&rsquo;int\u00e9rieur de soi, d&rsquo;exp\u00e9rimenter des \u00e9tats in\u00e9dits et agr\u00e9ables, d&rsquo;explorer des possibles auparavant impensables, de se permettre une mise en mouvement confortable.<\/p>\n<p style=\"text-align:justify;\">Je n&rsquo;aime pas le mot \u00ab\u00a0r\u00e9cr\u00e9atif\u00a0\u00bb, li\u00e9 \u00e0 la facilit\u00e9 de la soci\u00e9t\u00e9 capitaliste, avec son pain et ses jeux. C&rsquo;est l&rsquo;inverse de ce que je cherche \u00e0 partager. Non pas une \u00ab\u00a0distraction\u00a0\u00bb qui emp\u00eache d&rsquo;avoir un regard \u00e9clair\u00e9 sur le monde, non pas un divertissement qui \u00ab\u00a0vider la t\u00eate\u00a0\u00bb et d\u00e9foule, mais bien un focus sur ses couches profondes et une ouverture inou\u00efe, qui change la repr\u00e9sentation du monde.<\/p>\n<p style=\"text-align:justify;\">Je pr\u00e9cise encore qu&rsquo;il ne s&rsquo;agit pas d&rsquo;un travail th\u00e9rapeutique \u00e0 proprement parler (m\u00eame si mieux se connaitre et \u00e9largir sa zone de confort aide ^^). Nous ne cherchons pas une solution \u00e0 un probl\u00e8me, nous ne c\u00f4toyons pas les zones d&rsquo;ombres.<\/p>\n<p><strong>CONTRAT<\/strong><\/p>\n<p style=\"text-align:justify;\">Le contrat entre nous est d&rsquo;ailleurs celui-l\u00e0: rester dans les balises du suffisamment confortable, aller vers l&rsquo;\u00e9veil, la joie, la lumi\u00e8re et garder la voix drapeau en fil rouge.<\/p>\n<p>Ces pr\u00e9cautions prises&#8230; voil\u00e0 &#8230; et hop, en vol!<\/p>\n<p><img loading=\"lazy\" decoding=\"async\" class=\"alignnone size-full wp-image-14150\" src=\"https:\/\/test2.under-construction.work\/wp-content\/uploads\/2020\/03\/92811796_10158195604779700_5076065609117073408_n.jpg\" alt=\"92811796_10158195604779700_5076065609117073408_n\" width=\"960\" height=\"960\" \/><\/p>\n<blockquote>\n<p style=\"text-align:center;\"><strong>Quelques extraits de textes laiss\u00e9s par les r\u00eaveuses et r\u00eaveurs <\/strong><\/p>\n<p style=\"text-align:center;\"><strong>en visio de groupe sur le th\u00e8me de la nature<br \/>\n<\/strong><\/p>\n<\/blockquote>\n<p>&nbsp;<\/p>\n<p><em><span class=\"_5yl5\">J\u2019ai plong\u00e9 tr\u00e8s loin dans un cocon int\u00e9rieur, l\u2019impression de descendre palier par palier \u00e0 l\u2019int\u00e9rieur de moi, dans une transe profonde. <\/span><\/em><\/p>\n<p>&nbsp;<\/p>\n<p><em><span class=\"_5yl5\">Un papillon vient butiner mon visage, ses pattes et sa trompe me tire vers lui. Il m\u2019emm\u00e8ne dans son envol, tandis que mon corps reste allong\u00e9, je me vois lentement d\u00e9coller au dessus de moi m\u00eame.<\/span><\/em><\/p>\n<p>&nbsp;<\/p>\n<p><em><span class=\"_5yl5\">Je sens la mollesse, la souplesse, la fluidit\u00e9 du corps mollusque qui glisse dans l\u2019eau. Je me tortille et me roule, ma langue caresse mon palais. <\/span><span class=\"_5yl5\">Je baille \u00e9norm\u00e9ment, les mouvement s\u2019enroulent autour de mon tube digestif. La bouche est un nouveau centre.<\/span><\/em><\/p>\n<p>&nbsp;<\/p>\n<p><span id=\"cch_f1547e33e7e208\" class=\"_mh6 _wsc\"><span class=\"_3oh- _58nk\"><em>Port\u00e9es par les vagues ou glissant le long de la surface d\u2019une pierre ou d\u2019une autre limace, se toucher les tentacules, se titiller la petite boule aux extr\u00e9mit\u00e9s du corps, enserrer sa cr\u00eate!<\/em> <\/span><\/span><\/p>\n<p>&nbsp;<\/p>\n<p><span class=\"_3oh- _58nk\"><em>Je cr\u00e9e quelques graines pour lui offrir alors il rentre dans mon corps par le dos ses ailes se d\u00e9ploient derri\u00e8res mes bras je vole dans les branches de l\u2019arbre, je joue avec l\u2019arbre la fleur et l\u2019oiseau tout est dansant et joyeux<\/em> <\/span><\/p>\n<p>&nbsp;<\/p>\n<p><em><span class=\"_3oh- _58nk\">je me vois allong\u00e9 \u00e0 la source je m\u2019endormant en m\u2019observant dormir \u00e0 l\u2019interieur je songe que ce serait plus agr\u00e9able de ne pas dormir seul alors je r\u00eave d\u2019un ours, un gentil qui vient avec moi dans le lit il est dans mon dos et me prend dans ses bras sa grosse patte griffue m\u2019entoure tendrement je suis trop bien blotti contre lui, sa fourrure est douce je m\u2019abandonne dans le confort,<\/span><\/em><\/p>\n<p>&nbsp;<\/p>\n<p><span class=\"_3oh- _58nk\"><em>Cette s\u00e9ance m\u2019a beaucoup apais\u00e9, comme mass\u00e9 depuis l\u2019int\u00e9rieur et \u00e0 des endroits qui sont d\u2019habitude oubli\u00e9s, jusqu\u2019\u00e0 l\u2019imagination. Ca a cr\u00e9\u00e9 un nouveau lien avec mon corps avec ces parties de l\u2019ombre.<\/em> <\/span><\/p>\n<p>&nbsp;<\/p>\n<figure id=\"attachment_14566\" aria-describedby=\"caption-attachment-14566\" style=\"width: 467px\" class=\"wp-caption alignnone\"><img loading=\"lazy\" decoding=\"async\" class=\"alignnone size-full wp-image-14566\" src=\"https:\/\/test2.under-construction.work\/wp-content\/uploads\/2020\/05\/capture-de28099ecc81cran-2020-05-14-acc80-15.01.39.png\" alt=\"Capture d\u2019e\u0301cran 2020-05-14 a\u0300 15.01.39\" width=\"467\" height=\"423\" \/><figcaption id=\"caption-attachment-14566\" class=\"wp-caption-text\">Marina Abramovic<\/figcaption><\/figure>\n<p>&nbsp;<\/p>\n<blockquote>\n<p style=\"text-align:center;\"><strong>Sessions d&rsquo;apprentissage pour les professionnel.le.s de l&rsquo;accompagnement<br \/>\n<\/strong><\/p>\n<p style=\"text-align:center;\"><strong>Accompagner un r\u00eave \u00e9veill\u00e9 dirig\u00e9 (RED)<br \/>\n<\/strong><\/p>\n<\/blockquote>\n<p style=\"text-align:justify;\">J&rsquo;enseigne ma m\u00e9thode, le R\u00eave Eveill\u00e9 Augment\u00e9 par l&rsquo;Hypnose (REAH) en stage, uniquement en pr\u00e9sentiel.<\/p>\n<p style=\"text-align:justify;\">Et lors de ces stages, je commence toujours par pr\u00e9senter rapidement mes bases, les r\u00eaves \u00e9veill\u00e9s dans diff\u00e9rentes cultures (partout et de tous temps, le r\u00eave \u00e9veill\u00e9 est une ressource) et, bien \u00e9videmment, la m\u00e9thode de Robert Desoille, qui a publi\u00e9 sa version idosyncratique en France \u00e0 partir de 1938.<\/p>\n<p>Souvent, je manque de temps. Les visios me donnent donc l&rsquo;occasion de d\u00e9velopper cet outil g\u00e9nial qui a d\u00e9j\u00e0 80 ans!<\/p>\n<p style=\"text-align:justify;\">Dans ces cours en ligne, nous apprendrons sa m\u00e9thode \u00e9tape par \u00e9tape et nous nous donnons des exercices \u00e0 r\u00e9aliser pour la visio d&rsquo;apr\u00e8s.<\/p>\n<p style=\"text-align:justify;\">Donc: cours th\u00e9orique + d\u00e9mo + prescription + d\u00e9brief + questions. Il y en aura 6-10 en tout. Ca devrait durer 3h \u00e0 chaque fois.<\/p>\n<p style=\"text-align:justify;\">Cette m\u00e9thode est accessible aux personnes qui ont d\u00e9j\u00e0 acquis les bases (positionnement, clean language, etc.) de l&rsquo;accompagnement en s\u00e9ance. Hypnos, sophros, et autres th\u00e9rapeutes divers.e.s et vari\u00e9.e.s.<\/p>\n<p>Je suis en train de r\u00e9fl\u00e9chir \u00e0 un horaire. N&rsquo;h\u00e9sitez pas \u00e0 proposer: lisellesil@gmail.com<\/p>\n<p><img loading=\"lazy\" decoding=\"async\" class=\"alignnone size-full wp-image-13672\" src=\"https:\/\/test2.under-construction.work\/wp-content\/uploads\/2020\/02\/capture-de28099ecc81cran-2020-02-26-acc80-21.30.05.png\" alt=\"Capture d\u2019e\u0301cran 2020-02-26 a\u0300 21.30.05\" width=\"868\" height=\"448\" \/><\/p>\n<p>&nbsp;<\/p>\n","protected":false},"excerpt":{"rendered":"<p>Accompagner un r\u00eave d&rsquo;un groupe de voyageuses et voyageurs \u00e0 domicile, qui planent chacun.e dans leur canap\u00e9 ou leur lit&#8230; c&rsquo;est un programme qui me plait. Pour r\u00e9sumer: Apr\u00e8s une intro explicative sur la technique (r\u00eave \u00e9veill\u00e9 et hypnose \u00e9ricksonienne) et sur le sujet du jour (th\u00e9matique \u00ab nature \u00bb, \u00e9l\u00e9ments biologiques et \u00e9thologiques, pour [&hellip;]<\/p>\n","protected":false},"author":2,"featured_media":8804,"parent":4593,"menu_order":0,"comment_status":"closed","ping_status":"closed","template":"","meta":{"footnotes":""},"class_list":["post-14058","page","type-page","status-publish","has-post-thumbnail","hentry"],"_links":{"self":[{"href":"https:\/\/test2.under-construction.work\/index.php\/wp-json\/wp\/v2\/pages\/14058","targetHints":{"allow":["GET"]}}],"collection":[{"href":"https:\/\/test2.under-construction.work\/index.php\/wp-json\/wp\/v2\/pages"}],"about":[{"href":"https:\/\/test2.under-construction.work\/index.php\/wp-json\/wp\/v2\/types\/page"}],"author":[{"embeddable":true,"href":"https:\/\/test2.under-construction.work\/index.php\/wp-json\/wp\/v2\/users\/2"}],"replies":[{"embeddable":true,"href":"https:\/\/test2.under-construction.work\/index.php\/wp-json\/wp\/v2\/comments?post=14058"}],"version-history":[{"count":0,"href":"https:\/\/test2.under-construction.work\/index.php\/wp-json\/wp\/v2\/pages\/14058\/revisions"}],"up":[{"embeddable":true,"href":"https:\/\/test2.under-construction.work\/index.php\/wp-json\/wp\/v2\/pages\/4593"}],"wp:featuredmedia":[{"embeddable":true,"href":"https:\/\/test2.under-construction.work\/index.php\/wp-json\/"}],"wp:attachment":[{"href":"https:\/\/test2.under-construction.work\/index.php\/wp-json\/wp\/v2\/media?parent=14058"}],"curies":[{"name":"wp","href":"https:\/\/api.w.org\/{rel}","templated":true}]}}