{"id":1439,"date":"2016-02-04T12:16:57","date_gmt":"2016-02-04T11:16:57","guid":{"rendered":"https:\/\/marielisel.com\/?page_id=1439"},"modified":"2016-02-04T12:16:57","modified_gmt":"2016-02-04T11:16:57","slug":"lhypnose-en-toute-securite","status":"publish","type":"page","link":"https:\/\/test2.under-construction.work\/index.php\/lhypnose-en-toute-securite\/","title":{"rendered":"L&rsquo;hypnose en toute s\u00e9curit\u00e9"},"content":{"rendered":"<p>Malgr\u00e9 tous les aspects positifs bien connus de l&rsquo;hypnose, se d\u00e9cider \u00e0 aller en s\u00e9ance soul\u00e8ve parfois de l\u00e9g\u00e8res appr\u00e9hensions.<\/p>\n<p>Pourtant, les praticiens, certifi\u00e9s par des \u00e9coles reconnues comme l&rsquo;Arche, <strong>connaissent parfaitement leurs outils<\/strong> (y compris leur propre fonctionnement), signent une <strong>charte de d\u00e9ontologie stricte<\/strong>, suivent des supervisions et sont connect\u00e9s avec des coll\u00e8gues (rares sont ceux qui travaillent uniquement avec eux-m\u00eames) en plus de <strong>mettre \u00e9videmment en place un ensemble de<\/strong> <strong>techniques sp\u00e9cifiques afin de garantir la s\u00e9curit\u00e9<\/strong> de leurs clients.<\/p>\n<p>Tout d&rsquo;abord, <strong>certains sujets seront adress\u00e9s \u00e0 des coll\u00e8gues \u00e0 la fois hypnotistes et psychiatre ou psychologues.<\/strong> Car la parano\u00efa, la schizophr\u00e9nie, l&rsquo;autisme et autres troubles sont des contre-indications \u00e0 l&rsquo;hypnose d\u00e9livr\u00e9e par un praticien non expert en psychopathologie.<\/p>\n<p>Ensuite, au d\u00e9but de la s\u00e9ance, le praticien accompagne le sujet dans la d\u00e9finition de son v\u00e9ritable objectif, ainsi que des \u00e9tapes qui l&rsquo;y m\u00e8neront<strong>. <\/strong>Ensemble, ils d\u00e9codent o\u00f9 se situent les besoins (de s\u00e9curit\u00e9, notamment), les r\u00e9sistances, les croyances, les valeurs importantes dans la vie du sujet, ainsi que les cons\u00e9quences positives et n\u00e9gatives du changement&#8230; de fa\u00e7on \u00e0<strong> permettre au sujet d&rsquo;affiner son objectif jusqu&rsquo;\u00e0 ce qu&rsquo;il corresponde parfaitement \u00e0 ce qu&rsquo;il d\u00e9sire profond\u00e9ment mettre en place, en respectant tous les points pr\u00e9cit\u00e9s.<\/strong> Cette \u00e9tape se d\u00e9roule \u00e0 travers le dialogue, mais aussi \u00e0 travers la traduction d&rsquo;un ensemble de signes inconscients (langage, gestes, expressions) et, au besoin, au moyen de la futurisation (le sujet s&rsquo;imagine dans le futur, avec le changement d\u00e9sir\u00e9 op\u00e9r\u00e9 et constate ce qui a chang\u00e9 \u00e0 diff\u00e9rents niveaux dans sa vie) ou de la transe partielle (par exemple, un doigt pour oui et un autre pour non, de fa\u00e7on \u00e0 dialoguer avec la partie profonde).\u00a0<strong> Ainsi, ce n&rsquo;est que lorsque l&rsquo;objectif est en parfaite ad\u00e9quation avec la personne que le travail vers le changement commence.<\/strong><\/p>\n<p>Ce chemin se trace de fa\u00e7on progressive, et <strong>cette progression permet au sujet de s&rsquo;approprier peu \u00e0 peu son fonctionnement interne, <\/strong>celui de son propre conscient, celui de son \u00ab\u00a0copilote\u00a0\u00bb, celui de la communication entre les parties et notamment du langage symbolique qui lui est propre, des ancrages positifs, etc. Car ce serait idiot de commencer directement par la conduite sur route de montagne ou sur le p\u00e9riph\u00e9rique, n&rsquo;est-ce pas?<\/p>\n<p>En outre, au d\u00e9but de l&rsquo;\u00e9tat hypnotique, <strong>un certain nombre de fusibles sont pos\u00e9s<\/strong>, selon le client, l&rsquo;objectif et le processus qui va suivre. Tous ne sont pas utiles en toute circonstance. Il peut s&rsquo;agir par exemple de \u00ab\u00a0vous entendrez toujours ma voix et vous y r\u00e9agirez\u00a0\u00bb, de \u00ab\u00a0\u00e0 la fin de cette s\u00e9ance, ce qui doit rester au pass\u00e9 reste au pass\u00e9 et vous ne reviendrez au pr\u00e9sent qu&rsquo;avec ce qui est positif pour votre cheminement\u00a0\u00bb, de \u00ab\u00a0tout ce qui se passera dans cette s\u00e9ance sera bon pour vous, votre partie profonde pourra transformer tout ce que je dis pour que mes mots soient en parfaite corr\u00e9lation avec vous\u00a0\u00bb ou encore \u00ab\u00a0il vous sera toujours possible de revenir ici et maintenant, si je vous dis \u00ab\u00a0revenez\u00a0\u00bb ou bien volontairement, en pensant \u00e0 un objet que vous choisissez maintenant\u00a0\u00bb, etc. <strong>Ces fusibles, adress\u00e9s autant au conscient qu&rsquo;\u00e0 la partie profonde, rassurent et prot\u00e8gent<\/strong>.<\/p>\n<p>Par ailleurs,<strong> la personne en\u00a0 \u00e9tat d&rsquo;hypnose ne dort pas, une partie d&rsquo;elle reste en contact avec l&rsquo;ici et maintenant, comme un observateur int\u00e9rieur,<\/strong> qui commente, analyse et est capable de prendre des d\u00e9cisions personnelles et de sortir totalement de transe, alors qu&rsquo;une autre partie d&rsquo;elle explore son monde dans une sorte de r\u00eave \u00e9veill\u00e9.<\/p>\n<p>Enfin, l&rsquo;hypnotiste \u00e9ricksonien est un <strong>accompagnan<\/strong>t, qui se met de c\u00f4t\u00e9 pour \u00eatre aux c\u00f4t\u00e9s et au service de la personne qu&rsquo;il accompagne, respectant ses valeurs, ses objectifs, ses d\u00e9cisions. Il ne cherche pas \u00e0 comprendre le contenu du changement. <strong>Comme un guide de montagne, il \u00ab\u00a0assure\u00a0\u00bb, rassure, encourage, encadre techniquement, choisit le chemin vers la destination que son client a choisie, assure sa s\u00e9curit\u00e9, souligne un paysage ou un animal sur un rocher, lui propose des d\u00e9tours ou des raccourcis en cas de fatigue, lui explique comment poser le pied pour s&rsquo;\u00e9conomiser, l&rsquo;encorde ou lui tend la main en cas de passage difficile&#8230; mais il ne grimpe pas \u00e0 sa place, ne le force en rien et ne l&rsquo;interroge pas sur ce que signifie pour lui le sifflement de marmotte, la cascade, le pic, le couple de bouquetins&#8230; Il s&rsquo;agit de travailler sur la structure, le codage et non sur le contenu<\/strong> (ce que le psychanalyste, lui, fait pendant les ann\u00e9es de divan).<\/p>\n<p><strong>Nous sommes constamment manipul\u00e9s par des propos de nos proches<\/strong> (\u00ab\u00a0tu n&rsquo;es pas fait pour&#8230;\u00a0\u00bb, \u00ab\u00a0il faut&#8230;\u00a0\u00bb, \u00ab\u00a0tu serais si gentil si&#8230;\u00a0\u00bb, \u00ab\u00a0tu n&rsquo;es pas trop \u00e9puis\u00e9?\u00a0\u00bb), <strong> par notre environnement (TV, affiches, strat\u00e9gies marketing&#8230;), <\/strong>par les diktats sociaux, les croyances sem\u00e9es \u00e0 tort et \u00e0 travers par les m\u00e9dias d&rsquo;information, les parades de s\u00e9duction, de d\u00e9marchage, d&rsquo;intimidation&#8230; Et la suggestion est l&rsquo;une des conditions de notre apprentissage! par l&rsquo;hypnose, nous apprenons D\u00e8s lors, imaginer s&rsquo;en d\u00e9fier \u00e0 cent pour cent est un leurre!<\/p>\n<p><strong>L&rsquo;hypnose permet \u00e0 chacun d&rsquo;y voir plus clair dans ce qu&rsquo;il est et dans ce qu&rsquo;il d\u00e9sire, de faire des choix \u00e9clair\u00e9s, de mettre en place les moyens d&rsquo;atteindre ses objectifs, de rep\u00e9rer la fa\u00e7on dont notre personne fonctionne, avec ses entit\u00e9s et de s&rsquo;en servir pour aller plus vite et plus loin, libre de refuser ou de prendre les suggestions sauvages dont est parsem\u00e9 le quotidien. C&rsquo;est un passeur d&rsquo;autonomie et de libert\u00e9!<\/strong><\/p>\n<p>Il suffit d\u2019oser \ud83d\ude42<\/p>\n<p>Bienvenue en s\u00e9ance\u00a0 https:\/\/test2.under-construction.work\/contact-et-formulaire\/<\/p>\n<p><span style=\"color:#000000;font-family:Arial Black;font-size:large;\"><b>\u00a9<\/b><\/span><b><\/b> Marie Lisel<\/p>\n","protected":false},"excerpt":{"rendered":"<p>Malgr\u00e9 tous les aspects positifs bien connus de l&rsquo;hypnose, se d\u00e9cider \u00e0 aller en s\u00e9ance soul\u00e8ve parfois de l\u00e9g\u00e8res appr\u00e9hensions. Pourtant, les praticiens, certifi\u00e9s par des \u00e9coles reconnues comme l&rsquo;Arche, connaissent parfaitement leurs outils (y compris leur propre fonctionnement), signent une charte de d\u00e9ontologie stricte, suivent des supervisions et sont connect\u00e9s avec des coll\u00e8gues (rares [&hellip;]<\/p>\n","protected":false},"author":2,"featured_media":0,"parent":0,"menu_order":0,"comment_status":"closed","ping_status":"closed","template":"","meta":{"footnotes":""},"class_list":["post-1439","page","type-page","status-publish","hentry"],"_links":{"self":[{"href":"https:\/\/test2.under-construction.work\/index.php\/wp-json\/wp\/v2\/pages\/1439","targetHints":{"allow":["GET"]}}],"collection":[{"href":"https:\/\/test2.under-construction.work\/index.php\/wp-json\/wp\/v2\/pages"}],"about":[{"href":"https:\/\/test2.under-construction.work\/index.php\/wp-json\/wp\/v2\/types\/page"}],"author":[{"embeddable":true,"href":"https:\/\/test2.under-construction.work\/index.php\/wp-json\/wp\/v2\/users\/2"}],"replies":[{"embeddable":true,"href":"https:\/\/test2.under-construction.work\/index.php\/wp-json\/wp\/v2\/comments?post=1439"}],"version-history":[{"count":0,"href":"https:\/\/test2.under-construction.work\/index.php\/wp-json\/wp\/v2\/pages\/1439\/revisions"}],"wp:attachment":[{"href":"https:\/\/test2.under-construction.work\/index.php\/wp-json\/wp\/v2\/media?parent=1439"}],"curies":[{"name":"wp","href":"https:\/\/api.w.org\/{rel}","templated":true}]}}