{"id":15040,"date":"2020-09-27T13:36:09","date_gmt":"2020-09-27T12:36:09","guid":{"rendered":"https:\/\/marielisel.com\/?page_id=15040"},"modified":"2020-09-27T13:36:09","modified_gmt":"2020-09-27T12:36:09","slug":"virements-bancaires","status":"publish","type":"page","link":"https:\/\/test2.under-construction.work\/index.php\/seances\/virements-bancaires\/","title":{"rendered":"Virements bancaires"},"content":{"rendered":"<p><strong>SEANCES<\/strong><\/p>\n<p>Paiements par<\/p>\n<ul>\n<li>virement en fin de s\u00e9ance (avant de partir ou de raccrocher)<\/li>\n<li>ch\u00e8que<\/li>\n<li>cash (pr\u00e9voyez la monnaie)<\/li>\n<\/ul>\n<p>Si vous choisissez le virement en pr\u00e9sentiel et pour les s\u00e9ances en visio, <strong>enregistrez-moi dans vos destinataires<\/strong> quelques jours avant la s\u00e9ance de fa\u00e7on \u00e0 pouvoir lancer l&rsquo;op\u00e9ration en fin de s\u00e9ance.<\/p>\n<p><strong>VIREMENT<\/strong><\/p>\n<p><strong>Notez dans l&rsquo;objet du virement : s\u00e9ance pr\u00e9sentielle\/visio + la date de la s\u00e9ance<br \/>\n<\/strong><\/p>\n<p>IBAN: FR76 1027 8060 4200 0212 5980 170<\/p>\n<p>BIC: CMCIFR2A<\/p>\n<p>Titulaire: Marie Lisel<\/p>\n","protected":false},"excerpt":{"rendered":"<p>SEANCES Paiements par virement en fin de s\u00e9ance (avant de partir ou de raccrocher) ch\u00e8que cash (pr\u00e9voyez la monnaie) Si vous choisissez le virement en pr\u00e9sentiel et pour les s\u00e9ances en visio, enregistrez-moi dans vos destinataires quelques jours avant la s\u00e9ance de fa\u00e7on \u00e0 pouvoir lancer l&rsquo;op\u00e9ration en fin de s\u00e9ance. VIREMENT Notez dans l&rsquo;objet [&hellip;]<\/p>\n","protected":false},"author":2,"featured_media":0,"parent":883,"menu_order":0,"comment_status":"closed","ping_status":"closed","template":"","meta":{"footnotes":""},"class_list":["post-15040","page","type-page","status-publish","hentry"],"_links":{"self":[{"href":"https:\/\/test2.under-construction.work\/index.php\/wp-json\/wp\/v2\/pages\/15040","targetHints":{"allow":["GET"]}}],"collection":[{"href":"https:\/\/test2.under-construction.work\/index.php\/wp-json\/wp\/v2\/pages"}],"about":[{"href":"https:\/\/test2.under-construction.work\/index.php\/wp-json\/wp\/v2\/types\/page"}],"author":[{"embeddable":true,"href":"https:\/\/test2.under-construction.work\/index.php\/wp-json\/wp\/v2\/users\/2"}],"replies":[{"embeddable":true,"href":"https:\/\/test2.under-construction.work\/index.php\/wp-json\/wp\/v2\/comments?post=15040"}],"version-history":[{"count":0,"href":"https:\/\/test2.under-construction.work\/index.php\/wp-json\/wp\/v2\/pages\/15040\/revisions"}],"up":[{"embeddable":true,"href":"https:\/\/test2.under-construction.work\/index.php\/wp-json\/wp\/v2\/pages\/883"}],"wp:attachment":[{"href":"https:\/\/test2.under-construction.work\/index.php\/wp-json\/wp\/v2\/media?parent=15040"}],"curies":[{"name":"wp","href":"https:\/\/api.w.org\/{rel}","templated":true}]}}