{"id":16,"date":"2015-11-28T17:42:54","date_gmt":"2015-11-28T16:42:54","guid":{"rendered":"https:\/\/marielisel.com\/?page_id=16"},"modified":"2015-11-28T17:42:54","modified_gmt":"2015-11-28T16:42:54","slug":"experimentations","status":"publish","type":"page","link":"https:\/\/test2.under-construction.work\/index.php\/experimentations\/","title":{"rendered":"Explorations sensorielles et cr\u00e9ations sonores"},"content":{"rendered":"<p><strong>Lygia Clark d\u00e9finissait l\u2019artiste \u00ab comme un propositeur de conditions qui permettent au r\u00e9cepteur de se laisser embarquer dans le d\u00e9montage des formes \u2013 y compris les siennes propres \u2013 en faveur de nouvelles compositions de flux \u00bb.\u00a0<\/strong><\/p>\n<p>L\u2019hypnotiste ne pourrait-il pas \u00eatre\u00a0\u00e9galement d\u00e9fini en ces termes?\u00a0Comme la pratique artistique, la pratique de l\u2019hypnose et d\u2019autres exp\u00e9rimentations sensorielles donnent des acc\u00e8s \u00e9clair\u00e9s \u00e0 soi et au monde.<\/p>\n<p>Y voir plus clair, cr\u00e9er des ouvertures, atteindre un pan de clairvoyance, une \u00e9piphanie, un \u00e9veil, une compr\u00e9hension profonde, un d\u00e9clic\u2026\u00a0engage \u00e0 ajuster pr\u00e9cis\u00e9ment sa position propre, \u00e0 laisser de la place pour l\u2019in\u00e9dit, \u00e0 lib\u00e9rer son existence mais aussi sa cr\u00e9ativit\u00e9, son \u00e9criture, son mouvement, son souffle, sa voix, son trait\u2026 en d\u00e9passant les habitudes et les anciennes croyances limitantes et en se laissant saisir par son imaginaire connect\u00e9 \u00e0 soi, aux autres et au monde, en devenant voyant (au sens rimbaldien du terme, pas irmaien!).<\/p>\n<p>Pour moi, l\u2019une des fa\u00e7ons primordiales d\u2019atteindre la connaissance vient de la simple exp\u00e9rience spontan\u00e9e d\u2019une situation d\u00e9cal\u00e9e par rapport \u00e0 mes situations de conditionnement, ce que l\u2019on peut appeler \u00ab\u00a0recadrage, surprise, d\u00e9calage, saisissement, d\u00e9route\u00a0\u00bb. Si j\u2019accueille cette exp\u00e9rience, dans l\u2019ici et maintenant, en \u00e9tant simplement l\u00e0, si je garde le focus sur ce qui se passe pour ne pas me laisser distraire ni embrumer par des \u00e9l\u00e9ments de circonstance, si je pose une intention sans rien forcer, sans pr\u00e9ciser mes attentes ni pr\u00e9sumer d\u2019un r\u00e9sultat, si je prends de la distance en hauteur sans rester cal\u00e9e dans une position de recul conceptuel mais bien en plongeant dans l\u2019exp\u00e9rience\u2026 alors j\u2019acc\u00e8de \u00e0 des pans qui m\u2019\u00e9taient jusque-l\u00e0 inaccessibles et j\u2019agrandis le champ de ma libert\u00e9. Et plus j\u2019exp\u00e9rimente de situations hors pistes en posant des intentions sans anticiper ce qui est par d\u00e9finition inaccessible avant l\u2019exp\u00e9rience ouvrante, plus j\u2019ajoute des couleurs \u00e0 ma palette, des degr\u00e9s \u00e0 mon \u00e9largissement, des possibilit\u00e9s de positionnement, des outils de gestion de troubles intenses, de d\u00e9calages puissants, jusqu\u2019\u00e0 inverser le refus-r\u00e9flexe et transcender l\u2019inqui\u00e9tude et m\u00eame l\u2019effroi avec confiance, en toute s\u00e9curit\u00e9, pour en ressortir plus juste et mieux ancr\u00e9e, moins entrav\u00e9e, plus disponible \u00e0 soi, \u00e0 l\u2019invention, \u00e0 la cr\u00e9ation, \u00e0 la relation, \u00e0 l\u2019autre, au monde.<\/p>\n<p>Ce travail de d\u00e9conditionnement et d\u2019exploration est pour moi reli\u00e9 \u00e0 la nature, aux sens (il y en a bien plus que 5\u00a0!) et notamment \u00e0 notre perception des ondes sonores, aux arts et, enfin, aux pratiques singuli\u00e8res, notamment en mati\u00e8re de genres et de sensorialit\u00e9 ou sensualit\u00e9. Je d\u00e9sire d\u00e8s lors d\u00e9velopper un travail dans la nature (collaboration: architecte paysagiste? gestionnaire de for\u00eat? botaniste? ), un travail dans les lieux d\u2019art contemporain (collaboration: avec des artistes mais aussi avec des \u00e9coles d\u2019art, des galeries), un travail dans les micromondes o\u00f9 s\u2019exp\u00e9rimentent d\u2019autres fa\u00e7ons d\u2019\u00eatre avec son corps,\u00a0 son intuition, ses canaux de communications.<\/p>\n<p>Entre mon labo priv\u00e9, les s\u00e9ances d\u2019exploration individuelles, les workshops en groupe, les \u00e9coutes en ligne, les collaborations avec des cr\u00e9ateurs\u2026 je cherche \u00e0 d\u00e9velopper et \u00e0 partager les richesses de ces pratiques et \u00e0 jouer avec ma position aux crois\u00e9es de diff\u00e9rents champs: l\u2019hypnose \u00e9ricksonienne, l\u2019art contemporain, la cr\u00e9ation sonore acousmatique, l\u2019exploration sensorielle, les \u00e9tudes sur le genre\u2026<\/p>\n<p><a href=\"https:\/\/test2.under-construction.work\/contact\/\">Bienvenue en s\u00e9ance\u00a0<\/a><\/p>\n<p><strong>\u00a9<\/strong> Marie Lisel<\/p>\n<p>Image: Claude Cahun<\/p>\n","protected":false},"excerpt":{"rendered":"<p>Lygia Clark d\u00e9finissait l\u2019artiste \u00ab comme un propositeur de conditions qui permettent au r\u00e9cepteur de se laisser embarquer dans le d\u00e9montage des formes \u2013 y compris les siennes propres \u2013 en faveur de nouvelles compositions de flux \u00bb.\u00a0 L\u2019hypnotiste ne pourrait-il pas \u00eatre\u00a0\u00e9galement d\u00e9fini en ces termes?\u00a0Comme la pratique artistique, la pratique de l\u2019hypnose et [&hellip;]<\/p>\n","protected":false},"author":2,"featured_media":437,"parent":0,"menu_order":0,"comment_status":"closed","ping_status":"closed","template":"","meta":{"footnotes":""},"class_list":["post-16","page","type-page","status-publish","has-post-thumbnail","hentry"],"_links":{"self":[{"href":"https:\/\/test2.under-construction.work\/index.php\/wp-json\/wp\/v2\/pages\/16","targetHints":{"allow":["GET"]}}],"collection":[{"href":"https:\/\/test2.under-construction.work\/index.php\/wp-json\/wp\/v2\/pages"}],"about":[{"href":"https:\/\/test2.under-construction.work\/index.php\/wp-json\/wp\/v2\/types\/page"}],"author":[{"embeddable":true,"href":"https:\/\/test2.under-construction.work\/index.php\/wp-json\/wp\/v2\/users\/2"}],"replies":[{"embeddable":true,"href":"https:\/\/test2.under-construction.work\/index.php\/wp-json\/wp\/v2\/comments?post=16"}],"version-history":[{"count":0,"href":"https:\/\/test2.under-construction.work\/index.php\/wp-json\/wp\/v2\/pages\/16\/revisions"}],"wp:featuredmedia":[{"embeddable":true,"href":"https:\/\/test2.under-construction.work\/index.php\/wp-json\/"}],"wp:attachment":[{"href":"https:\/\/test2.under-construction.work\/index.php\/wp-json\/wp\/v2\/media?parent=16"}],"curies":[{"name":"wp","href":"https:\/\/api.w.org\/{rel}","templated":true}]}}