{"id":16012,"date":"2021-03-16T16:40:13","date_gmt":"2021-03-16T15:40:13","guid":{"rendered":"https:\/\/marielisel.com\/?page_id=16012"},"modified":"2021-03-16T16:40:13","modified_gmt":"2021-03-16T15:40:13","slug":"formation-en-reah-par-visio-avril-mai-2021","status":"publish","type":"page","link":"https:\/\/test2.under-construction.work\/index.php\/les-techniques-de-reve-eveille\/formation-en-reah-par-visio-avril-mai-2021\/","title":{"rendered":"Formation en REAH par visio, avril-mai-juin 2021"},"content":{"rendered":"\n<blockquote class=\"wp-block-quote is-layout-flow wp-block-quote-is-layout-flow\"><p><strong>Formation en ligne au r\u00eave \u00e9veill\u00e9 augment\u00e9 par l\u2019hypnose par&nbsp;<a href=\"https:\/\/test2.under-construction.work\/a-propos\/\" target=\"_blank\" rel=\"noreferrer noopener\">Marie Lisel<\/a><\/strong><\/p><\/blockquote>\n\n\n\n<p>Quand je suis sortie Maitre Prat de l\u2019Arche, j\u2019ai cherch\u00e9 ma propre pratique, libre, cr\u00e9ative, laissant un maximum d\u2019autonomie au sujet, efficace, joyeuse, inclusive\u2026 et peu \u00e0 peu, le r\u00eave \u00e9veill\u00e9 augment\u00e9 par l\u2019hypnose s\u2019est construit.&nbsp;<\/p>\n\n\n\n<p>Il est aujourd\u2019hui mon outil principal en s\u00e9ance, m\u00eame si l\u2019hypnose \u00e9ricksonienne \u00ab&nbsp;pure&nbsp;\u00bb fait encore partie de mon quotidien, qu\u2019il soit artistique, th\u00e9rapeutique, p\u00e9dagogique.<\/p>\n\n\n\n<p>J\u2019ai commenc\u00e9 \u00e0 transmettre le REAH en 2018, en r\u00e9pondant aux invitations qui m\u2019ont \u00e9t\u00e9 faites par des groupes de praticien.ne.s en r\u00e9gion et&nbsp;<a rel=\"noreferrer noopener\" href=\"https:\/\/test2.under-construction.work\/temoignage-des-stagiaires-praticien-ne-s-en-hypnose-formation-en-reah\/\" target=\"_blank\">les retours sont tr\u00e8s p\u00e9tillants<\/a>. En 2021\u2026 c\u2019est reparti!<\/p>\n\n\n\n<p>Suite aux soucis de formations avec le covid, j\u2019organise cette formation de REAH en ligne. Les sessions en pr\u00e9sentiel reprendront quand le virus se calmera et\/ou quand un groupe de praticien.ne.s m\u2019invitera dans sa r\u00e9gion hors zone rouge (j\u2019adore voyager).<\/p>\n\n\n\n<blockquote class=\"wp-block-quote is-layout-flow wp-block-quote-is-layout-flow\"><p><strong>Contenu des sessions en virtuel&nbsp;<\/strong><\/p><\/blockquote>\n\n\n\n<ul class=\"wp-block-list\"><li>Session 1&nbsp;: les r\u00eaves \u00e9veill\u00e9s dirig\u00e9s (divers et vari\u00e9s depuis la nuit des temps et dans diff\u00e9rentes cultures), l\u2019institutionnalisation du RED de Robert Desoille et de ses successeurs, les arch\u00e9types<\/li><li>Session 2&nbsp;: positionnement de l\u2019accompagn\u00e9.e et de l\u2019accompagnant.e, pr\u00e9talk, balises, induction et entr\u00e9es directes, incorporation des protocoles hypnotiques<\/li><li>Session 3&nbsp;: syst\u00e8me, dividu.e.s, paysage int\u00e9rieur, guides (diff\u00e9rents possibles&nbsp;: explication des totems, guides, powers\u2026), cartographie, r\u00e9surgence<\/li><li>Session 4&nbsp;: quelques aides (chant et mouvement spontan\u00e9s, musique et sons, chant de l\u2019accompagn\u00e9.e, tremblement, battement (rythme), objet transitionnel, prescription de t\u00e2che et rituel, r\u00eave dans le r\u00eave, auto-r\u00eave, \u00e9nerg\u00e9tique, odeurs, \u00e9criture ou dessin automatique, travail en nature, connexion animale, journal onirique\u2026)<\/li><li>Session 5&nbsp;: supervision de groupe (quelques mois apr\u00e8s le stage)<\/li><li>Travail \u00e9crit sur un cas&nbsp;: pour \u00eatre certifi\u00e9 en REAH niveau 1, chaque participant.e produira une \u00e9tude de cas (r\u00e9el) par \u00e9crit.&nbsp;<\/li><\/ul>\n\n\n\n<blockquote class=\"wp-block-quote is-layout-flow wp-block-quote-is-layout-flow\"><p><strong>Aspect pratique&nbsp;<\/strong><\/p><\/blockquote>\n\n\n\n<ul class=\"wp-block-list\"><li>&nbsp;Les cours se d\u00e9roulent en visio, sur Zoom<\/li><li>Chaque sessions commence tout pile \u00e0 l\u2019heure et dure 4h<\/li><li>Il y a 5 sessions pour le niveau 1, une session par 1 \u00e0 2 semaines pour les 4 premi\u00e8res puis la 5\u00e8me 1 \u00e0 3 mois apr\u00e8s.<\/li><li>5 sessions de 4h&nbsp;: environ 16h de th\u00e9orie et de pratique + 4h de supervision<\/li><li>Les sessions suivantes seront donn\u00e9es sur des approfondissements et sur des outils annexes.<\/li><li>Dates: avril-mai pour la premi\u00e8re s\u00e9rie.<\/li><li>Nombre de personnes qui suivent les cours&nbsp;: \u00e0 partir de 4 jusqu\u2019\u00e0 12 participant.e.s<\/li><li>Qui peut suivre les cours&nbsp;: accompagnant.e.s en hypnose, PNL, sophrologie, (autres accompagnant.e.s: \u00e9crivez-moi pour en discuter)<\/li><li>Mat\u00e9riel&nbsp;: casque, micro, bonne connexion<\/li><li>Et les formations en pr\u00e9sentiel&nbsp;? A programmer (vous \u00eates 10 hypnos int\u00e9ress\u00e9.e.s dans votre r\u00e9gion&nbsp;? Invitez-moi)<\/li><\/ul>\n\n\n\n<blockquote class=\"wp-block-quote is-layout-flow wp-block-quote-is-layout-flow\"><p><strong>Horaires<\/strong><\/p><\/blockquote>\n\n\n\n<p>Mardi 10-14h:&nbsp;<br>20 avril, 27 avril, 4 mai, 11 mai&nbsp;<br>+ 1 supervision \u00e0 pr\u00e9voir d\u00e9but juillet&nbsp;<\/p>\n\n\n\n<p>Samedi 14-18h:&nbsp;<br>24 avril, 08 mai, 29 mai, 5 juin&nbsp;<br>+ 1 supervision \u00e0 pr\u00e9voir d\u00e9but juillet&nbsp;Inscriptions: lisellesil@gmail.com<\/p>\n\n\n\n<p>Je me r\u00e9serve le droit d&rsquo;annuler l&rsquo;une des deux s&rsquo;il y a moins de 6 inscriptions. Je ferai le compte le 10 avril.<\/p>\n\n\n\n<blockquote class=\"wp-block-quote is-layout-flow wp-block-quote-is-layout-flow\"><p><strong>Inscription&nbsp;<\/strong><\/p><\/blockquote>\n\n\n\n<p>Merci d\u2019envoyer un mail \u00e0 lisellesil@gmail.com<\/p>\n\n\n\n<p>Votre&nbsp;inscription sera valid\u00e9e d\u00e8s r\u00e9ception des&nbsp;<a href=\"https:\/\/test2.under-construction.work\/seances\/virements-bancaires\/\">100 euros d\u2019acompte par virement<\/a><\/p>\n\n\n\n<p>Je me r\u00e9serve le droit d\u2019annuler l\u2019une des deux s\u2019il y a moins de 6 inscriptions. Je ferai le compte le 10 avril (acomptes rembours\u00e9s \u00e9videmment dans ce cas)<\/p>\n\n\n\n<blockquote class=\"wp-block-quote is-layout-flow wp-block-quote-is-layout-flow\"><p><strong>Prix\u00a0\u00a0<\/strong><\/p><\/blockquote>\n\n\n\n<p><p>400 euros pour 20h.<\/p><\/p>\n\n\n\n<blockquote class=\"wp-block-quote is-layout-flow wp-block-quote-is-layout-flow\"><p><strong>Certification<\/strong><\/p><\/blockquote>\n\n\n\n<p>Les praticien.ne.s qui auront assist\u00e9 aux 5 sessions et qui auront r\u00e9alis\u00e9 leur travail \u00e9crit d\u2019\u00e9tude de cas pourront se d\u00e9clarer \u00ab&nbsp;praticien.ne en REAH niveau 1&nbsp;\u00bb (non l\u00e9gal, comme tous les certificats en hypnose).<\/p>\n\n\n\n<p>Il y a deux niveaux: le premier assure la base.<\/p>\n\n\n\n<p>Le second ajoute des outils et des r\u00e9flexions en profondeur.<\/p>\n\n\n\n<blockquote class=\"wp-block-quote is-layout-flow wp-block-quote-is-layout-flow\"><p><strong>Les liens<\/strong><\/p><\/blockquote>\n\n\n\n<p>Bon voyage \u00e0 travers les pages oniriques\u2026<\/p>\n\n\n\n<ul class=\"wp-block-list\"><li><a rel=\"noreferrer noopener\" href=\"https:\/\/test2.under-construction.work\/les-techniques-de-reve-eveille\/differents-reves-eveilles\/\" target=\"_blank\">Diff\u00e9rents r\u00eaves \u00e9veill\u00e9s<\/a><\/li><li><a rel=\"noreferrer noopener\" href=\"https:\/\/test2.under-construction.work\/les-techniques-de-reve-eveille\/r-e-d-de-robert-desoille\/\" target=\"_blank\">Le R\u00eave \u00e9veill\u00e9 dirig\u00e9 (RED) de Robert Desoille<\/a><\/li><li><a href=\"https:\/\/test2.under-construction.work\/les-outils-de-la-praticienne\/le-reve-eveille-dirige-du-red-au-reah\/\">Du RED au REAH<\/a><\/li><li><a rel=\"noreferrer noopener\" href=\"https:\/\/test2.under-construction.work\/ateliers-et-stages\/stage-de-reah-pour-praticien-ne-s-en-hypnose\/\" target=\"_blank\">Les stages de REAH pour accompagnant.e.s<\/a>&nbsp;et les&nbsp;<a rel=\"noreferrer noopener\" href=\"https:\/\/test2.under-construction.work\/temoignage-des-stagiaires-praticien-ne-s-en-hypnose-formation-en-reah\/\" target=\"_blank\">t\u00e9moignages des stagiaires<\/a><\/li><li><a rel=\"noreferrer noopener\" href=\"https:\/\/test2.under-construction.work\/les-reves\/\" target=\"_blank\">A lire, \u00e9couter et regarder, sur les&nbsp;r\u00eaves<\/a><\/li><li>D\u2019autres r\u00eaves (endormis cette fois):&nbsp;<a rel=\"noreferrer noopener\" href=\"https:\/\/test2.under-construction.work\/category\/reve-lucide\/\" target=\"_blank\">les r\u00eaves lucides de transformation<\/a><\/li><li>Les&nbsp;<a rel=\"noreferrer noopener\" href=\"https:\/\/test2.under-construction.work\/seance-hypnose\/anecdotes-et-retours-de-seances\/\" target=\"_blank\">t\u00e9moignages de s\u00e9ances<\/a>&nbsp;individuelles en REAH (r\u00eave \u00e9veill\u00e9 augment\u00e9 par l\u2019hypnose)<\/li><li><a rel=\"noreferrer noopener\" href=\"https:\/\/test2.under-construction.work\/les-outils-de-la-praticienne\/\" target=\"_blank\">\u00ab&nbsp;Tous les outils&nbsp;\u00bb<\/a>&nbsp;(hypnose, REAH, prescription de t\u00e2che, m\u00e9diation par la nature\u2026).<\/li><\/ul>\n\n\n\n<figure class=\"wp-block-image\"><img decoding=\"async\" src=\"https:\/\/test2.under-construction.work\/wp-content\/uploads\/2021\/01\/131890519_2910629212498597_388855536897443830_o.jpg?w=616\" alt=\"\" class=\"wp-image-15803\"\/><\/figure>\n\n\n\n<p><\/p>\n","protected":false},"excerpt":{"rendered":"<p>Formation en ligne au r\u00eave \u00e9veill\u00e9 augment\u00e9 par l\u2019hypnose par&nbsp;Marie Lisel Quand je suis sortie Maitre Prat de l\u2019Arche, j\u2019ai cherch\u00e9 ma propre pratique, libre, cr\u00e9ative, laissant un maximum d\u2019autonomie au sujet, efficace, joyeuse, inclusive\u2026 et peu \u00e0 peu, le r\u00eave \u00e9veill\u00e9 augment\u00e9 par l\u2019hypnose s\u2019est construit.&nbsp; Il est aujourd\u2019hui mon outil principal en s\u00e9ance, [&hellip;]<\/p>\n","protected":false},"author":2,"featured_media":15975,"parent":9649,"menu_order":0,"comment_status":"closed","ping_status":"closed","template":"","meta":{"footnotes":""},"class_list":["post-16012","page","type-page","status-publish","has-post-thumbnail","hentry"],"_links":{"self":[{"href":"https:\/\/test2.under-construction.work\/index.php\/wp-json\/wp\/v2\/pages\/16012","targetHints":{"allow":["GET"]}}],"collection":[{"href":"https:\/\/test2.under-construction.work\/index.php\/wp-json\/wp\/v2\/pages"}],"about":[{"href":"https:\/\/test2.under-construction.work\/index.php\/wp-json\/wp\/v2\/types\/page"}],"author":[{"embeddable":true,"href":"https:\/\/test2.under-construction.work\/index.php\/wp-json\/wp\/v2\/users\/2"}],"replies":[{"embeddable":true,"href":"https:\/\/test2.under-construction.work\/index.php\/wp-json\/wp\/v2\/comments?post=16012"}],"version-history":[{"count":0,"href":"https:\/\/test2.under-construction.work\/index.php\/wp-json\/wp\/v2\/pages\/16012\/revisions"}],"up":[{"embeddable":true,"href":"https:\/\/test2.under-construction.work\/index.php\/wp-json\/wp\/v2\/pages\/9649"}],"wp:featuredmedia":[{"embeddable":true,"href":"https:\/\/test2.under-construction.work\/index.php\/wp-json\/"}],"wp:attachment":[{"href":"https:\/\/test2.under-construction.work\/index.php\/wp-json\/wp\/v2\/media?parent=16012"}],"curies":[{"name":"wp","href":"https:\/\/api.w.org\/{rel}","templated":true}]}}