{"id":1713,"date":"2016-03-01T15:22:10","date_gmt":"2016-03-01T14:22:10","guid":{"rendered":"https:\/\/marielisel.com\/?page_id=1713"},"modified":"2016-03-01T15:22:10","modified_gmt":"2016-03-01T14:22:10","slug":"correspondances-synesthesiques","status":"publish","type":"page","link":"https:\/\/test2.under-construction.work\/index.php\/correspondances-synesthesiques\/","title":{"rendered":"Correspondances synesth\u00e9siques"},"content":{"rendered":"<header class=\"entry-header\"><img loading=\"lazy\" decoding=\"async\" class=\"alignnone size-full wp-image-830\" src=\"https:\/\/test2.under-construction.work\/wp-content\/uploads\/2015\/12\/yayoi_kusama_2009_01.jpg\" alt=\"yayoi_kusama_2009_01\" width=\"2000\" height=\"1333\" \/><\/header>\n<div class=\"entry-content\">\n<p>Image: <span class=\"irc_su\" dir=\"ltr\">Yayoi Kusama Studio, Victoria Miro Gallery, London and Ota Fine Arts, Tokyo \u00a9 the artist<\/span><\/p>\n<p class=\"western\" lang=\"fr-FR\" align=\"justify\">Outre <strong>bOa<\/strong> (\u00e0 \u00e9couter en ligne), qui joue avec la synesth\u00e9sie, un exemple (ici, \u00e9rotique) de mes recherches sur les sons spontan\u00e9s et leurs correspondances synesth\u00e9siques a \u00e9t\u00e9 pr\u00e9sent\u00e9 dans <b>\u00ab\u00a0Acoustique de l\u2019Erotisme\u00a0\u00bb, <\/b>une cr\u00e9ation radiophonique de <strong>Franck Thoraval<\/strong> sur France Culture, \u00e0 laquelle j\u2019ai particip\u00e9. Elle est disponible en ligne ici:<\/p>\n<p class=\"western\" lang=\"fr-FR\" align=\"justify\"><a href=\"http:\/\/www.franceculture.fr\/emission-creation-on-air-acoustique-de-l-erotisme-2015-11-25\">http:\/\/www.franceculture.fr\/emission-creation-on-air-acoustique-de-l-erotisme-2015-11-25<\/a><\/p>\n<p>Et un article ici: <a href=\"http:\/\/www.telerama.fr\/radio\/les-sons-de-l-amour-ok,135548.php\" rel=\"nofollow\">http:\/\/www.telerama.fr\/radio\/les-sons-de-l-amour-ok,135548.php<\/a><\/p>\n<p>Il suffit d\u2019oser <span class=\"wp-smiley wp-emoji wp-emoji-smile\" title=\":)\">\ud83d\ude42<\/span><\/p>\n<p>Bienvenue en s\u00e9ance\u00a0 <a href=\"https:\/\/test2.under-construction.work\/contact-et-formulaire\/\" rel=\"nofollow\">https:\/\/test2.under-construction.work\/contact-et-formulaire\/<\/a><\/p>\n<p><b>\u00a9<\/b><b><\/b> Marie Lisel<\/p>\n<\/div>\n","protected":false},"excerpt":{"rendered":"<p>Image: Yayoi Kusama Studio, Victoria Miro Gallery, London and Ota Fine Arts, Tokyo \u00a9 the artist Outre bOa (\u00e0 \u00e9couter en ligne), qui joue avec la synesth\u00e9sie, un exemple (ici, \u00e9rotique) de mes recherches sur les sons spontan\u00e9s et leurs correspondances synesth\u00e9siques a \u00e9t\u00e9 pr\u00e9sent\u00e9 dans \u00ab\u00a0Acoustique de l\u2019Erotisme\u00a0\u00bb, une cr\u00e9ation radiophonique de Franck Thoraval [&hellip;]<\/p>\n","protected":false},"author":2,"featured_media":0,"parent":0,"menu_order":0,"comment_status":"closed","ping_status":"closed","template":"","meta":{"footnotes":""},"class_list":["post-1713","page","type-page","status-publish","hentry"],"_links":{"self":[{"href":"https:\/\/test2.under-construction.work\/index.php\/wp-json\/wp\/v2\/pages\/1713","targetHints":{"allow":["GET"]}}],"collection":[{"href":"https:\/\/test2.under-construction.work\/index.php\/wp-json\/wp\/v2\/pages"}],"about":[{"href":"https:\/\/test2.under-construction.work\/index.php\/wp-json\/wp\/v2\/types\/page"}],"author":[{"embeddable":true,"href":"https:\/\/test2.under-construction.work\/index.php\/wp-json\/wp\/v2\/users\/2"}],"replies":[{"embeddable":true,"href":"https:\/\/test2.under-construction.work\/index.php\/wp-json\/wp\/v2\/comments?post=1713"}],"version-history":[{"count":0,"href":"https:\/\/test2.under-construction.work\/index.php\/wp-json\/wp\/v2\/pages\/1713\/revisions"}],"wp:attachment":[{"href":"https:\/\/test2.under-construction.work\/index.php\/wp-json\/wp\/v2\/media?parent=1713"}],"curies":[{"name":"wp","href":"https:\/\/api.w.org\/{rel}","templated":true}]}}