{"id":1720,"date":"2016-03-01T15:26:34","date_gmt":"2016-03-01T14:26:34","guid":{"rendered":"https:\/\/marielisel.com\/?page_id=1720"},"modified":"2016-03-01T15:26:34","modified_gmt":"2016-03-01T14:26:34","slug":"le-fil-du-reve-eveille-sous-hypnose","status":"publish","type":"page","link":"https:\/\/test2.under-construction.work\/index.php\/le-fil-du-reve-eveille-sous-hypnose\/","title":{"rendered":"Le fil du r\u00eave \u00e9veill\u00e9 sous hypnose"},"content":{"rendered":"<p><img loading=\"lazy\" decoding=\"async\" class=\"alignnone size-full wp-image-823 aligncenter\" src=\"https:\/\/test2.under-construction.work\/wp-content\/uploads\/2015\/12\/5d8e022aaa280305324a5837a843cfe5.jpg\" alt=\"5d8e022aaa280305324a5837a843cfe5\" width=\"236\" height=\"310\" \/><\/p>\n<p>Image: <span class=\"irc_su\" dir=\"ltr\">Le<\/span><span class=\"irc_su\" dir=\"ltr\">onor Fini \u00e0 Nonza (Corse) vers 1965 Photo Eddy Brofferio<\/span><\/p>\n<p><strong>Le fil du son, le fil de l&rsquo;image,\u00a0 le fil du mouvement, le fil du go\u00fbt, le fil de l&rsquo;odeur&#8230; suivre le fil dans un r\u00eave en \u00e9tat modifi\u00e9 de conscience pour s&rsquo;ouvrir, s&rsquo;explorer, se surprendre, se recueillir, se substituer, s&rsquo;\u00e9mouvoir, s&rsquo;ajuster, se balader, se clarifier, se concr\u00e9tiser, s&rsquo;inspirer, se r\u00e9jouir, s&rsquo;offrir.<\/strong><\/p>\n<p>En \u00e9tat d&apos;hypnose, inspirez!<\/p>\n<p>Bienvenue en s\u00e9ance\u00a0 https:\/\/test2.under-construction.work\/contact-et-formulaire\/<\/p>\n<p><span style=\"color:#000000;font-family:Arial Black;font-size:large;\"><b>\u00a9<\/b><\/span> Marie Lisel<\/p>\n<p>&nbsp;<\/p>\n<p>PS: un projet radiophonique autour de ce sujet est en cours.<\/p>\n","protected":false},"excerpt":{"rendered":"<p>Image: Leonor Fini \u00e0 Nonza (Corse) vers 1965 Photo Eddy Brofferio Le fil du son, le fil de l&rsquo;image,\u00a0 le fil du mouvement, le fil du go\u00fbt, le fil de l&rsquo;odeur&#8230; suivre le fil dans un r\u00eave en \u00e9tat modifi\u00e9 de conscience pour s&rsquo;ouvrir, s&rsquo;explorer, se surprendre, se recueillir, se substituer, s&rsquo;\u00e9mouvoir, s&rsquo;ajuster, se balader, [&hellip;]<\/p>\n","protected":false},"author":2,"featured_media":0,"parent":0,"menu_order":0,"comment_status":"closed","ping_status":"closed","template":"","meta":{"footnotes":""},"class_list":["post-1720","page","type-page","status-publish","hentry"],"_links":{"self":[{"href":"https:\/\/test2.under-construction.work\/index.php\/wp-json\/wp\/v2\/pages\/1720","targetHints":{"allow":["GET"]}}],"collection":[{"href":"https:\/\/test2.under-construction.work\/index.php\/wp-json\/wp\/v2\/pages"}],"about":[{"href":"https:\/\/test2.under-construction.work\/index.php\/wp-json\/wp\/v2\/types\/page"}],"author":[{"embeddable":true,"href":"https:\/\/test2.under-construction.work\/index.php\/wp-json\/wp\/v2\/users\/2"}],"replies":[{"embeddable":true,"href":"https:\/\/test2.under-construction.work\/index.php\/wp-json\/wp\/v2\/comments?post=1720"}],"version-history":[{"count":0,"href":"https:\/\/test2.under-construction.work\/index.php\/wp-json\/wp\/v2\/pages\/1720\/revisions"}],"wp:attachment":[{"href":"https:\/\/test2.under-construction.work\/index.php\/wp-json\/wp\/v2\/media?parent=1720"}],"curies":[{"name":"wp","href":"https:\/\/api.w.org\/{rel}","templated":true}]}}