{"id":1824,"date":"2016-03-27T13:00:50","date_gmt":"2016-03-27T12:00:50","guid":{"rendered":"https:\/\/marielisel.com\/?page_id=1824"},"modified":"2016-03-27T13:00:50","modified_gmt":"2016-03-27T12:00:50","slug":"lhypnose-comme-outil-daccompagnement-vers-la-solution-et-le-changement","status":"publish","type":"page","link":"https:\/\/test2.under-construction.work\/index.php\/lhypnose-comme-outil-daccompagnement-vers-la-solution-et-le-changement\/","title":{"rendered":"L&rsquo;hypnose pour cr\u00e9er sa vie"},"content":{"rendered":"<p style=\"text-align:justify;\"><img loading=\"lazy\" decoding=\"async\" class=\"alignnone size-full wp-image-3075\" src=\"https:\/\/test2.under-construction.work\/wp-content\/uploads\/2016\/03\/capture-d_ecc81cran-2017-01-06-acc80-11-44-05.png\" alt=\"capture-decran-2017-01-06-a-11-44-05\" width=\"1153\" height=\"148\" \/><\/p>\n<p style=\"text-align:justify;\"><strong>Cr\u00e9er sa vie:<\/strong> r\u00e9gler un probl\u00e8me, soulager un sympt\u00f4me, r\u00e9cup\u00e9rer de l&rsquo;\u00e9nergie, l\u00e2cher du lest, s&rsquo;\u00e9manciper d&rsquo;une addiction, transformer le r\u00e9seau d&rsquo;influences, activer des ressources, choisir, se lib\u00e9rer, s&rsquo;\u00e9panouir, ressentir, grandir, stimuler, se centrer, changer vers un mieux-vivre\u2026<\/p>\n<figure id=\"attachment_3098\" aria-describedby=\"caption-attachment-3098\" style=\"width: 420px\" class=\"wp-caption aligncenter\"><img loading=\"lazy\" decoding=\"async\" class=\"alignnone size-full wp-image-3098\" src=\"https:\/\/test2.under-construction.work\/wp-content\/uploads\/2016\/03\/5dccbdbd1a404c9e32fed2ec2c38e8.png\" alt=\"5dccbdbd1a404c9e32fed2ec2c38e8\" width=\"420\" height=\"420\" \/><figcaption id=\"caption-attachment-3098\" class=\"wp-caption-text\">VEniaisery, 2007-2012, Emmanuelle Villard<\/figcaption><\/figure>\n<blockquote>\n<p style=\"text-align:center;\"><strong>L\u2019HYPNOSE ERICKSONIENNE EST UN OUTIL DE CHANGEMENTS PROFONDS<\/strong><\/p>\n<\/blockquote>\n<div class=\"textwidget\" style=\"text-align:justify;\">\n<p>En nous connectant avec nous-m\u00eames, en apprenant \u00e0 nous servir avec souplesse, s\u00e9curit\u00e9 et efficacit\u00e9 de nos potentiels, nous allons ailleurs que l\u00e0 o\u00f9 nous m\u00e8nent les habitudes et les peurs, sortons des sch\u00e9mas r\u00e9p\u00e9titifs et am\u00e9liorons notre existence.<\/p>\n<p>Nos probl\u00e8mes, s\u2019ils ne sont pas la cons\u00e9quence d\u2019un contexte pr\u00e9sent ext\u00e9rieur grave (foyer violent, maladie incurable, etc.) sont les fruits de notre discours int\u00e9rieur sur le monde, de notre carte personnelle de ce qui nous entoure, de notre fa\u00e7on d\u2019envisager les choses qui nous semble naturelle, universelle et immuable alors qu\u2019elle est personnelle et peut \u00eatre modifi\u00e9e.<\/p>\n<p>En laissant nos affects prendre des formes imaginaires, nous les rencontrons, les transformons, les apprivoisons, les d\u00e9passons, les lib\u00e9rons&#8230; car chaque peur, joie, honte, etc est le fruit de nos repr\u00e9sentations et donc de notre fa\u00e7on de concevoir les choses, orient\u00e9e par notre imagination.<\/p>\n<blockquote>\n<p style=\"text-align:center;\"><strong>MIEUX-ETRE ET DEVELOPPEMENT PERSONNEL<\/strong><\/p>\n<\/blockquote>\n<p>&nbsp;<\/p>\n<\/div>\n<p style=\"text-align:justify;\"><strong>Form\u00e9e en acad\u00e9mies d\u2019hypnose (Arche Paris, Antoine Garnier Paris, INH Bruxelles) et certifi\u00e9e praticienne en hypnose par l\u2019Arche, je pratique des s\u00e9ances d\u2019hypnose \u00e9ricksonienne \u00a0:<\/strong><\/p>\n<ul style=\"text-align:justify;\">\n<li>Gestions des <strong>addictions<\/strong>: cigarettes, boulimie, alcool, jeu, FB, sexe\u2026<\/li>\n<li>Gestion du <strong>stress<\/strong>, de la <strong>confiance en soi<\/strong><\/li>\n<li>Gestion des \u00e9motions, des <strong>phobies<\/strong><\/li>\n<li><strong>Pr\u00e9paration \u00e0 un \u00e9v\u00e9nement:<\/strong> un casting, examen, comp\u00e9tition, permis de conduire, concert, enregistrement en studio\u2026<\/li>\n<li>Accompagnement pour un <strong>changement de vie<\/strong> (retraite, changement de poste&#8230;)<\/li>\n<li><strong>Perte de poids<\/strong>, image de soi<\/li>\n<li>Am\u00e9lioration de la <strong>sexualit\u00e9<\/strong><\/li>\n<li>Gestion des <strong>d\u00e9pendances affectives<\/strong><\/li>\n<li>Changement de <strong>comportement<\/strong> (mauvaises habitudes, r\u00e9actions irrationnelles, r\u00e9p\u00e9tition de sch\u00e9mas destructeurs, col\u00e8res\u2026)<\/li>\n<li>Troubles du <strong>sommeil<\/strong>, gestion de la <strong>fatigue<\/strong><\/li>\n<li>Soulagement de la <strong>douleur<\/strong>, des <strong>acouph\u00e8nes<\/strong>, des somatisations<\/li>\n<li><strong>Acceptation de la maladie et travail sur le stress et l&rsquo;optimisme et\/ou sur le confort durant la maladie<\/strong> (car le moral et le stress jouent sur l&rsquo;am\u00e9lioration de l&rsquo;\u00e9tat du corps)<\/li>\n<li>Transformation des <strong>liens<\/strong> (deuil, relation toxique, corps transform\u00e9 par un accident, d\u00e9m\u00e9nagement, divorce, autonomie\u2026)<\/li>\n<li>Acc\u00e9l\u00e9ration de l\u2019apprentissage d\u2019une <strong>langue<\/strong><\/li>\n<li>Gestion de la <strong>procrastination,<\/strong> d\u00e9veloppement de la r\u00e9activit\u00e9 ou proactivit\u00e9, de la maitrise de soi, de la concentration<\/li>\n<li>R\u00e9solution d\u2019un <strong>conflit int\u00e9rieur<\/strong><\/li>\n<li><strong>Prise de d\u00e9cision<\/strong><\/li>\n<li>&#8230;<\/li>\n<\/ul>\n<p style=\"text-align:justify;\"><strong>PRATIQUER L&rsquo;HYPNOSE POUR\u00a0 CHANGER<\/strong><\/p>\n<p style=\"text-align:justify;\"><strong>Bienvenue au pays qui r\u00e9v\u00e9lera le meilleur choix pour vous et votre Moi profond!<\/strong><\/p>\n<p style=\"text-align:justify;\">L\u2019accompagnement par l\u2019hypnose agit sur l\u2019histoire que l\u2019on se raconte, en la r\u00e9v\u00e9lant et en la transformant, gr\u00e2ce \u00e0 cet \u00e9tat particulier qu\u2019est l\u2019\u00e9tat modifi\u00e9 de conscience hypnotique.<\/p>\n<p style=\"text-align:justify;\">L\u2019hypnose nous permet d\u2019<strong>oser sortir de la zone de confort<\/strong> (ce que l\u2019on connait et qui nous rassure, m\u00eame si l\u2019on s\u2019en plaint) pour <strong>explorer de nouveaux points de vues, comportements, capacit\u00e9s, repr\u00e9sentations, \u00e9motions, connexions, inspirations, intuitions, possibilit\u00e9s<\/strong>\u2026 et de comprendre que <strong>chacun a le pouvoir de cr\u00e9er une bonne partie de sa r\u00e9alit\u00e9<\/strong>, en choisissant ses besoins (et en se coupant des autres \u00ab\u00a0faux-besoins\u00a0\u00bb non choisis), ses intentions, ses paradigmes, son degr\u00e9 de convention ou de libert\u00e9.<\/p>\n<p class=\"western\" lang=\"fr-FR\" style=\"text-align:justify;\" align=\"justify\">Il suffit d\u2019oser.<\/p>\n<p class=\"western\" lang=\"fr-FR\" style=\"text-align:justify;\" align=\"justify\"><a href=\"https:\/\/test2.under-construction.work\/contact-et-formulaire\/\">Bienvenue en s\u00e9ance!<\/a><\/p>\n<p class=\"western\" lang=\"fr-FR\" style=\"text-align:justify;\" align=\"justify\"><b>\u00a9<\/b><b><\/b> Marie Lisel<\/p>\n<p style=\"text-align:justify;\"><strong><img loading=\"lazy\" decoding=\"async\" class=\"alignnone size-full wp-image-390\" src=\"https:\/\/test2.under-construction.work\/wp-content\/uploads\/2015\/11\/works_2012_laurentpernot_vivre.jpg\" alt=\"works_2012_laurentpernot_vivre\" width=\"1000\" height=\"750\" \/><\/strong><\/p>\n<p style=\"text-align:justify;\">Image: travail de l\u2019artiste <a href=\"http:\/\/www.laurentpernot.net\">Laurent Pernot<\/a><\/p>\n","protected":false},"excerpt":{"rendered":"<p>Cr\u00e9er sa vie: r\u00e9gler un probl\u00e8me, soulager un sympt\u00f4me, r\u00e9cup\u00e9rer de l&rsquo;\u00e9nergie, l\u00e2cher du lest, s&rsquo;\u00e9manciper d&rsquo;une addiction, transformer le r\u00e9seau d&rsquo;influences, activer des ressources, choisir, se lib\u00e9rer, s&rsquo;\u00e9panouir, ressentir, grandir, stimuler, se centrer, changer vers un mieux-vivre\u2026 L\u2019HYPNOSE ERICKSONIENNE EST UN OUTIL DE CHANGEMENTS PROFONDS En nous connectant avec nous-m\u00eames, en apprenant \u00e0 nous [&hellip;]<\/p>\n","protected":false},"author":2,"featured_media":0,"parent":0,"menu_order":0,"comment_status":"closed","ping_status":"closed","template":"","meta":{"footnotes":""},"class_list":["post-1824","page","type-page","status-publish","hentry"],"_links":{"self":[{"href":"https:\/\/test2.under-construction.work\/index.php\/wp-json\/wp\/v2\/pages\/1824","targetHints":{"allow":["GET"]}}],"collection":[{"href":"https:\/\/test2.under-construction.work\/index.php\/wp-json\/wp\/v2\/pages"}],"about":[{"href":"https:\/\/test2.under-construction.work\/index.php\/wp-json\/wp\/v2\/types\/page"}],"author":[{"embeddable":true,"href":"https:\/\/test2.under-construction.work\/index.php\/wp-json\/wp\/v2\/users\/2"}],"replies":[{"embeddable":true,"href":"https:\/\/test2.under-construction.work\/index.php\/wp-json\/wp\/v2\/comments?post=1824"}],"version-history":[{"count":0,"href":"https:\/\/test2.under-construction.work\/index.php\/wp-json\/wp\/v2\/pages\/1824\/revisions"}],"wp:attachment":[{"href":"https:\/\/test2.under-construction.work\/index.php\/wp-json\/wp\/v2\/media?parent=1824"}],"curies":[{"name":"wp","href":"https:\/\/api.w.org\/{rel}","templated":true}]}}