{"id":2176,"date":"2016-11-22T15:06:18","date_gmt":"2016-11-22T14:06:18","guid":{"rendered":"https:\/\/marielisel.com\/?page_id=2176"},"modified":"2016-11-22T15:06:18","modified_gmt":"2016-11-22T14:06:18","slug":"contrat-dengagement","status":"publish","type":"page","link":"https:\/\/test2.under-construction.work\/index.php\/contrat-dengagement\/","title":{"rendered":"Contrat d&rsquo;engagement"},"content":{"rendered":"<p><strong>Ce contrat reprend les conditions d&rsquo;engagement entre la personne qui d\u00e9sire \u00eatre accompagn\u00e9e en s\u00e9ance et la praticienne en hypnose <a href=\"http:\/\/marielisel.wordpress.com\" target=\"_blank\" rel=\"noopener\">Marie Lisel<\/a><\/strong><\/p>\n<p><strong>******************************************************************<br \/>\n<\/strong><\/p>\n<p>En prenant rendez-vous, vous confirmez \u00eatre parfaitement au courant de ces informations et vous confirmez accepter les conditions de l\u2019engagement. La prise de rendez-vous\u00a0repr\u00e9sente un\u00a0engagement, qu&rsquo;il soit verbal ou \u00e9crit (si cela se fait par mail ou sms), en conformit\u00e9 avec le pr\u00e9sent contrat.<\/p>\n<p>Pour ma part, en tant que praticienne en hypnose ericksonienne, j&rsquo;adh\u00e8re \u00e0 la <a href=\"https:\/\/test2.under-construction.work\/charte-ethique\/\" target=\"_blank\" rel=\"noopener noreferrer\">Charte \u00e9thique de l&rsquo;ARCHE. <\/a>Car vous trouverez mon contact dans la <a href=\"http:\/\/www.arche-hypnose.com\/la-liste-des-praticiens-de-larche\/\">liste des praticiens recommand\u00e9s par l\u2019Arche<\/a>.<\/p>\n<p>******************************************************************<\/p>\n<h2><strong>Contrat d&rsquo;engagement <\/strong><\/h2>\n<h2><strong>(derni\u00e8re modification: 14 f\u00e9vrier 2020)<br \/>\n<\/strong><\/h2>\n<h3>L&rsquo;hypnose pratiqu\u00e9e ici est non m\u00e9dicale<\/h3>\n<ul>\n<li>L\u2019hypnose telle que nous la pratiquons\u00a0n\u2019est <strong>pas un acte m\u00e9dical<\/strong>.\u00a0Elle\u00a0ne saurait se substituer \u00e0 un suivi m\u00e9dical (dont psychiatrique). Elle travaille sur les \u00e9motions, \u00e9ventuellement en lien avec un.e m\u00e9decin.<\/li>\n<li><strong>L&rsquo;hypno-praticienne n\u2019est pas m\u00e9decin<\/strong>, ne peut donc faire de prescription ni d&rsquo;acte m\u00e9dical, ne peut intervenir dans le suivi et la validation du traitement m\u00e9dical \u00e9ventuel (prescriptions m\u00e9dicamenteuses, examens m\u00e9dicaux, chirurgie, \u2026) prescrit par le corps\u00a0m\u00e9dical.<\/li>\n<li><strong>Il existe un usage m\u00e9dical de l\u2019hypnose<\/strong>, exerc\u00e9 par des repr\u00e9sentantes des professions m\u00e9dicales . Il existe \u00e9galement des m\u00e9decins qui pratiquent, en plus de leur m\u00e9decine, l\u2019hypnoth\u00e9rapie. La relation d\u2019aide et l\u2019accompagnement d\u2019un usage m\u00e9dical utilisent le m\u00eame outil mais l&rsquo;appliquent diff\u00e9remment.<\/li>\n<li>Toute personne suivie m\u00e9dicalement est encourag\u00e9e par la praticienne \u00e0 <strong>poursuivre son suivi m\u00e9dical, conform\u00e9ment aux prescriptions<\/strong> (de rendez-vous et de soins) du m\u00e9decin. Ayant veill\u00e9 \u00e0 ce que vous soyez inform\u00e9s de ma position sur le sujet, je d\u00e9cline toute responsabilit\u00e9 en cas de choix de votre part contraire \u00e0 un avis m\u00e9dical ou en cas de refus d\u2019une aide m\u00e9dicale.<\/li>\n<li>L\u2019hypnose est consid\u00e9r\u00e9e comme <strong>un compl\u00e9ment (sur l&rsquo;aspect \u00e9motionnel) et non une alternative<\/strong> au suivi m\u00e9dical<\/li>\n<li>L\u2019hypnose peut \u00eatre pratiqu\u00e9e par des m\u00e9decins, des psychoth\u00e9rapeutes, des psychologues,\u00a0de coachs, des p\u00e9dagogues, des formateurs, des entra\u00eeneurs, etc. Aucune certification officielle ne r\u00e9serve cette comp\u00e9tence \u00e0 un corps de m\u00e9tier. Seule l\u2019hypnose m\u00e9dicale est r\u00e9serv\u00e9e au corps m\u00e9dical. <strong>La certification d&rsquo;une \u00e9cole renomm\u00e9e comme <a href=\"http:\/\/www.arche-hypnose.com\/\" target=\"_blank\" rel=\"noopener noreferrer\">l&rsquo;Arche<\/a> n&rsquo;est qu&rsquo;un gage de qualit\u00e9 et n&rsquo;a pour le moment rien de l\u00e9gal.<\/strong><\/li>\n<li>Les actes d\u2019accompagnement hypnotique ne sont <strong>pas pris en charge par la s\u00e9curit\u00e9 sociale.<\/strong><\/li>\n<li>Par rapport aux troubles psychopathologiques: personnellement,<a href=\"https:\/\/test2.under-construction.work\/contact-et-formulaire\/contre-indications-et-precautions\/\" target=\"_blank\" rel=\"noopener\"> je fais le choix de<\/a> ne pas suivre les personnes atteintes de\u00a0<strong>troubles psychotiques\u00a0graves<\/strong>\u00a0: schizophr\u00e9nie, parano\u00efa, maniaco-d\u00e9pression, ainsi que les personnes atteintes de\u00a0<strong>bipolarit\u00e9<\/strong>\u00a0et de\u00a0<strong>d\u00e9pression s\u00e9v\u00e8re<\/strong>, les personnes sous\u00a0<strong>m\u00e9dicaments influen\u00e7ant le psychisme<\/strong>\u00a0(antid\u00e9presseurs, anxiolytiques quotidiens), ainsi que sous\u00a0<strong>drogue quotidienne<\/strong>\u00a0(je ne parle pas de marijuana) ou atteintes d\u2019<strong>alcoolisme s\u00e9v\u00e8re quotidien<\/strong>.\u00a0Ces personnes\u00a0sont invit\u00e9es \u00a0rencontrer un. praticien.ne en hypnose qui est \u00e9galement psychiatre, pour assurer le suivi en toute s\u00e9curit\u00e9.<\/li>\n<li>En dehors de ces cas, <strong>le client<\/strong> <strong>suivi par un psychiatre<\/strong> le d\u00e9clare clairement \u00e0 la praticienne. Il vient au rendez-vous avec une lettre de son psychiatre indiquant que celui-ci est d&rsquo;accord pour un travail par l&rsquo;hypnose, ainsi que la <strong>liste des m\u00e9dicaments<\/strong> prescrits (la praticienne ne recevra pas les personnes sous anxiolytiques et\/ou antid\u00e9presseurs quotidiens). Il est de la responsabilit\u00e9 du client d\u2019informer la praticienne des traitements suivis et des avis re\u00e7us dans le pass\u00e9 de la part de m\u00e9decins et de psychologues. Ces informations seront tenues pour absolument confidentielles.<\/li>\n<li>Le client indique \u00e0 la praticienne <strong>tous les m\u00e9dicaments et toutes les substances<\/strong>, l\u00e9gales et non l\u00e9gales, qu&rsquo;il prend de fa\u00e7on r\u00e9guli\u00e8re, s&rsquo;ils ont un effet sur le psychisme. Ces informations seront tenues pour absolument confidentielles.<\/li>\n<li>La praticienne peut <strong>demander au client de<\/strong> <strong>prendre contact avec un m\u00e9decin g\u00e9n\u00e9raliste ou un m\u00e9decin psychiatre ou tout autre sp\u00e9cialiste s<\/strong>i elle juge de la n\u00e9cessit\u00e9 de consulter un m\u00e9decin. Un refus pourra justifier la rupture du suivi,\u00a0dont le client sera inform\u00e9 par \u00e9crit.<\/li>\n<\/ul>\n<h3>\u00a0L&rsquo;hypnose pratiqu\u00e9e ici n&rsquo;est pas un coup de baguette magique<\/h3>\n<ul>\n<li>Malgr\u00e9 son efficacit\u00e9 av\u00e9r\u00e9e, la pratique de l\u2019hypnose ne saurait engager la praticienne \u00e0 une <strong>obligation de r\u00e9sultat<\/strong>.<\/li>\n<li>L&rsquo;hypnose demande une implication r\u00e9ciproque et constitue un vrai travail sur soi, elle facilite une d\u00e9marche qui rel\u00e8ve de\u00a0votre <strong>d\u00e9termination<\/strong>.<\/li>\n<li>Le <strong>nombre de s\u00e9ances<\/strong> n\u00e9cessaires \u00e0 l\u2019obtention des r\u00e9sultats souhait\u00e9s n&rsquo;est pas estimable \u00e0 l\u2019avance.<\/li>\n<li>Votre praticienne vous accompagnera pour cerner les fa\u00e7ons les plus \u00e9videntes et rationnelles d\u2019<strong>\u00e9prouver l\u2019efficacit\u00e9 de votre d\u00e9marche<\/strong> et la r\u00e9alit\u00e9 des changements qui en d\u00e9coulent.<\/li>\n<\/ul>\n<h3>L\u2019hypnose pratiqu\u00e9e ici vise \u00e0 l&rsquo;autonomie du client<\/h3>\n<ul>\n<li>L&rsquo;hypnose n&rsquo;est <strong>li\u00e9e \u00e0 aucune croyance sectaire,<\/strong> d\u00e9marche de spiritualit\u00e9, th\u00e9orie m\u00e9taphysique, morale ou religieuse<\/li>\n<li>L&rsquo;accompagnement <strong>vise \u00e0 l&rsquo;autonomie et \u00e0 l&rsquo;accroissement de la libert\u00e9 du client, \u00e0 son \u00e9panouissement dans un mieux-\u00eatre, dans le respect de ses convictions<\/strong><\/li>\n<\/ul>\n<h3>L\u2019hypnose pratiqu\u00e9e ici ne procure aucun enseignement de techniques \u00e0 appliquer sur autrui<\/h3>\n<ul>\n<li>Les s\u00e9ances individuelles ne sont pas des formations professionnelles aux m\u00e9tiers de l\u2019hypnose. L&rsquo;apprentissage personnel des \u00e9tats hypnotiques, des ph\u00e9nom\u00e8nes hypnotiques et des techniques\u00a0d\u2019auto-hypnose <strong>n\u2019offre pas de comp\u00e9tence \u00e0 l\u2019hypnotisme sur autrui. <\/strong>Autrement dit, \u00eatre accompagn\u00e9 en hypnose n&rsquo;apprend en aucun cas \u00e0 accompagner une autre personne. <strong><br \/>\n<\/strong><\/li>\n<\/ul>\n<h3>Confidentialit\u00e9<\/h3>\n<ul>\n<li>Les s\u00e9ances sont confidentielles, sauf en cas de t\u00e9moignage \u00e9crit envoy\u00e9 sur mon email, pour participer \u00e0 <a href=\"https:\/\/test2.under-construction.work\/seance-hypnose\/anecdotes-et-retours-de-seances\/\">la page onirique du site<\/a>. Je vous assure par ce contrat de la confidentialit\u00e9, dans la limite de la loi.<\/li>\n<li>La profession d&rsquo;hypnopraticien.ne n&rsquo;\u00e9tant pas reconnue dans le domaine m\u00e9dical, la praticienne a l&rsquo;obligation de signalement comme une citoyenne lambda (Article du Code P\u00e9nal 223-6): <em>\u00ab\u00a0<\/em> <em>Le fait, pour quiconque ayant connaissance d&rsquo;un crime dont il est encore possible de pr\u00e9venir ou de limiter les effets, ou dont les auteurs sont susceptibles de commettre de nouveaux crimes qui pourraient \u00eatre emp\u00each\u00e9s, de ne pas en informer les autorit\u00e9s judiciaires ou administratives est puni de trois ans d&#8217;emprisonnement et de 45 000 euros d&rsquo;amende.\u00a0\u00bb + \u00ab\u00a0Le fait, pour quiconque ayant connaissance de privations, de mauvais traitements ou d&rsquo;agressions ou atteintes sexuelles inflig\u00e9s \u00e0 un mineur ou \u00e0 une personne qui n&rsquo;est pas en mesure de se prot\u00e9ger en raison de son \u00e2ge, d&rsquo;une maladie, d&rsquo;une infirmit\u00e9, d&rsquo;une d\u00e9ficience physique ou psychique ou d&rsquo;un \u00e9tat de grossesse, de ne pas en informer les autorit\u00e9s judiciaires ou administratives ou de continuer \u00e0 ne pas informer ces autorit\u00e9s tant que ces infractions n&rsquo;ont pas cess\u00e9 est puni de trois ans d&#8217;emprisonnement et de 45 000 euros d&rsquo;amende.\u00a0\u00bb<\/em> Lire sur <a href=\"https:\/\/www.legavox.fr\/blog\/maitre-haddad-sabine\/obligation-signalement-devoir-professionnel-citoyen-25518.htm\">Legavox<\/a> ou sur <a href=\"https:\/\/www.service-public.fr\/particuliers\/vosdroits\/F34551?fbclid=IwAR27azVTZGB6dGOqjFF5rX49kZU51wOsxU8fH6skr4Bs5LofxvBBoOKkL_0\">le site\u00a0du service public<\/a>. Autre lien: <a href=\"https:\/\/www.adultes-vulnerables.fr\/le-signalement-dune-situation-de-vulnerabilite?fbclid=IwAR1esECg-MsN8vwEYzhPsALRy6uyHfi0cx9KH9vDKIWzZkXHtpq5joLMe_Y\">Adultes vuln\u00e9rables<\/a>.<\/li>\n<\/ul>\n<h3>En cas d&rsquo;absences, retards, annulations<\/h3>\n<ul>\n<li><strong>Toute s\u00e9ance annul\u00e9e moins de 24h \u00e0 l&rsquo;avance est due de moiti\u00e9.<\/strong><\/li>\n<li>En cas d\u2019<strong>annulation exceptionnelle d\u2019un rendez-vous moins de 24 heures \u00e0 l\u2019avance de mon\u00a0fait<\/strong>, je vous proposerai une\u00a0nouvelle s\u00e9ance\u00a0au plus vite pour un demi-tarif.<\/li>\n<li><strong>Merci de faire le n\u00e9cessaire pour me pr\u00e9venir au plus vite en cas d\u2019emp\u00eachement. <\/strong>En cas d\u2019impossibilit\u00e9 de vous rendre au rendez-vous, j\u2019appr\u00e9cie que vous m\u2019en informiez jusqu\u2019au dernier moment, me permettant ainsi de disposer de ce temps.<\/li>\n<li>D\u2019une mani\u00e8re g\u00e9n\u00e9rale, la dur\u00e9e de la s\u00e9ance est laiss\u00e9e \u00e0 l\u2019appr\u00e9ciation de la praticienne. En th\u00e9orie (et chez diff\u00e9rents praticiens), une s\u00e9ance d\u2019hypnose\u00a0pourrait aussi bien durer 20 minutes que 3 heures. Ici, l<strong>es s\u00e9ances durent \u00e0 peu pr\u00e8s 1h <\/strong>minimum et 1h15 maximum pour la s\u00e9ance simple.<\/li>\n<li>Le temps de <strong>retard de votre fait<\/strong> est d\u00e9duit de la s\u00e9ance.<\/li>\n<\/ul>\n<h3>Le tarif des s\u00e9ances<\/h3>\n<ul>\n<li>Les <a href=\"https:\/\/test2.under-construction.work\/contact-et-formulaire\/conditions-pratiques-des-seances\/\" target=\"_blank\" rel=\"noopener\">tarifs des s\u00e9ances<\/a> sont affich\u00e9s en \u00e9vidence sur le site internet<\/li>\n<li>Le paiement s\u2019effectue en esp\u00e8ce ou par ch\u00e8que ou <a href=\"https:\/\/test2.under-construction.work\/seances\/virements-bancaires\/\">par virement pour les visios<\/a><\/li>\n<\/ul>\n<h3>La prise de rendez-vous est un engagement\u00a0en conformit\u00e9 avec le pr\u00e9sent contrat<\/h3>\n<ul>\n<li>Cette charte peut faire <strong>l\u2019objet d\u2019ajustement<\/strong> en respect avec son orientation actuelle. Vous \u00eates donc encourag\u00e9s \u00e0 vous y rendre r\u00e9guli\u00e8rement pour prendre connaissance de ces modifications. La date de modification sera indiqu\u00e9e en haut de la page.<\/li>\n<li>Si notre discussion me montre que vous n&rsquo;avez pas lu ce contrat,<strong> le temps de sa lecture peut \u00eatre d\u00e9duit de la s\u00e9ance.<\/strong><\/li>\n<li>Si vous le souhaitez, je peux vous procurer un exemplaire papier des informations qui y sont communiqu\u00e9es.<\/li>\n<li><strong>En prenant rendez-vous, vous confirmez \u00eatre parfaitement au courant de ces informations et accepter les conditions de l\u2019engagement r\u00e9ciproque. La prise de rendez-vous\u00a0repr\u00e9sente un\u00a0engagement verbal en conformit\u00e9 avec la pr\u00e9sente charte.<\/strong><\/li>\n<\/ul>\n","protected":false},"excerpt":{"rendered":"<p>Ce contrat reprend les conditions d&rsquo;engagement entre la personne qui d\u00e9sire \u00eatre accompagn\u00e9e en s\u00e9ance et la praticienne en hypnose Marie Lisel ****************************************************************** En prenant rendez-vous, vous confirmez \u00eatre parfaitement au courant de ces informations et vous confirmez accepter les conditions de l\u2019engagement. La prise de rendez-vous\u00a0repr\u00e9sente un\u00a0engagement, qu&rsquo;il soit verbal ou \u00e9crit (si cela [&hellip;]<\/p>\n","protected":false},"author":2,"featured_media":0,"parent":0,"menu_order":0,"comment_status":"closed","ping_status":"closed","template":"","meta":{"footnotes":""},"class_list":["post-2176","page","type-page","status-publish","hentry"],"_links":{"self":[{"href":"https:\/\/test2.under-construction.work\/index.php\/wp-json\/wp\/v2\/pages\/2176","targetHints":{"allow":["GET"]}}],"collection":[{"href":"https:\/\/test2.under-construction.work\/index.php\/wp-json\/wp\/v2\/pages"}],"about":[{"href":"https:\/\/test2.under-construction.work\/index.php\/wp-json\/wp\/v2\/types\/page"}],"author":[{"embeddable":true,"href":"https:\/\/test2.under-construction.work\/index.php\/wp-json\/wp\/v2\/users\/2"}],"replies":[{"embeddable":true,"href":"https:\/\/test2.under-construction.work\/index.php\/wp-json\/wp\/v2\/comments?post=2176"}],"version-history":[{"count":0,"href":"https:\/\/test2.under-construction.work\/index.php\/wp-json\/wp\/v2\/pages\/2176\/revisions"}],"wp:attachment":[{"href":"https:\/\/test2.under-construction.work\/index.php\/wp-json\/wp\/v2\/media?parent=2176"}],"curies":[{"name":"wp","href":"https:\/\/api.w.org\/{rel}","templated":true}]}}