{"id":2397,"date":"2016-11-29T16:11:41","date_gmt":"2016-11-29T15:11:41","guid":{"rendered":"https:\/\/marielisel.com\/?page_id=2397"},"modified":"2016-11-29T16:11:41","modified_gmt":"2016-11-29T15:11:41","slug":"contact","status":"publish","type":"page","link":"https:\/\/test2.under-construction.work\/index.php\/contact\/","title":{"rendered":"Contact"},"content":{"rendered":"<p>Vous pouvez me contacter \u00e0 l\u2019<strong>adresse lisellesil <em>AT<\/em> gmail.com<\/strong> ou sur ma <a href=\"https:\/\/www.facebook.com\/MarieLiselAcousmateHypnotiste\/?fref=ts\">page Facebook<\/a>, en sp\u00e9cifiant votre demande dans l\u2019objet de votre message. Vous recevrez rapidement la r\u00e9ponse \u00e0 votre demande ainsi que mon num\u00e9ro de portable. Le cabinet se situe au 15, rue de Tr\u00e9vise (Paris 9).<\/p>\n<p><a href=\"https:\/\/test2.under-construction.work\/contact-et-formulaire\/\">Bienvenue en s\u00e9ance!<\/a><\/p>\n<p>&nbsp;<\/p>\n","protected":false},"excerpt":{"rendered":"<p>Vous pouvez me contacter \u00e0 l\u2019adresse lisellesil AT gmail.com ou sur ma page Facebook, en sp\u00e9cifiant votre demande dans l\u2019objet de votre message. Vous recevrez rapidement la r\u00e9ponse \u00e0 votre demande ainsi que mon num\u00e9ro de portable. Le cabinet se situe au 15, rue de Tr\u00e9vise (Paris 9). Bienvenue en s\u00e9ance! &nbsp;<\/p>\n","protected":false},"author":2,"featured_media":0,"parent":0,"menu_order":0,"comment_status":"closed","ping_status":"closed","template":"","meta":{"footnotes":""},"class_list":["post-2397","page","type-page","status-publish","hentry"],"_links":{"self":[{"href":"https:\/\/test2.under-construction.work\/index.php\/wp-json\/wp\/v2\/pages\/2397","targetHints":{"allow":["GET"]}}],"collection":[{"href":"https:\/\/test2.under-construction.work\/index.php\/wp-json\/wp\/v2\/pages"}],"about":[{"href":"https:\/\/test2.under-construction.work\/index.php\/wp-json\/wp\/v2\/types\/page"}],"author":[{"embeddable":true,"href":"https:\/\/test2.under-construction.work\/index.php\/wp-json\/wp\/v2\/users\/2"}],"replies":[{"embeddable":true,"href":"https:\/\/test2.under-construction.work\/index.php\/wp-json\/wp\/v2\/comments?post=2397"}],"version-history":[{"count":0,"href":"https:\/\/test2.under-construction.work\/index.php\/wp-json\/wp\/v2\/pages\/2397\/revisions"}],"wp:attachment":[{"href":"https:\/\/test2.under-construction.work\/index.php\/wp-json\/wp\/v2\/media?parent=2397"}],"curies":[{"name":"wp","href":"https:\/\/api.w.org\/{rel}","templated":true}]}}