{"id":2561,"date":"2016-12-21T21:17:23","date_gmt":"2016-12-21T20:17:23","guid":{"rendered":"https:\/\/marielisel.com\/?page_id=2561"},"modified":"2016-12-21T21:17:23","modified_gmt":"2016-12-21T20:17:23","slug":"ateliers-workshops","status":"publish","type":"page","link":"https:\/\/test2.under-construction.work\/index.php\/ateliers-workshops\/","title":{"rendered":"Ateliers pour tout public \/ pour artistes \/ pour sp\u00e9cialistes \/ pour entreprises"},"content":{"rendered":"<p>Les ateliers rassemblent un groupe de<strong>\u00a0<\/strong>personnes, dans un contexte particulier, dans une intention particuli\u00e8re, dans un voyage hypnotique \u00e0 la fois commun et tr\u00e8s singulier pour chacun.e<\/p>\n<p><strong>J&rsquo;en pr\u00e9sente une vingtaine dans le menu d\u00e9roulant (souris sur \u00ab\u00a0ateliers\u00a0\u00bb, 2\u00e8me onglet en haut \u00e0 gauche). J&rsquo;aime aussi en composer sur mesure, selon votre projet.\u00a0<\/strong><\/p>\n<blockquote>\n<p style=\"text-align:center;\"><strong>ADAPTABILITE<\/strong><\/p>\n<\/blockquote>\n<p><strong>Libert\u00e9, cr\u00e9ativit\u00e9 et flexibilit\u00e9<\/strong>! <strong>Je suis \u00ab\u00a0\u00e0 la crois\u00e9e\u00a0\u00bb des champs<\/strong>&#8230; artiste, chercheuse en hypnose, praticienne de groupe et de s\u00e9ances individuelles, passionn\u00e9e par l&rsquo;\u00e9thologie, la synesth\u00e9sie, les arts contemporains, le genre, la sensorialit\u00e9, les sons&#8230;<\/p>\n<p><strong>J&rsquo;aime partager mes recherches avec un public d&rsquo;hypersp\u00e9cialistes<\/strong> (synesth\u00e8tes, danseurs contemporains, masteurants en \u00e9tudes de genres, musiciens en \u00e9lectroacoustique, ornithologues&#8230;) <strong>et aussi rencontrer les habitants d&rsquo;un village<\/strong> pour une initiation \u00e0 la transe-formation <strong>et aussi \u00e9viter des conflits dans une \u00e9quipe<\/strong>\u00a0et aussi&#8230;<\/p>\n<p>J&rsquo;ai la croyance qu&rsquo;<strong>\u00eatre capable de les adapter permet de maitriser les concepts et les pratiques en profondeur, comme envisag\u00e9s sous autant de facettes, avec autant de mediums<\/strong>. \u00a0Il est d\u00e8s lors \u00e9vident que le contenu th\u00e9orique, le support (musique, objets&#8230;), le langage, la m\u00e9thodologie sont diff\u00e9rents selon les habitus des champs socio-culturels du groupe, mais aussi selon ses\u00a0int\u00e9r\u00eats, exp\u00e9riences, acquis et intentions.<\/p>\n<p>Il peut s&rsquo;agir de <strong>communaut\u00e9s<\/strong> rassembl\u00e9es autour d&rsquo;une localit\u00e9, d&rsquo;une activit\u00e9 culturelle, sociale, de d\u00e9veloppement personnel, d&rsquo;une fa\u00e7on de vivre (je pense aux communaut\u00e9s autog\u00e9r\u00e9es)&#8230; Il peut s&rsquo;agir d&rsquo;<strong>entreprises<\/strong> priv\u00e9es. Il peut s&rsquo;agir d&rsquo;<strong>une \u00e9cole<\/strong>. Il peut s&rsquo;agir de chercheurs (synesth\u00e9sie, genres, modifications corporelles, neurologie, polyamour, \u00e9thologie&#8230;). Il peut s&rsquo;agir d&rsquo;<strong>institutions ou de collectifs, dans le champ de l&rsquo;art contemporain, des arts de la sc\u00e8ne, des arts sonores&#8230;\u00a0<\/strong>Il peut s&rsquo;agir de groupes spontan\u00e9s, r\u00e9unis par un \u00e9lan.<\/p>\n<figure id=\"attachment_7550\" aria-describedby=\"caption-attachment-7550\" style=\"width: 642px\" class=\"wp-caption alignnone\"><img loading=\"lazy\" decoding=\"async\" class=\"alignnone size-full wp-image-7550\" src=\"https:\/\/test2.under-construction.work\/wp-content\/uploads\/2017\/10\/capture-d_c3a9cran-2017-10-29-c3a0-19-54-42.png\" alt=\"Capture d_\u00e9cran 2017-10-29 \u00e0 19.54.42\" width=\"642\" height=\"442\" \/><figcaption id=\"caption-attachment-7550\" class=\"wp-caption-text\">Hypnose et cheval-miroir (voyez les stages en Loz\u00e8re)<\/figcaption><\/figure>\n<blockquote>\n<p style=\"text-align:center;\"><strong>ATELIERS POUR ARTISTES ET SPECIALISTES<\/strong><\/p>\n<\/blockquote>\n<p><strong>Je con\u00e7ois de<\/strong>\u00a0<strong>nombreux ateliers pour des artistes et pour des sp\u00e9cialistes de disciplines qui me passionnent<\/strong>. Les ateliers d\u00e9velopp\u00e9s dans les liens ci-dessous sont des exemples. Mille et une possibilit\u00e9s naissent de rencontres, de lectures, d\u2019exp\u00e9riences et de discussions.<\/p>\n<p>Quelques ateliers :<\/p>\n<ul>\n<li><u><a href=\"https:\/\/test2.under-construction.work\/ateliers-workshops\/ateliers-pour-artistes-et-autres-specialistes\/atelier-sur-mesure-au-sein-de-votre-projet-dart-de-la-scene\/\">Atelier sur mesure au sein de votre projet d\u2019art de la sc\u00e8ne<\/a><\/u><\/li>\n<li><a href=\"https:\/\/test2.under-construction.work\/ateliers-workshops\/atelier-dexploration-connexion\/\">connexion<\/a><\/li>\n<li><a href=\"https:\/\/test2.under-construction.work\/ateliers-workshops\/atelier-dexploration-mouvements-et-sons-spontanes\/\">mouvements (et sons) spontan\u00e9s<\/a><\/li>\n<li><a href=\"https:\/\/test2.under-construction.work\/atelier-dexploration-balade-hypnotique-dans-la-nature\/\">balade hypnotique dans la nature<\/a><\/li>\n<li><a href=\"https:\/\/test2.under-construction.work\/atelier-dexploration-ecoute-synesthesique-des-sons\/\">\u00e9coute synesth\u00e9sique des sons<\/a><\/li>\n<li><a href=\"https:\/\/test2.under-construction.work\/ateliers-workshops\/atelier-dexploration-fluidite-des-genres\/\">fluidit\u00e9 des genres<\/a><\/li>\n<li><a href=\"https:\/\/test2.under-construction.work\/ateliers-workshops\/ateliers-pour-artistes-et-autres-specialistes\/atelier-dexploration-explorer-une-oeuvre-dart\/\">exploration d\u2019une oeuvre d\u2019art<\/a><\/li>\n<li><a href=\"https:\/\/test2.under-construction.work\/ateliers-pour-grand-public\/atelier-dintroduction-a-lautohypnose\/atelier-dexploration-animalite-et-intuition\/\">intuition et animalit\u00e9<\/a><\/li>\n<li>suivre le fil d\u2019une image (visuelle, sonore, tactile, olfactive) \u00e0 travers l\u2019imaginal<\/li>\n<li>\u00e9couter un personnage de sc\u00e9nario raconter son histoire<\/li>\n<li>mod\u00e9liser pour cr\u00e9er un personnage (\u00e9criture ou jeu d\u2019acteur)<\/li>\n<li>visiter sa biblioth\u00e8que\/sa sonoth\u00e8que\/son atelier int\u00e9rieure<\/li>\n<li>\u00e9tablir un rapport avec les mati\u00e8res (comme devenir la prolongation\/proth\u00e8se de la mati\u00e8re)<\/li>\n<li>fronti\u00e8res, limites, territoires, processus\u2026<\/li>\n<\/ul>\n<p>&nbsp;<\/p>\n<p>A partir d\u2019un axe d\u2019exploration et d\u2019un champ commun, les possibles sont innombrables. Si\u00a0<strong>une question vous titille dans vos recherches<\/strong>, parlons-en!<\/p>\n<p>LIRE AUSSI:<\/p>\n<p><a href=\"https:\/\/test2.under-construction.work\/accompagnement-pour-la-creation\/\" target=\"_blank\" rel=\"noopener\">Accompagnement pour la cr\u00e9ation<\/a><\/p>\n<p><a href=\"https:\/\/test2.under-construction.work\/et-si-on-se-connait-prend-on-des-amis-potes-connaissances-collegues-en-seance\/\" target=\"_blank\" rel=\"noopener\">Et si on se connait?<\/a><\/p>\n<figure id=\"attachment_3090\" aria-describedby=\"caption-attachment-3090\" style=\"width: 975px\" class=\"wp-caption alignnone\"><img loading=\"lazy\" decoding=\"async\" class=\"alignnone size-full wp-image-3090\" src=\"https:\/\/test2.under-construction.work\/wp-content\/uploads\/2016\/03\/649586-lygiaclarkoculos.jpeg\" alt=\"649586-lygiaclarkoculos\" width=\"975\" height=\"658\" \/><figcaption id=\"caption-attachment-3090\" class=\"wp-caption-text\">Lygia Clarck<\/figcaption><\/figure>\n<blockquote>\n<p style=\"text-align:center;\"><strong>ATELIERS TOUT PUBLIC<\/strong><\/p>\n<\/blockquote>\n<p>Les ateliers d\u00e9velopp\u00e9s sur ce site (suivez les liens ci-dessous) sont des\u00a0<strong>exemples d\u2019ateliers originaux<\/strong>\u00a0<strong>que j\u2019imagine<\/strong>\u00a0de toutes pi\u00e8ces. Ceci dit, il y a mille et une possibilit\u00e9s. Les articles du site et les descriptions de \u00ab\u00a0l\u2019hypnose pour cr\u00e9er sa vie, son oeuvre, son monde\u00a0\u00bb peuvent vous donner des id\u00e9es. Je suis ouverte aux suggestions! Quelques ateliers expliqu\u00e9s comme exemples:<\/p>\n<ul>\n<li><a href=\"https:\/\/test2.under-construction.work\/atelier-dintroduction-a-lhypnose\/\">faire la paix avec soi<\/a><\/li>\n<li><a href=\"https:\/\/test2.under-construction.work\/ateliers-workshops\/atelier-dintroduction-etablir-une-communication-confortable-avec-son-symptome\/\">\u00e9tablir une communication confortable avec son sympt\u00f4me<\/a><\/li>\n<li><a href=\"https:\/\/test2.under-construction.work\/ateliers-workshops\/atelier-de-reve-eveille-rechercher-des-ressources-et-lacher-du-leste\/\">rechercher des ressources et l\u00e2cher du leste<\/a><\/li>\n<li><a href=\"https:\/\/test2.under-construction.work\/ateliers-pour-grand-public\/atelier-dintroduction-a-lautohypnose\/\">introduction \u00e0 l\u2019autohypnose<\/a><\/li>\n<li><a href=\"https:\/\/test2.under-construction.work\/ateliers-pour-grand-public\/atelier-dintroduction-a-lautohypnose\/creer-letat-ideal-atelier-mixte\/\" target=\"_blank\" rel=\"noopener\">cr\u00e9er l&rsquo;\u00e9tat id\u00e9al<\/a><\/li>\n<li>&#8230;<\/li>\n<\/ul>\n<div id=\"jp-post-flair\" class=\"sharedaddy sd-like-enabled sd-sharing-enabled\">\n<figure id=\"attachment_3234\" aria-describedby=\"caption-attachment-3234\" style=\"width: 1042px\" class=\"wp-caption aligncenter\"><img loading=\"lazy\" decoding=\"async\" class=\"alignnone size-full wp-image-3234\" src=\"https:\/\/test2.under-construction.work\/wp-content\/uploads\/2017\/01\/capture-d_ecc81cran-2016-05-25-acc80-12-43-05.png\" alt=\"capture-decran-2016-05-25-a-12-43-05\" width=\"1042\" height=\"456\" \/><figcaption id=\"caption-attachment-3234\" class=\"wp-caption-text\">John Giorno, dans l\u2019exposition I JOHN GIORNO, par Ugo Rondinone (palais de Tokyo, 2016)<\/figcaption><\/figure>\n<\/div>\n<blockquote>\n<p style=\"text-align:center;\"><strong>ATELIERS POUR ENTREPRISES<\/strong><\/p>\n<\/blockquote>\n<p>J\u2019organise ces\u00a0<strong>ateliers pour entreprises<\/strong>, \u00e0 la demande, avec ma partenaire\u00a0<a href=\"http:\/\/www.hypnoseinparis.com\/\">A\u00eftana Mac Gowan<\/a>.<\/p>\n<p>De nombreux ateliers ne n\u00e9cessitent pas de pr\u00e9requis. Aitana Mac Gowan et moi en avons pr\u00e9par\u00e9 sp\u00e9cialement pour les groupes au sein d\u2019une \u00e9quipe de travail. Nous pouvons aussi en cr\u00e9er sur mesure pour votre groupe, en fonction de vos besoins.<\/p>\n<p>Quelques exemples:<\/p>\n<ul>\n<li>arr\u00eat du tabac<\/li>\n<li>gestion du stress<\/li>\n<li>gestion de la fatigue et de l\u2019\u00e9nergie<\/li>\n<li>burnout<\/li>\n<li>confiance en soi et image de soi<\/li>\n<li>tournant de vie<\/li>\n<li>peurs et phobies<\/li>\n<li>g\u00eanes et douleurs physiques<\/li>\n<li>gestion des \u00e9motions<\/li>\n<li>prise de d\u00e9cision<\/li>\n<li>concentration et procrastination<\/li>\n<li>prise de parole en public<\/li>\n<li>d\u00e9velopper sa cr\u00e9ativit\u00e9<\/li>\n<li>etc!<\/li>\n<\/ul>\n<p>&nbsp;<\/p>\n<p>D&rsquo;autres formules sont possibles. Demandez-moi des informations \u00e0 l\u2019adresse lisellesil@gmail.com si vous \u00eates int\u00e9ress\u00e9.e d\u2019organiser ensemble un\/des atelier(s), en entreprise priv\u00e9e ou dans l\u2019administration publique.<\/p>\n<p><img loading=\"lazy\" decoding=\"async\" class=\" size-full wp-image-3778 aligncenter\" src=\"https:\/\/test2.under-construction.work\/wp-content\/uploads\/2017\/01\/capture-d_ecc81cran-2016-03-26-acc80-12-40-04.png\" alt=\"capture-decran-2016-03-26-a-12-40-04\" width=\"567\" height=\"568\" \/><\/p>\n<blockquote>\n<p style=\"text-align:center;\"><strong>L&rsquo;HYPNOSE ERICKSONIENNE<\/strong><\/p>\n<\/blockquote>\n<p>L\u2019hypnose est de plus en plus connue du public, notamment par les shows de Mesmer et consorts, par les op\u00e9rations pratiqu\u00e9es sous hypnose et par les indications relay\u00e9es par la presse, comme l\u2019arr\u00eat du tabac et les phobies.<\/p>\n<p><strong>L\u2019hypnose de spectacle, l\u2019hypnose m\u00e9dicale et l\u2019hypnose \u00e9ricksonienne ont des objectifs<\/strong> (faire de l\u2019audimat \/ g\u00e9rer la douleur \/ accompagner vers un changement), <strong>des positionnements<\/strong> (dirigiste \/ protocolaire \/ en coh\u00e9rence avec les repr\u00e9sentations des accompagn\u00e9s) <strong>et des m\u00e9thodes<\/strong> (s\u00e9lection, fascination \/ dissociation \/ passage) <strong>diff\u00e9rents.<\/strong><\/p>\n<p><strong>Ici,<\/strong> <strong>il s&rsquo;agit d&rsquo;accompagner vers un changement, une exploration, une cr\u00e9ation<\/strong> (existence amplifi\u00e9e par la d\u00e9couverte d&rsquo;un pan de soi-m\u00eame, \u00e9mancipation d&rsquo;une addiction, transformation d&rsquo;un lien entretenu avec une personne, d\u00e9passement d&rsquo;un obstacle, ouverture d&rsquo;une voie nouvelle vers la cr\u00e9ativit\u00e9&#8230;), dans un chemin qui respecte les repr\u00e9sentations et les intentions des accompagn\u00e9s, gr\u00e2ce \u00e0 un accompagnement\u00a0alliant la s\u00e9curit\u00e9 et la libert\u00e9.<\/p>\n<p><img loading=\"lazy\" decoding=\"async\" class=\" size-full wp-image-3447 aligncenter\" src=\"https:\/\/test2.under-construction.work\/wp-content\/uploads\/2017\/01\/15965280_370210380001497_6039153286788906653_n.jpg\" alt=\"15965280_370210380001497_6039153286788906653_n\" width=\"480\" height=\"480\" \/><\/p>\n<blockquote>\n<p style=\"text-align:center;\"><strong>DES VOYAGES DIFFERENTS<\/strong><\/p>\n<\/blockquote>\n<p><strong>L\u2019accompagnante en hypnose \u00e9ricksonienne peut-\u00eatre compar\u00e9e \u00e0 un guide de montagne<\/strong>, qui emm\u00e8ne une personne ou un groupe vers son intention (en ayant v\u00e9rifi\u00e9 au pr\u00e9alable que celle-ci est r\u00e9aliste, positive et claire), en veillant \u00e0 sa s\u00e9curit\u00e9 et en ne for\u00e7ant rien. Elle balise, assure, rassure, donne des outils, sans interpr\u00e9ter ni projeter.<\/p>\n<p>Bien s\u00fbr, <strong>chaque balade est diff\u00e9rente pour chacun(e)<\/strong>. La suggestion \u00ab\u00a0en passant le sommet, un paysage magnifique appara\u00eetra, dans lequel votre sagesse vous attendra, sous la forme d\u2019un \u00eatre bienveillant, humain, animal ou v\u00e9g\u00e9tal qui vous donnera un conseil \u00bb, peut donner naissance \u00e0 des milliers de v\u00e9cus!<\/p>\n<p>Dans les ateliers, dans un cadre tranquille et s\u00e9curisant, <strong>les outils de l\u2019ouverture \u00e0 soi, aux autres et au monde, permettent de faire l\u2019exp\u00e9rience de voyages<\/strong> d\u2019exploration qui m\u00e8nent \u00e0 la connaissance de son propre fonctionnement, aux transformations de sch\u00e9mas r\u00e9p\u00e9titifs, aux d\u00e9couvertes de sa cr\u00e9ation\u2026<\/p>\n<p>Il suffit d&rsquo;oser \ud83d\ude42<\/p>\n<p>\u00a9 Marie Lisel<\/p>\n<p>&nbsp;<\/p>\n","protected":false},"excerpt":{"rendered":"<p>Les ateliers rassemblent un groupe de\u00a0personnes, dans un contexte particulier, dans une intention particuli\u00e8re, dans un voyage hypnotique \u00e0 la fois commun et tr\u00e8s singulier pour chacun.e J&rsquo;en pr\u00e9sente une vingtaine dans le menu d\u00e9roulant (souris sur \u00ab\u00a0ateliers\u00a0\u00bb, 2\u00e8me onglet en haut \u00e0 gauche). J&rsquo;aime aussi en composer sur mesure, selon votre projet.\u00a0 ADAPTABILITE Libert\u00e9, [&hellip;]<\/p>\n","protected":false},"author":2,"featured_media":3263,"parent":0,"menu_order":0,"comment_status":"closed","ping_status":"closed","template":"","meta":{"footnotes":""},"class_list":["post-2561","page","type-page","status-publish","has-post-thumbnail","hentry"],"_links":{"self":[{"href":"https:\/\/test2.under-construction.work\/index.php\/wp-json\/wp\/v2\/pages\/2561","targetHints":{"allow":["GET"]}}],"collection":[{"href":"https:\/\/test2.under-construction.work\/index.php\/wp-json\/wp\/v2\/pages"}],"about":[{"href":"https:\/\/test2.under-construction.work\/index.php\/wp-json\/wp\/v2\/types\/page"}],"author":[{"embeddable":true,"href":"https:\/\/test2.under-construction.work\/index.php\/wp-json\/wp\/v2\/users\/2"}],"replies":[{"embeddable":true,"href":"https:\/\/test2.under-construction.work\/index.php\/wp-json\/wp\/v2\/comments?post=2561"}],"version-history":[{"count":0,"href":"https:\/\/test2.under-construction.work\/index.php\/wp-json\/wp\/v2\/pages\/2561\/revisions"}],"wp:featuredmedia":[{"embeddable":true,"href":"https:\/\/test2.under-construction.work\/index.php\/wp-json\/"}],"wp:attachment":[{"href":"https:\/\/test2.under-construction.work\/index.php\/wp-json\/wp\/v2\/media?parent=2561"}],"curies":[{"name":"wp","href":"https:\/\/api.w.org\/{rel}","templated":true}]}}