{"id":2660,"date":"2016-12-23T11:50:17","date_gmt":"2016-12-23T10:50:17","guid":{"rendered":"https:\/\/marielisel.com\/?page_id=2660"},"modified":"2016-12-23T11:50:17","modified_gmt":"2016-12-23T10:50:17","slug":"ecoute-hypnotique-collective-de-boa","status":"publish","type":"page","link":"https:\/\/test2.under-construction.work\/index.php\/ateliers-workshops\/ecoute-hypnotique-collective-de-boa\/","title":{"rendered":"Ecoute hypnotique collective de \u00ab\u00a0bOa\u00a0\u00bb"},"content":{"rendered":"<p><strong>Ecoute collective de bOa, partage hypnotique et rencontre avec l\u2019auteur<\/strong><\/p>\n<p><a href=\"https:\/\/test2.under-construction.work\/2015\/12\/03\/creation-radio-hypnotique\/\"><strong>bOa<\/strong> <\/a>(cr\u00e9ation radiophonique hypnotique, 44\u201930\u2019\u2019)<br \/>\n<strong>bOa vous invite \u00e0 un r\u00eave, \u00e9rotique, dirig\u00e9, hypnotique. Erigez-vous \u00e0 travers lui, dansez dans son apesanteur, jouez avec son \u00e9nergie, explorez votre monde int\u00e9rieur!<\/strong><br \/>\nR\u00e9alisation : Marie Lisel<br \/>\nMusique : Yannick Franck<br \/>\nVoix : Catherine Sal\u00e9e et Tristan Tr\u00e9meau<br \/>\nPrise de son et mixage : S\u00e9bastien Schmitz<br \/>\nMontage : Marie Lisel<br \/>\nImage : Dominique Goblet<br \/>\nProduction : Une production de l&rsquo;Atelier de Cr\u00e9ation Sonore Radiophonique avec le soutien du FACR de la F\u00e9d\u00e9ration Wallonie\u00acBruxelles.<\/p>\n<p>Un extrait est en ligne <a href=\"http:\/\/www.acsr.be\/production\/boa\/\">ici\u00a0<\/a><\/p>\n<p><strong>Page Facebook<\/strong>: <a href=\"https:\/\/www.facebook.com\/bOaLisel\/?fref=ts\">l\u00e0<\/a><\/p>\n<p><strong>Diffusions<\/strong><\/p>\n<p>1\/06\/2015 &#8211; Campus Bruxelles<br \/>\n31\/08\/2015 &#8211; Radio Ara (Luxembourg)<br \/>\ndu 27 au 30\/08\/2015: \u00e9coute individuelle au Festival Erosph\u00e8re IN Paris<br \/>\n2\/09\/2015 &#8211; premi\u00e8re \u00e9coute collective au centre culturel Jacques Franck Bruxelles<br \/>\nEcoute publique au festival Les Mariniers, Bruxelles<br \/>\n02\/10\/\/2015 &#8211; Radio Panik<br \/>\n10 \/10\/\/2015: Radio En Construction: http:\/\/www.radioenconstruction.com\/<br \/>\n23-24 \/10\/2015 &#8211; Bivouac radiophonique, Phaune avec Radio Escapades, https:\/\/soundcloud.com\/phaune-ra\u2026\/bivouac-radiophonique-2015<br \/>\n9\/11\/2015 &#8211; Par <a href=\"https:\/\/www.facebook.com\/ParOuiDire\/\">Par ou\u00ef-dire &#8211; La Premi\u00e8re RTBF<\/a><br \/>\n5\/12\/2015 &#8211; Radio Scarpe Sens\u00e9e<br \/>\nd\u00e9cembre: <a href=\"https:\/\/www.facebook.com\/RadioGrenouille\/\">Radio Grenouille<\/a><br \/>\n24\/01\/2016: R\u00e9cr\u00e9ation Sonore sur Radio Campus Paris<br \/>\n04\/02\/2016: <a href=\"https:\/\/www.facebook.com\/documentaire.radio\/\">ADDOR<\/a>, festival <a href=\"https:\/\/www.facebook.com\/Longueur-dondes-Festival-de-la-radio-et-de-l%C3%A9coute-185883721762\/\">Longueur d&rsquo;ondes, Festival de la radio et de l&rsquo;\u00e9coute<\/a><br \/>\n3\/03\/2016: <a href=\"https:\/\/www.facebook.com\/RadioJetfm\/\">Jet FM 91.2<\/a><\/p>\n<p>+ autres diffusions que mon producteur ne m\u2019a pas encore transmises<\/p>\n<p>A lire \u00e9galement:<\/p>\n<ul>\n<li><a href=\"https:\/\/test2.under-construction.work\/2015\/12\/03\/recadrage-par-creation-radiophonique\/\" target=\"_blank\" rel=\"noopener\">Merci Madame<\/a><\/li>\n<li><a href=\"https:\/\/test2.under-construction.work\/2015\/12\/03\/creation-radio-hypnotique\/\">bOa, r\u00eave \u00e9veill\u00e9 radiophonique<\/a><\/li>\n<li><a href=\"https:\/\/marielisel.bandcamp.com\/track\/agogies\" target=\"_blank\" rel=\"noopener\">Agogies<\/a><i><\/i><\/li>\n<li><a href=\"https:\/\/test2.under-construction.work\/2018\/05\/08\/creation-radiophonique-fantasmatique\/\" target=\"_blank\" rel=\"noopener\">Fantasmes<\/a><\/li>\n<\/ul>\n<p>&nbsp;<\/p>\n","protected":false},"excerpt":{"rendered":"<p>Ecoute collective de bOa, partage hypnotique et rencontre avec l\u2019auteur bOa (cr\u00e9ation radiophonique hypnotique, 44\u201930\u2019\u2019) bOa vous invite \u00e0 un r\u00eave, \u00e9rotique, dirig\u00e9, hypnotique. Erigez-vous \u00e0 travers lui, dansez dans son apesanteur, jouez avec son \u00e9nergie, explorez votre monde int\u00e9rieur! R\u00e9alisation : Marie Lisel Musique : Yannick Franck Voix : Catherine Sal\u00e9e et Tristan Tr\u00e9meau [&hellip;]<\/p>\n","protected":false},"author":2,"featured_media":245,"parent":2561,"menu_order":0,"comment_status":"closed","ping_status":"closed","template":"","meta":{"footnotes":""},"class_list":["post-2660","page","type-page","status-publish","has-post-thumbnail","hentry"],"_links":{"self":[{"href":"https:\/\/test2.under-construction.work\/index.php\/wp-json\/wp\/v2\/pages\/2660","targetHints":{"allow":["GET"]}}],"collection":[{"href":"https:\/\/test2.under-construction.work\/index.php\/wp-json\/wp\/v2\/pages"}],"about":[{"href":"https:\/\/test2.under-construction.work\/index.php\/wp-json\/wp\/v2\/types\/page"}],"author":[{"embeddable":true,"href":"https:\/\/test2.under-construction.work\/index.php\/wp-json\/wp\/v2\/users\/2"}],"replies":[{"embeddable":true,"href":"https:\/\/test2.under-construction.work\/index.php\/wp-json\/wp\/v2\/comments?post=2660"}],"version-history":[{"count":0,"href":"https:\/\/test2.under-construction.work\/index.php\/wp-json\/wp\/v2\/pages\/2660\/revisions"}],"up":[{"embeddable":true,"href":"https:\/\/test2.under-construction.work\/index.php\/wp-json\/wp\/v2\/pages\/2561"}],"wp:featuredmedia":[{"embeddable":true,"href":"https:\/\/test2.under-construction.work\/index.php\/wp-json\/"}],"wp:attachment":[{"href":"https:\/\/test2.under-construction.work\/index.php\/wp-json\/wp\/v2\/media?parent=2660"}],"curies":[{"name":"wp","href":"https:\/\/api.w.org\/{rel}","templated":true}]}}