{"id":2670,"date":"2016-12-23T12:35:20","date_gmt":"2016-12-23T11:35:20","guid":{"rendered":"https:\/\/marielisel.com\/?page_id=2670"},"modified":"2016-12-23T12:35:20","modified_gmt":"2016-12-23T11:35:20","slug":"atelier-dintroduction-a-lhypnose","status":"publish","type":"page","link":"https:\/\/test2.under-construction.work\/index.php\/atelier-dintroduction-a-lhypnose\/","title":{"rendered":"Atelier d\u2019introduction \u00e0 l\u2019hypnose: \u00ab\u00a0Faire la paix avec soi(s)\u00a0\u00bb"},"content":{"rendered":"<p>INTRODUCTION = CONCEPTS + EXERCICE + EXPERIENCE COMPLETE<\/p>\n<p><strong>Dans cet atelier d\u2019introduction \u00e0 l&rsquo;hypnose et \u00e0 l\u2019auto-hypnose comme outil de connaissance et de transformation, chacun a l&rsquo;occasion d&rsquo;approcher les concepts de l&rsquo;hypnose (hypnose &#8211; transe &#8211; imaginal &#8211; vigie &#8211; champ d&rsquo;attention, induction, suggestion, hyper\u00e9veil&#8230;), d&rsquo;exp\u00e9rimenter des exercices de base d&rsquo;autohypnose et de vivre une exp\u00e9rience compl\u00e8te d&rsquo;hypnose vers une intention.<\/strong><\/p>\n<p>THEME PROPOSE<\/p>\n<p><strong>Le th\u00e8me propos\u00e9 est \u00ab\u00a0r\u00e9soudre un conflit int\u00e9rieur\u00a0\u00bb<\/strong>. \u00a0Lorsque des tiraillements entre des \u00e9motions diff\u00e9rentes, entre des d\u00e9sirs d&rsquo;actions oppos\u00e9es, entre des \u00e9lans a priori incompatibles am\u00e8nent de inconfort, du stress, de la versatilit\u00e9, des ruminations, voire de l&rsquo;angoisse, il est int\u00e9ressant de laisser la n\u00e9gociation se passer \u00e0 un niveau int\u00e9rieur, entre les diff\u00e9rentes parties de nous-m\u00eame, chacune reli\u00e9e \u00e0 des intentions, \u00e0 des contextes, \u00e0 des d\u00e9sirs et \u00e0 des peurs&#8230; Ce voyage int\u00e9rieur peut d\u00e9boucher, si cela est appropri\u00e9 (car c\u2019est diff\u00e9rent pour chacun) \u00e0 une prise de d\u00e9cision ou &#8211; \u00ab\u00a0tout simplement\u00a0\u00bb &#8211; \u00e0 une grande bouff\u00e9e de tranquillit\u00e9, en paix avec soi-m\u00eame.<\/p>\n<p>AUTRES THEMES POSSIBLES<\/p>\n<p>Il est bien s\u00fbr <strong>possible de travailler sur d&rsquo;autres th\u00e8mes, en atelier pour grand public, sans pr\u00e9requis.<\/strong> Le principe est le m\u00eame pour chaque atelier d&rsquo;introduction: concepts + exercices techniques+ exp\u00e9rience compl\u00e8te. Voyez pour cela les indications de l&rsquo;<a href=\"https:\/\/test2.under-construction.work\/lhypnose-comme-outil-daccompagnement-vers-la-solution-et-le-changement\/\">hypnose pour cr\u00e9er son mieux vivre,<\/a> de l&rsquo;<a href=\"https:\/\/test2.under-construction.work\/a-propos-de-lhypnose-comme-outil-dexploration-et-de-creation\/\">hypnose pour cr\u00e9er son oeuvre<\/a>, de <a href=\"https:\/\/test2.under-construction.work\/pour-creer-son-monde\/\">l&rsquo;hypnose pour cr\u00e9er son monde<\/a>, dans les pages et dans les articles de ce site et parlons-en \ud83d\ude42<\/p>\n<p>Il suffit d&rsquo;oser!<\/p>\n<p>\u00a9 Marie Lisel<\/p>\n<p>&nbsp;<\/p>\n","protected":false},"excerpt":{"rendered":"<p>INTRODUCTION = CONCEPTS + EXERCICE + EXPERIENCE COMPLETE Dans cet atelier d\u2019introduction \u00e0 l&rsquo;hypnose et \u00e0 l\u2019auto-hypnose comme outil de connaissance et de transformation, chacun a l&rsquo;occasion d&rsquo;approcher les concepts de l&rsquo;hypnose (hypnose &#8211; transe &#8211; imaginal &#8211; vigie &#8211; champ d&rsquo;attention, induction, suggestion, hyper\u00e9veil&#8230;), d&rsquo;exp\u00e9rimenter des exercices de base d&rsquo;autohypnose et de vivre une [&hellip;]<\/p>\n","protected":false},"author":2,"featured_media":2705,"parent":0,"menu_order":0,"comment_status":"closed","ping_status":"closed","template":"","meta":{"footnotes":""},"class_list":["post-2670","page","type-page","status-publish","has-post-thumbnail","hentry"],"_links":{"self":[{"href":"https:\/\/test2.under-construction.work\/index.php\/wp-json\/wp\/v2\/pages\/2670","targetHints":{"allow":["GET"]}}],"collection":[{"href":"https:\/\/test2.under-construction.work\/index.php\/wp-json\/wp\/v2\/pages"}],"about":[{"href":"https:\/\/test2.under-construction.work\/index.php\/wp-json\/wp\/v2\/types\/page"}],"author":[{"embeddable":true,"href":"https:\/\/test2.under-construction.work\/index.php\/wp-json\/wp\/v2\/users\/2"}],"replies":[{"embeddable":true,"href":"https:\/\/test2.under-construction.work\/index.php\/wp-json\/wp\/v2\/comments?post=2670"}],"version-history":[{"count":0,"href":"https:\/\/test2.under-construction.work\/index.php\/wp-json\/wp\/v2\/pages\/2670\/revisions"}],"wp:featuredmedia":[{"embeddable":true,"href":"https:\/\/test2.under-construction.work\/index.php\/wp-json\/"}],"wp:attachment":[{"href":"https:\/\/test2.under-construction.work\/index.php\/wp-json\/wp\/v2\/media?parent=2670"}],"curies":[{"name":"wp","href":"https:\/\/api.w.org\/{rel}","templated":true}]}}