{"id":2714,"date":"2016-12-23T12:45:25","date_gmt":"2016-12-23T11:45:25","guid":{"rendered":"https:\/\/marielisel.com\/?page_id=2714"},"modified":"2016-12-23T12:45:25","modified_gmt":"2016-12-23T11:45:25","slug":"atelier-de-reve-eveille-rechercher-des-ressources-et-lacher-du-leste","status":"publish","type":"page","link":"https:\/\/test2.under-construction.work\/index.php\/ateliers-workshops\/atelier-de-reve-eveille-rechercher-des-ressources-et-lacher-du-leste\/","title":{"rendered":"Atelier de r\u00eave \u00e9veill\u00e9 : \u00ab\u00a0Rechercher des ressources et l\u00e2cher du lest\u00a0\u00bb"},"content":{"rendered":"<p>REVE EVEILLE DIRIGE PAR L&rsquo;HYPNOSE<\/p>\n<p><strong>\u00a0<\/strong>Cet atelier de 3h emm\u00e8ne les participants au c\u0153ur d\u2019un r\u00eave \u00e9veill\u00e9 dirig\u00e9 par l\u2019hypnose. Au fil de la voix de l\u2019hypnotiste et de la musique, chacun parcourt son univers int\u00e9rieur, \u00e9tape par \u00e9tape, et vit des rencontres, des transformations, des d\u00e9couvertes&#8230;, en toute s\u00e9curit\u00e9.<\/p>\n<p>Il se fait couch\u00e9 et n\u00e9cessite une salle confortable, des couvertures et oreillers et une sono rendant correctement les basses.<\/p>\n<p>L\u2019intention de chaque participant est exprim\u00e9e selon la formule \u00ab\u00a0j\u2019aimerais \u00eatre plus\u2026\u00a0dans le contexte\u2026 \u00bb. Elle est positive, r\u00e9aliste et claire. Elle se situe dans une zone de probl\u00e9matique g\u00e9rable en groupe (\u00e0 \u00e9viter, par exemple, un deuil r\u00e9cent ou une phobie).<\/p>\n<p>Chaque participant am\u00e8ne un objet symbolique reli\u00e9 \u00e0 son intention.<\/p>\n<p>La technique et le th\u00e8me sont choisis de fa\u00e7on \u00e0 garantir le confort de chacun, en allant vers des \u00e9l\u00e9ments positifs, chaleureux, vivifiants, tout en ouvrant des acc\u00e8s \u00e0 une connaissance de soi et \u00e0 des ressources int\u00e9rieures ignor\u00e9es.<\/p>\n<p>Il s\u2019agit d\u2019une promenade onirique guid\u00e9e o\u00f9 chacun l\u00e2che ce qu&rsquo;il a \u00e0 l\u00e2cher et r\u00e9cup\u00e8re ce qu&rsquo;il a \u00e0 r\u00e9cup\u00e9rer selon le fil de sa propre intention.<\/p>\n<p>Il suffit d\u2019oser!<\/p>\n<p>\u00a9 Marie Lisel<\/p>\n","protected":false},"excerpt":{"rendered":"<p>REVE EVEILLE DIRIGE PAR L&rsquo;HYPNOSE \u00a0Cet atelier de 3h emm\u00e8ne les participants au c\u0153ur d\u2019un r\u00eave \u00e9veill\u00e9 dirig\u00e9 par l\u2019hypnose. Au fil de la voix de l\u2019hypnotiste et de la musique, chacun parcourt son univers int\u00e9rieur, \u00e9tape par \u00e9tape, et vit des rencontres, des transformations, des d\u00e9couvertes&#8230;, en toute s\u00e9curit\u00e9. Il se fait couch\u00e9 et [&hellip;]<\/p>\n","protected":false},"author":2,"featured_media":2754,"parent":2561,"menu_order":0,"comment_status":"closed","ping_status":"closed","template":"","meta":{"footnotes":""},"class_list":["post-2714","page","type-page","status-publish","has-post-thumbnail","hentry"],"_links":{"self":[{"href":"https:\/\/test2.under-construction.work\/index.php\/wp-json\/wp\/v2\/pages\/2714","targetHints":{"allow":["GET"]}}],"collection":[{"href":"https:\/\/test2.under-construction.work\/index.php\/wp-json\/wp\/v2\/pages"}],"about":[{"href":"https:\/\/test2.under-construction.work\/index.php\/wp-json\/wp\/v2\/types\/page"}],"author":[{"embeddable":true,"href":"https:\/\/test2.under-construction.work\/index.php\/wp-json\/wp\/v2\/users\/2"}],"replies":[{"embeddable":true,"href":"https:\/\/test2.under-construction.work\/index.php\/wp-json\/wp\/v2\/comments?post=2714"}],"version-history":[{"count":0,"href":"https:\/\/test2.under-construction.work\/index.php\/wp-json\/wp\/v2\/pages\/2714\/revisions"}],"up":[{"embeddable":true,"href":"https:\/\/test2.under-construction.work\/index.php\/wp-json\/wp\/v2\/pages\/2561"}],"wp:featuredmedia":[{"embeddable":true,"href":"https:\/\/test2.under-construction.work\/index.php\/wp-json\/"}],"wp:attachment":[{"href":"https:\/\/test2.under-construction.work\/index.php\/wp-json\/wp\/v2\/media?parent=2714"}],"curies":[{"name":"wp","href":"https:\/\/api.w.org\/{rel}","templated":true}]}}