{"id":2733,"date":"2016-12-23T13:00:02","date_gmt":"2016-12-23T12:00:02","guid":{"rendered":"https:\/\/marielisel.com\/?page_id=2733"},"modified":"2016-12-23T13:00:02","modified_gmt":"2016-12-23T12:00:02","slug":"atelier-dexploration-connexion","status":"publish","type":"page","link":"https:\/\/test2.under-construction.work\/index.php\/ateliers-workshops\/atelier-dexploration-connexion\/","title":{"rendered":"Exploration : \u00ab\u00a0Connexion \u00e0 soi, \u00e0 l&rsquo;autre, au monde\u00a0\u00bb"},"content":{"rendered":"<blockquote><p><strong>Cet atelier propose de d\u00e9couvrir\/d&rsquo;approfondir, par l&rsquo;hypnose, la connexion \u00e0 soi, \u00e0 l&rsquo;autre, au monde: s&rsquo;aligner, se mettre en relation avec son intuition, voir et \u00eatre vu, partager un monde avec l&rsquo;autre&#8230;<br \/>\n<\/strong><\/p>\n<p><strong>Il s\u2019adresse aux artistes des arts vivants, arts du spectacle, arts sonores&#8230;<br \/>\n<\/strong><\/p>\n<p><strong>En s\u00e9ance \u00e0 deux ou en groupes (jusqu\u2019\u00e0 40 personnes).<\/strong><\/p>\n<p><strong>Dans une salle de danse ou sur un plateau d\u00e9gag\u00e9.<br \/>\n<\/strong><\/p>\n<p><strong>Il n\u00e9cessite une sono (de pr\u00e9f\u00e9rence rendant correctement les basses)<\/strong><\/p><\/blockquote>\n\n<p>SE RELIER A SOI, ICI ET MAINTENANT<\/p>\n<p>Tout d\u2019abord, nous abordons, par un l\u00e9ger \u00e9tat de conscience modifi\u00e9e des techniques pour ancrer sa pr\u00e9sence entre terre et ciel (axe vertical), se centrer (axe horizontal), laisser circuler l\u2019\u00e9nergie, ouvrir l\u2019espace \u00e0 ce qui vient, de fa\u00e7on \u00e0 \u00eatre dans l\u2019accueil des perceptions et de ce qu\u2019elles d\u00e9clenchent dans l\u2019imaginaire (images, sons, mots, sensations, impressions\u2026), ici et maintenant.<\/p>\n<p>&nbsp;<\/p>\n<p>SENTIR L&rsquo;AUTRE<\/p>\n<p>Ensuite, la connexion avec un partenaire permet de \u00ab\u00a0sentir\u00a0\u00bb multisensoriellement l\u2019autre de fa\u00e7on intuitive. Chacun offre et accueille, chacun \u00ab\u00a0voit et est vu\u00a0\u00bb, dans la bienveillance mutuelle et en \u00e9tat de pleine pr\u00e9sence. Cet \u00e9tat modifi\u00e9 de conscience se rapproche, pour moi, de \u00ab\u00a0<a href=\"https:\/\/test2.under-construction.work\/2017\/01\/04\/explorer-limaginal-grace-au-pouvoir-animal\/\">l&rsquo;\u00e9tat animal<\/a>\u00ab\u00a0.<\/p>\n<p>&nbsp;<\/p>\n<p>MOUVEMENT INTUITIF<\/p>\n<p>Enfin, le mouvement intuitif conclut cet \u00e9tat de connexion intense. La main, le bras, puis le corps entier se met en mouvement sans \u00eatre guid\u00e9 par la volont\u00e9, simplement en laissant les images, sons, sensations se traduire spontan\u00e9ment.<\/p>\n<p>Cet atelier peut \u00eatre suivi de <a href=\"https:\/\/test2.under-construction.work\/ateliers-workshops\/atelier-dexploration-mouvements-et-sons-spontanes\/\">mouvements intuitifs<\/a>, <a href=\"https:\/\/test2.under-construction.work\/atelier-dexploration-ecoute-synesthesique-des-sons\/\">\u00e9coute synesth\u00e9sie<\/a>\u00a0et aussi avec l\u2019atelier de <a href=\"https:\/\/test2.under-construction.work\/atelier-dexploration-balade-hypnotique-dans-la-nature\/\">balade dans la nature<\/a><\/p>\n<p>&nbsp;<\/p>\n<p>Il suffit d&rsquo;oser!<\/p>\n<p>\u00a9 Marie Lisel<\/p>\n<p>&nbsp;<\/p>\n<p>&nbsp;<\/p>\n","protected":false},"excerpt":{"rendered":"<p>Cet atelier propose de d\u00e9couvrir\/d&rsquo;approfondir, par l&rsquo;hypnose, la connexion \u00e0 soi, \u00e0 l&rsquo;autre, au monde: s&rsquo;aligner, se mettre en relation avec son intuition, voir et \u00eatre vu, partager un monde avec l&rsquo;autre&#8230; Il s\u2019adresse aux artistes des arts vivants, arts du spectacle, arts sonores&#8230; En s\u00e9ance \u00e0 deux ou en groupes (jusqu\u2019\u00e0 40 personnes). Dans [&hellip;]<\/p>\n","protected":false},"author":2,"featured_media":2756,"parent":2561,"menu_order":0,"comment_status":"closed","ping_status":"closed","template":"","meta":{"footnotes":""},"class_list":["post-2733","page","type-page","status-publish","has-post-thumbnail","hentry"],"_links":{"self":[{"href":"https:\/\/test2.under-construction.work\/index.php\/wp-json\/wp\/v2\/pages\/2733","targetHints":{"allow":["GET"]}}],"collection":[{"href":"https:\/\/test2.under-construction.work\/index.php\/wp-json\/wp\/v2\/pages"}],"about":[{"href":"https:\/\/test2.under-construction.work\/index.php\/wp-json\/wp\/v2\/types\/page"}],"author":[{"embeddable":true,"href":"https:\/\/test2.under-construction.work\/index.php\/wp-json\/wp\/v2\/users\/2"}],"replies":[{"embeddable":true,"href":"https:\/\/test2.under-construction.work\/index.php\/wp-json\/wp\/v2\/comments?post=2733"}],"version-history":[{"count":0,"href":"https:\/\/test2.under-construction.work\/index.php\/wp-json\/wp\/v2\/pages\/2733\/revisions"}],"up":[{"embeddable":true,"href":"https:\/\/test2.under-construction.work\/index.php\/wp-json\/wp\/v2\/pages\/2561"}],"wp:featuredmedia":[{"embeddable":true,"href":"https:\/\/test2.under-construction.work\/index.php\/wp-json\/"}],"wp:attachment":[{"href":"https:\/\/test2.under-construction.work\/index.php\/wp-json\/wp\/v2\/media?parent=2733"}],"curies":[{"name":"wp","href":"https:\/\/api.w.org\/{rel}","templated":true}]}}