{"id":2746,"date":"2016-12-23T13:10:43","date_gmt":"2016-12-23T12:10:43","guid":{"rendered":"https:\/\/marielisel.com\/?page_id=2746"},"modified":"2016-12-23T13:10:43","modified_gmt":"2016-12-23T12:10:43","slug":"atelier-dexploration-balade-hypnotique-dans-la-nature","status":"publish","type":"page","link":"https:\/\/test2.under-construction.work\/index.php\/atelier-dexploration-balade-hypnotique-dans-la-nature\/","title":{"rendered":"Atelier d&rsquo;exploration: \u00ab\u00a0Balade hypnotique dans la nature\u00a0\u00bb"},"content":{"rendered":"<blockquote><p><strong>Cet atelier propose de d\u00e9cliner l&rsquo;atelier \u00ab\u00a0Connexion\u00a0\u00bb dans la connexion avec\u00a0 la nature, en s&rsquo;ouvrant directement \u00e0 une foug\u00e8re, un arbre, un insecte&#8230; mais aussi en cherchant \u00e0 ressentir sa place en tant que faisant partie du grand tout, gr\u00e2ce \u00e0 l&rsquo;\u00e9tat modifi\u00e9 de conscience et des techniques d&rsquo;hypnose.<\/strong><\/p>\n<p><strong>Il s&rsquo;adresse aux artistes, aux naturalistes, aux randonneurs m\u00e9ditatifs&#8230;<\/strong><\/p>\n<p><strong>En s\u00e9ance individuelle ou en groupes de 2 \u00e0 12 personnes.<\/strong><\/p>\n<p><strong>En nature<\/strong><\/p><\/blockquote>\n<p><a href=\"https:\/\/test2.under-construction.work\/2017\/01\/04\/explorer-limaginal-grace-au-pouvoir-animal\/\">L&rsquo;hypnose ouvre l&rsquo;espace de \u00ab\u00a0l&rsquo;\u00e9tat animal\u00a0\u00bb<\/a>, l&rsquo;intuition, le ressenti spontan\u00e9, la compr\u00e9hension profonde, la connexion avec l&rsquo;environnement dans l&rsquo;ici et maintenant, loin des codes symboliques appris.<\/p>\n<p>Ce que j&rsquo;appelle \u00ab\u00a0\u00e9tat animal\u00a0\u00bb permet d&rsquo;explorer autrement la for\u00eat, les pr\u00e9s, la mer, la montagne (j&rsquo;habite \u00e0 Paris mais je suis originaire du sud de la Belgique: Ardenne et Gaume, pays de grandes for\u00eats, de prairies, de rivi\u00e8res&#8230; une nature que j&rsquo;aime retrouver).<\/p>\n<p>Bien s\u00fbr, nous avan\u00e7ons en tant qu&rsquo;animaux humains (il ne s&rsquo;agit pas de \u00ab\u00a0faire le chien\u00a0\u00bb ou de \u00ab\u00a0jouer \u00e0 \u00eatre un oiseau\u00a0\u00bb), en contact avec nos intuitions profondes. Et, gr\u00e2ce \u00e0 la dissociation, une partie de nous veille de fa\u00e7on rationnelle au cadre. La position meta observe tout ce qui se passe et organise le cadre de fa\u00e7on \u00e0 ce qu&rsquo;il corresponde aux limites que l&rsquo;on s&rsquo;est donn\u00e9es. Par exemple, la vigie de ma position meta intervient, lorsque je me connecte seule en nature, si une personne s&rsquo;approche d\u00e9lib\u00e9r\u00e9ment de moi (contrairement aux promeneurs qui passent), alors qu&rsquo;une autre partie de moi est immerg\u00e9e dans l&rsquo;imaginal.<\/p>\n<p>Cet atelier se fait \u00e0 l\u2019ext\u00e9rieur, dans un endroit naturel et tranquille, ou \u00e0 l\u2019int\u00e9rieur, dans un endroit o\u00f9 les plantes et animaux sont pr\u00e9sents.<\/p>\n<p>Il suffit d&rsquo;oser!<\/p>\n<p>\u00a9 Marie Lisel<\/p>\n<p>&nbsp;<\/p>\n<p><strong>Lire aussi: <\/strong><\/p>\n<p><a href=\"https:\/\/test2.under-construction.work\/2015\/12\/06\/explorer-la-nature-sous-hypnose\/\" target=\"_blank\" rel=\"noopener\">Se connecter \u00e0 la nature<\/a><\/p>\n<p><a href=\"https:\/\/test2.under-construction.work\/2017\/04\/27\/les-chats-et-lhypnose\/\" target=\"_blank\" rel=\"noopener\">Les chats et l&rsquo;hypnose<\/a><\/p>\n<p><a href=\"https:\/\/test2.under-construction.work\/ateliers-pour-grand-public\/atelier-dintroduction-a-lautohypnose\/atelier-dexploration-animalite-et-intuition\/\" target=\"_blank\" rel=\"noopener\">Animalit\u00e9 et intuition<\/a><\/p>\n<p><a href=\"https:\/\/test2.under-construction.work\/2017\/01\/04\/explorer-limaginal-grace-au-pouvoir-animal\/\" target=\"_blank\" rel=\"noopener\">Explorer l&rsquo;imaginal par le pouvoir animal<\/a><\/p>\n<p>&nbsp;<\/p>\n<p>&nbsp;<\/p>\n<p>&nbsp;<\/p>\n","protected":false},"excerpt":{"rendered":"<p>Cet atelier propose de d\u00e9cliner l&rsquo;atelier \u00ab\u00a0Connexion\u00a0\u00bb dans la connexion avec\u00a0 la nature, en s&rsquo;ouvrant directement \u00e0 une foug\u00e8re, un arbre, un insecte&#8230; mais aussi en cherchant \u00e0 ressentir sa place en tant que faisant partie du grand tout, gr\u00e2ce \u00e0 l&rsquo;\u00e9tat modifi\u00e9 de conscience et des techniques d&rsquo;hypnose. Il s&rsquo;adresse aux artistes, aux naturalistes, [&hellip;]<\/p>\n","protected":false},"author":2,"featured_media":737,"parent":0,"menu_order":0,"comment_status":"closed","ping_status":"closed","template":"","meta":{"footnotes":""},"class_list":["post-2746","page","type-page","status-publish","has-post-thumbnail","hentry"],"_links":{"self":[{"href":"https:\/\/test2.under-construction.work\/index.php\/wp-json\/wp\/v2\/pages\/2746","targetHints":{"allow":["GET"]}}],"collection":[{"href":"https:\/\/test2.under-construction.work\/index.php\/wp-json\/wp\/v2\/pages"}],"about":[{"href":"https:\/\/test2.under-construction.work\/index.php\/wp-json\/wp\/v2\/types\/page"}],"author":[{"embeddable":true,"href":"https:\/\/test2.under-construction.work\/index.php\/wp-json\/wp\/v2\/users\/2"}],"replies":[{"embeddable":true,"href":"https:\/\/test2.under-construction.work\/index.php\/wp-json\/wp\/v2\/comments?post=2746"}],"version-history":[{"count":0,"href":"https:\/\/test2.under-construction.work\/index.php\/wp-json\/wp\/v2\/pages\/2746\/revisions"}],"wp:featuredmedia":[{"embeddable":true,"href":"https:\/\/test2.under-construction.work\/index.php\/wp-json\/"}],"wp:attachment":[{"href":"https:\/\/test2.under-construction.work\/index.php\/wp-json\/wp\/v2\/media?parent=2746"}],"curies":[{"name":"wp","href":"https:\/\/api.w.org\/{rel}","templated":true}]}}