{"id":2788,"date":"2016-12-23T14:01:50","date_gmt":"2016-12-23T13:01:50","guid":{"rendered":"https:\/\/marielisel.com\/?page_id=2788"},"modified":"2016-12-23T14:01:50","modified_gmt":"2016-12-23T13:01:50","slug":"atelier-dexploration-mouvements-et-sons-spontanes","status":"publish","type":"page","link":"https:\/\/test2.under-construction.work\/index.php\/ateliers-workshops\/atelier-dexploration-mouvements-et-sons-spontanes\/","title":{"rendered":"Exploration: \u00ab\u00a0Mouvements et sons spontan\u00e9s\u00a0\u00bb"},"content":{"rendered":"<blockquote><p><strong>Cet atelier propose d&rsquo;approfondir l&rsquo;atelier de connexion, par des explorations du mouvement intuitif et du son spontan\u00e9 (ce qui bouge-ce qui r\u00e9sonne en moi), seul, \u00e0 deux, en groupe. Il utilise diff\u00e9rentes techniques hypnotiques selon les objectifs donn\u00e9s par le groupe.<br \/>\n<\/strong><\/p>\n<p><strong>Il s\u2019adresse aux artistes des arts vivants, arts du spectacle, arts sonores&#8230;<br \/>\n<\/strong><\/p>\n<p><strong>En s\u00e9ance \u00e0 deux ou en groupes (jusqu\u2019\u00e0 40 personnes).<\/strong><\/p>\n<p><strong>Dans une salle de danse ou sur un plateau d\u00e9gag\u00e9.<\/strong><\/p><\/blockquote>\n<p>SUITE DE L&rsquo;ATELIER CONNEXION<\/p>\n<p>Quand la connexion profonde permet de recevoir sans juger, d\u2019accueillir et de laisser jaillir ce qui est, alors la synchronisation des univers offre une exp\u00e9rience magique\u00a0!<\/p>\n<p>Les 2h de <a href=\"https:\/\/test2.under-construction.work\/ateliers-workshops\/atelier-dexploration-connexion\/\">Connexion<\/a> peuvent \u00eatre suivies d&rsquo;un atelier o\u00f9 les mouvements et sons spontan\u00e9s traversent les participants, gr\u00e2ce \u00e0 l&rsquo;hypnose.<\/p>\n<p>\u00ab\u00a0CA\u00a0\u00bb FAIT DU MOUVEMENT EN MOI<\/p>\n<p>Chacun peut alors vivre un \u00e9tat o\u00f9 \u00ab\u00a0\u00e7a se met en mouvement\u00a0\u00bb, en connexion avec son monde int\u00e9rieur et avec l&rsquo;univers de son\/sa partenaire. \u00ab\u00a0Je\u00a0\u00bb est alors \u00e0 la fois l&rsquo;observateur de ce qui se passe et ce qui agit.<\/p>\n<p>Une fois les mouvements et sons intuitifs apprivois\u00e9s, il est possible de les moduler par des intentions, pos\u00e9es volontairement puis l\u00e2ch\u00e9es dans le \u00ab\u00a0laisser-faire\u00a0\u00bb.<\/p>\n<p>Il est \u00e9galement possible de \u00ab\u00a0piloter\u00a0\u00bb ses sensations, en utilisant le principe de la volont\u00e9 qui lance un mouvement (avion tracteur) puis de l&rsquo;imagination qui cr\u00e9e \u00e0 sa suite (comme un planeur aux ailes particuli\u00e8res&#8230;).<\/p>\n<p>D&rsquo;autres outils techniques (travail par entit\u00e9s, par potentiom\u00e8tres, par mod\u00e9lisation&#8230;) sont utilis\u00e9es dans cet atelier, selon la demande principale du groupe.<\/p>\n<p>ADAPTABILITE<\/p>\n<p>Car cet atelier, comme les autres, adapte son support, son rythme, son langage au groupe auquel il s&rsquo;adresse.<\/p>\n<p>Pour les danseurs contemporains, m\u00eame si les acquis sont tr\u00e8s vastes, il est int\u00e9ressant de passer \u00e9galement par la premi\u00e8re \u00e9tape <a href=\"https:\/\/test2.under-construction.work\/ateliers-workshops\/atelier-dexploration-connexion\/\">Connexion<\/a> de fa\u00e7on \u00e0 vivre les processus de connexion qui m\u00e8nent au mouvement spontan\u00e9, hors des nombreux chemins connus (ce que je propose ici est une approche parmi d&rsquo;autres, il ne s&rsquo;agit pas de r\u00e9inventer la poudre mais d&rsquo;enrichir sa boite \u00e0 outils personnelle).<\/p>\n<p>Le son spontan\u00e9 peut \u00eatre appel\u00e9 lui aussi. Ou pas. Selon les groupes et les contextes.<\/p>\n<p>Notez que cet atelier est int\u00e9ressant \u00e0 coupler avec l&rsquo;atelier d&rsquo;<a href=\"https:\/\/test2.under-construction.work\/atelier-dexploration-ecoute-synesthesique-des-sons\/\">\u00e9coute et synesth\u00e9sie<\/a>\u00a0et aussi d&rsquo;<a href=\"https:\/\/test2.under-construction.work\/ateliers-workshops\/ateliers-pour-artistes-et-autres-specialistes\/atelier-dexploration-explorer-une-oeuvre-dart\/\">exploration d&rsquo;une oeuvre d&rsquo;art<\/a> avec l&rsquo;atelier de <a href=\"https:\/\/test2.under-construction.work\/atelier-dexploration-balade-hypnotique-dans-la-nature\/\">balade dans la nature <\/a><\/p>\n<p>Il suffit d\u2019oser!<\/p>\n<p>\u00a9 Marie Lisel<\/p>\n","protected":false},"excerpt":{"rendered":"<p>Cet atelier propose d&rsquo;approfondir l&rsquo;atelier de connexion, par des explorations du mouvement intuitif et du son spontan\u00e9 (ce qui bouge-ce qui r\u00e9sonne en moi), seul, \u00e0 deux, en groupe. Il utilise diff\u00e9rentes techniques hypnotiques selon les objectifs donn\u00e9s par le groupe. Il s\u2019adresse aux artistes des arts vivants, arts du spectacle, arts sonores&#8230; En s\u00e9ance [&hellip;]<\/p>\n","protected":false},"author":2,"featured_media":191,"parent":2561,"menu_order":0,"comment_status":"closed","ping_status":"closed","template":"","meta":{"footnotes":""},"class_list":["post-2788","page","type-page","status-publish","has-post-thumbnail","hentry"],"_links":{"self":[{"href":"https:\/\/test2.under-construction.work\/index.php\/wp-json\/wp\/v2\/pages\/2788","targetHints":{"allow":["GET"]}}],"collection":[{"href":"https:\/\/test2.under-construction.work\/index.php\/wp-json\/wp\/v2\/pages"}],"about":[{"href":"https:\/\/test2.under-construction.work\/index.php\/wp-json\/wp\/v2\/types\/page"}],"author":[{"embeddable":true,"href":"https:\/\/test2.under-construction.work\/index.php\/wp-json\/wp\/v2\/users\/2"}],"replies":[{"embeddable":true,"href":"https:\/\/test2.under-construction.work\/index.php\/wp-json\/wp\/v2\/comments?post=2788"}],"version-history":[{"count":0,"href":"https:\/\/test2.under-construction.work\/index.php\/wp-json\/wp\/v2\/pages\/2788\/revisions"}],"up":[{"embeddable":true,"href":"https:\/\/test2.under-construction.work\/index.php\/wp-json\/wp\/v2\/pages\/2561"}],"wp:featuredmedia":[{"embeddable":true,"href":"https:\/\/test2.under-construction.work\/index.php\/wp-json\/"}],"wp:attachment":[{"href":"https:\/\/test2.under-construction.work\/index.php\/wp-json\/wp\/v2\/media?parent=2788"}],"curies":[{"name":"wp","href":"https:\/\/api.w.org\/{rel}","templated":true}]}}