{"id":2813,"date":"2016-12-23T19:10:11","date_gmt":"2016-12-23T18:10:11","guid":{"rendered":"https:\/\/marielisel.com\/?page_id=2813"},"modified":"2016-12-23T19:10:11","modified_gmt":"2016-12-23T18:10:11","slug":"atelier-dintroduction-etablir-une-communication-confortable-avec-son-symptome","status":"publish","type":"page","link":"https:\/\/test2.under-construction.work\/index.php\/ateliers-workshops\/atelier-dintroduction-etablir-une-communication-confortable-avec-son-symptome\/","title":{"rendered":"Atelier d&rsquo;introduction: Etablir une communication confortable avec son sympt\u00f4me"},"content":{"rendered":"<p>INTENTION<\/p>\n<p><strong>Lorsque\u00a0l&rsquo;on \u00e9tablit une communication valable avec son sympt\u00f4me, il\u00a0n\u2019est plus oblig\u00e9 de \u00ab\u00a0gueuler de douleur ou de g\u00eane\u00a0\u00bb pour se faire entendre.<\/strong><\/p>\n<p>Ca peut paraitre simpliste mais&#8230; \u00e7a fonctionne!<\/p>\n<p>ATELIER INTRODUCTION = CONCEPTS + EXERCICES + EXPERIENCE COMPLETE<\/p>\n<p><strong>Dans les ateliers d\u2019introduction \u00e0 l&rsquo;hypnose et \u00e0 l\u2019auto-hypnose comme outil de connaissance et de transformation, chacun a l&rsquo;occasion d&rsquo;approcher les concepts de l&rsquo;hypnose (hypnose &#8211; transe &#8211; imaginal &#8211; vigie &#8211; champ conscient et champ inconscient, induction, suggestion, hyper\u00e9veil, \u00e9mancipation&#8230;), d&rsquo;exp\u00e9rimenter des exercices de base d&rsquo;autohypnose et de vivre une exp\u00e9rience compl\u00e8te d&rsquo;hypnose vers une intention.<\/strong><\/p>\n<p>DE L&rsquo;ECOUTE ET DE LA CONSIDERATION POUR SOI-MEME<\/p>\n<p>En se connectant avec ce qui nous g\u00eane, nous fait mal, nous handicape&#8230; en le consid\u00e9rant, en lui faisant ressentir la complicit\u00e9 et l\u2019amour que l&rsquo;on peut avoir pour toutes les parties de soi y compris lui, il est possible de donner envie \u00e0 ce qui est en soi \u00ab\u00a0plus fort que soi\u00a0\u00bb de communiquer autrement que par la douleur, l&rsquo;angoisse, la g\u00eane&#8230; Le regarder, \u00e9couter ce qu&rsquo;il a \u00e0 dire, \u00e9tablir un accord avec lui de fa\u00e7on \u00e0 mieux vivre&#8230; cohabiter?<\/p>\n<p>ROLE DU SYMPTOME<\/p>\n<p>Parfois, le r\u00f4le que remplit le sympt\u00f4me est de pr\u00e9venir de ce que l&rsquo;on se repr\u00e9sente \u00e0 raison ou \u00e0 tort comme un \u00e9l\u00e9ment \u00e0 \u00e9viter. Je me souviens de l&rsquo;allergie aux chats d\u00e9velopp\u00e9e subitement par une personne qui, apr\u00e8s une \u00e9ni\u00e8me crise familiale, ne voulait plus du tout voir sa belle-m\u00e8re, laquelle vivait avec trois persans&#8230;<\/p>\n<p>Parfois, ce r\u00f4le est tr\u00e8s important pour l&rsquo;\u00e9quilibre g\u00e9n\u00e9ral de la personne. A partir du moment o\u00f9 elle se rend compte qu&rsquo;il lui faut d&rsquo;abord commencer par \u00a0transformer un lien ou autre modification essentielle avant de se s\u00e9parer de son sympt\u00f4me, le travail vers le mieux \u00eatre est d\u00e9j\u00e0 entam\u00e9.<\/p>\n<p>Je me souviens, par exemple, d&rsquo;une personne qui d\u00e9sirait se \u00ab\u00a0d\u00e9barrasser\u00a0\u00bb d&rsquo;un acouph\u00e8ne. Apr\u00e8s la s\u00e9ance, elle a d\u00e9sir\u00e9 au contraire le garder et a commenc\u00e9 \u00e0 apprivoiser avec tendresse ce rempart qu&rsquo;elle utilisait avant &#8211; inconsciemment &#8211; contre la duret\u00e9 du monde qu&rsquo;elle ressentait souvent. Elle sait que son rapport aux autres est compliqu\u00e9. Mais elle n&rsquo;a pas envie d&rsquo;entamer ce chantier maintenant car \u00e7a ne la g\u00eane gu\u00e8re, elle aime la solitude. Elle a donc d\u00e9cid\u00e9 de devenir complice avec son acouph\u00e8ne et a tr\u00e8s vite r\u00e9ussi \u00e0 le \u00ab\u00a0commander\u00a0\u00bb lorsqu&rsquo;elle en a besoin (comme avec un potentiom\u00e8tre qui am\u00e8ne une barri\u00e8re ou un doudou, selon la fr\u00e9quence) et \u00e0 l&rsquo;interpr\u00e9ter (comme une alarme d&rsquo;angoisse qui menace). L&rsquo;accord est parfait, selon elle. Quant au chantier de la relation au monde, elle l&rsquo;entamera quand et si elle le d\u00e9sire. A chacun son confort et ses d\u00e9cisions!<\/p>\n<p>Un autre client, lui, venait pour la cigarette. En d\u00e9couvrant le r\u00f4le d&rsquo;une dizaine de ses cigarettes quotidiennes (les autres \u00e9taient purement comportementales), il a d\u00e9cid\u00e9 de r\u00e9gler d&rsquo;abord le probl\u00e8me sous-jacent (rituel de fid\u00e9lit\u00e9 \u00e0 une tradition familiale), avant d&rsquo;essayer d&rsquo;arr\u00eater de fumer. Et&#8230; l&rsquo;arr\u00eat s&rsquo;est fait tout seul, naturellement, d\u00e8s l&rsquo;int\u00e9gration de la transformation au lien familial.<\/p>\n<p>CONSCIENT OU INCONSCIENT<\/p>\n<p>Ces transformations peuvent se faire en r\u00eave \u00e9veill\u00e9 mais aussi, simplement, en faisant confiance \u00e0 ce qui travaille en nous sans que nous le maitrisions.<\/p>\n<p>Bien s\u00fbr, il n&rsquo;y a pas de baguette magique! Il faut compter sur l&rsquo;atelier, mais aussi sur la volont\u00e9 et la t\u00e9nacit\u00e9 (le fait de vouloir r\u00e9gler le probl\u00e8me et de s&rsquo;y atteler!), la r\u00e9p\u00e9tition (qui est un des ingr\u00e9dients du changement) et sur un travail hypnotique en rapport avec la complexit\u00e9 des processus. En effet, pour certain(e)s, cela peut prendre une s\u00e9ance alors que pour d&rsquo;autres, il peut en falloir 5, selon ce qui a d\u00e9j\u00e0 \u00e9t\u00e9 travaill\u00e9 avec d&rsquo;autres techniques, selon la profondeur, le r\u00e9seau de liens, etc.<\/p>\n<p>Les ateliers d&rsquo;introduction portent bien leur nom: c&rsquo;est le d\u00e9but du changement vers un mieux \u00eatre!<\/p>\n<p>Bien d&rsquo;autres th\u00e8mes peuvent \u00eatre abord\u00e9s en atelier d&rsquo;introduction. N&rsquo;h\u00e9sitez pas \u00e0 proposer des id\u00e9es \u00e0 la lecture des pages et articles! Un autre exemple est expliqu\u00e9: <a href=\"https:\/\/test2.under-construction.work\/atelier-dintroduction-a-lhypnose\/\">Faire la paix avec soi<\/a><\/p>\n<p>Il suffit d\u2019oser\u00a0<span class=\"wp-smiley wp-emoji wp-emoji-smile\" title=\":)\"><img decoding=\"async\" class=\"emoji\" src=\"https:\/\/s0.wp.com\/wp-content\/mu-plugins\/wpcom-smileys\/twemoji\/2\/svg\/1f642.svg\" alt=\"\ud83d\ude42\" \/><\/span><\/p>\n<p><b>\u00a9<\/b><b><\/b>\u00a0Marie Lisel<\/p>\n<p>&nbsp;<\/p>\n","protected":false},"excerpt":{"rendered":"<p>INTENTION Lorsque\u00a0l&rsquo;on \u00e9tablit une communication valable avec son sympt\u00f4me, il\u00a0n\u2019est plus oblig\u00e9 de \u00ab\u00a0gueuler de douleur ou de g\u00eane\u00a0\u00bb pour se faire entendre. Ca peut paraitre simpliste mais&#8230; \u00e7a fonctionne! ATELIER INTRODUCTION = CONCEPTS + EXERCICES + EXPERIENCE COMPLETE Dans les ateliers d\u2019introduction \u00e0 l&rsquo;hypnose et \u00e0 l\u2019auto-hypnose comme outil de connaissance et de transformation, [&hellip;]<\/p>\n","protected":false},"author":2,"featured_media":2824,"parent":2561,"menu_order":0,"comment_status":"closed","ping_status":"closed","template":"","meta":{"footnotes":""},"class_list":["post-2813","page","type-page","status-publish","has-post-thumbnail","hentry"],"_links":{"self":[{"href":"https:\/\/test2.under-construction.work\/index.php\/wp-json\/wp\/v2\/pages\/2813","targetHints":{"allow":["GET"]}}],"collection":[{"href":"https:\/\/test2.under-construction.work\/index.php\/wp-json\/wp\/v2\/pages"}],"about":[{"href":"https:\/\/test2.under-construction.work\/index.php\/wp-json\/wp\/v2\/types\/page"}],"author":[{"embeddable":true,"href":"https:\/\/test2.under-construction.work\/index.php\/wp-json\/wp\/v2\/users\/2"}],"replies":[{"embeddable":true,"href":"https:\/\/test2.under-construction.work\/index.php\/wp-json\/wp\/v2\/comments?post=2813"}],"version-history":[{"count":0,"href":"https:\/\/test2.under-construction.work\/index.php\/wp-json\/wp\/v2\/pages\/2813\/revisions"}],"up":[{"embeddable":true,"href":"https:\/\/test2.under-construction.work\/index.php\/wp-json\/wp\/v2\/pages\/2561"}],"wp:featuredmedia":[{"embeddable":true,"href":"https:\/\/test2.under-construction.work\/index.php\/wp-json\/"}],"wp:attachment":[{"href":"https:\/\/test2.under-construction.work\/index.php\/wp-json\/wp\/v2\/media?parent=2813"}],"curies":[{"name":"wp","href":"https:\/\/api.w.org\/{rel}","templated":true}]}}