{"id":2831,"date":"2016-12-25T13:19:37","date_gmt":"2016-12-25T12:19:37","guid":{"rendered":"https:\/\/marielisel.com\/?page_id=2831"},"modified":"2016-12-25T13:19:37","modified_gmt":"2016-12-25T12:19:37","slug":"deroulement-dune-seance-dhypnose","status":"publish","type":"page","link":"https:\/\/test2.under-construction.work\/index.php\/seances\/deroulement-dune-seance-dhypnose\/","title":{"rendered":"D\u00e9roulement d&rsquo;une s\u00e9ance d&rsquo;hypnose"},"content":{"rendered":"<p style=\"text-align:justify;\">Une s\u00e9ance individuelle en cabinet avec moi dure\u00a0approximativement 1h (de 50 \u00e0 70&prime;). . En ext\u00e9rieur, en mus\u00e9e, galerie, atelier, plateau de th\u00e9\u00e2tre ou de cin\u00e9, studio de musique, parc, for\u00eat\u2026, ou simplement si vous le choisissez, c\u2019est plus long. Voyez les possibles et leurs tarifs (s\u00e9ances de 1h30 ou de 2h) dans \u00ab\u00a0<a href=\"https:\/\/test2.under-construction.work\/contact-et-formulaire\/conditions-pratiques-des-seances\/\" target=\"_blank\" rel=\"noopener noreferrer\">conditions pratiques des s\u00e9ances<\/a>\u00ab\u00a0.<\/p>\n<p style=\"text-align:justify;\">Elle se compose de: l\u2019accueil, l\u2019exploration de l&rsquo;objectif et la clarification de l\u2019intention, les pr\u00e9paratifs, le voyage, le retour au r\u00e9el partag\u00e9.<\/p>\n<p style=\"text-align:justify;\">ACCUEIL<\/p>\n<p style=\"text-align:justify;\">Dans un premier temps,\u00a0nous faisons bri\u00e8vement connaissance. Je m\u2019assure que vous avez lu le\u00a0<a href=\"https:\/\/test2.under-construction.work\/contrat-dengagement\/\">contrat d\u2019engagement<\/a>,\u00a0j\u2019\u00e9coute ce que vous avez \u00e0 me dire et je r\u00e9ponds \u00e0 vos questions. D\u2019une certaine fa\u00e7on, nous prenons le th\u00e9<img decoding=\"async\" class=\"emoji\" src=\"https:\/\/s0.wp.com\/wp-content\/mu-plugins\/wpcom-smileys\/twemoji\/2\/svg\/1f642.svg\" alt=\"\ud83d\ude42\" \/><\/p>\n<p style=\"text-align:justify;\">OBJECTIF ET INTENTION DE SEANCE<\/p>\n<p style=\"text-align:justify;\">Dans un second temps, nous cherchons ensemble \u00e0\u00a0clarifier votre objectif g\u00e9n\u00e9ral\u00a0et \u00e0 vous permettre de le formuler de fa\u00e7on concise, positive et r\u00e9aliste. Il s\u2019agit de ce que vous d\u00e9sirez atteindre, par les s\u00e9ances d\u2019hypnose. Nous passons ensuite en revue les\u00a0objectifs interm\u00e9diaires, qui, une fois r\u00e9alis\u00e9s, vous permettront d\u2019atteindre l\u2019objectif g\u00e9n\u00e9ral. Nous visitons l\u2019ensemble de la\u00a0construction interne dans laquelle ces objectifs et moyens de les atteindre s\u2019interconnectent\u00a0et nous v\u00e9rifions que\u00a0l\u2019intention de s\u00e9ance\u00a0qui se d\u00e9gage progressivement de cette phase de travail est positive, prioritaire et possible.<\/p>\n<p style=\"text-align:justify;\">PREPARATIFS<\/p>\n<p style=\"text-align:justify;\">Dans la phase suivante, je vous donne des\u00a0indications quant \u00e0 la fa\u00e7on dont nous allons suivre le fil de votre intention, en \u00e9tat d\u2019\u00e9veil paradoxal, c\u2019est \u00e0 dire\u00a0en transe active, pendant laquelle vous pourrez d\u2019un c\u00f4t\u00e9 observer ce qui se passe et dialoguer avec moi et de l\u2019autre vivre ce qu\u2019il y a \u00e0 vivre dans votre monde int\u00e9rieur et laisser les transformations s\u2019op\u00e9rer, les infos se lib\u00e9rer&#8230;<\/p>\n<p style=\"text-align:justify;\">Nous mettons alors en place les\u00a0balises de confort et de s\u00e9curit\u00e9\u00a0puis embarquons pour un\u00a0voyage. Pour cela, selon les cas, je vous propose soit une\u00a0induction\u00a0(exercice plus ou moins formel et plus ou moins long, pour entrer en transe) soit une position de focus, en vous laissant simplement aller au fur et \u00e0 mesure de notre \u00e9change, jusqu\u2019\u00e0 atteindre naturellement la position id\u00e9ale pour vous \u00e0 ce moment-l\u00e0 et pour cette intention. La plupart du temps, le fait de trouver progressivement votre juste place dans votre si\u00e8ge et votre corps et de focaliser votre attention suffit \u00e0 vous donner acc\u00e8s \u00e0 l&rsquo;\u00e9tat d&rsquo;hyper\u00e9veil.<\/p>\n<p style=\"text-align:justify;\">Moi-m\u00eame, que ce soit en s\u00e9ance pour le bien-\u00eatre, l&rsquo;exploration ou la cr\u00e9ation artistique, je suis en positionnement centr\u00e9, align\u00e9. Je me suis s\u00e9par\u00e9e, le temps de la s\u00e9ance, de mes d\u00e9sirs, de mes pr\u00e9occupations, de mes croyances en tant que personne. Car je suis l\u00e0 en tant qu&rsquo;accompagnante, enti\u00e8rement \u00e0 votre service (Marie reviendra apr\u00e8s!). Je vous accompagne en \u00e9tant moi-m\u00eame en transe tr\u00e8s l\u00e9g\u00e8re, extr\u00eamement attentive et r\u00e9active, en ouverture consciente et inconsciente, connect\u00e9e \u00e0 vous et \u00e0 votre monde de fa\u00e7on rationnelle (une partie de moi r\u00e9fl\u00e9chit, rep\u00e8re, fait des choix) mais aussi intuitive (une partie de moi \u00ab\u00a0sent\u00a0\u00bb). Je suis reli\u00e9e d\u00e9sormais \u00e0 vos clignements de paupi\u00e8re, \u00e0 votre respiration, \u00e0 vos microgestes, \u00e0 vos intonations, \u00e0 votre vibration\u2026 autant qu\u2019\u00e0 vos mots.\u00a0Nous communiquons de fa\u00e7on augment\u00e9e!<\/p>\n<p style=\"text-align:justify;\">VOYAGE<\/p>\n<p style=\"text-align:justify;\">En hyper\u00e9veil, vos facult\u00e9s d\u2019intellectualisation sont mises en marge. Je demande \u00e0 votre partie consciente d\u2019\u00eatre un observateur et d\u2019accueillir ce qui vient avec bienveillance et confiance (lire\u00a0<a href=\"https:\/\/test2.under-construction.work\/2016\/08\/27\/lacher-prise-se-prendre-en-mains\/\">cet article<\/a>\u00a0pour en savoir plus) sans analyser (pas d&rsquo;interpr\u00e9tation de type analytique!) ni blablater ni prendre des tangentes.\u00a0Vous \u00eates d\u00e9sormais ouvert \u00e0 un\u00a0nouveau mode de perception\u00a0interne et externe.<\/p>\n<p style=\"text-align:justify;\">Vous d\u00e9couvrez votre monde int\u00e9rieur et parcourez le r\u00e9seau d\u2019influences en rapport avec votre intention.\u00a0Vous les recevez et les traversez. Des liens se d\u00e9nouent, des poids se d\u00e9lestent, des ressources sont r\u00e9cup\u00e9r\u00e9es, des transformations, des \u00e9clairs de compr\u00e9hension, des r\u00e9conciliations, des acceptations, des solutions, des lib\u00e9rations s\u2019offrent\u2026 Vous \u00eates \u00e0 la fois le t\u00e9moin privil\u00e9gi\u00e9 concentr\u00e9 de ce qui se fait, le moi d\u00e9termin\u00e9 \u00e0 accomplir l\u2019intention qui accueille ce qui vient avec bienveillance et le(s) h\u00e9ros de votre voyage int\u00e9rieur.<\/p>\n<p style=\"text-align:justify;\">Je vous accompagne au plus pr\u00e8s et vous indique les outils, les possibilit\u00e9s \u00e0 explorer\u2026\u00a0Je reste \u00e0 vos c\u00f4t\u00e9s et veille sur votre voyage. Je ne propose surtout pas de solution ext\u00e9rieure. Car seule votre r\u00e9organisation int\u00e9rieure vous permettra de cr\u00e9er votre mieux-\u00eatre, votre oeuvre, votre monde.<\/p>\n<p style=\"text-align:justify;\">RETOUR ET\u00a0PROLONGATIONS<\/p>\n<p style=\"text-align:justify;\">La s\u00e9ance se termine par un\u00a0retour \u00e0 la veille ordinaire\u00a0et par une n\u00e9gociation\u00a0\u00e0 propos d\u2019une\u00a0prolongation concr\u00e8te de votre voyage, dans la r\u00e9alit\u00e9 partag\u00e9e. Il s\u2019agit d\u2019arriver \u00e0 un accord formel \u00e0 propos d\u2019une (ou des) t\u00e2che(s) cr\u00e9atives \u00e0 accomplir dans les jours qui viennent. Car votre d\u00e9termination \u00e0 vous aider vous-m\u00eame et \u00e0 vous le signifier concr\u00e8tement, par des actes symboliques ou non, est primordiale dans la cr\u00e9ation de vos nouveaux possibles.<\/p>\n<p style=\"text-align:justify;\">Il suffit d\u2019oser\u00a0<span class=\"wp-smiley wp-emoji wp-emoji-smile\" title=\":)\"><img decoding=\"async\" class=\"emoji\" src=\"https:\/\/s0.wp.com\/wp-content\/mu-plugins\/wpcom-smileys\/twemoji\/2\/svg\/1f642.svg\" alt=\"\ud83d\ude42\" \/><\/span><\/p>\n<p style=\"text-align:justify;\">\u00a9\u00a0Marie Lisel<\/p>\n<p style=\"text-align:justify;\">\n","protected":false},"excerpt":{"rendered":"<p>Une s\u00e9ance individuelle en cabinet avec moi dure\u00a0approximativement 1h (de 50 \u00e0 70&prime;). . En ext\u00e9rieur, en mus\u00e9e, galerie, atelier, plateau de th\u00e9\u00e2tre ou de cin\u00e9, studio de musique, parc, for\u00eat\u2026, ou simplement si vous le choisissez, c\u2019est plus long. Voyez les possibles et leurs tarifs (s\u00e9ances de 1h30 ou de 2h) dans \u00ab\u00a0conditions pratiques [&hellip;]<\/p>\n","protected":false},"author":2,"featured_media":2891,"parent":883,"menu_order":0,"comment_status":"closed","ping_status":"closed","template":"","meta":{"footnotes":""},"class_list":["post-2831","page","type-page","status-publish","has-post-thumbnail","hentry"],"_links":{"self":[{"href":"https:\/\/test2.under-construction.work\/index.php\/wp-json\/wp\/v2\/pages\/2831","targetHints":{"allow":["GET"]}}],"collection":[{"href":"https:\/\/test2.under-construction.work\/index.php\/wp-json\/wp\/v2\/pages"}],"about":[{"href":"https:\/\/test2.under-construction.work\/index.php\/wp-json\/wp\/v2\/types\/page"}],"author":[{"embeddable":true,"href":"https:\/\/test2.under-construction.work\/index.php\/wp-json\/wp\/v2\/users\/2"}],"replies":[{"embeddable":true,"href":"https:\/\/test2.under-construction.work\/index.php\/wp-json\/wp\/v2\/comments?post=2831"}],"version-history":[{"count":0,"href":"https:\/\/test2.under-construction.work\/index.php\/wp-json\/wp\/v2\/pages\/2831\/revisions"}],"up":[{"embeddable":true,"href":"https:\/\/test2.under-construction.work\/index.php\/wp-json\/wp\/v2\/pages\/883"}],"wp:featuredmedia":[{"embeddable":true,"href":"https:\/\/test2.under-construction.work\/index.php\/wp-json\/"}],"wp:attachment":[{"href":"https:\/\/test2.under-construction.work\/index.php\/wp-json\/wp\/v2\/media?parent=2831"}],"curies":[{"name":"wp","href":"https:\/\/api.w.org\/{rel}","templated":true}]}}