{"id":2974,"date":"2017-01-04T18:15:05","date_gmt":"2017-01-04T17:15:05","guid":{"rendered":"https:\/\/marielisel.com\/?page_id=2974"},"modified":"2017-01-04T18:15:05","modified_gmt":"2017-01-04T17:15:05","slug":"ateliers-pour-grand-public","status":"publish","type":"page","link":"https:\/\/test2.under-construction.work\/index.php\/ateliers-pour-grand-public\/","title":{"rendered":"Ateliers tout public (sans pr\u00e9requis)"},"content":{"rendered":"<p>Les ateliers rassemblent un groupe de<strong>\u00a0<\/strong>personnes, dans un contexte particulier, dans une intention particuli\u00e8re, pour vivre ensemble un voyage hypnotique ouvrant.<\/p>\n<p>De nombreux ateliers sont accessibles \u00e0 tout public, sans pr\u00e9requis.<\/p>\n<p>Il y a, bien s\u00fbr, les classiques mais n\u00e9anmoins efficaces:<\/p>\n<ul>\n<li>arr\u00eat du tabac<\/li>\n<li>gestion du stress<\/li>\n<li>gestion de la fatigue et de l&rsquo;\u00e9nergie<\/li>\n<li>confiance et image de soi<\/li>\n<li>peurs et phobies<\/li>\n<li>g\u00eanes et douleurs physiques<\/li>\n<li>gestion des \u00e9motions<\/li>\n<li>prise de d\u00e9cision<\/li>\n<li>concentration et procrastination<\/li>\n<li>prise de parole en public<\/li>\n<li>etc!<\/li>\n<\/ul>\n<p>Je ne d\u00e9veloppe pas ces <strong>ateliers classiques<\/strong> dans cet article, mais je les organise avec plaisir \u00e0 la demande, avec ma partenaire <a href=\"http:\/\/www.hypnoseinparis.com\/\">A\u00eftana Mac Gowan<\/a>. Demandez-moi des explications si cela vous int\u00e9resse.<\/p>\n<p>Les ateliers d\u00e9velopp\u00e9s sur ce site (suivez les liens ci-dessous) sont des <strong>exemples d&rsquo;ateliers originaux<\/strong> <strong>que j&rsquo;imagine<\/strong> de toutes pi\u00e8ces. Ceci dit, il y a mille et une possibilit\u00e9s. Les articles du site et les descriptions de \u00ab\u00a0l&rsquo;hypnose pour cr\u00e9er sa vie, son oeuvre, son monde\u00a0\u00bb peuvent vous donner des id\u00e9es. Je suis ouverte aux suggestions! Quelques ateliers expliqu\u00e9s comme exemples:<\/p>\n<ul>\n<li><a href=\"https:\/\/test2.under-construction.work\/atelier-dintroduction-a-lhypnose\/\">faire la paix avec soi<\/a><\/li>\n<li><a href=\"https:\/\/test2.under-construction.work\/ateliers-workshops\/atelier-dintroduction-etablir-une-communication-confortable-avec-son-symptome\/\">\u00e9tablir une communication confortable avec son sympt\u00f4me<\/a><\/li>\n<li><a href=\"https:\/\/test2.under-construction.work\/ateliers-workshops\/atelier-de-reve-eveille-rechercher-des-ressources-et-lacher-du-leste\/\">rechercher des ressources et l\u00e2cher du leste<\/a><\/li>\n<li><a href=\"https:\/\/test2.under-construction.work\/ateliers-pour-grand-public\/atelier-dintroduction-a-lautohypnose\/\">introduction \u00e0 l&rsquo;autohypnose<\/a><\/li>\n<\/ul>\n<p>ADAPTABILITE<\/p>\n<p><strong>Libert\u00e9, cr\u00e9ativit\u00e9 et flexibilit\u00e9<\/strong>! <strong>Je suis \u00ab\u00a0\u00e0 la crois\u00e9e\u00a0\u00bb des champs<\/strong>\u2026 artiste sonore, chercheuse en hypnose, praticienne de groupe et de s\u00e9ances individuelles, passionn\u00e9e par l\u2019\u00e9thologie, la synesth\u00e9sie, les arts contemporains, le genre, la sensorialit\u00e9, les sons\u2026<\/p>\n<p><strong>J\u2019aime partager mes recherches avec un public d\u2019hypersp\u00e9cialistes<\/strong> (synesth\u00e8tes, danseurs contemporains, masteurants en \u00e9tudes de genres, musiciens en \u00e9lectroacoustique, ornithologues, amateurs d&rsquo;art\u2026) <strong>et aussi rencontrer les habitants d\u2019un village<\/strong> pour une initiation \u00e0 la transe-formation <strong>et aussi \u00e9viter des conflits dans une \u00e9quipe<\/strong> et aussi\u2026<\/p>\n<p>J\u2019ai la croyance qu\u2019<strong>\u00eatre capable de les adapter permet de maitriser les concepts et les pratiques en profondeur, comme envisag\u00e9s sous autant de facettes, avec autant de mediums<\/strong>. \u00a0Il est d\u00e8s lors \u00e9vident que le contenu th\u00e9orique, le support (musique, objets\u2026), le langage, la m\u00e9thodologie sont diff\u00e9rents selon les habitus des champs socio-culturels du groupe, mais aussi selon ses\u00a0int\u00e9r\u00eats, exp\u00e9riences, acquis et intentions.<\/p>\n<p>Il peut s\u2019agir de <strong>groupes spontan\u00e9s<\/strong>, r\u00e9unis par un \u00e9lan, de <strong>communaut\u00e9s<\/strong> rassembl\u00e9es autour d\u2019une localit\u00e9, d\u2019une activit\u00e9 culturelle, sociale, de d\u00e9veloppement personnel, d\u2019une fa\u00e7on de vivre\u2026 Il peut aussi s\u2019agir d\u2019<strong>entreprises<\/strong> priv\u00e9es.<\/p>\n<p>A c\u00f4t\u00e9 de cela, je d\u00e9veloppe des ateliers pour les artistes et les sp\u00e9cialistes, qui ont diff\u00e9rents pr\u00e9requis et des axes de recherche particuliers. Il peut s\u2019agir de <strong>sp\u00e9cialistes, chercheurs<\/strong> en synesth\u00e9sie, genres, modifications corporelles, neurologie, polyamour, \u00e9thologie\u2026, <strong>d&rsquo;artistes, d&rsquo;institutions ou de collectifs, dans le champ de l\u2019art contemporain, des arts de la sc\u00e8ne, des arts sonores\u2026\u00a0<\/strong><\/p>\n<p>Je peux d&rsquo;ailleurs\u00a0 <strong>adapter, pour un groupe sans pr\u00e9requis, un atelier cr\u00e9\u00e9 \u00e0 la base pour les artistes et sp\u00e9cialistes<\/strong>. Il s&rsquo;agit des ateliers suivants:<\/p>\n<ul>\n<li><a href=\"https:\/\/test2.under-construction.work\/ateliers-workshops\/atelier-dexploration-connexion\/\">connexion<\/a><\/li>\n<li><a href=\"https:\/\/test2.under-construction.work\/ateliers-workshops\/atelier-dexploration-mouvements-et-sons-spontanes\/\">mouvements (et sons) spontan\u00e9s<\/a><\/li>\n<li><a href=\"https:\/\/test2.under-construction.work\/atelier-dexploration-balade-hypnotique-dans-la-nature\/\">balade hypnotique dans la nature<\/a><\/li>\n<li><a href=\"https:\/\/test2.under-construction.work\/atelier-dexploration-ecoute-synesthesique-des-sons\/\">\u00e9coute synesth\u00e9sique des sons<\/a><\/li>\n<li><a href=\"https:\/\/test2.under-construction.work\/ateliers-workshops\/atelier-dexploration-fluidite-des-genres\/\">fluidit\u00e9 des genres<\/a><\/li>\n<li><a href=\"https:\/\/test2.under-construction.work\/ateliers-workshops\/ateliers-pour-artistes-et-autres-specialistes\/atelier-dexploration-explorer-une-oeuvre-dart\/\">exploration d\u2019une oeuvre d\u2019art<\/a><\/li>\n<li>suivre le fil d&rsquo;une image (visuelle, sonore, tactile, olfactive) \u00e0 travers l&rsquo;imaginal<\/li>\n<li>\u00e9couter un personnage de sc\u00e9nario raconter son histoire<\/li>\n<li>mod\u00e9liser pour cr\u00e9er un personnage (\u00e9criture ou jeu d&rsquo;acteur)<\/li>\n<li>visiter sa biblioth\u00e8que\/sa sonoth\u00e8que\/son atelier int\u00e9rieure<\/li>\n<li>&#8230;<\/li>\n<\/ul>\n<p>L\u2019HYPNOSE ERICKSONIENNE<\/p>\n<p>L\u2019hypnose est de plus en plus connue, notamment par les shows de Mesmer et consorts, par les op\u00e9rations pratiqu\u00e9es sous hypnose et par les indications relay\u00e9es par la presse, comme l\u2019arr\u00eat du tabac et les phobies.<\/p>\n<p><strong>L\u2019hypnose de spectacle, l\u2019hypnose m\u00e9dicale et l\u2019hypnose \u00e9ricksonienne ont des objectifs<\/strong> (faire de l\u2019audimat \/ g\u00e9rer la douleur \/ accompagner vers un changement), <strong>des positionnements<\/strong> (dirigiste \/ protocolaire \/ en coh\u00e9rence avec les repr\u00e9sentations des accompagn\u00e9s) <strong>et des m\u00e9thodes<\/strong> (s\u00e9lection, fascination \/ dissociation \/ passage) <strong>diff\u00e9rents.<\/strong><\/p>\n<p><strong>Ici,<\/strong> <strong>il s\u2019agit d\u2019accompagner vers un changement, une exploration, une cr\u00e9ation<\/strong> (existence amplifi\u00e9e par la d\u00e9couverte d\u2019un pan de soi-m\u00eame, \u00e9mancipation d\u2019une addiction, transformation d\u2019un lien entretenu avec une personne, d\u00e9passement d\u2019un obstacle, ouverture d\u2019une voie nouvelle vers la cr\u00e9ativit\u00e9\u2026), dans un chemin qui respecte les repr\u00e9sentations et les intentions des accompagn\u00e9s, gr\u00e2ce \u00e0 un accompagnement\u00a0alliant la s\u00e9curit\u00e9 et la libert\u00e9.<\/p>\n<p>DES VOYAGES DIFFERENTS<\/p>\n<p><strong>L\u2019accompagnante en hypnose \u00e9ricksonienne peut-\u00eatre compar\u00e9e \u00e0 un guide de montagne<\/strong>, qui emm\u00e8ne une personne ou un groupe vers son intention (en ayant v\u00e9rifi\u00e9 au pr\u00e9alable que celle-ci est r\u00e9aliste, positive et claire), en veillant \u00e0 sa s\u00e9curit\u00e9 et en ne for\u00e7ant rien. Elle balise, assure, rassure, donne des outils, sans interpr\u00e9ter ni projeter.<\/p>\n<p>Bien s\u00fbr, <strong>chaque atelier est v\u00e9cu de fa\u00e7on diff\u00e9rente pour chacun(e)<\/strong>. La suggestion \u00ab\u00a0en passant le sommet, un paysage magnifique appara\u00eetra, dans lequel votre sagesse vous attendra, sous la forme d\u2019un \u00eatre bienveillant, humain, animal ou v\u00e9g\u00e9tal qui vous donnera un conseil \u00bb, peut donner naissance \u00e0 des milliers de v\u00e9cus!<\/p>\n<p>FAIRE L\u2019EXPERIENCE<\/p>\n<p>Dans les ateliers, dans un cadre tranquille et s\u00e9curisant, les outils de l\u2019ouverture \u00e0 soi, aux autres et au monde, permettent de faire l\u2019exp\u00e9rience de voyages d\u2019exploration qui m\u00e8nent \u00e0 la connaissance de son propre fonctionnement, aux transformations de sch\u00e9mas r\u00e9p\u00e9titifs, aux d\u00e9couvertes de sa cr\u00e9ation\u2026<\/p>\n<p>Il suffit d\u2019oser<img decoding=\"async\" class=\"emoji\" src=\"https:\/\/s0.wp.com\/wp-content\/mu-plugins\/wpcom-smileys\/twemoji\/2\/svg\/1f642.svg\" alt=\"\ud83d\ude42\" \/><\/p>\n<p>\u00a9 Marie Lisel<\/p>\n<p><span id=\"fbPhotoSnowliftCaption\" class=\"fbPhotosPhotoCaption\"><span class=\"hasCaption\">Image: John Giorno, dans l&rsquo;exposition I <span class=\"_5mfr _47e3\"><img loading=\"lazy\" decoding=\"async\" class=\"img\" src=\"https:\/\/static.xx.fbcdn.net\/images\/emoji.php\/v6\/fac\/1\/16\/2665.png\" alt=\"\" width=\"16\" height=\"16\" \/><\/span> JOHN GIORNO, par Ugo Rondinone (palais de Tokyo, 2016)<\/span><\/span><\/p>\n","protected":false},"excerpt":{"rendered":"<p>Les ateliers rassemblent un groupe de\u00a0personnes, dans un contexte particulier, dans une intention particuli\u00e8re, pour vivre ensemble un voyage hypnotique ouvrant. De nombreux ateliers sont accessibles \u00e0 tout public, sans pr\u00e9requis. Il y a, bien s\u00fbr, les classiques mais n\u00e9anmoins efficaces: arr\u00eat du tabac gestion du stress gestion de la fatigue et de l&rsquo;\u00e9nergie confiance [&hellip;]<\/p>\n","protected":false},"author":2,"featured_media":3234,"parent":0,"menu_order":0,"comment_status":"closed","ping_status":"closed","template":"","meta":{"footnotes":""},"class_list":["post-2974","page","type-page","status-publish","has-post-thumbnail","hentry"],"_links":{"self":[{"href":"https:\/\/test2.under-construction.work\/index.php\/wp-json\/wp\/v2\/pages\/2974","targetHints":{"allow":["GET"]}}],"collection":[{"href":"https:\/\/test2.under-construction.work\/index.php\/wp-json\/wp\/v2\/pages"}],"about":[{"href":"https:\/\/test2.under-construction.work\/index.php\/wp-json\/wp\/v2\/types\/page"}],"author":[{"embeddable":true,"href":"https:\/\/test2.under-construction.work\/index.php\/wp-json\/wp\/v2\/users\/2"}],"replies":[{"embeddable":true,"href":"https:\/\/test2.under-construction.work\/index.php\/wp-json\/wp\/v2\/comments?post=2974"}],"version-history":[{"count":0,"href":"https:\/\/test2.under-construction.work\/index.php\/wp-json\/wp\/v2\/pages\/2974\/revisions"}],"wp:featuredmedia":[{"embeddable":true,"href":"https:\/\/test2.under-construction.work\/index.php\/wp-json\/"}],"wp:attachment":[{"href":"https:\/\/test2.under-construction.work\/index.php\/wp-json\/wp\/v2\/media?parent=2974"}],"curies":[{"name":"wp","href":"https:\/\/api.w.org\/{rel}","templated":true}]}}