{"id":3268,"date":"2017-01-08T18:35:58","date_gmt":"2017-01-08T17:35:58","guid":{"rendered":"https:\/\/marielisel.com\/?page_id=3268"},"modified":"2017-01-08T18:35:58","modified_gmt":"2017-01-08T17:35:58","slug":"ateliers-pour-artistes-et-autres-specialistes","status":"publish","type":"page","link":"https:\/\/test2.under-construction.work\/index.php\/ateliers-workshops\/ateliers-pour-artistes-et-autres-specialistes\/","title":{"rendered":"Ateliers pour artistes et autres sp\u00e9cialistes"},"content":{"rendered":"<p>Les ateliers rassemblent un groupe de<strong>\u00a0<\/strong>personnes, dans un contexte particulier, dans une intention particuli\u00e8re, pour vivre ensemble un voyage hypnotique ouvrant.<\/p>\n<p><strong>Je con\u00e7ois de<\/strong> <strong>nombreux ateliers pour des artistes et pour des sp\u00e9cialistes de disciplines qui me passionnent<\/strong>. Les ateliers d\u00e9velopp\u00e9s dans les liens ci-dessous sont des exemples. Mille et une possibilit\u00e9s naissent de rencontres, de lectures, d\u2019exp\u00e9riences et de discussions.<\/p>\n<p>Quelques ateliers expliqu\u00e9s (suivez les liens bleus ci-dessous ou les fl\u00e8ches du menu principal)<\/p>\n<ul>\n<li><u><a href=\"https:\/\/test2.under-construction.work\/ateliers-workshops\/ateliers-pour-artistes-et-autres-specialistes\/atelier-sur-mesure-au-sein-de-votre-projet-dart-de-la-scene\/\">Atelier sur mesure au sein de votre projet d\u2019art de la sc\u00e8ne<\/a><\/u><\/li>\n<li><a href=\"https:\/\/test2.under-construction.work\/ateliers-workshops\/atelier-dexploration-connexion\/\">connexion<\/a><\/li>\n<li><a href=\"https:\/\/test2.under-construction.work\/ateliers-workshops\/atelier-dexploration-mouvements-et-sons-spontanes\/\">mouvements (et sons) spontan\u00e9s<\/a><\/li>\n<li><a href=\"https:\/\/test2.under-construction.work\/atelier-dexploration-balade-hypnotique-dans-la-nature\/\">balade hypnotique dans la nature<\/a><\/li>\n<li><a href=\"https:\/\/test2.under-construction.work\/atelier-dexploration-ecoute-synesthesique-des-sons\/\">\u00e9coute synesth\u00e9sique des sons<\/a><\/li>\n<li><a href=\"https:\/\/test2.under-construction.work\/ateliers-workshops\/atelier-dexploration-fluidite-des-genres\/\">fluidit\u00e9 des genres<\/a><\/li>\n<li><a href=\"https:\/\/test2.under-construction.work\/ateliers-workshops\/ateliers-pour-artistes-et-autres-specialistes\/atelier-dexploration-explorer-une-oeuvre-dart\/\">exploration d\u2019une oeuvre d\u2019art<\/a><\/li>\n<li>suivre le fil d&rsquo;une image (visuelle, sonore, tactile, olfactive) \u00e0 travers l&rsquo;imaginal<\/li>\n<li>\u00e9couter un personnage de sc\u00e9nario raconter son histoire<\/li>\n<li>mod\u00e9liser pour cr\u00e9er un personnage (\u00e9criture ou jeu d&rsquo;acteur)<\/li>\n<li>visiter sa biblioth\u00e8que\/sa sonoth\u00e8que\/son atelier int\u00e9rieure<\/li>\n<li>&#8230;<\/li>\n<\/ul>\n<p><strong>Libert\u00e9, cr\u00e9ativit\u00e9 et flexibilit\u00e9<\/strong>! <strong>Je suis \u00ab\u00a0\u00e0 la crois\u00e9e\u00a0\u00bb des champs<\/strong>\u2026 artiste sonore, chercheuse en hypnose, praticienne de groupe et de s\u00e9ances individuelles, passionn\u00e9e par l\u2019\u00e9thologie, l&rsquo;\u00e9cologie, la synesth\u00e9sie, les arts contemporains (vivants, visuels, sonores), le genre, la sensorialit\u00e9, la connexion, le r\u00eave, les sons, le paysage\u2026<\/p>\n<p>Il peut s\u2019agir de groupes compos\u00e9s d\u2019<strong>artistes rassembl\u00e9s autour d\u2019une recherche<\/strong>, de <strong>sp\u00e9cialistes <\/strong>en synesth\u00e9sie, genres, modifications corporelles, neurologie, polyamour, \u00e9thologie, sensorialit\u00e9<strong>\u2026<\/strong><\/p>\n<p>A partir d\u2019un axe d\u2019exploration et d\u2019un champ commun, les possibles sont innombrables. Si <strong>une question vous titille dans vos recherches<\/strong>, parlons-en!<\/p>\n<p>LIRE AUSSI:<\/p>\n<p><a href=\"https:\/\/test2.under-construction.work\/liens\/\" target=\"_blank\" rel=\"noopener\">Commande d&rsquo;accompagnement technique de projet \/ collaboration, co-cr\u00e9ation \/ invitation, programmation \/ cr\u00e9ation&#8230;<\/a><\/p>\n<p><a href=\"https:\/\/test2.under-construction.work\/et-si-on-se-connait-prend-on-des-amis-potes-connaissances-collegues-en-seance\/\" target=\"_blank\" rel=\"noopener\">Et si on se connait?<\/a><\/p>\n<p>\u00a9 Marie Lisel<\/p>\n<p>&nbsp;<\/p>\n","protected":false},"excerpt":{"rendered":"<p>Les ateliers rassemblent un groupe de\u00a0personnes, dans un contexte particulier, dans une intention particuli\u00e8re, pour vivre ensemble un voyage hypnotique ouvrant. Je con\u00e7ois de nombreux ateliers pour des artistes et pour des sp\u00e9cialistes de disciplines qui me passionnent. Les ateliers d\u00e9velopp\u00e9s dans les liens ci-dessous sont des exemples. Mille et une possibilit\u00e9s naissent de rencontres, [&hellip;]<\/p>\n","protected":false},"author":2,"featured_media":3263,"parent":2561,"menu_order":0,"comment_status":"closed","ping_status":"closed","template":"","meta":{"footnotes":""},"class_list":["post-3268","page","type-page","status-publish","has-post-thumbnail","hentry"],"_links":{"self":[{"href":"https:\/\/test2.under-construction.work\/index.php\/wp-json\/wp\/v2\/pages\/3268","targetHints":{"allow":["GET"]}}],"collection":[{"href":"https:\/\/test2.under-construction.work\/index.php\/wp-json\/wp\/v2\/pages"}],"about":[{"href":"https:\/\/test2.under-construction.work\/index.php\/wp-json\/wp\/v2\/types\/page"}],"author":[{"embeddable":true,"href":"https:\/\/test2.under-construction.work\/index.php\/wp-json\/wp\/v2\/users\/2"}],"replies":[{"embeddable":true,"href":"https:\/\/test2.under-construction.work\/index.php\/wp-json\/wp\/v2\/comments?post=3268"}],"version-history":[{"count":0,"href":"https:\/\/test2.under-construction.work\/index.php\/wp-json\/wp\/v2\/pages\/3268\/revisions"}],"up":[{"embeddable":true,"href":"https:\/\/test2.under-construction.work\/index.php\/wp-json\/wp\/v2\/pages\/2561"}],"wp:featuredmedia":[{"embeddable":true,"href":"https:\/\/test2.under-construction.work\/index.php\/wp-json\/"}],"wp:attachment":[{"href":"https:\/\/test2.under-construction.work\/index.php\/wp-json\/wp\/v2\/media?parent=3268"}],"curies":[{"name":"wp","href":"https:\/\/api.w.org\/{rel}","templated":true}]}}