{"id":3635,"date":"2017-01-18T14:17:00","date_gmt":"2017-01-18T13:17:00","guid":{"rendered":"https:\/\/marielisel.com\/?page_id=3635"},"modified":"2017-01-18T14:17:00","modified_gmt":"2017-01-18T13:17:00","slug":"les-classiques-tabac-fatigue-stress","status":"publish","type":"page","link":"https:\/\/test2.under-construction.work\/index.php\/ateliers-pour-grand-public\/les-classiques-tabac-fatigue-stress\/","title":{"rendered":"Pour les entreprises"},"content":{"rendered":"<p>De nombreux ateliers ne n\u00e9cessitent pas de pr\u00e9requis. Nous en avons pr\u00e9par\u00e9 sp\u00e9cialement pour les groupes au sein d&rsquo;une \u00e9quipe de travail. Nous pouvons aussi en cr\u00e9er sur mesure pour votre groupe, en fonction de vos besoins.<\/p>\n<p>Quelques exemples:<\/p>\n<ul>\n<li>arr\u00eat du tabac<\/li>\n<li>gestion du stress<\/li>\n<li>gestion de la fatigue et de l&rsquo;\u00e9nergie<\/li>\n<li>burnout<\/li>\n<li>confiance en soi et image de soi<\/li>\n<li>tournant de vie<\/li>\n<li>peurs et phobies<\/li>\n<li>g\u00eanes et douleurs physiques<\/li>\n<li>gestion des \u00e9motions<\/li>\n<li>prise de d\u00e9cision<\/li>\n<li>concentration et procrastination<\/li>\n<li>prise de parole en public<\/li>\n<li>d\u00e9velopper sa cr\u00e9ativit\u00e9<\/li>\n<li>etc!<\/li>\n<\/ul>\n<p>J&rsquo;organise ces <strong>ateliers pour entreprises<\/strong>, \u00e0 la demande, avec ma partenaire <a href=\"http:\/\/www.hypnoseinparis.com\/\">A\u00eftana Mac Gowan<\/a>.<\/p>\n<p>Vous pouvez vous faire une id\u00e9e en lisant la page sur les types d&rsquo;ateliers, <a href=\"https:\/\/test2.under-construction.work\/ateliers-workshops\/types-dateliers-aa-ap-am\/\">ici.<\/a><\/p>\n<p>Demandez-moi des informations \u00e0 l&rsquo;adresse lisellesil@gmail.com si vous \u00eates int\u00e9ress\u00e9.e d&rsquo;organiser ensemble un\/des atelier(s), en entreprise priv\u00e9e ou dans l&rsquo;administration publique.<\/p>\n<p><img loading=\"lazy\" decoding=\"async\" class=\"alignnone size-full wp-image-3639\" src=\"https:\/\/test2.under-construction.work\/wp-content\/uploads\/2017\/01\/526550_664499676916464_231162607_n.jpg\" alt=\"526550_664499676916464_231162607_n\" width=\"960\" height=\"768\" \/><\/p>\n","protected":false},"excerpt":{"rendered":"<p>De nombreux ateliers ne n\u00e9cessitent pas de pr\u00e9requis. Nous en avons pr\u00e9par\u00e9 sp\u00e9cialement pour les groupes au sein d&rsquo;une \u00e9quipe de travail. Nous pouvons aussi en cr\u00e9er sur mesure pour votre groupe, en fonction de vos besoins. Quelques exemples: arr\u00eat du tabac gestion du stress gestion de la fatigue et de l&rsquo;\u00e9nergie burnout confiance en [&hellip;]<\/p>\n","protected":false},"author":2,"featured_media":3778,"parent":2974,"menu_order":0,"comment_status":"closed","ping_status":"closed","template":"","meta":{"footnotes":""},"class_list":["post-3635","page","type-page","status-publish","has-post-thumbnail","hentry"],"_links":{"self":[{"href":"https:\/\/test2.under-construction.work\/index.php\/wp-json\/wp\/v2\/pages\/3635","targetHints":{"allow":["GET"]}}],"collection":[{"href":"https:\/\/test2.under-construction.work\/index.php\/wp-json\/wp\/v2\/pages"}],"about":[{"href":"https:\/\/test2.under-construction.work\/index.php\/wp-json\/wp\/v2\/types\/page"}],"author":[{"embeddable":true,"href":"https:\/\/test2.under-construction.work\/index.php\/wp-json\/wp\/v2\/users\/2"}],"replies":[{"embeddable":true,"href":"https:\/\/test2.under-construction.work\/index.php\/wp-json\/wp\/v2\/comments?post=3635"}],"version-history":[{"count":0,"href":"https:\/\/test2.under-construction.work\/index.php\/wp-json\/wp\/v2\/pages\/3635\/revisions"}],"up":[{"embeddable":true,"href":"https:\/\/test2.under-construction.work\/index.php\/wp-json\/wp\/v2\/pages\/2974"}],"wp:featuredmedia":[{"embeddable":true,"href":"https:\/\/test2.under-construction.work\/index.php\/wp-json\/"}],"wp:attachment":[{"href":"https:\/\/test2.under-construction.work\/index.php\/wp-json\/wp\/v2\/media?parent=3635"}],"curies":[{"name":"wp","href":"https:\/\/api.w.org\/{rel}","templated":true}]}}