{"id":4209,"date":"2017-04-03T20:53:26","date_gmt":"2017-04-03T19:53:26","guid":{"rendered":"https:\/\/marielisel.com\/?page_id=4209"},"modified":"2017-04-03T20:53:26","modified_gmt":"2017-04-03T19:53:26","slug":"contre-indications-et-precautions","status":"publish","type":"page","link":"https:\/\/test2.under-construction.work\/index.php\/seances\/contre-indications-et-precautions\/","title":{"rendered":"Contre-indications et pr\u00e9cautions"},"content":{"rendered":"<p style=\"text-align:justify;\"><strong>CONTRE-INDICATIONS ET PRECAUTIONS <\/strong><\/p>\n<p style=\"text-align:justify;\">L\u2019hypnose est d\u00e9conseill\u00e9e aux personnes atteintes de <strong>troubles psychotiques\u00a0graves<\/strong>\u00a0: schizophr\u00e9nie, parano\u00efa, maniaco-d\u00e9pression.<\/p>\n<p style=\"text-align:justify;\"><strong>Elle est \u00e0 utiliser avec pr\u00e9cautions, et par des praticiens form\u00e9s \u00e0 cet effet,<\/strong> avec des personnes atteintes de <strong>bipolarit\u00e9<\/strong> et de <strong>d\u00e9pression s\u00e9v\u00e8re<\/strong>, les personnes sous <strong>m\u00e9dicaments influen\u00e7ant le psychisme<\/strong> (antid\u00e9presseurs, anxiolytiques quotidiens), ainsi que sous <strong>drogue quotidienne<\/strong> (je ne parle pas de marijuana) ou atteintes d&rsquo;<strong>alcoolisme s\u00e9v\u00e8re<\/strong>.<\/p>\n<p style=\"text-align:justify;\"><strong>Je fais donc le choix d&rsquo;orienter chez des coll\u00e8gues form\u00e9s les personnes qui sont:<\/strong><\/p>\n<ul style=\"text-align:justify;\">\n<li><span class=\"st\">diagnostiqu\u00e9es comme <\/span>atteintes d&rsquo;un <strong>trouble psychotique<\/strong> (schizophr\u00e9nie, parano\u00efa, maniaco-d\u00e9pression&#8230;)<span class=\"st\"><em><br \/>\n<\/em><\/span><\/li>\n<li><span class=\"st\">diagnostiqu\u00e9es comme atteintes d&rsquo;un <strong>trouble<\/strong> <\/span><strong>bipolaire<\/strong><\/li>\n<li>sous <strong>anxiolytique ou antid\u00e9presseur au quotidien<\/strong><\/li>\n<li>atteintes d&rsquo;<strong>alcoolisme s\u00e9v\u00e8re<\/strong><\/li>\n<li>prenant des <strong>drogues au quotidien<\/strong><\/li>\n<\/ul>\n<p>Hypnose m\u00e9dicale: <a href=\"http:\/\/www.hypnosis.fr\" target=\"_blank\" rel=\"noopener noreferrer\">Hypnosis,<\/a><a href=\"http:\/\/www.hypnosis.fr\" target=\"_blank\" rel=\"noopener noreferrer\">Centre de soins sp\u00e9cialis\u00e9\u00a0dans les applications m\u00e9dicales de l\u2019Hypnose. <\/a>Psychiatre hypno: <a href=\"https:\/\/www.doctolib.fr\/psychiatre\/paris\/philippe-aim\" target=\"_blank\" rel=\"noopener\">Philippe A\u00efm<\/a><\/p>\n<p style=\"text-align:justify;\">En outre, certaines personnes souffrent de troubles sans le savoir. Or, il est important de travailler avec les professionnels comp\u00e9tents en la mati\u00e8re. Au cours du cheminement hypnotique, si je sens que cela est pr\u00e9f\u00e9rable voire n\u00e9cessaire, je me r\u00e9serve le droit d&rsquo;orienter une personne vers un.e autre accompagnant.e et\/ou de demander \u00e0 la personne de consulter un m\u00e9decin ou un psychiatre.<\/p>\n<p style=\"text-align:justify;\">***<\/p>\n<p style=\"text-align:justify;\"><strong>CHOIX PERSONNEL<\/strong><\/p>\n<p style=\"text-align:justify;\"><strong>Par choix personnel, je ne travaille pas avec les personnes mineures ni avec les personnes sous tutelle.<\/strong><\/p>\n<p style=\"text-align:justify;\">Je ne re\u00e7ois donc que des personnes adultes et responsables.<\/p>\n<p style=\"text-align:justify;\">Pour les enfants, voyez des coll\u00e8gues sp\u00e9cialis\u00e9.e.s comme\u00a0<a href=\"http:\/\/www.bzn-psychotherapie-paris.com\" target=\"_blank\" rel=\"noopener noreferrer\">Benedicte Zunino Naudeau<\/a>, <a href=\"http:\/\/lisebartoli.com\" target=\"_blank\" rel=\"noopener noreferrer\">Lise <\/a><span class=\" UFICommentActorAndBody\"><span class=\"UFICommentBody\"><a href=\"http:\/\/lisebartoli.com\" target=\"_blank\" rel=\"noopener noreferrer\">Bartoli,<\/a><\/span><\/span> <a href=\"https:\/\/www.hypnotherapie-versailles.fr\" target=\"_blank\" rel=\"noopener noreferrer\">Anne Gervaise\u00a0vendange<\/a>, <a href=\"http:\/\/www.so-hyp.fr\/\" target=\"_blank\" rel=\"noopener\">Pascale Carayon<\/a><\/p>\n<p>Pour les adolescents, aussi voyez <a href=\"https:\/\/www.juliettevergalaliberte.com\/?fbclid=IwAR0HhGOfc05pml-AziU2EegWvnoUWcpra7YbcQazjuq-1hSwZrqqhX5p3Ec\" target=\"_blank\" rel=\"noopener\">Marie Juliette Teste.<\/a><\/p>\n<p>Idem pour la pr\u00e9paration \u00e0 l&rsquo;accouchement, l&rsquo;accompagnement en g\u00e9riatrie, la gestion de grandes douleurs, la pr\u00e9paration sportive pro&#8230; ils demandent de v\u00e9ritables sp\u00e9cialisations que je n&rsquo;ai pas. Par choix (on ne peux pas tout faire).<\/p>\n<p><strong>Alors quelles sont mes \u00ab\u00a0sp\u00e9cialit\u00e9s\u00a0\u00bb \u00e0 moi?<\/strong><\/p>\n<p style=\"text-align:justify;\">Ce pour quoi mes coll\u00e8gues m&rsquo;envoient des clients:<\/p>\n<ul>\n<li><a href=\"https:\/\/test2.under-construction.work\/accompagnement-pour-la-creation\/lhypnose-et-la-creation-artistique\/\" target=\"_blank\" rel=\"noopener noreferrer\">accompagnement artistique <\/a>(\u00e9criture, travail sur plateau, performance en collaboration, radio&#8230;.)<\/li>\n<li>et accompagnement d&rsquo;artistes pour des demandes classiques<\/li>\n<li>pr\u00e9paration de d\u00e9fense de doctorat<\/li>\n<li>fonctionnement neuro-atypique, licorne, z\u00e8bre, hypersensible<\/li>\n<li>LGBTQI+, questionnement queer, transition et transitude<\/li>\n<li><a href=\"https:\/\/test2.under-construction.work\/les-outils-de-la-praticienne\/connexion-avec-la-nature\/\" target=\"_blank\" rel=\"noopener noreferrer\">travail en nature<\/a> (parc, bois ou en montagne, hypnose, r\u00eave et travail sur l&rsquo;espace transitionnel avec ou sans les chevaux)<\/li>\n<li>demande particuli\u00e8re pour <a href=\"https:\/\/test2.under-construction.work\/les-outils-de-la-praticienne\/le-reve-eveille-dirige-du-red-au-reah\/\" target=\"_blank\" rel=\"noopener noreferrer\">ma m\u00e9thode du REAH<\/a><\/li>\n<li>d\u00e9veloppement de la cr\u00e9ativit\u00e9 du th\u00e9rapeute<\/li>\n<li>changement de vie qui demande un sacr\u00e9 d\u00e9veloppement de la cr\u00e9ativit\u00e9 et des ressources<\/li>\n<li><span class=\" UFICommentActorAndBody\"><span class=\"UFICommentBody\">accompagnement inclusif, non jugeant, safe (d&rsquo;une personne TDS, sexpositive, kinky, <a href=\"https:\/\/graspolitique.wordpress.com\/\" target=\"_blank\" rel=\"noopener\">grosse<\/a>, poly, freaky&#8230;) pour une toute demande (arr\u00eat du tabac, acouph\u00e8ne, stress, pr\u00e9pa d&rsquo;examen, cauchemars, cr\u00e9ation, phobie&#8230;)<br \/>\n<\/span><\/span><\/li>\n<li><span class=\" UFICommentActorAndBody\"><span class=\"UFICommentBody\">&#8230;<\/span><\/span><\/li>\n<\/ul>\n<p>\ud83d\ude42<\/p>\n<p style=\"text-align:justify;\">***<\/p>\n<p style=\"text-align:justify;\"><strong>VOUS ETES TOUJOURS LA?<br \/>\n<\/strong><\/p>\n<p style=\"text-align:justify;\">Alors continuez votre exploration!<\/p>\n<p style=\"text-align:justify;\">Sourire<\/p>\n<p style=\"text-align:justify;\">Marie Lisel<\/p>\n<p style=\"text-align:justify;\">\n","protected":false},"excerpt":{"rendered":"<p>CONTRE-INDICATIONS ET PRECAUTIONS L\u2019hypnose est d\u00e9conseill\u00e9e aux personnes atteintes de troubles psychotiques\u00a0graves\u00a0: schizophr\u00e9nie, parano\u00efa, maniaco-d\u00e9pression. Elle est \u00e0 utiliser avec pr\u00e9cautions, et par des praticiens form\u00e9s \u00e0 cet effet, avec des personnes atteintes de bipolarit\u00e9 et de d\u00e9pression s\u00e9v\u00e8re, les personnes sous m\u00e9dicaments influen\u00e7ant le psychisme (antid\u00e9presseurs, anxiolytiques quotidiens), ainsi que sous drogue quotidienne (je [&hellip;]<\/p>\n","protected":false},"author":2,"featured_media":0,"parent":883,"menu_order":0,"comment_status":"closed","ping_status":"closed","template":"","meta":{"footnotes":""},"class_list":["post-4209","page","type-page","status-publish","hentry"],"_links":{"self":[{"href":"https:\/\/test2.under-construction.work\/index.php\/wp-json\/wp\/v2\/pages\/4209","targetHints":{"allow":["GET"]}}],"collection":[{"href":"https:\/\/test2.under-construction.work\/index.php\/wp-json\/wp\/v2\/pages"}],"about":[{"href":"https:\/\/test2.under-construction.work\/index.php\/wp-json\/wp\/v2\/types\/page"}],"author":[{"embeddable":true,"href":"https:\/\/test2.under-construction.work\/index.php\/wp-json\/wp\/v2\/users\/2"}],"replies":[{"embeddable":true,"href":"https:\/\/test2.under-construction.work\/index.php\/wp-json\/wp\/v2\/comments?post=4209"}],"version-history":[{"count":0,"href":"https:\/\/test2.under-construction.work\/index.php\/wp-json\/wp\/v2\/pages\/4209\/revisions"}],"up":[{"embeddable":true,"href":"https:\/\/test2.under-construction.work\/index.php\/wp-json\/wp\/v2\/pages\/883"}],"wp:attachment":[{"href":"https:\/\/test2.under-construction.work\/index.php\/wp-json\/wp\/v2\/media?parent=4209"}],"curies":[{"name":"wp","href":"https:\/\/api.w.org\/{rel}","templated":true}]}}