{"id":4302,"date":"2017-04-03T22:55:02","date_gmt":"2017-04-03T21:55:02","guid":{"rendered":"https:\/\/marielisel.com\/?page_id=4302"},"modified":"2017-04-03T22:55:02","modified_gmt":"2017-04-03T21:55:02","slug":"et-si-on-se-connait-prend-on-des-amis-potes-connaissances-collegues-en-seance","status":"publish","type":"page","link":"https:\/\/test2.under-construction.work\/index.php\/et-si-on-se-connait-prend-on-des-amis-potes-connaissances-collegues-en-seance\/","title":{"rendered":"Et si on se connait? Prend-on un.e ami.e, pote, connaissance, coll\u00e8gue, cousin.e, voisin.e, partenaire, \u00e9l\u00e8ve, professeur.e&#8230; en s\u00e9ance?"},"content":{"rendered":"<p style=\"text-align:justify;\">De nombreux.ses accompagn\u00e9.e.s sont des personnes de mon entourage ou amis d&rsquo;amis ou amis FB, ou coll\u00e8gues, en tout cas de milieux dont je fais partie (art contemporain, musique exp\u00e9rimentale, arts de la sc\u00e8ne, radio, \u00e9thologie, hypnose, f\u00e9minisme, queer, etc).<\/p>\n<p style=\"text-align:justify;\">Ce n&rsquo;est pas un souci.<\/p>\n<p style=\"text-align:justify;\">En effet, je respecte le secret professionnel et autres <a href=\"https:\/\/test2.under-construction.work\/charte-ethique\/\">codes d\u00e9ontologiques<\/a>, j&rsquo;ai un positionnement particulier en s\u00e9ance, inscrit dans un cadre clair et amovible (le temps de la s\u00e9ance est s\u00e9par\u00e9 du temps de vernissage, concert, danse, balade, cours, conf\u00e9rences&#8230;), nous pla\u00e7ons un cadre provisoire le temps du travail et je pratique l&rsquo;hypnose \u00e9ricksonienne (pratique tr\u00e8s \u00e9loign\u00e9e de la psychanalyse), dans laquelle le transfert\/contre-transfert n&rsquo;est pas un levier principal (heureusement car nous nous arr\u00eatons tr\u00e8s souvent avant 10 s\u00e9ances et non apr\u00e8s 1000).<\/p>\n<p style=\"text-align:justify;\">***<\/p>\n<p style=\"text-align:justify;\"><strong>CONDITIONS<\/strong><\/p>\n<p style=\"text-align:justify;\"><strong>La condition premi\u00e8re est que je ne fasse pas partie du probl\u00e8me ou de l&rsquo;exploration, pour ne pas \u00eatre impact\u00e9e personnellement, ce qui pourrait rendre compliqu\u00e9 mon positionnement neutre.<\/strong> Par exemple, je ne pourrais accompagner ma cousine sur un travail abordant la famille, car cela risquerait de m&rsquo;\u00e9nerver ou de m&rsquo;attrister ou de me surprendre ou de me remplir d&rsquo;une joie immense au point d&rsquo;\u00e9branler mon positionnement d&rsquo;accompagnante. Idem avec l&rsquo;accompagnement d&rsquo;une personne d\u00e9sirant travailler sur le deuil de quelqu&rsquo;un que je connaissais bien. Idem avec l&rsquo;accompagnement d&rsquo;une personne avec laquelle je collabore d\u00e9sirant travailler sur son rapport au pouvoir. Idem avec un compagnon\/une compagne sur un probl\u00e8me de possessivit\u00e9 ou de territoire. Etc. De la m\u00eame fa\u00e7on, je r\u00e9oriente chez un.e coll\u00e8gue les personnes que je ne connais pas (client.e lambda) mais qui impactent trop mon positionnement d&rsquo;accompagnante (c&rsquo;est \u00e0 dire qui me demandent trop d&rsquo;effort pour rester en axe vertical juste et souple). C&rsquo;est rare mais \u00e7a arrive (d\u00e9terreurs de blaireaux, passez donc votre chemin!).<\/p>\n<p style=\"text-align:justify;\"><strong>La seconde condition est que la personne qui me demande un accompagnement ne soit pas dans la d\u00e9pendance affective<\/strong> <strong>et aussi qu&rsquo;elle puisse faire la part des choses entre les temps d&rsquo;accompagnements et le reste du temps<\/strong>, lorsque l&rsquo;on est amen\u00e9.e.s \u00e0 se croiser ou \u00e0 se c\u00f4toyer en groupe (en gros: je peux parler d&rsquo;hypnose mais je ne bosse pas sur un cas particulier quand je vais voir une pi\u00e8ce de th\u00e9\u00e2tre ou une expo ou un site naturel ou quand je me rends \u00e0 un diner&#8230; comme votre dentiste ou avocat ou plombier). Pour clarifier cela, la plupart du temps (pas toujours, \u00e7a d\u00e9pend du potentiel de l&rsquo;accompagn\u00e9.e \u00e0 g\u00e9rer), je ne c\u00f4toie plus volontairement en t\u00eate \u00e0 t\u00eate la personne de mon entourage qui vient en s\u00e9ance le temps de son travail avec moi. Quand le travail hypnotique est termin\u00e9, nous faisons une s\u00e9ance de cl\u00f4ture, d\u00e9cidons d&rsquo;un \u00ab\u00a0sas\u00a0\u00bb de quelques semaines \u00e0 quelques mois, apr\u00e8s lequel nous reprenons le cours d&rsquo;une relation d&rsquo;ami ou de pote ou&#8230;<\/p>\n<p>Si ces deux conditions sont remplies, bienvenue \ud83d\ude42<\/p>\n<figure id=\"attachment_4112\" aria-describedby=\"caption-attachment-4112\" style=\"width: 900px\" class=\"wp-caption alignnone\"><img loading=\"lazy\" decoding=\"async\" class=\"alignnone size-full wp-image-4112\" src=\"https:\/\/test2.under-construction.work\/wp-content\/uploads\/2017\/01\/timiditebuenosaires.jpeg\" alt=\"timiditebuenosaires\" width=\"900\" height=\"600\" \/><figcaption id=\"caption-attachment-4112\" class=\"wp-caption-text\">La timidit\u00e9 des cimes (\u00e0 Buenos Aires)<\/figcaption><\/figure>\n<p style=\"text-align:justify;\">***<\/p>\n<p style=\"text-align:justify;\"><strong>SECRET PROFESSIONNEL<\/strong><\/p>\n<p style=\"text-align:justify;\">Je suis soumise au secret professionnel et j&rsquo;y suis tr\u00e8s attentive.<\/p>\n<p style=\"text-align:justify;\">Si l&rsquo;on se voit dans d&rsquo;autres circonstances que votre s\u00e9ance, vous \u00eates libre de parler d&rsquo;hypnose ou de ne pas aborder le sujet. Moi, je suis bouche cousue sur votre cheminement, sauf si vous-m\u00eame m&rsquo;invitez clairement \u00e0 en parler.<\/p>\n<p>Et il est \u00e9vident que je ne parle pas de votre parcours hypnotique avec une connaissance commune.<\/p>\n<p style=\"text-align:justify;\">A chacun le choix de son intimit\u00e9.<\/p>\n<p style=\"text-align:justify;\"><strong>BULLE INTIME<\/strong><\/p>\n<p style=\"text-align:justify;\">De la m\u00eame fa\u00e7on, en tant que cr\u00e9ateur.trice de votre vie#oeuvre#monde, vous \u00eates libre de me proposer ou non une invitation \u00e0 voir votre travail.<\/p>\n<p style=\"text-align:justify;\">Certain.e.s passent tranquillement de la s\u00e9ance \u00e0 la sc\u00e8ne ou au vernissage, alors que d&rsquo;autres pr\u00e9f\u00e8rent cloisonner le temps du travail hypnotique.<\/p>\n<p style=\"text-align:justify;\">C&rsquo;est un choix que vous g\u00e9rez librement.<\/p>\n<p style=\"text-align:justify;\">***<\/p>\n<p style=\"text-align:justify;\"><strong>POSITIONNEMENT<\/strong><\/p>\n<p style=\"text-align:justify;\">Quand je vous accompagne en s\u00e9ance, Marie en tant que personne qui a des avis (parfois tranch\u00e9s \ud83d\ude09 ) sur le monde se met en veilleuse.<\/p>\n<p style=\"text-align:justify;\">Je me s\u00e9pare, le temps de la s\u00e9ance, de mes choix, de mes envies, de mes pr\u00e9occupations, de mes r\u00e9voltes, de mes croyances en tant que personne pour \u00eatre enti\u00e8rement dans votre monde, en immersion, dans l&rsquo;accueil de vos repr\u00e9sentations.<\/p>\n<p style=\"text-align:justify;\">***<\/p>\n<p style=\"text-align:justify;\"><strong>CADRE<\/strong><\/p>\n<p style=\"text-align:justify;\">Le cadre (temps &#8211; lieu &#8211; rituel) est important pour bien s\u00e9parer le voyage des autres moments o\u00f9 nous sommes ensemble, si nous sommes amen\u00e9s \u00e0 nous c\u00f4toyer.<\/p>\n<p style=\"text-align:justify;\">Sans cela, comme j&rsquo;\u00e9change des s\u00e9ance avec des coll\u00e8gues et que je re\u00e7ois des personnes faisant partie de ma sociabilit\u00e9, je me verrais forc\u00e9e de rester en position d&rsquo;accompagnante sans arr\u00eat, m\u00eame hors s\u00e9ance (car l&rsquo;inverse est absurde: donner une s\u00e9ance en tant que personne qui croit \u00e0 ses propres v\u00e9rit\u00e9s est impensable).<\/p>\n<p style=\"text-align:justify;\">Ne vous \u00e9tonnez donc pas si je propose des changements de lieux, par exemple, si une s\u00e9ance est suivie d&rsquo;une discussion hors s\u00e9ance dans un autre lieu ou avec un changement d&rsquo;ambiance.<\/p>\n<p style=\"text-align:justify;\">***<\/p>\n<p style=\"text-align:justify;\"><strong>USAGE<\/strong><\/p>\n<p style=\"text-align:justify;\">Enfin, nous sommes nombreux \u00e0 nous \u00e9changer des s\u00e9ances entre hypnos et \u00e0 recevoir les membres de notre entourage.<\/p>\n<p style=\"text-align:justify;\">L&rsquo;hypnose \u00e9ricksonienne demande un positionnement particulier du \/de la praticien.ne. Mais, contrairement \u00e0 la psychanalyse, elle ne demande pas \u00e0 ce que la personne de l&rsquo;accompagnant reste une surface de projection dans la vie en dehors des s\u00e9ances.<\/p>\n<p style=\"text-align:justify;\">Le truc de \u00ab\u00a0on se connait donc je ne peux pas\u00a0\u00bb n&rsquo;est donc pas d&rsquo;usage dans l&rsquo;hypnose \u00e9ricksonienne. A chaque praticien.ne de placer son cadre, selon son champ socio-culturel, ses croyances et ses pratiques.<\/p>\n<p style=\"text-align:justify;\">***<\/p>\n<p style=\"text-align:justify;\">Bienvenue en s\u00e9ance si les conditions sont au vert!<\/p>\n<p style=\"text-align:justify;\">Marie Lisel<\/p>\n","protected":false},"excerpt":{"rendered":"<p>De nombreux.ses accompagn\u00e9.e.s sont des personnes de mon entourage ou amis d&rsquo;amis ou amis FB, ou coll\u00e8gues, en tout cas de milieux dont je fais partie (art contemporain, musique exp\u00e9rimentale, arts de la sc\u00e8ne, radio, \u00e9thologie, hypnose, f\u00e9minisme, queer, etc). Ce n&rsquo;est pas un souci. En effet, je respecte le secret professionnel et autres codes [&hellip;]<\/p>\n","protected":false},"author":2,"featured_media":0,"parent":0,"menu_order":0,"comment_status":"closed","ping_status":"closed","template":"","meta":{"footnotes":""},"class_list":["post-4302","page","type-page","status-publish","hentry"],"_links":{"self":[{"href":"https:\/\/test2.under-construction.work\/index.php\/wp-json\/wp\/v2\/pages\/4302","targetHints":{"allow":["GET"]}}],"collection":[{"href":"https:\/\/test2.under-construction.work\/index.php\/wp-json\/wp\/v2\/pages"}],"about":[{"href":"https:\/\/test2.under-construction.work\/index.php\/wp-json\/wp\/v2\/types\/page"}],"author":[{"embeddable":true,"href":"https:\/\/test2.under-construction.work\/index.php\/wp-json\/wp\/v2\/users\/2"}],"replies":[{"embeddable":true,"href":"https:\/\/test2.under-construction.work\/index.php\/wp-json\/wp\/v2\/comments?post=4302"}],"version-history":[{"count":0,"href":"https:\/\/test2.under-construction.work\/index.php\/wp-json\/wp\/v2\/pages\/4302\/revisions"}],"wp:attachment":[{"href":"https:\/\/test2.under-construction.work\/index.php\/wp-json\/wp\/v2\/media?parent=4302"}],"curies":[{"name":"wp","href":"https:\/\/api.w.org\/{rel}","templated":true}]}}