{"id":5438,"date":"2017-06-14T12:46:57","date_gmt":"2017-06-14T11:46:57","guid":{"rendered":"https:\/\/marielisel.com\/?page_id=5438"},"modified":"2017-06-14T12:46:57","modified_gmt":"2017-06-14T11:46:57","slug":"ap-ateliers-de-pratique-guidee","status":"publish","type":"page","link":"https:\/\/test2.under-construction.work\/index.php\/ateliers-pour-grand-public\/ap-ateliers-de-pratique-guidee\/","title":{"rendered":"AP: ateliers de pratique guid\u00e9e"},"content":{"rendered":"<p><strong>Dans les ateliers de pratique guid\u00e9e (AP), nous travaillons sur un th\u00e8me en s\u00e9ance guid\u00e9e<\/strong>. C&rsquo;est-\u00e0-dire que les participant.e.s suivent une longue s\u00e9ance sans interaction, en \u00e9coutant ma voix et en se laissant voyager. Le travail se fait donc en profondeur pendant l&rsquo;atelier. Il y a peu d&rsquo;apprentissage de technique d&rsquo;autohypnose.<strong><br \/>\n<\/strong><\/p>\n<p><strong>En stage d&rsquo;une demi-journ\u00e9e \u00e0 plusieurs jours, j&rsquo;alterne les AA et AP <\/strong>de fa\u00e7on \u00e0 ce que les participant.e.s vivent \u00e0 la fois des voyages profonds et des apprentissages de techniques.<\/p>\n","protected":false},"excerpt":{"rendered":"<p>Dans les ateliers de pratique guid\u00e9e (AP), nous travaillons sur un th\u00e8me en s\u00e9ance guid\u00e9e. C&rsquo;est-\u00e0-dire que les participant.e.s suivent une longue s\u00e9ance sans interaction, en \u00e9coutant ma voix et en se laissant voyager. Le travail se fait donc en profondeur pendant l&rsquo;atelier. Il y a peu d&rsquo;apprentissage de technique d&rsquo;autohypnose. En stage d&rsquo;une demi-journ\u00e9e [&hellip;]<\/p>\n","protected":false},"author":2,"featured_media":0,"parent":2974,"menu_order":0,"comment_status":"closed","ping_status":"closed","template":"","meta":{"footnotes":""},"class_list":["post-5438","page","type-page","status-publish","hentry"],"_links":{"self":[{"href":"https:\/\/test2.under-construction.work\/index.php\/wp-json\/wp\/v2\/pages\/5438","targetHints":{"allow":["GET"]}}],"collection":[{"href":"https:\/\/test2.under-construction.work\/index.php\/wp-json\/wp\/v2\/pages"}],"about":[{"href":"https:\/\/test2.under-construction.work\/index.php\/wp-json\/wp\/v2\/types\/page"}],"author":[{"embeddable":true,"href":"https:\/\/test2.under-construction.work\/index.php\/wp-json\/wp\/v2\/users\/2"}],"replies":[{"embeddable":true,"href":"https:\/\/test2.under-construction.work\/index.php\/wp-json\/wp\/v2\/comments?post=5438"}],"version-history":[{"count":0,"href":"https:\/\/test2.under-construction.work\/index.php\/wp-json\/wp\/v2\/pages\/5438\/revisions"}],"up":[{"embeddable":true,"href":"https:\/\/test2.under-construction.work\/index.php\/wp-json\/wp\/v2\/pages\/2974"}],"wp:attachment":[{"href":"https:\/\/test2.under-construction.work\/index.php\/wp-json\/wp\/v2\/media?parent=5438"}],"curies":[{"name":"wp","href":"https:\/\/api.w.org\/{rel}","templated":true}]}}