{"id":5591,"date":"2017-06-18T12:22:16","date_gmt":"2017-06-18T11:22:16","guid":{"rendered":"https:\/\/marielisel.com\/?page_id=5591"},"modified":"2017-06-18T12:22:16","modified_gmt":"2017-06-18T11:22:16","slug":"mon-histoire-avec-les-chevaux","status":"publish","type":"page","link":"https:\/\/test2.under-construction.work\/index.php\/ateliers-workshops\/avec-les-chevaux\/mon-histoire-avec-les-chevaux\/","title":{"rendered":"Mon histoire avec les chevaux"},"content":{"rendered":"<p style=\"text-align:justify;\">Je suis n\u00e9e dans une campagne rude et magnifique. J&rsquo;ai grandi en libert\u00e9, au sein d&rsquo;une famille proche de la terre, de l&rsquo;eau, des plantes, des animaux, entre fermiers, marchands de bestiaux, randonneurs, amoureux des potagers et&#8230; naturalistes (il y avait aussi quelques braconniers mais \u00e7a&#8230;).<\/p>\n<p style=\"text-align:justify;\">\u00ab\u00a0Dada\u00a0\u00bb a fait partie de mes tous premiers mots. A 6 ans, je chevauchais gaiment des poneys, mais aussi Etoile, une jument noire toute ronde, entour\u00e9e alors des bras de mon intr\u00e9pide cousine (qui avait 12 ans), \u00e0 fond de balle dans les champs! Puis mon r\u00f4le de premier poids (plume) humain sur le dos de jeunes chevaux et poneys d\u00e9bourr\u00e9s \u00e0 la longe (j&rsquo;ai appris \u00e0 tomber en souplesse au judo). Puis Puce, ma compagne de jeu et d&rsquo;amour, avec qui j&rsquo;ai sillonn\u00e9 les for\u00eats et pass\u00e9 les obstacles (au propre comme au figur\u00e9), pendant toute mon adolescence, jusqu&rsquo;\u00e0 sa brutale disparition&#8230; &#8211; Temps de suspension &#8211; &#8230;<\/p>\n<p style=\"text-align:justify;\">Puis, comme j&rsquo;\u00e9tais dans un milieu urbain (pour l&rsquo;universit\u00e9), j&rsquo;ai tent\u00e9 un petit moment le dressage \u00e0 l&rsquo;espagnole (retour au sable&#8230; pas longtemps), avant de trouver le moyen de \u00ab\u00a0sortir au vert\u00a0\u00bb de grands chevaux de sports sophistiqu\u00e9s, que des propri\u00e9taires me confiaient pour leur faire prendre l&rsquo;air entre les s\u00e9ances de travail, dans les campagnes en p\u00e9riph\u00e9rie. J&rsquo;ai pass\u00e9 ainsi de chouettes ann\u00e9es de complicit\u00e9 avec trois d&rsquo;entre eux\u00a0(Go\u00e9land! Bergamote! Castle Town!), dans la joie de se perdre, de respirer, de d\u00e9couvrir des recoins sous les feuillages, plut\u00f4t que de tourner en rond dans le sable pour peaufiner des piaff\u00e9s, demi-voltes, triples sauts et autres acrobaties savantes (Puce et moi avions un moment test\u00e9 cela aussi, parfois avec exaltation, parfois en se plantant&#8230; elle \u00e9tait notamment horripil\u00e9e par l&rsquo;exercice des \u00ab\u00a0contre-\u00e9paules en dedans\u00a0\u00bb et demandait sa r\u00e9compense (un obstacle sans \u00eatre guid\u00e9e), quand nous parvenions \u00e0 en r\u00e9ussir, mais contrairement aux chevaux de compet, c&rsquo;\u00e9tait du jeu).<\/p>\n<p style=\"text-align:justify;\">Vers 30 ans, brutalement, mon dos a craqu\u00e9. Impossible de porter un ballot de foin, un seau d&rsquo;eau, une selle ou m\u00eame de tenir un post\u00e9rieur pour le nettoyer. Quand \u00e0 monter ou longer un cheval, \u00e0 accueillir un c\u00e2lin muscl\u00e9&#8230; \u00e7a devenait une prise de risque inconsid\u00e9r\u00e9e. Engueulades des m\u00e9decins&#8230; J&rsquo;ai migr\u00e9 dans des villes de plus en plus vastes et j&rsquo;ai tent\u00e9 de faire le deuil de mes compagnons de voyage en plongeant&#8230; dans l&rsquo;art contemporain!<\/p>\n<p style=\"text-align:justify;\">Il y a quelques ann\u00e9es, en visite dans le village de ma m\u00e8re, j&rsquo;ai assist\u00e9 \u00e0 une petite f\u00eate organis\u00e9e pour le bapt\u00eame des arbres nouvellement plant\u00e9s dans la \u00ab\u00a0grand rue\u00a0\u00bb (en fait, il n&rsquo;y a qu&rsquo;une rue \u00e0 Martu\u00e9). C&rsquo;est l\u00e0 que j&rsquo;ai rencontr\u00e9 Michel, le Baron du village, un homme tr\u00e8s \u00e2g\u00e9 \u00e0 la fois malicieux, \u00e0 la mise d\u00e9cal\u00e9e, excentrique et totalement amoureux de la nature, qu&rsquo;il prot\u00e9geait farouchement sur ses terres. Pendant des ann\u00e9es, il allait m\u00eame au milieu des hordes de biches avec son cheval blanc, que les cervid\u00e9s avaient adopt\u00e9. Je le connaissais de vue car nous passions r\u00e9guli\u00e8rement en marchant pr\u00e8s de ses \u00e9tangs, mais je ne lui avais jamais adress\u00e9 la parole, \u00e0 part pour le saluer quand ma m\u00e8re et lui s&rsquo;\u00e9changeaient cordialement leurs observations ornithologiques, en se croisant dans la campagne. A ce bapt\u00eame, en un mot un geste, il m&rsquo;a emmen\u00e9e et m&rsquo;a pr\u00e9sent\u00e9e \u00e0 ses chevaux. Je n&rsquo;ai pas r\u00e9fl\u00e9chi, j&rsquo;ai oubli\u00e9 mon dos et j&rsquo;ai accept\u00e9 de mettre le pied \u00e0 l&rsquo;\u00e9trier. Chevauch\u00e9es calmes, nature pr\u00e9serv\u00e9e (nous restions dans la for\u00eat et les rivi\u00e8res, sans traverser de route ou de village), compagnons confiants et de belle humeur mont\u00e9s en <span class=\"st\">ackamore, silence, foug\u00e8res, rochers, rivi\u00e8res<\/span>&#8230; le vieil homme et la bless\u00e9e du dos qui se comprenaient sans un mot ont connu bien des heures magiques. Puis la maladie l&rsquo;a rattrap\u00e9. J&rsquo;ai heureusement eu la chance de lui dire au revoir. Et mon ami s&rsquo;en est all\u00e9. Ce fut la fin de l&rsquo;histoire abrupte dans cette r\u00e9alit\u00e9, mais aussi le d\u00e9but dans une autre. Car un an apr\u00e8s, j&rsquo;ai retrouv\u00e9 Michel en voyage dans l&rsquo;imaginal. Et j&rsquo;esp\u00e8re que la joie de le savoir pr\u00e9sent l\u00e0 sera un jour plus forte que la tristesse de l&rsquo;avoir perdu ici.<\/p>\n<p style=\"text-align:justify;\">Et puis, en 2015, \u00e0 Berlin, j&rsquo;ai rencontr\u00e9 Claudia et son cheval Anik. L&rsquo;\u00e9t\u00e9 2017, nous nous sommes carr\u00e9ment enfonc\u00e9s ensemble 10 jours et nuits dans la campagne, avant d&rsquo;animer tous les trois des ateliers pour des groupes de connexion (avec le cheval int\u00e9rieur et aussi avec Anik). Cette relation de compagnons de route, de nage, de jeux, de camping, de pluie, de soleil, de partage&#8230; a profond\u00e9ment revigor\u00e9 mon lien aux chevaux!<\/p>\n<figure id=\"attachment_7038\" aria-describedby=\"caption-attachment-7038\" style=\"width: 2592px\" class=\"wp-caption alignnone\"><img loading=\"lazy\" decoding=\"async\" class=\"alignnone size-full wp-image-7038\" src=\"https:\/\/test2.under-construction.work\/wp-content\/uploads\/2017\/08\/img_0508.jpg\" alt=\"IMG_0508\" width=\"2592\" height=\"1936\" \/><figcaption id=\"caption-attachment-7038\" class=\"wp-caption-text\">Anik, Berlin, 2017<\/figcaption><\/figure>\n<p style=\"text-align:justify;\">En parall\u00e8le, j&rsquo;ai v\u00e9cu au printemps 2017, lors d&rsquo;un stage que je donnais en C\u00e9vennes, la rencontre fulgurante avec Imala et Nathalie, dans une s\u00e9ance qui \u00e9tait cens\u00e9e s&rsquo;inscrire dans le cadre de l&rsquo;hypnose \u00e9ricksonienne, mais qui a de suite fait intervenir d&rsquo;autres r\u00e9els.<\/p>\n<p style=\"text-align:justify;\">C&rsquo;est ainsi que l&rsquo;aventure \u00e0 Azini\u00e8res\u00a0 a commenc\u00e9&#8230; avec <a href=\"http:\/\/centre-de-mediation-par-le-cheval-imala.fr\/index.php\/page-d-exemple\/les-habitants\/\" target=\"_blank\" rel=\"noopener noreferrer\">Bryum, Phoebus, Lipzou, Nath, Josephine, Zenith et Pierre<\/a>.<\/p>\n\n<p>&nbsp;<\/p>\n<p style=\"text-align:justify;\">Puis j&rsquo;ai rencontr\u00e9 l&rsquo;\u00e9levage \u00e9thique du Coisel, o\u00f9 trois familles vivent en libert\u00e9, en accord avec la vie naturelle des chevaux<\/p>\n<figure id=\"attachment_12227\" aria-describedby=\"caption-attachment-12227\" style=\"width: 1562px\" class=\"wp-caption alignnone\"><img loading=\"lazy\" decoding=\"async\" class=\"alignnone size-full wp-image-12227\" src=\"https:\/\/test2.under-construction.work\/wp-content\/uploads\/2019\/03\/52551961_2604170002943451_7763303646950850560_o.jpg\" alt=\"52551961_2604170002943451_7763303646950850560_o\" width=\"1562\" height=\"985\" \/><figcaption id=\"caption-attachment-12227\" class=\"wp-caption-text\">Pr\u00e8s de Paris, au coeur de l&rsquo;\u00e9levage du Coisel, qui laisse vivre ses chevaux en libert\u00e9 (\u00e9talon, juments et poulains toute l&rsquo;ann\u00e9e dans de tr\u00e8s grands pr\u00e9s). Je vous pr\u00e9sente Bel Avenir du Coisel, en compagnie de sa pouliche Jaliska du Coisel et d&rsquo;une de ses jument Vague de Bay. Sous le soleil de f\u00e9vrier 2019.<\/figcaption><\/figure>\n<p>Puis j&rsquo;ai rencontr\u00e9 Patsou, naturellement sans la chercher. Nous partageons, lors de mes passages en Gaume, de merveilleuses errances en for\u00eat.<\/p>\n<p>Voil\u00e0&#8230; je pourrais aussi vous parler des chats, des arbres, des oiseaux, des mousses&#8230; de la connexion et aussi des lectures en \u00e9thologie.<\/p>\n<p>Je pr\u00e9f\u00e8re vous inviter \u00e0 parcourir mes articles&#8230; et \u00e0 venir explorer&#8230; il suffit d&rsquo;oser \ud83d\ude42<\/p>\n<ul style=\"text-align:justify;\">\n<li><a href=\"https:\/\/test2.under-construction.work\/ateliers-workshops\/avec-les-chevaux\/mon-histoire-avec-les-chevaux\/\" target=\"_blank\" rel=\"noopener noreferrer\">Mon histoire avec les chevaux<\/a><\/li>\n<li><a href=\"https:\/\/test2.under-construction.work\/ateliers-workshops\/avec-les-chevaux\/se-connecter-a-soi-au-cheval-au-monde\/\" target=\"_blank\" rel=\"noopener noreferrer\">Pr\u00e9sentation des stages<\/a>\u00a0\u00ab\u00a0se connecter \u00e0 soi, au cheval, au monde\u00a0\u00bb au <a href=\"http:\/\/centre-de-mediation-par-le-cheval-imala.fr\" target=\"_blank\" rel=\"noopener noreferrer\">Centre Imala<\/a><\/li>\n<li><a href=\"https:\/\/test2.under-construction.work\/ateliers-workshops\/avec-les-chevaux\/temoignages-se-connecter-a-soi-au-cheval-au-monde\/\" target=\"_blank\" rel=\"noopener noreferrer\">T\u00e9moignages<\/a> de nos stages \u00ab\u00a0se connecter \u00e0 soi, au cheval, au monde\u00a0\u00bb<\/li>\n<li><a href=\"https:\/\/test2.under-construction.work\/2015\/12\/11\/sois-ton-propre-cheval\/\">Sois ton propre cheval<\/a><\/li>\n<li><a href=\"https:\/\/test2.under-construction.work\/2017\/01\/04\/explorer-limaginal-grace-au-pouvoir-animal\/\">Explorer l&rsquo;imaginal gr\u00e2ce au pouvoir animal<\/a><\/li>\n<li><a href=\"https:\/\/test2.under-construction.work\/2017\/04\/27\/les-chats-et-lhypnose\/\">Les chats et l&rsquo;hypnose<\/a><\/li>\n<li><a href=\"https:\/\/test2.under-construction.work\/2015\/12\/06\/explorer-la-nature-sous-hypnose\/\">Explorer la nature sous hypnose<\/a><\/li>\n<li><a href=\"https:\/\/test2.under-construction.work\/2017\/01\/08\/reve-lucide-programme-par-lhypnose\/\">Faire partie du grand tout<\/a><\/li>\n<\/ul>\n<p style=\"text-align:justify;\"><img loading=\"lazy\" decoding=\"async\" class=\"alignnone size-full wp-image-5677\" src=\"https:\/\/test2.under-construction.work\/wp-content\/uploads\/2017\/06\/cheval10.jpg\" alt=\"cheval10\" width=\"640\" height=\"360\" \/><\/p>\n<p style=\"text-align:justify;\">Je travaille en ateliers (par l\u2019hypnose et autres hypnotiques) la connexion \u00e0 soi, \u00e0 la nature, aux chevaux, au monde. Ma relation avec les chevaux est tr\u00e8s ancr\u00e9e. Je leur suis reconnaissante depuis toujours de partager leur souffle chaud, leur humour, leur puissance, leur ancrage, leur libert\u00e9\u2026<\/p>\n<p style=\"text-align:justify;\">En juillet 2017, j&rsquo;ai \u00e9t\u00e9 en connexion profonde avec un cheval pr\u00e8s de Berlin, et en partage ponctuel de cette connexion pour un groupe priv\u00e9.<\/p>\n<p style=\"text-align:justify;\">En septembre 2017, j&rsquo;ai men\u00e9 une exp\u00e9rience de groupe avec Nathalie, au <a href=\"http:\/\/www.developpement-personnel-imala.fr\/428225134\">centre I<\/a><a href=\"http:\/\/www.developpement-personnel-imala.fr\">centre de d\u00e9veloppement personnel Imala<\/a>, dans les paysages magiques de la Loz\u00e8re.<\/p>\n<p style=\"text-align:justify;\">Nous avons r\u00e9it\u00e9r\u00e9 l&rsquo;exp\u00e9rience \u00e0 en 2018 (2 stages) et en 2019 (2 stages).<\/p>\n<p>Bienvenue dans <a href=\"https:\/\/test2.under-construction.work\/ateliers-workshops\/avec-les-chevaux\/se-connecter-a-soi-au-cheval-au-monde\/\" target=\"_blank\" rel=\"noopener\">nos deux travers\u00e9es 2020!<\/a><\/p>\n<figure id=\"attachment_7110\" aria-describedby=\"caption-attachment-7110\" style=\"width: 424px\" class=\"wp-caption alignnone\"><img loading=\"lazy\" decoding=\"async\" class=\"alignnone size-full wp-image-7110\" src=\"https:\/\/test2.under-construction.work\/wp-content\/uploads\/2017\/06\/capture-d_ecc81cran-2017-08-22-acc80-22-33-12.png\" alt=\"Capture d_e\u0301cran 2017-08-22 a\u0300 22.33.12\" width=\"424\" height=\"537\" \/><figcaption id=\"caption-attachment-7110\" class=\"wp-caption-text\">Imala<\/figcaption><\/figure>\n<p style=\"text-align:justify;\">N\u2019h\u00e9sitez pas \u00e0 me faire des propositions avec vos propres chevaux pour une s\u00e9ance priv\u00e9e sur mesure en individuel.<\/p>\n<p style=\"text-align:justify;\">Et rejoignez-nous dans la nature&#8230;<\/p>\n<p style=\"text-align:justify;\">Sourire,<\/p>\n<p style=\"text-align:justify;\">Marie Lisel<\/p>\n<figure id=\"attachment_11001\" aria-describedby=\"caption-attachment-11001\" style=\"width: 1024px\" class=\"wp-caption alignnone\"><img loading=\"lazy\" decoding=\"async\" class=\"alignnone size-full wp-image-11001\" src=\"https:\/\/test2.under-construction.work\/wp-content\/uploads\/2018\/09\/p1190812.jpg\" alt=\"P1190812\" width=\"1024\" height=\"645\" \/><figcaption id=\"caption-attachment-11001\" class=\"wp-caption-text\">J&rsquo;ai eu l&rsquo;honneur d&rsquo;accompagner pour sa premi\u00e8re baignade une charmante pouliche accompagn\u00e9e de sa maman et de leur humaine, dans une ancienne carri\u00e8re de pierre en Lorraine. Nous avons toutes nag\u00e9 pour traverser! Il faut dire que ce sont des chevaux d&rsquo;endurance, qui adorent faire de l&rsquo;exercice, m\u00eame tout b\u00e9b\u00e9s \ud83d\ude42 Et\u00e9 2018.<\/figcaption><\/figure>\n","protected":false},"excerpt":{"rendered":"<p>Je suis n\u00e9e dans une campagne rude et magnifique. J&rsquo;ai grandi en libert\u00e9, au sein d&rsquo;une famille proche de la terre, de l&rsquo;eau, des plantes, des animaux, entre fermiers, marchands de bestiaux, randonneurs, amoureux des potagers et&#8230; naturalistes (il y avait aussi quelques braconniers mais \u00e7a&#8230;). \u00ab\u00a0Dada\u00a0\u00bb a fait partie de mes tous premiers mots. [&hellip;]<\/p>\n","protected":false},"author":2,"featured_media":7037,"parent":5633,"menu_order":0,"comment_status":"closed","ping_status":"closed","template":"","meta":{"footnotes":""},"class_list":["post-5591","page","type-page","status-publish","has-post-thumbnail","hentry"],"_links":{"self":[{"href":"https:\/\/test2.under-construction.work\/index.php\/wp-json\/wp\/v2\/pages\/5591","targetHints":{"allow":["GET"]}}],"collection":[{"href":"https:\/\/test2.under-construction.work\/index.php\/wp-json\/wp\/v2\/pages"}],"about":[{"href":"https:\/\/test2.under-construction.work\/index.php\/wp-json\/wp\/v2\/types\/page"}],"author":[{"embeddable":true,"href":"https:\/\/test2.under-construction.work\/index.php\/wp-json\/wp\/v2\/users\/2"}],"replies":[{"embeddable":true,"href":"https:\/\/test2.under-construction.work\/index.php\/wp-json\/wp\/v2\/comments?post=5591"}],"version-history":[{"count":0,"href":"https:\/\/test2.under-construction.work\/index.php\/wp-json\/wp\/v2\/pages\/5591\/revisions"}],"up":[{"embeddable":true,"href":"https:\/\/test2.under-construction.work\/index.php\/wp-json\/wp\/v2\/pages\/5633"}],"wp:featuredmedia":[{"embeddable":true,"href":"https:\/\/test2.under-construction.work\/index.php\/wp-json\/"}],"wp:attachment":[{"href":"https:\/\/test2.under-construction.work\/index.php\/wp-json\/wp\/v2\/media?parent=5591"}],"curies":[{"name":"wp","href":"https:\/\/api.w.org\/{rel}","templated":true}]}}