{"id":5633,"date":"2017-06-18T12:20:04","date_gmt":"2017-06-18T11:20:04","guid":{"rendered":"https:\/\/marielisel.com\/?page_id=5633"},"modified":"2017-06-18T12:20:04","modified_gmt":"2017-06-18T11:20:04","slug":"avec-les-chevaux","status":"publish","type":"page","link":"https:\/\/test2.under-construction.work\/index.php\/ateliers-workshops\/avec-les-chevaux\/","title":{"rendered":"Avec les chevaux&#8230;"},"content":{"rendered":"<p style=\"text-align:justify;\">Je travaille en ateliers (par l&rsquo;hypnose et autres hypnotiques) la connexion \u00e0 soi, \u00e0 la nature, aux chevaux, au monde. Ma relation avec les chevaux est tr\u00e8s ancr\u00e9e. Je leur suis reconnaissante depuis toujours de partager leur souffle chaud, leur humour, leur puissance, leur libert\u00e9&#8230;<\/p>\n<p>Dates 2019 des stages hypnose, r\u00eave \u00e9veill\u00e9 et cheval miroir, au\u00a0<a href=\"http:\/\/centre-de-mediation-par-le-cheval-imala.fr\" target=\"_blank\" rel=\"noopener\">Centre Imala<\/a><\/p>\n<ul>\n<li>Juin 2019 (3 jours): 29-30-01<\/li>\n<li>Ao\u00fbt 2019 (3 jours): 3-4-5<\/li>\n<li>Ao\u00fbt 2019 (4 jours): 15-16-17-18<\/li>\n<\/ul>\n<p>A lire:<\/p>\n<ul>\n<li><a href=\"https:\/\/test2.under-construction.work\/ateliers-workshops\/avec-les-chevaux\/mon-histoire-avec-les-chevaux\/\" target=\"_blank\" rel=\"noopener\">Mon histoire avec les chevaux<\/a><\/li>\n<li><a href=\"https:\/\/test2.under-construction.work\/ateliers-workshops\/avec-les-chevaux\/se-connecter-a-soi-au-cheval-au-monde\/\" target=\"_blank\" rel=\"noopener\">Pr\u00e9sentation des stages<\/a>\u00a0\u00ab\u00a0se connecter \u00e0 soi, au cheval, au monde\u00a0\u00bb au <a href=\"http:\/\/centre-de-mediation-par-le-cheval-imala.fr\" target=\"_blank\" rel=\"noopener\">Centre Imala<\/a><\/li>\n<li><a href=\"https:\/\/test2.under-construction.work\/ateliers-workshops\/avec-les-chevaux\/temoignages-se-connecter-a-soi-au-cheval-au-monde\/\" target=\"_blank\" rel=\"noopener\">T\u00e9moignages<\/a> de nos stages \u00ab\u00a0se connecter \u00e0 soi, au cheval, au monde\u00a0\u00bb<\/li>\n<\/ul>\n<p>En juillet 2017, je suis partie en voyage pendant 10 jours avec Claudia et son cheval Anik, pr\u00e8s de Berlin. Cette connexion a \u00e9t\u00e9 ensuite partag\u00e9e en atelier, \u00e0 quatre reprises, avec un groupe priv\u00e9.<\/p>\n<p>Depuis septembre 2017, je m\u00e8ne une exp\u00e9rience avec un groupe aux c\u00f4t\u00e9s de Nathalie et de ses chevaux, au <a href=\"http:\/\/centre-de-mediation-par-le-cheval-imala.fr\" target=\"_blank\" rel=\"noopener\">centre Imala<\/a>, dans les paysages magiques de la Loz\u00e8re.<\/p>\n<p>Bienvenue!<\/p>\n<p><img loading=\"lazy\" decoding=\"async\" class=\"alignnone size-full wp-image-5679\" src=\"https:\/\/test2.under-construction.work\/wp-content\/uploads\/2017\/06\/capture-d_ecc81cran-2017-06-18-acc80-13-45-22.png\" alt=\"Capture d_\u00e9cran 2017-06-18 \u00e0 13.45.22\" width=\"806\" height=\"600\" \/><\/p>\n<p>N&rsquo;h\u00e9sitez pas \u00e0 me faire des propositions avec vos propres chevaux pour des s\u00e9ances priv\u00e9es. Ou rejoignez-nous au <a href=\"http:\/\/www.developpement-personnel-imala.fr\/428225134\">centre Imala<\/a>, dans une session prochaine (il y en aura 3 en 2019).<\/p>\n<p>Marie Lisel<\/p>\n<p>&nbsp;<\/p>\n","protected":false},"excerpt":{"rendered":"<p>Je travaille en ateliers (par l&rsquo;hypnose et autres hypnotiques) la connexion \u00e0 soi, \u00e0 la nature, aux chevaux, au monde. Ma relation avec les chevaux est tr\u00e8s ancr\u00e9e. Je leur suis reconnaissante depuis toujours de partager leur souffle chaud, leur humour, leur puissance, leur libert\u00e9&#8230; Dates 2019 des stages hypnose, r\u00eave \u00e9veill\u00e9 et cheval miroir, [&hellip;]<\/p>\n","protected":false},"author":2,"featured_media":0,"parent":2561,"menu_order":0,"comment_status":"closed","ping_status":"closed","template":"","meta":{"footnotes":""},"class_list":["post-5633","page","type-page","status-publish","hentry"],"_links":{"self":[{"href":"https:\/\/test2.under-construction.work\/index.php\/wp-json\/wp\/v2\/pages\/5633","targetHints":{"allow":["GET"]}}],"collection":[{"href":"https:\/\/test2.under-construction.work\/index.php\/wp-json\/wp\/v2\/pages"}],"about":[{"href":"https:\/\/test2.under-construction.work\/index.php\/wp-json\/wp\/v2\/types\/page"}],"author":[{"embeddable":true,"href":"https:\/\/test2.under-construction.work\/index.php\/wp-json\/wp\/v2\/users\/2"}],"replies":[{"embeddable":true,"href":"https:\/\/test2.under-construction.work\/index.php\/wp-json\/wp\/v2\/comments?post=5633"}],"version-history":[{"count":0,"href":"https:\/\/test2.under-construction.work\/index.php\/wp-json\/wp\/v2\/pages\/5633\/revisions"}],"up":[{"embeddable":true,"href":"https:\/\/test2.under-construction.work\/index.php\/wp-json\/wp\/v2\/pages\/2561"}],"wp:attachment":[{"href":"https:\/\/test2.under-construction.work\/index.php\/wp-json\/wp\/v2\/media?parent=5633"}],"curies":[{"name":"wp","href":"https:\/\/api.w.org\/{rel}","templated":true}]}}