{"id":7307,"date":"2017-09-12T14:50:28","date_gmt":"2017-09-12T13:50:28","guid":{"rendered":"https:\/\/marielisel.com\/?page_id=7307"},"modified":"2017-09-12T14:50:28","modified_gmt":"2017-09-12T13:50:28","slug":"creer-un-etat-optimal","status":"publish","type":"page","link":"https:\/\/test2.under-construction.work\/index.php\/ateliers-pour-grand-public\/ap-ateliers-de-pratique-guidee\/creer-un-etat-optimal\/","title":{"rendered":"Cr\u00e9er un \u00e9tat optimal"},"content":{"rendered":"<p>Cet atelier vise \u00e0 cr\u00e9er un \u00e9tat optimal, ajust\u00e9 \u00e0 un contexte, en construisant un monde sur mesure pour aborder tel ou tel \u00e9v\u00e9nement: n\u00e9gociation, cr\u00e9ation artistique, prise de d\u00e9cision, rencontre amoureuse, d\u00e9m\u00e9nagement, comp\u00e9tition sportive, op\u00e9ration, temps de travail intense\u2026<\/p>\n<p>Pour cela, plusieurs \u00e9tapes sont propos\u00e9es:<\/p>\n<ul>\n<li><strong>Introduction<\/strong>\u00a0th\u00e9orique et pr\u00e9sentation<\/li>\n<li><strong>Nettoyage<\/strong>\u00a0\u00e9motionnel: virer les \u00e9motions \u00e9touffantes, les pens\u00e9es parasites, les croyances limitantes\u2026 -&gt; mettre de l\u2019ordre en soi, cr\u00e9er un espace clair<\/li>\n<li><strong>R\u00e9cup\u00e9ration des ressources:\u00a0<\/strong>je vais chercher ce dont j\u2019ai besoin pour r\u00e9ussir au mieux ce que j\u2019envisage<\/li>\n<li><strong>Construction:\u00a0<\/strong>je construis mon monde symbolique id\u00e9al en fonction de ce que j\u2019envisage de faire<\/li>\n<li><strong>Futurisation<\/strong>\u00a0positive et n\u00e9gative: je me projette dans la situation et je vis d\u2019un c\u00f4t\u00e9 au mieux et de l\u2019autre au pire ce que j\u2019envisage de r\u00e9aliser, puis j\u2019amplifie le positif et je r\u00e9duis et range le n\u00e9gatif<\/li>\n<li><strong>Int\u00e9gration et retour au quotidien:\u00a0<\/strong>technique pour revenir \u00e0 un \u00e9tat de conscience adapt\u00e9 \u00e0 la rue, m\u00e9tro, voiture\u2026 en toute s\u00e9curit\u00e9<\/li>\n<\/ul>\n","protected":false},"excerpt":{"rendered":"<p>Cet atelier vise \u00e0 cr\u00e9er un \u00e9tat optimal, ajust\u00e9 \u00e0 un contexte, en construisant un monde sur mesure pour aborder tel ou tel \u00e9v\u00e9nement: n\u00e9gociation, cr\u00e9ation artistique, prise de d\u00e9cision, rencontre amoureuse, d\u00e9m\u00e9nagement, comp\u00e9tition sportive, op\u00e9ration, temps de travail intense\u2026 Pour cela, plusieurs \u00e9tapes sont propos\u00e9es: Introduction\u00a0th\u00e9orique et pr\u00e9sentation Nettoyage\u00a0\u00e9motionnel: virer les \u00e9motions \u00e9touffantes, les [&hellip;]<\/p>\n","protected":false},"author":2,"featured_media":7305,"parent":5438,"menu_order":0,"comment_status":"closed","ping_status":"closed","template":"","meta":{"footnotes":""},"class_list":["post-7307","page","type-page","status-publish","has-post-thumbnail","hentry"],"_links":{"self":[{"href":"https:\/\/test2.under-construction.work\/index.php\/wp-json\/wp\/v2\/pages\/7307","targetHints":{"allow":["GET"]}}],"collection":[{"href":"https:\/\/test2.under-construction.work\/index.php\/wp-json\/wp\/v2\/pages"}],"about":[{"href":"https:\/\/test2.under-construction.work\/index.php\/wp-json\/wp\/v2\/types\/page"}],"author":[{"embeddable":true,"href":"https:\/\/test2.under-construction.work\/index.php\/wp-json\/wp\/v2\/users\/2"}],"replies":[{"embeddable":true,"href":"https:\/\/test2.under-construction.work\/index.php\/wp-json\/wp\/v2\/comments?post=7307"}],"version-history":[{"count":0,"href":"https:\/\/test2.under-construction.work\/index.php\/wp-json\/wp\/v2\/pages\/7307\/revisions"}],"up":[{"embeddable":true,"href":"https:\/\/test2.under-construction.work\/index.php\/wp-json\/wp\/v2\/pages\/5438"}],"wp:featuredmedia":[{"embeddable":true,"href":"https:\/\/test2.under-construction.work\/index.php\/wp-json\/"}],"wp:attachment":[{"href":"https:\/\/test2.under-construction.work\/index.php\/wp-json\/wp\/v2\/media?parent=7307"}],"curies":[{"name":"wp","href":"https:\/\/api.w.org\/{rel}","templated":true}]}}