{"id":7722,"date":"2017-11-01T19:25:41","date_gmt":"2017-11-01T18:25:41","guid":{"rendered":"https:\/\/marielisel.com\/?page_id=7722"},"modified":"2017-11-01T19:25:41","modified_gmt":"2017-11-01T18:25:41","slug":"creer-letat-ideal-atelier-mixte","status":"publish","type":"page","link":"https:\/\/test2.under-construction.work\/index.php\/ateliers-pour-grand-public\/atelier-dintroduction-a-lautohypnose\/creer-letat-ideal-atelier-mixte\/","title":{"rendered":"Atelier d&rsquo;introduction: cr\u00e9er l&rsquo;\u00e9tat id\u00e9al"},"content":{"rendered":"<blockquote>\n<p style=\"text-align:center;\"><strong>L\u2019atelier CREER L\u2019ETAT IDEAL<\/strong><\/p>\n<\/blockquote>\n<p>Cet atelier vise \u00e0 cr\u00e9er un \u00e9tat optimal, ajust\u00e9 \u00e0 un contexte, en construisant un monde sur mesure pour aborder tel ou tel \u00e9v\u00e9nement: n\u00e9gociation, cr\u00e9ation artistique, prise de d\u00e9cision, rencontre amoureuse, d\u00e9m\u00e9nagement, comp\u00e9tition sportive, op\u00e9ration, temps de travail intense\u2026<\/p>\n<p>C\u2019est un atelier mixte (AM): certaines \u00e9tapes consistent en l\u2019apprentissage d\u2019outils d\u2019autohypnose et d\u2019autres sont des pratiques guid\u00e9es.<\/p>\n<p>Pour cela, plusieurs \u00e9tapes sont propos\u00e9es:<\/p>\n<ul>\n<li><strong>Introduction<\/strong>\u00a0th\u00e9orique et pr\u00e9sentation<\/li>\n<li><strong>Nettoyage<\/strong>\u00a0\u00e9motionnel: virer les \u00e9motions \u00e9touffantes, les pens\u00e9es parasites, les croyances limitantes\u2026 -&gt; mettre de l\u2019ordre en soi, cr\u00e9er un espace clair<\/li>\n<li><strong>R\u00e9cup\u00e9ration des ressources:\u00a0<\/strong>je vais chercher ce dont j\u2019ai besoin pour r\u00e9ussir au mieux ce que j\u2019envisage<\/li>\n<li><strong>Construction:\u00a0<\/strong>je construis mon monde symbolique id\u00e9al en fonction de ce que j\u2019envisage de faire<\/li>\n<li><strong>Futurisation<\/strong>\u00a0positive et n\u00e9gative: je me projette dans la situation et je vis d\u2019un c\u00f4t\u00e9 au mieux et de l\u2019autre au pire ce que j\u2019envisage de r\u00e9aliser, puis j\u2019amplifie le positif et je r\u00e9duis et range le n\u00e9gatif<\/li>\n<li><strong>Int\u00e9gration et retour au quotidien:\u00a0<\/strong>technique pour revenir \u00e0 un \u00e9tat de conscience adapt\u00e9 \u00e0 la rue, m\u00e9tro, voiture\u2026 en toute s\u00e9curit\u00e9<\/li>\n<\/ul>\n<blockquote><p><strong>L\u2019HYPNOSE ERICKSONIENNE: un outil d\u2019\u00e9mancipation<\/strong><\/p><\/blockquote>\n<p>L\u2019hypnose est une technique qui permet d\u2019aborder le changement par le biai de la cr\u00e9ativit\u00e9 (par \u201cl\u2019imagination active\u201d). Accompagner en hypnose, c\u2019est, selon Fran\u00e7ois Roustang: \u00ab\u00a0susciter chez l\u2019autre quelque chose qui va lui permettre, lui-m\u00eame, de r\u00e9organiser son existence\u00a0\u00bb.<\/p>\n<p>En transformant l\u2019histoire que l\u2019on se raconte, en mettant \u00e0 jour les r\u00e9seaux d\u2019influences cach\u00e9es, en n\u00e9gociant avec soi-m\u00eame, en mettant \u00e0 jour de nouvelles repr\u00e9sentations plus constructives, en transformant les symboles, en communiquant avec les sympt\u00f4me, en inventant de nouvelles solutions, chacun.e est capable de cr\u00e9er sa vie, en accord avec ses intentions.<\/p>\n<blockquote><p><strong>MARIE LISEL: praticienne en hypnose \u00e9ricksonienne \u00e0 Paris et Bruxelles<br \/>\n<\/strong><\/p><\/blockquote>\n<p>Maitre Praticienne en hypnose \u00e9ricksonienne, hypnose conversationnelle et RITMO certifi\u00e9e par l\u2019Arche, Marie Lisel exerce \u00e0 Paris, \u00e0 Bruxelles et ailleurs. Vous trouverez plus d\u2019infos sur la\u00a0<a href=\"https:\/\/www.facebook.com\/MarieLiselAcousmateHypnotiste\/\">page FB\u00a0<\/a>et le\u00a0<a href=\"https:\/\/test2.under-construction.work\/\">site.<\/a><\/p>\n","protected":false},"excerpt":{"rendered":"<p>L\u2019atelier CREER L\u2019ETAT IDEAL Cet atelier vise \u00e0 cr\u00e9er un \u00e9tat optimal, ajust\u00e9 \u00e0 un contexte, en construisant un monde sur mesure pour aborder tel ou tel \u00e9v\u00e9nement: n\u00e9gociation, cr\u00e9ation artistique, prise de d\u00e9cision, rencontre amoureuse, d\u00e9m\u00e9nagement, comp\u00e9tition sportive, op\u00e9ration, temps de travail intense\u2026 C\u2019est un atelier mixte (AM): certaines \u00e9tapes consistent en l\u2019apprentissage d\u2019outils [&hellip;]<\/p>\n","protected":false},"author":2,"featured_media":7305,"parent":4593,"menu_order":0,"comment_status":"closed","ping_status":"closed","template":"","meta":{"footnotes":""},"class_list":["post-7722","page","type-page","status-publish","has-post-thumbnail","hentry"],"_links":{"self":[{"href":"https:\/\/test2.under-construction.work\/index.php\/wp-json\/wp\/v2\/pages\/7722","targetHints":{"allow":["GET"]}}],"collection":[{"href":"https:\/\/test2.under-construction.work\/index.php\/wp-json\/wp\/v2\/pages"}],"about":[{"href":"https:\/\/test2.under-construction.work\/index.php\/wp-json\/wp\/v2\/types\/page"}],"author":[{"embeddable":true,"href":"https:\/\/test2.under-construction.work\/index.php\/wp-json\/wp\/v2\/users\/2"}],"replies":[{"embeddable":true,"href":"https:\/\/test2.under-construction.work\/index.php\/wp-json\/wp\/v2\/comments?post=7722"}],"version-history":[{"count":0,"href":"https:\/\/test2.under-construction.work\/index.php\/wp-json\/wp\/v2\/pages\/7722\/revisions"}],"up":[{"embeddable":true,"href":"https:\/\/test2.under-construction.work\/index.php\/wp-json\/wp\/v2\/pages\/4593"}],"wp:featuredmedia":[{"embeddable":true,"href":"https:\/\/test2.under-construction.work\/index.php\/wp-json\/"}],"wp:attachment":[{"href":"https:\/\/test2.under-construction.work\/index.php\/wp-json\/wp\/v2\/media?parent=7722"}],"curies":[{"name":"wp","href":"https:\/\/api.w.org\/{rel}","templated":true}]}}