{"id":8543,"date":"2017-11-14T16:18:52","date_gmt":"2017-11-14T15:18:52","guid":{"rendered":"https:\/\/marielisel.com\/?page_id=8543"},"modified":"2017-11-14T16:18:52","modified_gmt":"2017-11-14T15:18:52","slug":"references-de-formations-en-hypnose","status":"publish","type":"page","link":"https:\/\/test2.under-construction.work\/index.php\/a-propos\/references-de-formations-en-hypnose\/","title":{"rendered":"R\u00e9f\u00e9rences de mes formations en hypnose"},"content":{"rendered":"<p style=\"text-align:center;\"><strong>HYPNOSE<\/strong><\/p>\n<p style=\"text-align:justify;\">Mes formations et certifications se sont d\u00e9roul\u00e9es \u00e0 l\u2019Arche, aux ateliers d\u2019hypnoses d\u2019Antoine Garnier et \u00e0 l\u2019Institut de Nouvelle Hypnose (INH) de Bruxelles. Il m&rsquo;arrive aussi de suivre des stages compl\u00e9mentaires, par exemple \u00ab\u00a0calibration hypnotique\u00a0\u00bb, de J\u00e9r\u00f4me Saurin, en plus d&rsquo;autres formations d\u00e9passant le cadre de l&rsquo;hypnose.<\/p>\n<blockquote>\n<p style=\"text-align:center;\"><strong>L\u2019Arche<\/strong><\/p>\n<\/blockquote>\n<p style=\"text-align:justify;\">Acad\u00e9mie pour la Recherche et la Connaissance en Hypnose Ericksonienne qui m\u2019a certifi\u00e9e Maitre Praticienne en hypnose \u00e9ricksonienne, (certification de cycle 3, appel\u00e9 aujourd&rsquo;hui \u00ab\u00a0atelier\u00a0\u00bb),\u00a0en hypnose conversationnelle, en psychopathologie&#8230; :\u00a0<a href=\"http:\/\/www.arche-hypnose.com\/\">Site de l\u2019Arche<\/a>\u00a0et\u00a0<a href=\"http:\/\/www.arche-hypnose.com\/%20%20%20https:\/\/www.youtube.com\/user\/ARCHEvideo\">Arche video<\/a><\/p>\n<blockquote>\n<p style=\"text-align:center;\"><strong>Lili Ruggieri<\/strong><\/p>\n<\/blockquote>\n<p style=\"text-align:justify;\"><a href=\"http:\/\/lili-ruggieri.over-blog.com\/article-ritmo-la-gestion-des-traumatismes-113940468.html\">Lili Ruggieri<\/a>\u00a0a cr\u00e9\u00e9 la m\u00e9thode RITMO (Retraitement de l\u2019Information Traumatique par les Mouvements Oculaires) et m\u2019a certifi\u00e9e \u00e0 l\u2019Arche.<\/p>\n<blockquote>\n<p style=\"text-align:center;\"><strong>Antoine Garnier<\/strong><\/p>\n<\/blockquote>\n<p style=\"text-align:justify;\">Hypnoth\u00e9rapeuthe et formateur ind\u00e9pendant en hypnose \u00e9ricksonienne: \u00ab\u00a0En qualit\u00e9 de formateur,\u00a0<a href=\"http:\/\/garnier-hypnose.com\/\">Antoine Garnier<\/a>\u00a0intervient aupr\u00e8s de divers organismes, soit de fa\u00e7on continue, soit par des collaborations ponctuelles (EFC-MHD, Coll\u00e8ge Romand, Noesis, ClinicAll\u2026, soit dans ses propres ateliers\u00a0\u00bb.<\/p>\n<blockquote>\n<p style=\"text-align:center;\"><strong>Institut de Nouvelle Hypnose de Bruxelles<\/strong><\/p>\n<\/blockquote>\n<p style=\"text-align:justify;\"><a href=\"http:\/\/www.nouvellehypnose.com\/index.php\/formations\/\">L\u2019Institut de Nouvelle Hypnose<\/a>\u00a0(INH) est un centre de consultations et de formation en hypnose, install\u00e9 \u00e0 Bruxelles. J&rsquo;y ai pass\u00e9 un an et demi (avant l&rsquo;Arche \u00e0 Paris).<\/p>\n<blockquote>\n<p style=\"text-align:center;\"><strong>Hypnologie<\/strong><\/p>\n<\/blockquote>\n<p style=\"text-align:justify;\">Depuis septembre 2015, des cours, conf\u00e9rence, labos\u2026 rassemblent une communaut\u00e9 de chercheurs, praticiens et passionn\u00e9s par les hypnotiques, autour de Cyrille Champagne, \u00e0 <a href=\"http:\/\/www.arche-hypnose.com\/recherche-et-developpement-hypnologie\/\" target=\"_blank\" rel=\"noopener\">l&rsquo;Arche<\/a>. Je suis une fid\u00e8le de ce cours et des exercices pratiques depuis le tout premier cours \u00a0\ud83d\ude42<\/p>\n<p style=\"text-align:justify;\">Voir\u00a0<a href=\"http:\/\/www.youtube.com\/playlist?list=PLvTtJhbMU40MJ4IbpUo_KkrFjebE4thNd\">Les vid\u00e9os en ligne<\/a><\/p>\n","protected":false},"excerpt":{"rendered":"<p>HYPNOSE Mes formations et certifications se sont d\u00e9roul\u00e9es \u00e0 l\u2019Arche, aux ateliers d\u2019hypnoses d\u2019Antoine Garnier et \u00e0 l\u2019Institut de Nouvelle Hypnose (INH) de Bruxelles. Il m&rsquo;arrive aussi de suivre des stages compl\u00e9mentaires, par exemple \u00ab\u00a0calibration hypnotique\u00a0\u00bb, de J\u00e9r\u00f4me Saurin, en plus d&rsquo;autres formations d\u00e9passant le cadre de l&rsquo;hypnose. L\u2019Arche Acad\u00e9mie pour la Recherche et la [&hellip;]<\/p>\n","protected":false},"author":2,"featured_media":8285,"parent":16102,"menu_order":0,"comment_status":"closed","ping_status":"closed","template":"","meta":{"footnotes":""},"class_list":["post-8543","page","type-page","status-publish","has-post-thumbnail","hentry"],"_links":{"self":[{"href":"https:\/\/test2.under-construction.work\/index.php\/wp-json\/wp\/v2\/pages\/8543","targetHints":{"allow":["GET"]}}],"collection":[{"href":"https:\/\/test2.under-construction.work\/index.php\/wp-json\/wp\/v2\/pages"}],"about":[{"href":"https:\/\/test2.under-construction.work\/index.php\/wp-json\/wp\/v2\/types\/page"}],"author":[{"embeddable":true,"href":"https:\/\/test2.under-construction.work\/index.php\/wp-json\/wp\/v2\/users\/2"}],"replies":[{"embeddable":true,"href":"https:\/\/test2.under-construction.work\/index.php\/wp-json\/wp\/v2\/comments?post=8543"}],"version-history":[{"count":0,"href":"https:\/\/test2.under-construction.work\/index.php\/wp-json\/wp\/v2\/pages\/8543\/revisions"}],"up":[{"embeddable":true,"href":"https:\/\/test2.under-construction.work\/index.php\/wp-json\/wp\/v2\/pages\/16102"}],"wp:featuredmedia":[{"embeddable":true,"href":"https:\/\/test2.under-construction.work\/index.php\/wp-json\/"}],"wp:attachment":[{"href":"https:\/\/test2.under-construction.work\/index.php\/wp-json\/wp\/v2\/media?parent=8543"}],"curies":[{"name":"wp","href":"https:\/\/api.w.org\/{rel}","templated":true}]}}