{"id":8672,"date":"2017-11-16T13:56:04","date_gmt":"2017-11-16T12:56:04","guid":{"rendered":"https:\/\/marielisel.com\/?page_id=8672"},"modified":"2017-11-16T13:56:04","modified_gmt":"2017-11-16T12:56:04","slug":"calendrier-de-bruxelles","status":"publish","type":"page","link":"https:\/\/test2.under-construction.work\/index.php\/seances\/calendrier-de-bruxelles\/","title":{"rendered":"Calendrier de BRUXELLES"},"content":{"rendered":"<p style=\"text-align:justify;\"><strong>J&rsquo;ai des horaires flottants, selon mes divers projets. Ce planning \u00e9volue r\u00e9guli\u00e8rement. Proposez vos possibles par mail lisellesil@gmail.com et nous trouverons votre rendez-vous id\u00e9al.<\/strong><\/p>\n<p style=\"text-align:justify;\">Pour les d\u00e9tails de Bruxelles (heures, lieu&#8230;), voyez la page <a href=\"https:\/\/test2.under-construction.work\/contact-et-formulaire\/calendrier-de-bruxelles\/\" target=\"_blank\" rel=\"noopener\">calendrier de Bruxelles<\/a>. J&rsquo;ai not\u00e9 des dates qui peuvent \u00e9voluer en fonction des disponibilit\u00e9s des personnes que je suis \u00e0 Bruxelles. Prenez un rendez-vous pour les stabiliser (je prends mes tickets de train \u00e0 partir de 3 rendez-vous par session).<\/p>\n<p style=\"text-align:justify;\">Pour les conditions de Paris, voyez la page <a href=\"https:\/\/test2.under-construction.work\/seances\/\" target=\"_blank\" rel=\"noopener\">conditions des s\u00e9ances<\/a><\/p>\n<p style=\"text-align:justify;\">Pour skype, proposez-moi des cr\u00e9neaux par email.<\/p>\n<p style=\"text-align:justify;\">Les messages audio sur t\u00e9l\u00e9phone se perdent r\u00e9guli\u00e8rement. Proposez-moi des cr\u00e9neaux par email si vous d\u00e9sirez me parler de vive voix.<\/p>\n<p style=\"text-align:justify;\">Mon adresse: <strong>lisellesil@gmail.com<\/strong><\/p>\n<blockquote>\n<p style=\"text-align:center;\"><strong>SEANCES INDIVIDUELLES<\/strong><\/p>\n<\/blockquote>\n<p><span id=\"fbPhotoSnowliftCaption\" class=\"fbPhotosPhotoCaption\"><span class=\"hasCaption\">Je reprends les s\u00e9ances nomades<\/span><\/span><\/p>\n<ul>\n<li><span id=\"fbPhotoSnowliftCaption\" class=\"fbPhotosPhotoCaption\"><span class=\"hasCaption\">\u00e0 Paris (Bois de Vincennes ou en int\u00e9rieur)<br \/>\n<\/span><\/span><\/li>\n<li><span id=\"fbPhotoSnowliftCaption\" class=\"fbPhotosPhotoCaption\"><span class=\"hasCaption\">\u00e0 Bruxelles: 3 et 5 d\u00e9cembre<br \/>\n<\/span><\/span><\/li>\n<li>Par skype: selon nos disponibilit\u00e9s (\u00e0 convenir)<\/li>\n<\/ul>\n<p>Pour un rendez-vous, envoyez un email \u00e0 lisellesil@gmail.com<\/p>\n<p>Les conditions sont <a href=\"https:\/\/test2.under-construction.work\/seances\/\">ici<\/a><\/p>\n<blockquote>\n<p style=\"text-align:center;\"><strong>EXPOSITION \u00ab\u00a0LES HOTES\u00a0\u00bb<\/strong><\/p>\n<\/blockquote>\n<p style=\"text-align:justify;\">Le 19 septembre, l&rsquo;exposition \u00ab\u00a0Les H\u00f4tes\u00a0\u00bb, de J\u00e9rome Poret, \u00e0 la Mar\u00e9chalerie de Versailles, \u00e0 laquelle je participe en tant qu&rsquo;artiste hypnotiste, ouvre son premier \u00e9v\u00e9nement (de septembre \u00e0 d\u00e9cembre 2019)<\/p>\n<p style=\"text-align:justify;\">Il y a des navettes de Paris \u00e0 Versailles pour les occasions! Tout est sur le site de <a href=\"http:\/\/lamarechalerie.versailles.archi.fr\/\" target=\"_blank\" rel=\"noopener\">La Mar\u00e9chalerie \u2013 centre d\u2019art contemporain \/ ENSA V\u2028<\/a><\/p>\n<div class=\"associated-place-name-and-links cell\" style=\"text-align:justify;\"><em>Du 20 septembre au 15 d\u00e9cembre, La Mar\u00e9chalerie invite J\u00e9r\u00f4me Poret \u00e0 produire une exposition et \u00e0 s\u2019associer \u00e0 l\u2019organisation du cycle de d\u00e9bats annuel Man\u00e8ges.<\/em><\/div>\n<div id=\"post-content\" style=\"text-align:justify;\"><em>En 1884, convaincue qu\u2019une mal\u00e9diction s\u2019abat sur sa famille en raison de l\u2019invention par son beau p\u00e8re de la premi\u00e8re carabine \u00e0 r\u00e9p\u00e9tition, la veuve Winchester d\u00e9bute la construction d\u2019une maison qui ne s\u2019ach\u00e8vera que 38 ans plus tard. Chaque nuit, elle communique alors avec les esprits des victimes pr\u00e9sum\u00e9es de la carabine, qui lui fournissent les plans d\u2019une maison en chantier permanent, comprenant \u00e0 la mort de sa propri\u00e9taire en 1922 pr\u00e8s de 160 pi\u00e8ces.<\/em><br \/>\n<em>S\u2019inspirant de cette histoire, J\u00e9r\u00f4me Poret produit pour l\u2019exposition un ensemble d\u2019\u0153uvres con\u00e7ues dans un rapport \u00e0 l\u2019intersection de l\u2019architecture et du spiritisme.<\/em><br \/>\n<em>N\u00e9 en 1969, il vit et travaille \u00e0 Paris.<\/em><\/div>\n<div style=\"text-align:justify;\"><\/div>\n<div style=\"text-align:justify;\"><strong>\u00c9v\u00e8nements<\/strong><\/div>\n<div style=\"text-align:justify;\">\u2013 Samedi 21 et dimanche 22 septembre de 14h \u00e0 19h, Journ\u00e9es Europ\u00e9ennes du Patrimoine \u2013 ouverture de l\u2019exposition + Ateliers parents enfants.<\/div>\n<div style=\"text-align:justify;\">\u2013 Samedi 5 octobre de 14h \u00e0 1h, Nuit blanche \u2013 Nuit de la cr\u00e9ation (Ville de Versailles).<\/div>\n<div style=\"text-align:justify;\">\u2013 Les 5 octobre, 2 novembre et 7 d\u00e9cembre de 14h30 \u00e0 16h, visites-ateliers du samedi \u00e0 l\u2019attention des 6 \u2013 12 ans.<\/div>\n<div style=\"text-align:justify;\">\u2013 Samedi 14 d\u00e9cembre \u00e0 partir de 15h, <a href=\"https:\/\/www.biennalenemo.fr\/event\/debat-maneges-creepy-but-cosy-linconscient-de-la-maison\/\" target=\"_blank\" rel=\"noopener\">finissage et concert<\/a> avec la participation du public et de Marie Lisel, Hypnotiste, dans le cadre de NEMO, Biennale Internationale des arts num\u00e9riques.<\/div>\n<div style=\"text-align:justify;\"><\/div>\n<p style=\"text-align:justify;\"><img loading=\"lazy\" decoding=\"async\" class=\"alignnone size-full wp-image-12696\" src=\"https:\/\/test2.under-construction.work\/wp-content\/uploads\/2019\/08\/capture-de28099ecc81cran-2019-08-22-acc80-12.48.49.png\" alt=\"Capture d\u2019e\u0301cran 2019-08-22 a\u0300 12.48.49.png\" width=\"1200\" height=\"474\" \/><\/p>\n<p style=\"text-align:justify;\">La suite bient\u00f4t&#8230;<\/p>\n<blockquote>\n<p style=\"text-align:center;\"><strong>Mes passages \u00e0 Bruxelles<\/strong><\/p>\n<\/blockquote>\n<p style=\"text-align:justify;\">Comme vous le savez peut-\u00eatre, j&rsquo;ai habit\u00e9 longtemps Bruxelles (qui me manque!) et j&rsquo;habite d\u00e9sormais \u00e0 Paris, o\u00f9 j&rsquo;exerce en tant que praticienne en hypnose \u00e9ricksonienne.<\/p>\n<p style=\"text-align:justify;\">Depuis le mois de mai 2017, <a href=\"https:\/\/test2.under-construction.work\/seances\/calendrier-de-bruxelles\/\">je viens donc \u00e0 Bruxelles<\/a> 2-3 jours toutes les 3 (max 4) semaines, pour un\u00a0accompagnement individuel hypnotique, en recherche de mieux-\u00eatre, en cr\u00e9ation artistique ou en exploration, dans le quartier Dansaert.<\/p>\n<p style=\"text-align:justify;\">J&rsquo;en profite aussi pour animer des ateliers ou performances participatives ou pr\u00e9sentations de l&rsquo;hypnose ou&#8230;<\/p>\n<p style=\"text-align:justify;\">Entre ces cessions, nous pouvons travailler en <a href=\"https:\/\/test2.under-construction.work\/seances\/seance-par-skype\/\" target=\"_blank\" rel=\"noopener\">s\u00e9ance par skype<\/a>. Je l&rsquo;utilise r\u00e9guli\u00e8rement. Et j&rsquo;assure un suivi par email.<\/p>\n<figure id=\"attachment_8829\" aria-describedby=\"caption-attachment-8829\" style=\"width: 1000px\" class=\"wp-caption alignnone\"><img loading=\"lazy\" decoding=\"async\" class=\"alignnone size-full wp-image-8829\" src=\"https:\/\/test2.under-construction.work\/wp-content\/uploads\/2017\/12\/mg_6318.jpg\" alt=\"_MG_6318\" width=\"1000\" height=\"667\" \/><figcaption id=\"caption-attachment-8829\" class=\"wp-caption-text\">Photo: Gilles Berquet<\/figcaption><\/figure>\n<p style=\"text-align:justify;\">\n","protected":false},"excerpt":{"rendered":"<p>J&rsquo;ai des horaires flottants, selon mes divers projets. Ce planning \u00e9volue r\u00e9guli\u00e8rement. Proposez vos possibles par mail lisellesil@gmail.com et nous trouverons votre rendez-vous id\u00e9al. Pour les d\u00e9tails de Bruxelles (heures, lieu&#8230;), voyez la page calendrier de Bruxelles. J&rsquo;ai not\u00e9 des dates qui peuvent \u00e9voluer en fonction des disponibilit\u00e9s des personnes que je suis \u00e0 Bruxelles. [&hellip;]<\/p>\n","protected":false},"author":2,"featured_media":5240,"parent":883,"menu_order":0,"comment_status":"closed","ping_status":"closed","template":"","meta":{"footnotes":""},"class_list":["post-8672","page","type-page","status-publish","has-post-thumbnail","hentry"],"_links":{"self":[{"href":"https:\/\/test2.under-construction.work\/index.php\/wp-json\/wp\/v2\/pages\/8672","targetHints":{"allow":["GET"]}}],"collection":[{"href":"https:\/\/test2.under-construction.work\/index.php\/wp-json\/wp\/v2\/pages"}],"about":[{"href":"https:\/\/test2.under-construction.work\/index.php\/wp-json\/wp\/v2\/types\/page"}],"author":[{"embeddable":true,"href":"https:\/\/test2.under-construction.work\/index.php\/wp-json\/wp\/v2\/users\/2"}],"replies":[{"embeddable":true,"href":"https:\/\/test2.under-construction.work\/index.php\/wp-json\/wp\/v2\/comments?post=8672"}],"version-history":[{"count":0,"href":"https:\/\/test2.under-construction.work\/index.php\/wp-json\/wp\/v2\/pages\/8672\/revisions"}],"up":[{"embeddable":true,"href":"https:\/\/test2.under-construction.work\/index.php\/wp-json\/wp\/v2\/pages\/883"}],"wp:featuredmedia":[{"embeddable":true,"href":"https:\/\/test2.under-construction.work\/index.php\/wp-json\/"}],"wp:attachment":[{"href":"https:\/\/test2.under-construction.work\/index.php\/wp-json\/wp\/v2\/media?parent=8672"}],"curies":[{"name":"wp","href":"https:\/\/api.w.org\/{rel}","templated":true}]}}