{"id":8706,"date":"2017-11-17T14:32:09","date_gmt":"2017-11-17T13:32:09","guid":{"rendered":"https:\/\/marielisel.com\/?page_id=8706"},"modified":"2017-11-17T14:32:09","modified_gmt":"2017-11-17T13:32:09","slug":"mes-news","status":"publish","type":"page","link":"https:\/\/test2.under-construction.work\/index.php\/mes-news\/","title":{"rendered":"NEWS de novembre"},"content":{"rendered":"<p>Cher.e.s cr\u00e9atrices et cr\u00e9ateurs de vies, d&rsquo;oeuvres et de mondes, voici les news de novembre!<\/p>\n<blockquote>\n<p style=\"text-align:center;\"><strong>Mise \u00e0 jour des NEWS: le 17 novembre 2017<\/strong><\/p>\n<\/blockquote>\n<p>*** J&rsquo;\u00e9tais Praticienne&#8230; <strong>je suis d\u00e9sormais Maitre Praticienne<\/strong>. \u00ab\u00a0<a href=\"http:\/\/www.arche-hypnose.com\/maitre-praticien\/\" target=\"_blank\" rel=\"noopener\">A l\u2019A.R.C.H.E.<\/a>, le niveau ma\u00eetre-praticien est propos\u00e9 comme une formation \u00e0 part,\u00a0uniquement accessible aux personnes qui atteignent un haut niveau de pratique et de posture en hypnose. \u00a0C\u2019est une formation d\u2019excellence, ayant pour but de travailler sur des techniques de pr\u00e9cision. Elle a \u00e9t\u00e9 pens\u00e9e \u00e0 la fois comme un d\u00e9fi personnel,\u00a0un acc\u00e9l\u00e9rateur, et une fa\u00e7on d\u2019aider les praticiens \u00e0 trouver leur propre style. Elle n\u2019est donc pas, comme dans de nombreuses \u00e9coles, un simple niveau suppl\u00e9mentaire.\u00a0\u00bb<\/p>\n<p>***\u00a0<strong>Le catalogue de Joao Vilhena, \u00ab\u00a0Frictions et cri de soie\u00a0\u00bb<\/strong>, dans lequel j&rsquo;ai \u00e9crit un texte, a \u00e9t\u00e9 \u00e9dit\u00e9\u00a0\u00e0 la <a href=\"http:\/\/galeriealbertapane.com\" target=\"_blank\" rel=\"noopener\">Galerie Alberta Pane Paris<\/a>.<\/p>\n<p>*** Je serai \u00e0 <a href=\"https:\/\/test2.under-construction.work\/2017\/11\/16\/seances-dhypnose-individuelles-a-bruxelles-jeudi-30-novembre-vendredi-01-et-samedi-02-decembre\/\" target=\"_blank\" rel=\"noopener\">Bruxelles du 29 novembre au soir (atelier) au 02 d\u00e9cembre <\/a>(pour 3 jours de s\u00e9ances). Les inscriptions pour des rendez-vous sont ouvertes (lisellesil@gmail.com)<\/p>\n<p>*** En novembre,\u00a0<strong>l\u2019atelier d&rsquo;hypnose que j&rsquo;anime \u00e0 Bruxelles<\/strong>\u00a0est \u00ab\u00a0<a href=\"https:\/\/test2.under-construction.work\/2017\/10\/11\/atelier-rencontrer-sa-sorciere-par-lhypnose-l-festival-bruxelles-mercredi-29-novembre-a-19h\/\">Rencontrer sa sorci\u00e8re par l\u2019hypnose<\/a>\u00ab\u00a0, pour le\u00a0<strong>L-Festival, le 29<\/strong>\u00a0nov au soir, Rainbowhouse.<\/p>\n<p>*** Je serai au\u00a0<a href=\"https:\/\/www.fraclorraine.org\/\" target=\"_blank\" rel=\"noopener\">FRAC Lorraine<\/a>\u00a0pour une performance participative hypnose &amp; sons, en janvier, en duo avec <a href=\"http:\/\/www.oceanvivasilver.com\" target=\"_blank\" rel=\"noopener\">Val\u00e9rie Vivancos.<\/a> Infos \u00e0 venir.<\/p>\n<p>*** Les inscriptions pour le\u00a0<strong>stage de 4 jours en yoga &amp; hypnose<\/strong>\u00a0(avec Katia Feltrin et moi) sont ouvertes (cadre idyllique!)\u00a0<a href=\"https:\/\/test2.under-construction.work\/2017\/11\/09\/stage-dhypnoyoga-le-weekend-de-lascension-au-monastere-sainte-marie\/\" target=\"_blank\" rel=\"noopener\">Article du stage\u00a0d&rsquo;hypnoyoga<\/a> et\u00a0<a href=\"https:\/\/www.facebook.com\/events\/134836460508729\/\" target=\"_blank\" rel=\"noopener\">Ev\u00e9nement Facebook<\/a><\/p>\n<p>*** Les inscriptions pour les\u00a0<strong>3 stages de 3 jours en cheval-miroir &amp; hypnose\u00a0<\/strong>(avec Nathalie Bletterie) sont ouvertes\u00a0(cadre idyllique!)<a href=\"https:\/\/test2.under-construction.work\/2017\/10\/29\/temoignages-sur-le-stage-2-jours-pour-se-connecter-a-soi-au-cheval-au-monde\/\" target=\"_blank\" rel=\"noopener\">Article du stage<\/a>\u00a0et\u00a0<a href=\"https:\/\/www.facebook.com\/events\/821363881376732\/\" target=\"_blank\" rel=\"noopener\">Ev\u00e9nement Facebook<\/a><\/p>\n<p>*** Mon nouvel article \u00ab\u00a0<a href=\"https:\/\/test2.under-construction.work\/2017\/11\/10\/tabac-nourriture-internet-sexe-achats-defonce-par-le-sport-comment-semanciper-des-addictions-compulsions\/\" target=\"_blank\" rel=\"noopener\">Tabac, nourriture, alcool, internet, sexe, achats, d\u00e9fonce par le sport\u2026 comment s\u2019\u00e9manciper des addictions-compulsions par l\u2019hypnose?<\/a>\u00ab\u00a0<strong>\u00a0<\/strong>est en ligne<\/p>\n<p>*** Une nouvelle page explique mes diff\u00e9rents positionnements quand je travaille avec des artistes:\u00a0\u00ab\u00a0<a href=\"https:\/\/test2.under-construction.work\/liens\/\" target=\"_blank\" rel=\"noopener\">Accompagnement priv\u00e9 \/ commande d\u2019accompagnement technique de projet \/ collaboration, cocr\u00e9ation \/ invitation, programmation \/\u2026<\/a>\u00a0\u00bb<\/p>\n<p>*** J&rsquo;ai compl\u00e9t\u00e9\u00a0<strong>l&rsquo;article sur<\/strong> <a href=\"https:\/\/test2.under-construction.work\/2017\/04\/27\/les-chats-et-lhypnose\/\" target=\"_blank\" rel=\"noopener\">les chats et la transe<\/a>\u00a0\ud83d\ude42<\/p>\n<p>***\u00a0<strong>WORKSHOPS pour 2018 \u00e0 Bruxelles<\/strong>?<\/p>\n<p>Je r\u00e9fl\u00e9chis \u00e0 une formule mensuelle \u00e0 Bruxelles, dans une salle de danse et\/ou en nature quand le temps le permet, pour travailler avec un groupe de cr\u00e9ateurs (arts et associ\u00e9s) autour de la cr\u00e9ation par l&rsquo;hypnose (cr\u00e9ation d&rsquo;oeuvre et cr\u00e9ation de monde ici, pas de vie, ce ne sera pas de la th\u00e9rapie).<\/p>\n<p>Quelles seraient vos th\u00e9matiques pr\u00e9f\u00e9r\u00e9es? Et les moments id\u00e9aux pour vous? Soir\u00e9e? Weekend?\u00a0Je pense rentrer un dossier \u00e0 la Bellone. D&rsquo;autres id\u00e9es?\u00a0Si vous connaissez une salle chauff\u00e9e pour une r\u00e9union informelle sur vos d\u00e9sirs d&rsquo;exp\u00e9rimentations, faites signe! Voici ma liste de possibles auxquels je r\u00e9fl\u00e9chis:<\/p>\n<ul>\n<li>exploration queer (mod\u00e9lisation, r\u00eave \u00e9veill\u00e9, mouvement&#8230;)<\/li>\n<li>mouvements intuitifs et sons intuitifs<\/li>\n<li>mod\u00e9lisation animale<\/li>\n<li>exploration\u00a0sensorielle\u00a0de territoires symboliques (d&rsquo;o\u00f9 je parle, regarde, interviens)<\/li>\n<li>connexion profonde (\u00ab\u00a0voir et \u00eatre vu\u00a0\u00bb)<\/li>\n<li>objet transitionnel sur le plateau (perf, danse, th\u00e9\u00e2tre)<\/li>\n<li>objet transitionnel et rituel dans la nature<\/li>\n<li>synesth\u00e9sie auditive-kinesth\u00e9sique<\/li>\n<li>autohypnose de connexion en nature<\/li>\n<li>&#8230;<\/li>\n<\/ul>\n<figure id=\"attachment_8707\" aria-describedby=\"caption-attachment-8707\" style=\"width: 2960px\" class=\"wp-caption alignnone\"><img loading=\"lazy\" decoding=\"async\" class=\"alignnone size-full wp-image-8707\" src=\"https:\/\/test2.under-construction.work\/wp-content\/uploads\/2017\/11\/lamour-c3a0-bord.jpeg\" alt=\"L'amour \u00e0 bord\" width=\"2960\" height=\"4000\" \/><figcaption id=\"caption-attachment-8707\" class=\"wp-caption-text\">Joao Vilhena,\u00a0L&rsquo;amour\u00a0\u00e0 bord (2015), dessin \u00e0 propos duquel j&rsquo;ai \u00e9crit (Galerie Alberta Pane Paris)<\/figcaption><\/figure>\n<p>Bienvenue!<\/p>\n<p>Marie Lisel<\/p>\n","protected":false},"excerpt":{"rendered":"<p>Cher.e.s cr\u00e9atrices et cr\u00e9ateurs de vies, d&rsquo;oeuvres et de mondes, voici les news de novembre! Mise \u00e0 jour des NEWS: le 17 novembre 2017 *** J&rsquo;\u00e9tais Praticienne&#8230; je suis d\u00e9sormais Maitre Praticienne. \u00ab\u00a0A l\u2019A.R.C.H.E., le niveau ma\u00eetre-praticien est propos\u00e9 comme une formation \u00e0 part,\u00a0uniquement accessible aux personnes qui atteignent un haut niveau de pratique et [&hellip;]<\/p>\n","protected":false},"author":2,"featured_media":8716,"parent":0,"menu_order":0,"comment_status":"closed","ping_status":"closed","template":"","meta":{"footnotes":""},"class_list":["post-8706","page","type-page","status-publish","has-post-thumbnail","hentry"],"_links":{"self":[{"href":"https:\/\/test2.under-construction.work\/index.php\/wp-json\/wp\/v2\/pages\/8706","targetHints":{"allow":["GET"]}}],"collection":[{"href":"https:\/\/test2.under-construction.work\/index.php\/wp-json\/wp\/v2\/pages"}],"about":[{"href":"https:\/\/test2.under-construction.work\/index.php\/wp-json\/wp\/v2\/types\/page"}],"author":[{"embeddable":true,"href":"https:\/\/test2.under-construction.work\/index.php\/wp-json\/wp\/v2\/users\/2"}],"replies":[{"embeddable":true,"href":"https:\/\/test2.under-construction.work\/index.php\/wp-json\/wp\/v2\/comments?post=8706"}],"version-history":[{"count":0,"href":"https:\/\/test2.under-construction.work\/index.php\/wp-json\/wp\/v2\/pages\/8706\/revisions"}],"wp:featuredmedia":[{"embeddable":true,"href":"https:\/\/test2.under-construction.work\/index.php\/wp-json\/"}],"wp:attachment":[{"href":"https:\/\/test2.under-construction.work\/index.php\/wp-json\/wp\/v2\/media?parent=8706"}],"curies":[{"name":"wp","href":"https:\/\/api.w.org\/{rel}","templated":true}]}}